{"id":5593,"date":"2022-11-15T09:48:50","date_gmt":"2022-11-15T08:48:50","guid":{"rendered":"https:\/\/www.tpl-vision.com\/gesellschaft\/ueber-das-unternehmen\/plug-light\/"},"modified":"2023-03-29T09:20:36","modified_gmt":"2023-03-29T07:20:36","slug":"plug-and-light","status":"publish","type":"page","link":"https:\/\/www.tpl-vision.com\/de\/gesellschaft\/ueber-das-unternehmen\/plug-and-light\/","title":{"rendered":"Plug &amp; Light"},"content":{"rendered":"\t\t<div data-elementor-type=\"wp-page\" data-elementor-id=\"5593\" class=\"elementor elementor-5593 elementor-4522\" data-elementor-post-type=\"page\">\n\t\t\t\t\t\t<section class=\"elementor-section elementor-top-section elementor-element elementor-element-9c54cb7 elementor-section-boxed elementor-section-height-default elementor-section-height-default\" data-id=\"9c54cb7\" data-element_type=\"section\">\n\t\t\t\t\t\t<div class=\"elementor-container elementor-column-gap-default\">\n\t\t\t\t\t<div class=\"elementor-column elementor-col-100 elementor-top-column elementor-element elementor-element-f9bc43c\" data-id=\"f9bc43c\" data-element_type=\"column\">\n\t\t\t<div class=\"elementor-widget-wrap elementor-element-populated\">\n\t\t\t\t\t\t<section class=\"elementor-section elementor-inner-section elementor-element elementor-element-fd68b2f elementor-section-boxed elementor-section-height-default elementor-section-height-default\" data-id=\"fd68b2f\" data-element_type=\"section\">\n\t\t\t\t\t\t<div class=\"elementor-container elementor-column-gap-default\">\n\t\t\t\t\t<div class=\"elementor-column elementor-col-33 elementor-inner-column elementor-element elementor-element-1678bd2\" data-id=\"1678bd2\" data-element_type=\"column\">\n\t\t\t<div class=\"elementor-widget-wrap elementor-element-populated\">\n\t\t\t\t\t\t<div class=\"elementor-element elementor-element-1bd84fa elementor-widget elementor-widget-image\" data-id=\"1bd84fa\" data-element_type=\"widget\" data-widget_type=\"image.default\">\n\t\t\t\t<div class=\"elementor-widget-container\">\n\t\t\t<style>\/*! elementor - v3.19.0 - 07-02-2024 *\/\n.elementor-widget-image{text-align:center}.elementor-widget-image a{display:inline-block}.elementor-widget-image a img[src$=\".svg\"]{width:48px}.elementor-widget-image img{vertical-align:middle;display:inline-block}<\/style>\t\t\t\t\t\t\t\t\t\t<img fetchpriority=\"high\" decoding=\"async\" width=\"250\" height=\"250\" src=\"https:\/\/www.tpl-vision.com\/wp-content\/uploads\/2022\/11\/Plug_n_Light_FR.gif\" class=\"attachment-full size-full wp-image-4526\" alt=\"\" \/>\t\t\t\t\t\t\t\t\t\t\t\t\t<\/div>\n\t\t\t\t<\/div>\n\t\t\t\t\t<\/div>\n\t\t<\/div>\n\t\t\t\t<div class=\"elementor-column elementor-col-66 elementor-inner-column elementor-element elementor-element-8cde573\" data-id=\"8cde573\" data-element_type=\"column\">\n\t\t\t<div class=\"elementor-widget-wrap elementor-element-populated\">\n\t\t\t\t\t\t<div class=\"elementor-element elementor-element-ec96f9e elementor-widget elementor-widget-text-editor\" data-id=\"ec96f9e\" data-element_type=\"widget\" data-widget_type=\"text-editor.default\">\n\t\t\t\t<div class=\"elementor-widget-container\">\n\t\t\t<style>\/*! elementor - v3.19.0 - 07-02-2024 *\/\n.elementor-widget-text-editor.elementor-drop-cap-view-stacked .elementor-drop-cap{background-color:#69727d;color:#fff}.elementor-widget-text-editor.elementor-drop-cap-view-framed .elementor-drop-cap{color:#69727d;border:3px solid;background-color:transparent}.elementor-widget-text-editor:not(.elementor-drop-cap-view-default) .elementor-drop-cap{margin-top:8px}.elementor-widget-text-editor:not(.elementor-drop-cap-view-default) .elementor-drop-cap-letter{width:1em;height:1em}.elementor-widget-text-editor .elementor-drop-cap{float:left;text-align:center;line-height:1;font-size:50px}.elementor-widget-text-editor .elementor-drop-cap-letter{display:inline-block}<\/style>\t\t\t\t<p>Das <b>Label &#8222;Plug &amp; Light<\/b>&#8220; aus der Entwicklung von TPL Vision ist gleichzeitig ein G\u00fctezeugnis f\u00fcr das Unternehmen und ein Meilenstein f\u00fcr seine Kunden.<\/p>\n<p>Die mit dem Label Plug &amp; Light gekennzeichneten Produkte erf\u00fcllen eine Reihe von Kriterien zur Erleichterung der Installation und der Verwendung. Sie profitieren von derselben Entwicklungsqualit\u00e4t, haben mehrere individuell anpassbare Optionen (Farben, Linsen, Diffusoren) und gew\u00e4hrleisten vollst\u00e4ndige Kompatibilit\u00e4t mit den Industriestandards (z. B. M12-Steckverbindungen). Dieses neue Label ist ein gutes Beispiel f\u00fcr die Strategie von TPL Vision, so viele seiner Produkte wie m\u00f6glich auf dieselbe Art und Weise betreiben zu k\u00f6nnen.  <\/p>\n<p>Alle TPL Vision Beleuchtungen, die das Label Plug &amp; Light tragen, k\u00f6nnen ohne vorherige Einstellungen installiert werden! Ausgestattet mit nur drei Dr\u00e4hten (Versorgung, Puls, Masse) gen\u00fcgt es, sie an eine 24-V-Stromversorgung anzuschlie\u00dfen, und sie sind betriebsbereit \u2013 im Dauerbetrieb oder Puls-Modus. Sie sind mit runden, vierpoligen M12-Steckern ausgestattet, was dem Industriestandard im Bereich Automatisierung entspricht.  <\/p>\n<p><strong>IHRE KRITERIEN:<\/strong><\/p>\n<ul>\n<li>KEINE VORHERIGE EINSTELLUNG,<\/li>\n<li>DAUERBETRIEB ODER PULS-MODUS,<\/li>\n<li>STROMVERSORGUNG 24V,<\/li>\n<li>M12 5 POLES MALE CONNECTOR.<\/li>\n<\/ul>\n\t\t\t\t\t\t<\/div>\n\t\t\t\t<\/div>\n\t\t\t\t\t<\/div>\n\t\t<\/div>\n\t\t\t\t\t<\/div>\n\t\t<\/section>\n\t\t\t\t\t<\/div>\n\t\t<\/div>\n\t\t\t\t\t<\/div>\n\t\t<\/section>\n\t\t\t\t<\/div>\n\t\t","protected":false},"excerpt":{"rendered":"<p>Das Label &#8222;Plug &amp; Light&#8220; aus der Entwicklung von TPL Vision ist gleichzeitig ein G\u00fctezeugnis f\u00fcr das Unternehmen und ein Meilenstein f\u00fcr seine Kunden. Die mit dem Label Plug &amp; Light gekennzeichneten Produkte erf\u00fcllen eine Reihe von Kriterien zur Erleichterung der Installation und der Verwendung. Sie profitieren von derselben Entwicklungsqualit\u00e4t, haben mehrere individuell anpassbare Optionen [&hellip;]<\/p>\n","protected":false},"author":6,"featured_media":0,"parent":1463,"menu_order":0,"comment_status":"closed","ping_status":"closed","template":"","meta":{"_seopress_robots_primary_cat":"","_seopress_titles_title":"","_seopress_titles_desc":"","_seopress_robots_index":"","_monsterinsights_skip_tracking":false,"_monsterinsights_sitenote_active":false,"_monsterinsights_sitenote_note":"","_monsterinsights_sitenote_category":0,"footnotes":""},"_links":{"self":[{"href":"https:\/\/www.tpl-vision.com\/de\/wp-json\/wp\/v2\/pages\/5593"}],"collection":[{"href":"https:\/\/www.tpl-vision.com\/de\/wp-json\/wp\/v2\/pages"}],"about":[{"href":"https:\/\/www.tpl-vision.com\/de\/wp-json\/wp\/v2\/types\/page"}],"author":[{"embeddable":true,"href":"https:\/\/www.tpl-vision.com\/de\/wp-json\/wp\/v2\/users\/6"}],"replies":[{"embeddable":true,"href":"https:\/\/www.tpl-vision.com\/de\/wp-json\/wp\/v2\/comments?post=5593"}],"version-history":[{"count":0,"href":"https:\/\/www.tpl-vision.com\/de\/wp-json\/wp\/v2\/pages\/5593\/revisions"}],"up":[{"embeddable":true,"href":"https:\/\/www.tpl-vision.com\/de\/wp-json\/wp\/v2\/pages\/1463"}],"wp:attachment":[{"href":"https:\/\/www.tpl-vision.com\/de\/wp-json\/wp\/v2\/media?parent=5593"}],"curies":[{"name":"wp","href":"https:\/\/api.w.org\/{rel}","templated":true}]}}