{"id":11694,"date":"2023-02-21T14:40:55","date_gmt":"2023-02-21T13:40:55","guid":{"rendered":"https:\/\/www.tpl-vision.com\/overview\/unkategorisiert\/xbar-rgb\/"},"modified":"2026-03-30T15:05:28","modified_gmt":"2026-03-30T13:05:28","slug":"xbar-rgb","status":"publish","type":"product","link":"https:\/\/www.tpl-vision.com\/de\/uberblick\/balkenbeleuchtungen\/xbar-rgb\/","title":{"rendered":"XBAR RGB"},"content":{"rendered":"\n<h2 class=\"wp-block-heading\">TECHNISCHE INFORMATIONEN<\/h2>\n\n<p><em>Bitte klicken Sie auf die nachfolgenden Tabs.<\/em><\/p>\n\n<div class=\"wp-block-pb-accordion-item c-accordion__item js-accordion-item no-js\" data-initially-open=\"false\" data-click-to-close=\"true\" data-auto-close=\"true\" data-scroll=\"false\" data-scroll-offset=\"0\"><h3 id=\"at-115070\" class=\"c-accordion__title js-accordion-controller\" role=\"button\">Beleuchtungsmethode<\/h3><div id=\"ac-115070\" class=\"c-accordion__content\">\n<div class=\"wp-block-columns is-layout-flex wp-container-core-columns-layout-1 wp-block-columns-is-layout-flex\">\n<div class=\"wp-block-column is-layout-flow wp-block-column-is-layout-flow\">\n<figure class=\"wp-block-image size-full\"><img fetchpriority=\"high\" decoding=\"async\" width=\"500\" height=\"500\" src=\"https:\/\/www.tpl-vision.com\/wp-content\/uploads\/2022\/10\/TPL_LightingMethod_DIRECT.jpg\" alt=\"\" class=\"wp-image-1290\" srcset=\"https:\/\/www.tpl-vision.com\/wp-content\/uploads\/2022\/10\/TPL_LightingMethod_DIRECT.jpg 500w, https:\/\/www.tpl-vision.com\/wp-content\/uploads\/2022\/10\/TPL_LightingMethod_DIRECT-300x300.jpg 300w, https:\/\/www.tpl-vision.com\/wp-content\/uploads\/2022\/10\/TPL_LightingMethod_DIRECT-150x150.jpg 150w, https:\/\/www.tpl-vision.com\/wp-content\/uploads\/2022\/10\/TPL_LightingMethod_DIRECT-360x360.jpg 360w, https:\/\/www.tpl-vision.com\/wp-content\/uploads\/2022\/10\/TPL_LightingMethod_DIRECT-100x100.jpg 100w, https:\/\/www.tpl-vision.com\/wp-content\/uploads\/2022\/10\/TPL_LightingMethod_DIRECT-50x50.jpg 50w, https:\/\/www.tpl-vision.com\/wp-content\/uploads\/2022\/10\/TPL_LightingMethod_DIRECT-40x40.jpg 40w, https:\/\/www.tpl-vision.com\/wp-content\/uploads\/2022\/10\/TPL_LightingMethod_DIRECT-55x55.jpg 55w\" sizes=\"(max-width: 500px) 100vw, 500px\" \/><\/figure>\n<\/div>\n\n\n\n<div class=\"wp-block-column is-layout-flow wp-block-column-is-layout-flow\">\n<figure class=\"wp-block-image size-full\"><img decoding=\"async\" width=\"500\" height=\"500\" src=\"https:\/\/www.tpl-vision.com\/wp-content\/uploads\/2022\/10\/TPL_LightingMethod_DIRECTincline.jpg\" alt=\"\" class=\"wp-image-1287\" srcset=\"https:\/\/www.tpl-vision.com\/wp-content\/uploads\/2022\/10\/TPL_LightingMethod_DIRECTincline.jpg 500w, https:\/\/www.tpl-vision.com\/wp-content\/uploads\/2022\/10\/TPL_LightingMethod_DIRECTincline-300x300.jpg 300w, https:\/\/www.tpl-vision.com\/wp-content\/uploads\/2022\/10\/TPL_LightingMethod_DIRECTincline-150x150.jpg 150w, https:\/\/www.tpl-vision.com\/wp-content\/uploads\/2022\/10\/TPL_LightingMethod_DIRECTincline-360x360.jpg 360w, https:\/\/www.tpl-vision.com\/wp-content\/uploads\/2022\/10\/TPL_LightingMethod_DIRECTincline-100x100.jpg 100w, https:\/\/www.tpl-vision.com\/wp-content\/uploads\/2022\/10\/TPL_LightingMethod_DIRECTincline-50x50.jpg 50w, https:\/\/www.tpl-vision.com\/wp-content\/uploads\/2022\/10\/TPL_LightingMethod_DIRECTincline-40x40.jpg 40w, https:\/\/www.tpl-vision.com\/wp-content\/uploads\/2022\/10\/TPL_LightingMethod_DIRECTincline-55x55.jpg 55w\" sizes=\"(max-width: 500px) 100vw, 500px\" \/><\/figure>\n<\/div>\n\n\n\n<div class=\"wp-block-column is-layout-flow wp-block-column-is-layout-flow\">\n<figure class=\"wp-block-image size-full\"><img decoding=\"async\" width=\"500\" height=\"500\" src=\"https:\/\/www.tpl-vision.com\/wp-content\/uploads\/2022\/10\/TPL_LightingMethod_DarkField.jpg\" alt=\"\" class=\"wp-image-1284\" srcset=\"https:\/\/www.tpl-vision.com\/wp-content\/uploads\/2022\/10\/TPL_LightingMethod_DarkField.jpg 500w, https:\/\/www.tpl-vision.com\/wp-content\/uploads\/2022\/10\/TPL_LightingMethod_DarkField-300x300.jpg 300w, https:\/\/www.tpl-vision.com\/wp-content\/uploads\/2022\/10\/TPL_LightingMethod_DarkField-150x150.jpg 150w, https:\/\/www.tpl-vision.com\/wp-content\/uploads\/2022\/10\/TPL_LightingMethod_DarkField-360x360.jpg 360w, https:\/\/www.tpl-vision.com\/wp-content\/uploads\/2022\/10\/TPL_LightingMethod_DarkField-100x100.jpg 100w, https:\/\/www.tpl-vision.com\/wp-content\/uploads\/2022\/10\/TPL_LightingMethod_DarkField-50x50.jpg 50w, https:\/\/www.tpl-vision.com\/wp-content\/uploads\/2022\/10\/TPL_LightingMethod_DarkField-40x40.jpg 40w, https:\/\/www.tpl-vision.com\/wp-content\/uploads\/2022\/10\/TPL_LightingMethod_DarkField-55x55.jpg 55w\" sizes=\"(max-width: 500px) 100vw, 500px\" \/><\/figure>\n<\/div>\n\n\n\n<div class=\"wp-block-column is-layout-flow wp-block-column-is-layout-flow\">\n<figure class=\"wp-block-image size-full\"><img loading=\"lazy\" decoding=\"async\" width=\"500\" height=\"500\" src=\"https:\/\/www.tpl-vision.com\/wp-content\/uploads\/2022\/10\/TPL_LightingMethod_DOME.jpg\" alt=\"\" class=\"wp-image-1281\" srcset=\"https:\/\/www.tpl-vision.com\/wp-content\/uploads\/2022\/10\/TPL_LightingMethod_DOME.jpg 500w, https:\/\/www.tpl-vision.com\/wp-content\/uploads\/2022\/10\/TPL_LightingMethod_DOME-300x300.jpg 300w, https:\/\/www.tpl-vision.com\/wp-content\/uploads\/2022\/10\/TPL_LightingMethod_DOME-150x150.jpg 150w, https:\/\/www.tpl-vision.com\/wp-content\/uploads\/2022\/10\/TPL_LightingMethod_DOME-360x360.jpg 360w, https:\/\/www.tpl-vision.com\/wp-content\/uploads\/2022\/10\/TPL_LightingMethod_DOME-100x100.jpg 100w, https:\/\/www.tpl-vision.com\/wp-content\/uploads\/2022\/10\/TPL_LightingMethod_DOME-50x50.jpg 50w, https:\/\/www.tpl-vision.com\/wp-content\/uploads\/2022\/10\/TPL_LightingMethod_DOME-40x40.jpg 40w, https:\/\/www.tpl-vision.com\/wp-content\/uploads\/2022\/10\/TPL_LightingMethod_DOME-55x55.jpg 55w\" sizes=\"(max-width: 500px) 100vw, 500px\" \/><\/figure>\n<\/div>\n<\/div>\n<\/div><\/div>\n\n<div class=\"wp-block-pb-accordion-item c-accordion__item js-accordion-item no-js\" data-initially-open=\"false\" data-click-to-close=\"true\" data-auto-close=\"true\" data-scroll=\"false\" data-scroll-offset=\"0\"><h3 id=\"at-115071\" class=\"c-accordion__title js-accordion-controller\" role=\"button\">Bestellnummer<\/h3><div id=\"ac-115071\" class=\"c-accordion__content\">\n<figure class=\"wp-block-image size-full\"><a href=\"https:\/\/www.tpl-vision.com\/wp-content\/uploads\/2025\/04\/TPL_XBAR_RGB_RefBuilder_EN-1.png\"><img loading=\"lazy\" decoding=\"async\" width=\"2481\" height=\"1754\" src=\"https:\/\/www.tpl-vision.com\/wp-content\/uploads\/2025\/04\/TPL_XBAR_RGB_RefBuilder_EN-1.png\" alt=\"xbar rgb\" class=\"wp-image-20557\" srcset=\"https:\/\/www.tpl-vision.com\/wp-content\/uploads\/2025\/04\/TPL_XBAR_RGB_RefBuilder_EN-1.png 2481w, https:\/\/www.tpl-vision.com\/wp-content\/uploads\/2025\/04\/TPL_XBAR_RGB_RefBuilder_EN-1-300x212.png 300w, https:\/\/www.tpl-vision.com\/wp-content\/uploads\/2025\/04\/TPL_XBAR_RGB_RefBuilder_EN-1-1024x724.png 1024w, https:\/\/www.tpl-vision.com\/wp-content\/uploads\/2025\/04\/TPL_XBAR_RGB_RefBuilder_EN-1-768x543.png 768w, https:\/\/www.tpl-vision.com\/wp-content\/uploads\/2025\/04\/TPL_XBAR_RGB_RefBuilder_EN-1-1536x1086.png 1536w, https:\/\/www.tpl-vision.com\/wp-content\/uploads\/2025\/04\/TPL_XBAR_RGB_RefBuilder_EN-1-2048x1448.png 2048w, https:\/\/www.tpl-vision.com\/wp-content\/uploads\/2025\/04\/TPL_XBAR_RGB_RefBuilder_EN-1-600x424.png 600w, https:\/\/www.tpl-vision.com\/wp-content\/uploads\/2025\/04\/TPL_XBAR_RGB_RefBuilder_EN-1-175x124.png 175w, https:\/\/www.tpl-vision.com\/wp-content\/uploads\/2025\/04\/TPL_XBAR_RGB_RefBuilder_EN-1-40x28.png 40w, https:\/\/www.tpl-vision.com\/wp-content\/uploads\/2025\/04\/TPL_XBAR_RGB_RefBuilder_EN-1-55x39.png 55w, https:\/\/www.tpl-vision.com\/wp-content\/uploads\/2025\/04\/TPL_XBAR_RGB_RefBuilder_EN-1-100x71.png 100w\" sizes=\"(max-width: 2481px) 100vw, 2481px\" \/><\/a><\/figure>\n<\/div><\/div>\n","protected":false},"excerpt":{"rendered":"<p>Die XBAR RGB bietet eine gleichm\u00e4\u00dfige und leistungsstarke Beleuchtung in einer Vielzahl von Farben. Sie ist ein vielseitiges Produkt, das besonders n\u00fctzlich ist, wenn Sie eine <g id=\"gid_0\">breite Palette von Farben, Formen und Materialien<\/g> steuern wollen. Die XBAR RGB ist mit einem soliden Geh\u00e4use aus eloxiertem Aluminium ausgestattet und kann im <g id=\"gid_1\">Dauer-<\/g> oder <g id=\"gid_2\">Stroboskopmodus<\/g> arbeiten. Er wird f\u00fcr Robotikanwendungen empfohlen, insbesondere f\u00fcr den Palettierungsprozess sowie f\u00fcr die Verpackungsinspektion (f\u00fcr die Kosmetik- und Lebensmittelindustrie), bei der sich die Farben und Materialien der Produkte regelm\u00e4\u00dfig \u00e4ndern k\u00f6nnen.   <\/p>\n<ul>\n<li>Dauer- oder Blitzbetrieb<\/li>\n<li>Standardm\u00e4\u00dfig IP40, IP65 und IP69K sind als Optionen m\u00f6glich<\/li>\n<li>Gr\u00f6\u00dfen bis zu 450mm<\/li>\n<\/ul>\n","protected":false},"featured_media":23992,"comment_status":"closed","ping_status":"closed","template":"","meta":{"_seopress_robots_primary_cat":"","_seopress_titles_title":"","_seopress_titles_desc":"RGB bar light with strobe and continuous working for machine vision and robotics. IP40, IP65 and IP69K options.","_seopress_robots_index":"","_monsterinsights_skip_tracking":false,"_monsterinsights_sitenote_active":false,"_monsterinsights_sitenote_note":"","_monsterinsights_sitenote_category":0},"product_cat":[75],"product_tag":[],"_links":{"self":[{"href":"https:\/\/www.tpl-vision.com\/de\/wp-json\/wp\/v2\/product\/11694"}],"collection":[{"href":"https:\/\/www.tpl-vision.com\/de\/wp-json\/wp\/v2\/product"}],"about":[{"href":"https:\/\/www.tpl-vision.com\/de\/wp-json\/wp\/v2\/types\/product"}],"replies":[{"embeddable":true,"href":"https:\/\/www.tpl-vision.com\/de\/wp-json\/wp\/v2\/comments?post=11694"}],"wp:featuredmedia":[{"embeddable":true,"href":"https:\/\/www.tpl-vision.com\/de\/wp-json\/wp\/v2\/media\/23992"}],"wp:attachment":[{"href":"https:\/\/www.tpl-vision.com\/de\/wp-json\/wp\/v2\/media?parent=11694"}],"wp:term":[{"taxonomy":"product_cat","embeddable":true,"href":"https:\/\/www.tpl-vision.com\/de\/wp-json\/wp\/v2\/product_cat?post=11694"},{"taxonomy":"product_tag","embeddable":true,"href":"https:\/\/www.tpl-vision.com\/de\/wp-json\/wp\/v2\/product_tag?post=11694"}],"curies":[{"name":"wp","href":"https:\/\/api.w.org\/{rel}","templated":true}]}}