{"id":12651,"date":"2023-04-24T09:32:49","date_gmt":"2023-04-24T07:32:49","guid":{"rendered":"https:\/\/www.tpl-vision.com\/?post_type=product&#038;p=12651"},"modified":"2026-03-30T15:03:05","modified_gmt":"2026-03-30T13:03:05","slug":"modular-m-tbar","status":"publish","type":"product","link":"https:\/\/www.tpl-vision.com\/de\/uberblick\/balkenbeleuchtungen\/modular-m-tbar\/","title":{"rendered":"Modular M-TBAR"},"content":{"rendered":"\n<h2 class=\"wp-block-heading\">Produktdemonstration<\/h2>\n\n<figure class=\"wp-block-embed is-type-video is-provider-vimeo wp-block-embed-vimeo wp-embed-aspect-16-9 wp-has-aspect-ratio\"><div class=\"wp-block-embed__wrapper\">\n<iframe title=\"Modular Tiny M-TBAR by TPL Vision\" src=\"https:\/\/player.vimeo.com\/video\/815648369?dnt=1&amp;app_id=122963\" width=\"800\" height=\"450\" frameborder=\"0\" allow=\"autoplay; fullscreen; picture-in-picture; clipboard-write; encrypted-media; web-share\"><\/iframe>\n<\/div><\/figure>\n\n<div style=\"height:30px\" aria-hidden=\"true\" class=\"wp-block-spacer\"><\/div>\n\n<h2 class=\"wp-block-heading\">Wichtige Merkmale<\/h2>\n\n<ul>\n<li>Verf\u00fcgbar in wei\u00df (4000K), rot (630nm), IR(850nm), gr\u00fcn (525nm) und blau(470nm)<\/li>\n\n\n\n<li>Robustes und langlebiges IP67-zertifiziertes Design<\/li>\n\n\n\n<li>Verkettung f\u00fcr eine l\u00e4ngere Schiene bei gleichbleibendem LED-Abstand<\/li>\n\n\n\n<li>Einfache T-SLOT Montage (M4 Muttern mitinbegriffen)<\/li>\n\n\n\n<li>Standard M12 Stecker<\/li>\n\n\n\n<li>Flexible Kabell\u00e4nge zwischen Leuchte und Netzteil \u2013 bis zu 10 m<\/li>\n\n\n\n<li>Dimmbar sowohl im Dauer- als auch im Blitz-Betrieb<\/li>\n\n\n\n<li>Einfache Integration mit den meisten auf dem Markt befindlichen Bildverarbeitungs- und Codelesekameras<\/li>\n<\/ul>\n\n<figure class=\"wp-block-image size-full\"><img fetchpriority=\"high\" decoding=\"async\" width=\"800\" height=\"600\" src=\"https:\/\/www.tpl-vision.com\/wp-content\/uploads\/2023\/03\/TPL_M-TBAR_4-1.jpg\" alt=\"M-TBAR mini bar light for machine vision \" class=\"wp-image-11589\" srcset=\"https:\/\/www.tpl-vision.com\/wp-content\/uploads\/2023\/03\/TPL_M-TBAR_4-1.jpg 800w, https:\/\/www.tpl-vision.com\/wp-content\/uploads\/2023\/03\/TPL_M-TBAR_4-1-300x225.jpg 300w, https:\/\/www.tpl-vision.com\/wp-content\/uploads\/2023\/03\/TPL_M-TBAR_4-1-768x576.jpg 768w, https:\/\/www.tpl-vision.com\/wp-content\/uploads\/2023\/03\/TPL_M-TBAR_4-1-600x450.jpg 600w, https:\/\/www.tpl-vision.com\/wp-content\/uploads\/2023\/03\/TPL_M-TBAR_4-1-175x131.jpg 175w, https:\/\/www.tpl-vision.com\/wp-content\/uploads\/2023\/03\/TPL_M-TBAR_4-1-40x30.jpg 40w, https:\/\/www.tpl-vision.com\/wp-content\/uploads\/2023\/03\/TPL_M-TBAR_4-1-55x41.jpg 55w, https:\/\/www.tpl-vision.com\/wp-content\/uploads\/2023\/03\/TPL_M-TBAR_4-1-100x75.jpg 100w\" sizes=\"(max-width: 800px) 100vw, 800px\" \/><\/figure>\n\n<div style=\"height:30px\" aria-hidden=\"true\" class=\"wp-block-spacer\"><\/div>\n\n<h2 class=\"wp-block-heading\">KOMPATIBEL MIT ANGLE CHANGERS<\/h2>\n\n<figure class=\"wp-block-image size-full\"><img decoding=\"async\" width=\"500\" height=\"281\" src=\"https:\/\/www.tpl-vision.com\/wp-content\/uploads\/2023\/03\/M-TBAR-ac-gif-en.gif\" alt=\"modular m tbar\" class=\"wp-image-11892\"\/><\/figure>\n\n<p>Angle Changers sind robuste mikrooptische Diffusoren, die zur Erweiterung des Strahlungswinkels des M-TBAR-Standardobjektives von \u00b15\u00b0 verwendet werden k\u00f6nnen und so f\u00fcr mehr Flexibilit\u00e4t im gesamten Sichtfeld sorgen. Angle Changer Optionen umfassen:<\/p>\n\n<ul>\n<li>Narrow \u00b110\u00b0 (Standard &amp; Polarisiert)<\/li>\n\n\n\n<li>Medium \u00b117\u00b0( Standard &amp; Polarisiert)<\/li>\n\n\n\n<li>Wide \u00b125\u00b0( Standard &amp; Polarisiert)<\/li>\n\n\n\n<li>Line \u00b19-16\u00b0( Standard &amp; Polarisiert)<\/li>\n\n\n\n<li>Polarisationsfilter alleine<\/li>\n<\/ul>\n\n<div class=\"wp-block-buttons is-content-justification-center is-layout-flex wp-container-core-buttons-layout-1 wp-block-buttons-is-layout-flex\">\n<div class=\"wp-block-button\"><a class=\"wp-block-button__link wp-element-button\" href=\"https:\/\/www.tpl-vision.com\/de\/uberblick\/zubehor\/angle-changers-de\/m-tbar-angle-changers\/\" target=\"_blank\" rel=\"noreferrer noopener\">Erfahren Sie mehr<\/a><\/div>\n<\/div>\n\n<div style=\"height:30px\" aria-hidden=\"true\" class=\"wp-block-spacer\"><\/div>\n\n<h2 class=\"wp-block-heading\">ANWENDUNGEN <\/h2>\n\n<div class=\"wp-block-columns is-layout-flex wp-container-core-columns-layout-1 wp-block-columns-is-layout-flex\">\n<div class=\"wp-block-column is-layout-flow wp-block-column-is-layout-flow\" style=\"flex-basis:100%\">\n<figure class=\"wp-block-gallery has-nested-images columns-default is-cropped wp-block-gallery-1 is-layout-flex wp-block-gallery-is-layout-flex\">\n<figure class=\"wp-block-image size-large\"><img decoding=\"async\" width=\"800\" height=\"600\" src=\"https:\/\/www.tpl-vision.com\/wp-content\/uploads\/2023\/03\/TPL_M-TBAR_2.jpg\" alt=\"Machine vision quality control application\" class=\"wp-image-11582\" srcset=\"https:\/\/www.tpl-vision.com\/wp-content\/uploads\/2023\/03\/TPL_M-TBAR_2.jpg 800w, https:\/\/www.tpl-vision.com\/wp-content\/uploads\/2023\/03\/TPL_M-TBAR_2-300x225.jpg 300w, https:\/\/www.tpl-vision.com\/wp-content\/uploads\/2023\/03\/TPL_M-TBAR_2-768x576.jpg 768w, https:\/\/www.tpl-vision.com\/wp-content\/uploads\/2023\/03\/TPL_M-TBAR_2-600x450.jpg 600w, https:\/\/www.tpl-vision.com\/wp-content\/uploads\/2023\/03\/TPL_M-TBAR_2-175x131.jpg 175w, https:\/\/www.tpl-vision.com\/wp-content\/uploads\/2023\/03\/TPL_M-TBAR_2-40x30.jpg 40w, https:\/\/www.tpl-vision.com\/wp-content\/uploads\/2023\/03\/TPL_M-TBAR_2-55x41.jpg 55w, https:\/\/www.tpl-vision.com\/wp-content\/uploads\/2023\/03\/TPL_M-TBAR_2-100x75.jpg 100w\" sizes=\"(max-width: 800px) 100vw, 800px\" \/><\/figure>\n<\/figure>\n<\/div>\n<\/div>\n\n<p>Der modulare M-TBAR bietet die M\u00f6glichkeit von Stroboskop- und Dauerbetrieb in einem Produkt. Die eingebaute Blitzbetrieb-OverDrive-Funktion eignet sich perfekt f\u00fcr die Automobilindustrie, Logistik, Elektronikfertigung und andere Branchen in den Bereichen <strong>Robotik<\/strong>, <strong>Qualit\u00e4tskontrolle<\/strong> und <strong>maschinelle Bildverarbeitung<\/strong>. Geeignete Anwendungen sind beispielsweise:<\/p>\n\n<ul>\n<li>Code-Lesung<\/li>\n\n\n\n<li>Etikettenkontrolle<\/li>\n\n\n\n<li>Identifizierung und \u00dcberpr\u00fcfung von Teilen<\/li>\n\n\n\n<li>Platzierungskontrolle<\/li>\n\n\n\n<li>R\u00fcckverfolgbarkeit<\/li>\n\n\n\n<li>\u2026und mehr!<\/li>\n<\/ul>\n\n<div style=\"height:30px\" aria-hidden=\"true\" class=\"wp-block-spacer\"><\/div>\n\n<h2 class=\"wp-block-heading\">Technische Informationen<\/h2>\n\n<p><em>Bitte klicken Sie auf die nachfolgenden Tabs.<\/em><\/p>\n\n<div class=\"wp-block-pb-accordion-item c-accordion__item js-accordion-item no-js\" data-initially-open=\"false\" data-click-to-close=\"true\" data-auto-close=\"true\" data-scroll=\"false\" data-scroll-offset=\"0\"><h3 id=\"at-115800\" class=\"c-accordion__title js-accordion-controller\" role=\"button\">Beleuchtungsmethode<\/h3><div id=\"ac-115800\" class=\"c-accordion__content\">\n<div class=\"wp-block-columns is-layout-flex wp-container-core-columns-layout-2 wp-block-columns-is-layout-flex\">\n<div class=\"wp-block-column is-layout-flow wp-block-column-is-layout-flow\">\n<figure class=\"wp-block-image size-full\"><img loading=\"lazy\" decoding=\"async\" width=\"500\" height=\"500\" src=\"https:\/\/www.tpl-vision.com\/wp-content\/uploads\/2022\/10\/TPL_LightingMethod_RING_DIRECT.jpg\" alt=\"Direct bright field lighting for machine vision\" class=\"wp-image-2761\" srcset=\"https:\/\/www.tpl-vision.com\/wp-content\/uploads\/2022\/10\/TPL_LightingMethod_RING_DIRECT.jpg 500w, https:\/\/www.tpl-vision.com\/wp-content\/uploads\/2022\/10\/TPL_LightingMethod_RING_DIRECT-300x300.jpg 300w, https:\/\/www.tpl-vision.com\/wp-content\/uploads\/2022\/10\/TPL_LightingMethod_RING_DIRECT-150x150.jpg 150w, https:\/\/www.tpl-vision.com\/wp-content\/uploads\/2022\/10\/TPL_LightingMethod_RING_DIRECT-100x100.jpg 100w, https:\/\/www.tpl-vision.com\/wp-content\/uploads\/2022\/10\/TPL_LightingMethod_RING_DIRECT-50x50.jpg 50w, https:\/\/www.tpl-vision.com\/wp-content\/uploads\/2022\/10\/TPL_LightingMethod_RING_DIRECT-40x40.jpg 40w, https:\/\/www.tpl-vision.com\/wp-content\/uploads\/2022\/10\/TPL_LightingMethod_RING_DIRECT-55x55.jpg 55w\" sizes=\"(max-width: 500px) 100vw, 500px\" \/><\/figure>\n<\/div>\n\n\n\n<div class=\"wp-block-column is-layout-flow wp-block-column-is-layout-flow\">\n<figure class=\"wp-block-image size-full\"><img loading=\"lazy\" decoding=\"async\" width=\"500\" height=\"500\" src=\"https:\/\/www.tpl-vision.com\/wp-content\/uploads\/2023\/03\/TPL_LightingMethod_DIRECTincline_1.jpg\" alt=\"modular m tbar\" class=\"wp-image-11976\" srcset=\"https:\/\/www.tpl-vision.com\/wp-content\/uploads\/2023\/03\/TPL_LightingMethod_DIRECTincline_1.jpg 500w, https:\/\/www.tpl-vision.com\/wp-content\/uploads\/2023\/03\/TPL_LightingMethod_DIRECTincline_1-300x300.jpg 300w, https:\/\/www.tpl-vision.com\/wp-content\/uploads\/2023\/03\/TPL_LightingMethod_DIRECTincline_1-150x150.jpg 150w, https:\/\/www.tpl-vision.com\/wp-content\/uploads\/2023\/03\/TPL_LightingMethod_DIRECTincline_1-360x360.jpg 360w, https:\/\/www.tpl-vision.com\/wp-content\/uploads\/2023\/03\/TPL_LightingMethod_DIRECTincline_1-175x175.jpg 175w, https:\/\/www.tpl-vision.com\/wp-content\/uploads\/2023\/03\/TPL_LightingMethod_DIRECTincline_1-40x40.jpg 40w, https:\/\/www.tpl-vision.com\/wp-content\/uploads\/2023\/03\/TPL_LightingMethod_DIRECTincline_1-55x55.jpg 55w, https:\/\/www.tpl-vision.com\/wp-content\/uploads\/2023\/03\/TPL_LightingMethod_DIRECTincline_1-100x100.jpg 100w\" sizes=\"(max-width: 500px) 100vw, 500px\" \/><\/figure>\n<\/div>\n\n\n\n<div class=\"wp-block-column is-layout-flow wp-block-column-is-layout-flow\">\n<figure class=\"wp-block-image size-full\"><img loading=\"lazy\" decoding=\"async\" width=\"500\" height=\"500\" src=\"https:\/\/www.tpl-vision.com\/wp-content\/uploads\/2022\/10\/TPL_LightingMethod_SPOT_DarkField.jpg\" alt=\"Dark field lighting for machine vision\" class=\"wp-image-2754\" srcset=\"https:\/\/www.tpl-vision.com\/wp-content\/uploads\/2022\/10\/TPL_LightingMethod_SPOT_DarkField.jpg 500w, https:\/\/www.tpl-vision.com\/wp-content\/uploads\/2022\/10\/TPL_LightingMethod_SPOT_DarkField-300x300.jpg 300w, https:\/\/www.tpl-vision.com\/wp-content\/uploads\/2022\/10\/TPL_LightingMethod_SPOT_DarkField-150x150.jpg 150w, https:\/\/www.tpl-vision.com\/wp-content\/uploads\/2022\/10\/TPL_LightingMethod_SPOT_DarkField-100x100.jpg 100w, https:\/\/www.tpl-vision.com\/wp-content\/uploads\/2022\/10\/TPL_LightingMethod_SPOT_DarkField-50x50.jpg 50w, https:\/\/www.tpl-vision.com\/wp-content\/uploads\/2022\/10\/TPL_LightingMethod_SPOT_DarkField-40x40.jpg 40w, https:\/\/www.tpl-vision.com\/wp-content\/uploads\/2022\/10\/TPL_LightingMethod_SPOT_DarkField-55x55.jpg 55w\" sizes=\"(max-width: 500px) 100vw, 500px\" \/><\/figure>\n<\/div>\n<\/div>\n<\/div><\/div>\n\n<div class=\"wp-block-pb-accordion-item c-accordion__item js-accordion-item no-js\" data-initially-open=\"false\" data-click-to-close=\"true\" data-auto-close=\"true\" data-scroll=\"false\" data-scroll-offset=\"0\"><h3 id=\"at-115801\" class=\"c-accordion__title js-accordion-controller\" role=\"button\">Beleuchtungsst\u00e4rke<\/h3><div id=\"ac-115801\" class=\"c-accordion__content\">\n<figure class=\"wp-block-image size-full\"><a href=\"https:\/\/www.tpl-vision.com\/wp-content\/uploads\/2024\/04\/TPL_M-TBAR_Irradiance_CW_EN.jpg\"><img loading=\"lazy\" decoding=\"async\" width=\"1465\" height=\"827\" src=\"https:\/\/www.tpl-vision.com\/wp-content\/uploads\/2024\/04\/TPL_M-TBAR_Irradiance_CW_EN.jpg\" alt=\"modular m tbar\" class=\"wp-image-17731\" srcset=\"https:\/\/www.tpl-vision.com\/wp-content\/uploads\/2024\/04\/TPL_M-TBAR_Irradiance_CW_EN.jpg 1465w, https:\/\/www.tpl-vision.com\/wp-content\/uploads\/2024\/04\/TPL_M-TBAR_Irradiance_CW_EN-300x169.jpg 300w, https:\/\/www.tpl-vision.com\/wp-content\/uploads\/2024\/04\/TPL_M-TBAR_Irradiance_CW_EN-1024x578.jpg 1024w, https:\/\/www.tpl-vision.com\/wp-content\/uploads\/2024\/04\/TPL_M-TBAR_Irradiance_CW_EN-768x434.jpg 768w, https:\/\/www.tpl-vision.com\/wp-content\/uploads\/2024\/04\/TPL_M-TBAR_Irradiance_CW_EN-600x339.jpg 600w, https:\/\/www.tpl-vision.com\/wp-content\/uploads\/2024\/04\/TPL_M-TBAR_Irradiance_CW_EN-175x99.jpg 175w, https:\/\/www.tpl-vision.com\/wp-content\/uploads\/2024\/04\/TPL_M-TBAR_Irradiance_CW_EN-40x23.jpg 40w, https:\/\/www.tpl-vision.com\/wp-content\/uploads\/2024\/04\/TPL_M-TBAR_Irradiance_CW_EN-55x31.jpg 55w, https:\/\/www.tpl-vision.com\/wp-content\/uploads\/2024\/04\/TPL_M-TBAR_Irradiance_CW_EN-100x56.jpg 100w\" sizes=\"(max-width: 1465px) 100vw, 1465px\" \/><\/a><figcaption class=\"wp-element-caption\"><em>Modular M-TBAR: Beleuchtungsst\u00e4rke im Dauer-Betrieb<\/em><\/figcaption><\/figure>\n\n\n\n<div style=\"height:10px\" aria-hidden=\"true\" class=\"wp-block-spacer\"><\/div>\n\n\n\n<figure class=\"wp-block-image size-full\"><a href=\"https:\/\/www.tpl-vision.com\/wp-content\/uploads\/2024\/04\/TPL_M-TBAR_Irradiance_Strobe_EN.jpg\"><img loading=\"lazy\" decoding=\"async\" width=\"1465\" height=\"827\" src=\"https:\/\/www.tpl-vision.com\/wp-content\/uploads\/2024\/04\/TPL_M-TBAR_Irradiance_Strobe_EN.jpg\" alt=\"modular m tbar\" class=\"wp-image-17734\" srcset=\"https:\/\/www.tpl-vision.com\/wp-content\/uploads\/2024\/04\/TPL_M-TBAR_Irradiance_Strobe_EN.jpg 1465w, https:\/\/www.tpl-vision.com\/wp-content\/uploads\/2024\/04\/TPL_M-TBAR_Irradiance_Strobe_EN-300x169.jpg 300w, https:\/\/www.tpl-vision.com\/wp-content\/uploads\/2024\/04\/TPL_M-TBAR_Irradiance_Strobe_EN-1024x578.jpg 1024w, https:\/\/www.tpl-vision.com\/wp-content\/uploads\/2024\/04\/TPL_M-TBAR_Irradiance_Strobe_EN-768x434.jpg 768w, https:\/\/www.tpl-vision.com\/wp-content\/uploads\/2024\/04\/TPL_M-TBAR_Irradiance_Strobe_EN-600x339.jpg 600w, https:\/\/www.tpl-vision.com\/wp-content\/uploads\/2024\/04\/TPL_M-TBAR_Irradiance_Strobe_EN-175x99.jpg 175w, https:\/\/www.tpl-vision.com\/wp-content\/uploads\/2024\/04\/TPL_M-TBAR_Irradiance_Strobe_EN-40x23.jpg 40w, https:\/\/www.tpl-vision.com\/wp-content\/uploads\/2024\/04\/TPL_M-TBAR_Irradiance_Strobe_EN-55x31.jpg 55w, https:\/\/www.tpl-vision.com\/wp-content\/uploads\/2024\/04\/TPL_M-TBAR_Irradiance_Strobe_EN-100x56.jpg 100w\" sizes=\"(max-width: 1465px) 100vw, 1465px\" \/><\/a><figcaption class=\"wp-element-caption\"><em>Modular M-TBAR: Beleuchtungsst\u00e4rke im Blitzbetrieb<\/em><\/figcaption><\/figure>\n<\/div><\/div>\n\n<div class=\"wp-block-pb-accordion-item c-accordion__item js-accordion-item no-js\" data-initially-open=\"false\" data-click-to-close=\"true\" data-auto-close=\"true\" data-scroll=\"false\" data-scroll-offset=\"0\"><h3 id=\"at-115802\" class=\"c-accordion__title js-accordion-controller\" role=\"button\">Homogenit\u00e4tskarten<\/h3><div id=\"ac-115802\" class=\"c-accordion__content\">\n<figure class=\"wp-block-image size-large\"><a href=\"https:\/\/www.tpl-vision.com\/wp-content\/uploads\/2023\/07\/TPL_ANGLE_CHANGER_Homogeneity_Maps_EN-1024x1024.jpg\"><img loading=\"lazy\" decoding=\"async\" width=\"1024\" height=\"1024\" src=\"https:\/\/www.tpl-vision.com\/wp-content\/uploads\/2023\/07\/TPL_ANGLE_CHANGER_Homogeneity_Maps_EN-1024x1024.jpg\" alt=\"modular m tbar\" class=\"wp-image-13727\" srcset=\"https:\/\/www.tpl-vision.com\/wp-content\/uploads\/2023\/07\/TPL_ANGLE_CHANGER_Homogeneity_Maps_EN-1024x1024.jpg 1024w, https:\/\/www.tpl-vision.com\/wp-content\/uploads\/2023\/07\/TPL_ANGLE_CHANGER_Homogeneity_Maps_EN-300x300.jpg 300w, https:\/\/www.tpl-vision.com\/wp-content\/uploads\/2023\/07\/TPL_ANGLE_CHANGER_Homogeneity_Maps_EN-150x150.jpg 150w, https:\/\/www.tpl-vision.com\/wp-content\/uploads\/2023\/07\/TPL_ANGLE_CHANGER_Homogeneity_Maps_EN-768x768.jpg 768w, https:\/\/www.tpl-vision.com\/wp-content\/uploads\/2023\/07\/TPL_ANGLE_CHANGER_Homogeneity_Maps_EN-500x500.jpg 500w, https:\/\/www.tpl-vision.com\/wp-content\/uploads\/2023\/07\/TPL_ANGLE_CHANGER_Homogeneity_Maps_EN-360x360.jpg 360w, https:\/\/www.tpl-vision.com\/wp-content\/uploads\/2023\/07\/TPL_ANGLE_CHANGER_Homogeneity_Maps_EN-600x600.jpg 600w, https:\/\/www.tpl-vision.com\/wp-content\/uploads\/2023\/07\/TPL_ANGLE_CHANGER_Homogeneity_Maps_EN-175x175.jpg 175w, https:\/\/www.tpl-vision.com\/wp-content\/uploads\/2023\/07\/TPL_ANGLE_CHANGER_Homogeneity_Maps_EN-40x40.jpg 40w, https:\/\/www.tpl-vision.com\/wp-content\/uploads\/2023\/07\/TPL_ANGLE_CHANGER_Homogeneity_Maps_EN-55x55.jpg 55w, https:\/\/www.tpl-vision.com\/wp-content\/uploads\/2023\/07\/TPL_ANGLE_CHANGER_Homogeneity_Maps_EN-100x100.jpg 100w, https:\/\/www.tpl-vision.com\/wp-content\/uploads\/2023\/07\/TPL_ANGLE_CHANGER_Homogeneity_Maps_EN.jpg 1260w\" sizes=\"(max-width: 1024px) 100vw, 1024px\" \/><\/a><\/figure>\n<\/div><\/div>\n\n<div class=\"wp-block-pb-accordion-item c-accordion__item js-accordion-item no-js\" data-initially-open=\"false\" data-click-to-close=\"true\" data-auto-close=\"true\" data-scroll=\"false\" data-scroll-offset=\"0\"><h3 id=\"at-115803\" class=\"c-accordion__title js-accordion-controller\" role=\"button\">Bestellnummer<\/h3><div id=\"ac-115803\" class=\"c-accordion__content\">\n<figure class=\"wp-block-image size-full\"><a href=\"https:\/\/www.tpl-vision.com\/wp-content\/uploads\/2023\/03\/TPL_M-TBAR_RefBuilder_EN.jpg\"><img loading=\"lazy\" decoding=\"async\" width=\"603\" height=\"249\" src=\"https:\/\/www.tpl-vision.com\/wp-content\/uploads\/2023\/03\/TPL_M-TBAR_RefBuilder_EN.jpg\" alt=\"M-TBAR Reference Builder\" class=\"wp-image-11618\" srcset=\"https:\/\/www.tpl-vision.com\/wp-content\/uploads\/2023\/03\/TPL_M-TBAR_RefBuilder_EN.jpg 603w, https:\/\/www.tpl-vision.com\/wp-content\/uploads\/2023\/03\/TPL_M-TBAR_RefBuilder_EN-300x124.jpg 300w, https:\/\/www.tpl-vision.com\/wp-content\/uploads\/2023\/03\/TPL_M-TBAR_RefBuilder_EN-600x248.jpg 600w, https:\/\/www.tpl-vision.com\/wp-content\/uploads\/2023\/03\/TPL_M-TBAR_RefBuilder_EN-175x72.jpg 175w, https:\/\/www.tpl-vision.com\/wp-content\/uploads\/2023\/03\/TPL_M-TBAR_RefBuilder_EN-40x17.jpg 40w, https:\/\/www.tpl-vision.com\/wp-content\/uploads\/2023\/03\/TPL_M-TBAR_RefBuilder_EN-55x23.jpg 55w, https:\/\/www.tpl-vision.com\/wp-content\/uploads\/2023\/03\/TPL_M-TBAR_RefBuilder_EN-100x41.jpg 100w\" sizes=\"(max-width: 603px) 100vw, 603px\" \/><\/a><\/figure>\n<\/div><\/div>\n","protected":false},"excerpt":{"rendered":"<p>Kleine modulare Balkenbeleuchtung f\u00fcr enge Platzverh\u00e4ltnisse. Die M-TBAR ist eine kompakte, IP67-zertifizierte LED-Balkenleuchte, bei der der Benutzer den gew\u00fcnschten \u00d6ffnungswinkel mit dem Angle Changer von TPL Vision \u00e4ndern kann. Mit seiner un\u00fcbertroffenen Flexibilit\u00e4t erm\u00f6glicht der M-TBAR die fachgerechte Beleuchtung kleiner Bildverarbeitungsanwendungen, die eine robuste Beleuchtungsl\u00f6sung erfordern. Anwendungsbereiche sind unter anderem Codelesen, Qualit\u00e4tskontrolle, Komponentenpr\u00fcfung, Etiketten- und Verpackungspr\u00fcfung, Robotik und mehr. <\/p>\n<ul>\n<li>Die kompakte Balkenbeleuchtung ist gut geeignet f\u00fcr Anwendungen in der Bildverarbeitung bei denen enge Platzverh\u00e4ltnisse vorherrschen<\/li>\n<li>Kompakt aber leistungsstark, entworfen f\u00fcr eine einfache Montage<\/li>\n<li>Auto-Strobe (OverDrive) Beleuchtung mit robustem Geh\u00e4use &amp; integrierter Stromregelung<\/li>\n<\/ul>\n","protected":false},"featured_media":23983,"comment_status":"closed","ping_status":"closed","template":"","meta":{"_seopress_robots_primary_cat":"","_seopress_titles_title":"","_seopress_titles_desc":"Tiny flexible bar light for machine vision and robotics. Strobe OverDrive & easy integration for confined spaces.","_seopress_robots_index":"","_monsterinsights_skip_tracking":false,"_monsterinsights_sitenote_active":false,"_monsterinsights_sitenote_note":"","_monsterinsights_sitenote_category":0},"product_cat":[75],"product_tag":[],"_links":{"self":[{"href":"https:\/\/www.tpl-vision.com\/de\/wp-json\/wp\/v2\/product\/12651"}],"collection":[{"href":"https:\/\/www.tpl-vision.com\/de\/wp-json\/wp\/v2\/product"}],"about":[{"href":"https:\/\/www.tpl-vision.com\/de\/wp-json\/wp\/v2\/types\/product"}],"replies":[{"embeddable":true,"href":"https:\/\/www.tpl-vision.com\/de\/wp-json\/wp\/v2\/comments?post=12651"}],"wp:featuredmedia":[{"embeddable":true,"href":"https:\/\/www.tpl-vision.com\/de\/wp-json\/wp\/v2\/media\/23983"}],"wp:attachment":[{"href":"https:\/\/www.tpl-vision.com\/de\/wp-json\/wp\/v2\/media?parent=12651"}],"wp:term":[{"taxonomy":"product_cat","embeddable":true,"href":"https:\/\/www.tpl-vision.com\/de\/wp-json\/wp\/v2\/product_cat?post=12651"},{"taxonomy":"product_tag","embeddable":true,"href":"https:\/\/www.tpl-vision.com\/de\/wp-json\/wp\/v2\/product_tag?post=12651"}],"curies":[{"name":"wp","href":"https:\/\/api.w.org\/{rel}","templated":true}]}}