{"id":12664,"date":"2023-04-24T09:33:27","date_gmt":"2023-04-24T07:33:27","guid":{"rendered":"https:\/\/www.tpl-vision.com\/?post_type=product&#038;p=12664"},"modified":"2025-06-24T14:22:09","modified_gmt":"2025-06-24T12:22:09","slug":"m-tbar-angle-changers","status":"publish","type":"product","link":"https:\/\/www.tpl-vision.com\/de\/uberblick\/zubehor\/angle-changers-de\/m-tbar-angle-changers\/","title":{"rendered":"M-TBAR Angle Changers"},"content":{"rendered":"\n<h2 class=\"wp-block-heading\">\n          <strong>Flexibilit\u00e4t f\u00fcr Beleuchtung in der industriellen Bildverarbeitung<\/strong>\n        <\/h2>\n\n<ul>\n<li>Testen und ermitteln Sie die am besten f\u00fcr Sie geeignete Beleuchtungsl\u00f6sung<\/li>\n\n\n\n<li>Haben Sie vertrauen in Ihre Produktwahl<\/li>\n\n\n\n<li>Einfache und sichere Anwendung des Produktes<\/li>\n<\/ul>\n\n<div style=\"height:15px\" aria-hidden=\"true\" class=\"wp-block-spacer\"><\/div>\n\n<h2 class=\"wp-block-heading\">SCHAFFE MEHR STREUUNG<\/h2>\n\n<figure class=\"wp-block-image size-full\"><img fetchpriority=\"high\" decoding=\"async\" width=\"500\" height=\"281\" src=\"https:\/\/www.tpl-vision.com\/wp-content\/uploads\/2023\/03\/M-TBAR-ac-gif-en.gif\" alt=\"M-TBAR Angle Changers\" class=\"wp-image-11892\"\/><\/figure>\n\n<ul>\n<li>Der Angle Changer erweitert den Abstrahlwinkel des Standard-Linsenwinkels der M-TBAR um +\/- 5\u00b0. Das einfache Clip-on-Design erm\u00f6glicht mehr Flexibilit\u00e4t bei der Beleuchtung f\u00fcr die maschinelle Bildverarbeitung, ohne dass das Produkt m\u00fchevoll demontiert werden muss. Dadurch gibt es keinerlei Auswirkungen auf die IP67 zertifizierte Schutzklasse.<\/li>\n<\/ul>\n\n<div style=\"height:15px\" aria-hidden=\"true\" class=\"wp-block-spacer\"><\/div>\n\n<h2 class=\"wp-block-heading\">WIE KANN DER ANGLE CHANGERS ANGEBRACHT WERDEN<\/h2>\n\n<figure class=\"wp-block-image size-full is-resized\"><img decoding=\"async\" width=\"600\" height=\"338\" src=\"https:\/\/www.tpl-vision.com\/wp-content\/uploads\/2023\/02\/AC-GIF-2.gif\" alt=\"m tbar angle changers\" class=\"wp-image-11397\" style=\"width:500px\"\/><\/figure>\n\n<ul>\n<li>Einfache &amp; flexible magnetische Befestigung f\u00fcr Testzwecke.<\/li>\n<\/ul>\n\n<figure class=\"wp-block-image size-full is-resized\"><img decoding=\"async\" width=\"600\" height=\"338\" src=\"https:\/\/www.tpl-vision.com\/wp-content\/uploads\/2023\/02\/ezgif.com-optimize-1.gif\" alt=\"m tbar angle changers\" class=\"wp-image-11438\" style=\"width:500px\"\/><\/figure>\n\n<ul>\n<li>Use screws for fixing in final application. (Screws provided with M-TBAR product. Use 1.27mm hex key to secure.) <\/li>\n<\/ul>\n\n<div style=\"height:15px\" aria-hidden=\"true\" class=\"wp-block-spacer\"><\/div>\n\n<h2 class=\"wp-block-heading\">ANGLE CHANGER OPTIONEN<\/h2>\n\n<div class=\"wp-block-pb-accordion-item c-accordion__item js-accordion-item no-js\" data-initially-open=\"false\" data-click-to-close=\"true\" data-auto-close=\"true\" data-scroll=\"false\" data-scroll-offset=\"0\"><h3 id=\"at-108920\" class=\"c-accordion__title js-accordion-controller\" role=\"button\">Narrow \u00b110\u00b0<\/h3><div id=\"ac-108920\" class=\"c-accordion__content\">\n<figure class=\"wp-block-image size-large\"><img loading=\"lazy\" decoding=\"async\" width=\"1024\" height=\"581\" src=\"https:\/\/www.tpl-vision.com\/wp-content\/uploads\/2023\/02\/10-1024x581.png\" alt=\"m tbar angle changers\" class=\"wp-image-11442\" srcset=\"https:\/\/www.tpl-vision.com\/wp-content\/uploads\/2023\/02\/10-1024x581.png 1024w, https:\/\/www.tpl-vision.com\/wp-content\/uploads\/2023\/02\/10-300x170.png 300w, https:\/\/www.tpl-vision.com\/wp-content\/uploads\/2023\/02\/10-768x436.png 768w, https:\/\/www.tpl-vision.com\/wp-content\/uploads\/2023\/02\/10-600x341.png 600w, https:\/\/www.tpl-vision.com\/wp-content\/uploads\/2023\/02\/10-175x99.png 175w, https:\/\/www.tpl-vision.com\/wp-content\/uploads\/2023\/02\/10-40x23.png 40w, https:\/\/www.tpl-vision.com\/wp-content\/uploads\/2023\/02\/10-55x31.png 55w, https:\/\/www.tpl-vision.com\/wp-content\/uploads\/2023\/02\/10-100x57.png 100w, https:\/\/www.tpl-vision.com\/wp-content\/uploads\/2023\/02\/10.png 1365w\" sizes=\"(max-width: 1024px) 100vw, 1024px\" \/><\/figure>\n<\/div><\/div>\n\n<div class=\"wp-block-pb-accordion-item c-accordion__item js-accordion-item no-js\" data-initially-open=\"false\" data-click-to-close=\"true\" data-auto-close=\"true\" data-scroll=\"false\" data-scroll-offset=\"0\"><h3 id=\"at-108921\" class=\"c-accordion__title js-accordion-controller\" role=\"button\">Medium \u00b117\u00b0<\/h3><div id=\"ac-108921\" class=\"c-accordion__content\">\n<figure class=\"wp-block-image size-large\"><img loading=\"lazy\" decoding=\"async\" width=\"1024\" height=\"581\" src=\"https:\/\/www.tpl-vision.com\/wp-content\/uploads\/2023\/02\/17-1024x581.png\" alt=\"m tbar angle changers\" class=\"wp-image-11445\" srcset=\"https:\/\/www.tpl-vision.com\/wp-content\/uploads\/2023\/02\/17-1024x581.png 1024w, https:\/\/www.tpl-vision.com\/wp-content\/uploads\/2023\/02\/17-300x170.png 300w, https:\/\/www.tpl-vision.com\/wp-content\/uploads\/2023\/02\/17-768x436.png 768w, https:\/\/www.tpl-vision.com\/wp-content\/uploads\/2023\/02\/17-600x341.png 600w, https:\/\/www.tpl-vision.com\/wp-content\/uploads\/2023\/02\/17-175x99.png 175w, https:\/\/www.tpl-vision.com\/wp-content\/uploads\/2023\/02\/17-40x23.png 40w, https:\/\/www.tpl-vision.com\/wp-content\/uploads\/2023\/02\/17-55x31.png 55w, https:\/\/www.tpl-vision.com\/wp-content\/uploads\/2023\/02\/17-100x57.png 100w, https:\/\/www.tpl-vision.com\/wp-content\/uploads\/2023\/02\/17.png 1365w\" sizes=\"(max-width: 1024px) 100vw, 1024px\" \/><\/figure>\n<\/div><\/div>\n\n<div class=\"wp-block-pb-accordion-item c-accordion__item js-accordion-item no-js\" data-initially-open=\"false\" data-click-to-close=\"true\" data-auto-close=\"true\" data-scroll=\"false\" data-scroll-offset=\"0\"><h3 id=\"at-108922\" class=\"c-accordion__title js-accordion-controller\" role=\"button\">Wide \u00b125\u00b0<\/h3><div id=\"ac-108922\" class=\"c-accordion__content\">\n<figure class=\"wp-block-image size-large\"><img loading=\"lazy\" decoding=\"async\" width=\"1024\" height=\"581\" src=\"https:\/\/www.tpl-vision.com\/wp-content\/uploads\/2023\/02\/25-1024x581.png\" alt=\"m tbar angle changers\" class=\"wp-image-11448\" srcset=\"https:\/\/www.tpl-vision.com\/wp-content\/uploads\/2023\/02\/25-1024x581.png 1024w, https:\/\/www.tpl-vision.com\/wp-content\/uploads\/2023\/02\/25-300x170.png 300w, https:\/\/www.tpl-vision.com\/wp-content\/uploads\/2023\/02\/25-768x436.png 768w, https:\/\/www.tpl-vision.com\/wp-content\/uploads\/2023\/02\/25-600x341.png 600w, https:\/\/www.tpl-vision.com\/wp-content\/uploads\/2023\/02\/25-175x99.png 175w, https:\/\/www.tpl-vision.com\/wp-content\/uploads\/2023\/02\/25-40x23.png 40w, https:\/\/www.tpl-vision.com\/wp-content\/uploads\/2023\/02\/25-55x31.png 55w, https:\/\/www.tpl-vision.com\/wp-content\/uploads\/2023\/02\/25-100x57.png 100w, https:\/\/www.tpl-vision.com\/wp-content\/uploads\/2023\/02\/25.png 1365w\" sizes=\"(max-width: 1024px) 100vw, 1024px\" \/><\/figure>\n<\/div><\/div>\n\n<div class=\"wp-block-pb-accordion-item c-accordion__item js-accordion-item no-js\" data-initially-open=\"false\" data-click-to-close=\"true\" data-auto-close=\"true\" data-scroll=\"false\" data-scroll-offset=\"0\"><h3 id=\"at-108923\" class=\"c-accordion__title js-accordion-controller\" role=\"button\">Line \u00b19-16\u00b0<\/h3><div id=\"ac-108923\" class=\"c-accordion__content\">\n<figure class=\"wp-block-image size-large\"><img loading=\"lazy\" decoding=\"async\" width=\"1024\" height=\"581\" src=\"https:\/\/www.tpl-vision.com\/wp-content\/uploads\/2023\/02\/9-16-1024x581.png\" alt=\"m tbar angle changers\" class=\"wp-image-11451\" srcset=\"https:\/\/www.tpl-vision.com\/wp-content\/uploads\/2023\/02\/9-16-1024x581.png 1024w, https:\/\/www.tpl-vision.com\/wp-content\/uploads\/2023\/02\/9-16-300x170.png 300w, https:\/\/www.tpl-vision.com\/wp-content\/uploads\/2023\/02\/9-16-768x436.png 768w, https:\/\/www.tpl-vision.com\/wp-content\/uploads\/2023\/02\/9-16-600x341.png 600w, https:\/\/www.tpl-vision.com\/wp-content\/uploads\/2023\/02\/9-16-175x99.png 175w, https:\/\/www.tpl-vision.com\/wp-content\/uploads\/2023\/02\/9-16-40x23.png 40w, https:\/\/www.tpl-vision.com\/wp-content\/uploads\/2023\/02\/9-16-55x31.png 55w, https:\/\/www.tpl-vision.com\/wp-content\/uploads\/2023\/02\/9-16-100x57.png 100w, https:\/\/www.tpl-vision.com\/wp-content\/uploads\/2023\/02\/9-16.png 1365w\" sizes=\"(max-width: 1024px) 100vw, 1024px\" \/><\/figure>\n<\/div><\/div>\n\n<div style=\"height:15px\" aria-hidden=\"true\" class=\"wp-block-spacer\"><\/div>\n\n<h2 class=\"wp-block-heading\">Auch in polarisierter Ausf\u00fchrung erh\u00e4ltlich<\/h2>\n\n<div class=\"wp-block-columns is-layout-flex wp-container-core-columns-layout-1 wp-block-columns-is-layout-flex\">\n<div class=\"wp-block-column is-layout-flow wp-block-column-is-layout-flow\">\n<figure class=\"wp-block-image\"><img loading=\"lazy\" decoding=\"async\" width=\"800\" height=\"600\" src=\"https:\/\/www.tpl-vision.com\/wp-content\/uploads\/2023\/03\/Unpolarised-wire.bmp\" alt=\"m tbar angle changers\" class=\"wp-image-11966\" srcset=\"https:\/\/www.tpl-vision.com\/wp-content\/uploads\/2023\/03\/Unpolarised-wire.bmp 800w, https:\/\/www.tpl-vision.com\/wp-content\/uploads\/2023\/03\/Unpolarised-wire-300x225.jpg 300w, https:\/\/www.tpl-vision.com\/wp-content\/uploads\/2023\/03\/Unpolarised-wire-768x576.jpg 768w, https:\/\/www.tpl-vision.com\/wp-content\/uploads\/2023\/03\/Unpolarised-wire-600x450.jpg 600w, https:\/\/www.tpl-vision.com\/wp-content\/uploads\/2023\/03\/Unpolarised-wire-175x131.jpg 175w, https:\/\/www.tpl-vision.com\/wp-content\/uploads\/2023\/03\/Unpolarised-wire-40x30.jpg 40w, https:\/\/www.tpl-vision.com\/wp-content\/uploads\/2023\/03\/Unpolarised-wire-55x41.jpg 55w, https:\/\/www.tpl-vision.com\/wp-content\/uploads\/2023\/03\/Unpolarised-wire-100x75.jpg 100w\" sizes=\"(max-width: 800px) 100vw, 800px\" \/><figcaption class=\"wp-element-caption\">Non-polarised<\/figcaption><\/figure>\n<\/div>\n\n\n\n<div class=\"wp-block-column is-layout-flow wp-block-column-is-layout-flow\">\n<figure class=\"wp-block-image size-full\"><img loading=\"lazy\" decoding=\"async\" width=\"800\" height=\"600\" src=\"https:\/\/www.tpl-vision.com\/wp-content\/uploads\/2023\/03\/polarised-wire.bmp\" alt=\"m tbar angle changers\" class=\"wp-image-11969\" srcset=\"https:\/\/www.tpl-vision.com\/wp-content\/uploads\/2023\/03\/polarised-wire.bmp 800w, https:\/\/www.tpl-vision.com\/wp-content\/uploads\/2023\/03\/polarised-wire-300x225.jpg 300w, https:\/\/www.tpl-vision.com\/wp-content\/uploads\/2023\/03\/polarised-wire-768x576.jpg 768w, https:\/\/www.tpl-vision.com\/wp-content\/uploads\/2023\/03\/polarised-wire-600x450.jpg 600w, https:\/\/www.tpl-vision.com\/wp-content\/uploads\/2023\/03\/polarised-wire-175x131.jpg 175w, https:\/\/www.tpl-vision.com\/wp-content\/uploads\/2023\/03\/polarised-wire-40x30.jpg 40w, https:\/\/www.tpl-vision.com\/wp-content\/uploads\/2023\/03\/polarised-wire-55x41.jpg 55w, https:\/\/www.tpl-vision.com\/wp-content\/uploads\/2023\/03\/polarised-wire-100x75.jpg 100w\" sizes=\"(max-width: 800px) 100vw, 800px\" \/><figcaption class=\"wp-element-caption\">Polarised<\/figcaption><\/figure>\n<\/div>\n<\/div>\n\n<h2 class=\"wp-block-heading\">Bestellnummer<\/h2>\n\n<figure class=\"wp-block-image size-full\"><a href=\"https:\/\/www.tpl-vision.com\/wp-content\/uploads\/2023\/05\/TPL_ANGLE_CHANGER_M-TBAR_Reference_Builder_EN.jpg\"><img loading=\"lazy\" decoding=\"async\" width=\"1241\" height=\"650\" src=\"https:\/\/www.tpl-vision.com\/wp-content\/uploads\/2023\/05\/TPL_ANGLE_CHANGER_M-TBAR_Reference_Builder_EN.jpg\" alt=\"m tbar angle changers\" class=\"wp-image-12795\" srcset=\"https:\/\/www.tpl-vision.com\/wp-content\/uploads\/2023\/05\/TPL_ANGLE_CHANGER_M-TBAR_Reference_Builder_EN.jpg 1241w, https:\/\/www.tpl-vision.com\/wp-content\/uploads\/2023\/05\/TPL_ANGLE_CHANGER_M-TBAR_Reference_Builder_EN-300x157.jpg 300w, https:\/\/www.tpl-vision.com\/wp-content\/uploads\/2023\/05\/TPL_ANGLE_CHANGER_M-TBAR_Reference_Builder_EN-1024x536.jpg 1024w, https:\/\/www.tpl-vision.com\/wp-content\/uploads\/2023\/05\/TPL_ANGLE_CHANGER_M-TBAR_Reference_Builder_EN-768x402.jpg 768w, https:\/\/www.tpl-vision.com\/wp-content\/uploads\/2023\/05\/TPL_ANGLE_CHANGER_M-TBAR_Reference_Builder_EN-600x314.jpg 600w, https:\/\/www.tpl-vision.com\/wp-content\/uploads\/2023\/05\/TPL_ANGLE_CHANGER_M-TBAR_Reference_Builder_EN-175x92.jpg 175w, https:\/\/www.tpl-vision.com\/wp-content\/uploads\/2023\/05\/TPL_ANGLE_CHANGER_M-TBAR_Reference_Builder_EN-40x21.jpg 40w, https:\/\/www.tpl-vision.com\/wp-content\/uploads\/2023\/05\/TPL_ANGLE_CHANGER_M-TBAR_Reference_Builder_EN-55x29.jpg 55w, https:\/\/www.tpl-vision.com\/wp-content\/uploads\/2023\/05\/TPL_ANGLE_CHANGER_M-TBAR_Reference_Builder_EN-100x52.jpg 100w\" sizes=\"(max-width: 1241px) 100vw, 1241px\" \/><\/a><\/figure>\n\n<div style=\"height:10px\" aria-hidden=\"true\" class=\"wp-block-spacer\"><\/div>\n\n<h2 class=\"wp-block-heading has-text-align-center\">Suchen Sie Angle Changers f\u00fcr ein anderes Produkt?<\/h2>\n\n<div class=\"wp-block-buttons is-layout-flex wp-block-buttons-is-layout-flex\">\n<div class=\"wp-block-button has-custom-width wp-block-button__width-100 is-style-outline\"><a class=\"wp-block-button__link has-vivid-red-color has-text-color wp-element-button\" href=\"https:\/\/www.tpl-vision.com\/product-category\/accessories\/?_categorie_accessories=angle-changers\" target=\"_blank\" rel=\"noreferrer noopener\">Erfahren Sie mehr<\/a><\/div>\n<\/div>\n","protected":false},"excerpt":{"rendered":"<p>Using TPL Vision\u2019s Angle Changers is the easiest way of changing the beam angle of your bar lights, allowing greater flexibility &amp; the ability to customise your illumination output using different machine vision lighting techniques. You can adjust the angle of illumination and the amount of diffusion by clipping the Angle Changers onto the <a href=\"https:\/\/www.tpl-vision.com\/overview\/bar-lights\/modular-m-tbar\/\" target=\"_blank\" rel=\"noopener\">M-TBAR<\/a> using a magnetic attachment for testing, and screws for the final application.  Gleichzeitig wird die <a href=\"https:\/\/www.tpl-vision.com\/overview\/bar-lights\/modular-m-tbar\/\" target=\"_blank\" rel=\"noopener\">IP67-Zertifizierung<\/a> davon nicht beeinflusst.<\/p>\n","protected":false},"featured_media":11981,"comment_status":"closed","ping_status":"closed","template":"","meta":{"_seopress_robots_primary_cat":"","_seopress_titles_title":"","_seopress_titles_desc":"Angle Changers for adjusting the beam angle of the Miniature M-TBAR bar light.","_seopress_robots_index":"","_monsterinsights_skip_tracking":false,"_monsterinsights_sitenote_active":false,"_monsterinsights_sitenote_note":"","_monsterinsights_sitenote_category":0},"product_cat":[88,425],"product_tag":[],"_links":{"self":[{"href":"https:\/\/www.tpl-vision.com\/de\/wp-json\/wp\/v2\/product\/12664"}],"collection":[{"href":"https:\/\/www.tpl-vision.com\/de\/wp-json\/wp\/v2\/product"}],"about":[{"href":"https:\/\/www.tpl-vision.com\/de\/wp-json\/wp\/v2\/types\/product"}],"replies":[{"embeddable":true,"href":"https:\/\/www.tpl-vision.com\/de\/wp-json\/wp\/v2\/comments?post=12664"}],"wp:featuredmedia":[{"embeddable":true,"href":"https:\/\/www.tpl-vision.com\/de\/wp-json\/wp\/v2\/media\/11981"}],"wp:attachment":[{"href":"https:\/\/www.tpl-vision.com\/de\/wp-json\/wp\/v2\/media?parent=12664"}],"wp:term":[{"taxonomy":"product_cat","embeddable":true,"href":"https:\/\/www.tpl-vision.com\/de\/wp-json\/wp\/v2\/product_cat?post=12664"},{"taxonomy":"product_tag","embeddable":true,"href":"https:\/\/www.tpl-vision.com\/de\/wp-json\/wp\/v2\/product_tag?post=12664"}],"curies":[{"name":"wp","href":"https:\/\/api.w.org\/{rel}","templated":true}]}}