{"id":1471,"date":"2022-10-06T10:25:04","date_gmt":"2022-10-06T08:25:04","guid":{"rendered":"https:\/\/www.tpl-vision.com\/overview\/unkategorisiert\/essential-ebar\/"},"modified":"2026-03-30T15:00:36","modified_gmt":"2026-03-30T13:00:36","slug":"essential-ebar","status":"publish","type":"product","link":"https:\/\/www.tpl-vision.com\/de\/uberblick\/balkenbeleuchtungen\/essential-ebar\/","title":{"rendered":"Essential EBAR+"},"content":{"rendered":"\n<h2 class=\"wp-block-heading\">3 Versionen<\/h2>\n\n<p>Neben der Standard-Version \u2013 eine einfach zu nutzende und zu installierende LED-Bar \u2013 sind noch 2 weitere EBAR+ Versionen erh\u00e4ltlich:<\/p>\n\n<figure class=\"wp-block-image size-full\"><img decoding=\"async\" width=\"192\" height=\"63\" src=\"https:\/\/www.tpl-vision.com\/wp-content\/uploads\/2022\/10\/Link.gif\" alt=\"\" class=\"wp-image-1272\"\/><\/figure>\n\n<p>VERKETTBARE BELEUCHTUNG<\/p>\n\n<p class=\"has-text-align-left\">In der <strong>LINK-Version<\/strong> ist die Beleuchtung mit besonderen Steckverbindungen ausgestattet, die aus <strong>3 M12-Steckern<\/strong> bestehen. Es ist somit m\u00f6glich, mehrere <strong>Beleuchtungen untereinander<\/strong> zu verbinden, um eine perfekte Signalsynchronisation zu erhalten, wobei sie einzeln mit je 24 VDC <strong>versorgt werden<\/strong>. Die LINK-Version f\u00fcgt sich <strong>perfekt in Bildverarbeitungssysteme<\/strong> ein, die mehrere Beleuchtungen mit optimaler Synchronisation erfordern. Sie ist selbst f\u00fcr die h\u00f6chsten <strong>Fertigungsgeschwindigkeiten geeignet<\/strong>.   Die LINK-Version f\u00fcgt sich perfekt in Bildverarbeitungssysteme ein, die mehrere Beleuchtungen mit optimaler Synchronisation erfordern.<\/p>\n\n<p><\/p>\n\n<figure class=\"wp-block-image size-full\"><img decoding=\"async\" width=\"192\" height=\"63\" src=\"https:\/\/www.tpl-vision.com\/wp-content\/uploads\/2022\/10\/Overdrive.gif\" alt=\"\" class=\"wp-image-1275\"\/><\/figure>\n\n<p>OVERDRIVE UM X4 MIT SPEZIELLER ELEKTRONIK<\/p>\n\n<p>Die <strong>OVERDRIVE-Version<\/strong> \u00e4hnelt im Bedienungskomfort der STANDARD-Version. Sie ist mit einer <strong>speziellen Elektronik<\/strong> ausgestattet, die den Benutzern die M\u00f6glichkeit gibt, selbst per <strong>Overdrive die Beleuchtung zu verst\u00e4rken<\/strong>. Die OVERDRIVE-Version richtet sich <strong>an Spezialisten<\/strong>, die die <strong>Lichtst\u00e4rke ganz<\/strong> <strong>genau kalibrieren m\u00f6chten<\/strong>.<\/p>\n\n<div style=\"height:30px\" aria-hidden=\"true\" class=\"wp-block-spacer\"><\/div>\n\n<h2 class=\"wp-block-heading\">Produktdemonstration<\/h2>\n\n<figure class=\"wp-block-embed is-type-video is-provider-youtube wp-block-embed-youtube wp-embed-aspect-16-9 wp-has-aspect-ratio\"><div class=\"wp-block-embed__wrapper\">\n<iframe title=\"Essential EBAR+ &amp; Surface FX tool\" width=\"800\" height=\"450\" src=\"https:\/\/www.youtube.com\/embed\/TwQ1jd-XTHg?feature=oembed\" frameborder=\"0\" allow=\"accelerometer; autoplay; clipboard-write; encrypted-media; gyroscope; picture-in-picture\" allowfullscreen><\/iframe>\n<\/div><\/figure>\n\n<div style=\"height:30px\" aria-hidden=\"true\" class=\"wp-block-spacer\"><\/div>\n\n<h2 class=\"wp-block-heading\">Technische Informationen<\/h2>\n\n<p><em>Bitte klicken Sie auf die nachfolgenden Tabs.<\/em><\/p>\n\n<div class=\"wp-block-pb-accordion-item c-accordion__item js-accordion-item no-js\" data-initially-open=\"false\" data-click-to-close=\"true\" data-auto-close=\"true\" data-scroll=\"false\" data-scroll-offset=\"0\"><h3 id=\"at-12460\" class=\"c-accordion__title js-accordion-controller\" role=\"button\">Beleuchtungsmethode<\/h3><div id=\"ac-12460\" class=\"c-accordion__content\">\n<div class=\"wp-block-columns is-layout-flex wp-container-core-columns-layout-1 wp-block-columns-is-layout-flex\">\n<div class=\"wp-block-column is-layout-flow wp-block-column-is-layout-flow\">\n<figure class=\"wp-block-image size-full\"><img fetchpriority=\"high\" decoding=\"async\" width=\"500\" height=\"500\" src=\"https:\/\/www.tpl-vision.com\/wp-content\/uploads\/2022\/10\/TPL_LightingMethod_DIRECT.jpg\" alt=\"\" class=\"wp-image-1290\" srcset=\"https:\/\/www.tpl-vision.com\/wp-content\/uploads\/2022\/10\/TPL_LightingMethod_DIRECT.jpg 500w, https:\/\/www.tpl-vision.com\/wp-content\/uploads\/2022\/10\/TPL_LightingMethod_DIRECT-300x300.jpg 300w, https:\/\/www.tpl-vision.com\/wp-content\/uploads\/2022\/10\/TPL_LightingMethod_DIRECT-150x150.jpg 150w, https:\/\/www.tpl-vision.com\/wp-content\/uploads\/2022\/10\/TPL_LightingMethod_DIRECT-360x360.jpg 360w, https:\/\/www.tpl-vision.com\/wp-content\/uploads\/2022\/10\/TPL_LightingMethod_DIRECT-100x100.jpg 100w, https:\/\/www.tpl-vision.com\/wp-content\/uploads\/2022\/10\/TPL_LightingMethod_DIRECT-50x50.jpg 50w, https:\/\/www.tpl-vision.com\/wp-content\/uploads\/2022\/10\/TPL_LightingMethod_DIRECT-40x40.jpg 40w, https:\/\/www.tpl-vision.com\/wp-content\/uploads\/2022\/10\/TPL_LightingMethod_DIRECT-55x55.jpg 55w\" sizes=\"(max-width: 500px) 100vw, 500px\" \/><\/figure>\n<\/div>\n\n\n\n<div class=\"wp-block-column is-layout-flow wp-block-column-is-layout-flow\">\n<figure class=\"wp-block-image size-full\"><img loading=\"lazy\" decoding=\"async\" width=\"500\" height=\"500\" src=\"https:\/\/www.tpl-vision.com\/wp-content\/uploads\/2022\/10\/TPL_LightingMethod_DIRECTincline.jpg\" alt=\"\" class=\"wp-image-1287\" srcset=\"https:\/\/www.tpl-vision.com\/wp-content\/uploads\/2022\/10\/TPL_LightingMethod_DIRECTincline.jpg 500w, https:\/\/www.tpl-vision.com\/wp-content\/uploads\/2022\/10\/TPL_LightingMethod_DIRECTincline-300x300.jpg 300w, https:\/\/www.tpl-vision.com\/wp-content\/uploads\/2022\/10\/TPL_LightingMethod_DIRECTincline-150x150.jpg 150w, https:\/\/www.tpl-vision.com\/wp-content\/uploads\/2022\/10\/TPL_LightingMethod_DIRECTincline-360x360.jpg 360w, https:\/\/www.tpl-vision.com\/wp-content\/uploads\/2022\/10\/TPL_LightingMethod_DIRECTincline-100x100.jpg 100w, https:\/\/www.tpl-vision.com\/wp-content\/uploads\/2022\/10\/TPL_LightingMethod_DIRECTincline-50x50.jpg 50w, https:\/\/www.tpl-vision.com\/wp-content\/uploads\/2022\/10\/TPL_LightingMethod_DIRECTincline-40x40.jpg 40w, https:\/\/www.tpl-vision.com\/wp-content\/uploads\/2022\/10\/TPL_LightingMethod_DIRECTincline-55x55.jpg 55w\" sizes=\"(max-width: 500px) 100vw, 500px\" \/><\/figure>\n<\/div>\n\n\n\n<div class=\"wp-block-column is-layout-flow wp-block-column-is-layout-flow\">\n<figure class=\"wp-block-image size-full\"><img loading=\"lazy\" decoding=\"async\" width=\"500\" height=\"500\" src=\"https:\/\/www.tpl-vision.com\/wp-content\/uploads\/2022\/10\/TPL_LightingMethod_DarkField.jpg\" alt=\"\" class=\"wp-image-1284\" srcset=\"https:\/\/www.tpl-vision.com\/wp-content\/uploads\/2022\/10\/TPL_LightingMethod_DarkField.jpg 500w, https:\/\/www.tpl-vision.com\/wp-content\/uploads\/2022\/10\/TPL_LightingMethod_DarkField-300x300.jpg 300w, https:\/\/www.tpl-vision.com\/wp-content\/uploads\/2022\/10\/TPL_LightingMethod_DarkField-150x150.jpg 150w, https:\/\/www.tpl-vision.com\/wp-content\/uploads\/2022\/10\/TPL_LightingMethod_DarkField-360x360.jpg 360w, https:\/\/www.tpl-vision.com\/wp-content\/uploads\/2022\/10\/TPL_LightingMethod_DarkField-100x100.jpg 100w, https:\/\/www.tpl-vision.com\/wp-content\/uploads\/2022\/10\/TPL_LightingMethod_DarkField-50x50.jpg 50w, https:\/\/www.tpl-vision.com\/wp-content\/uploads\/2022\/10\/TPL_LightingMethod_DarkField-40x40.jpg 40w, https:\/\/www.tpl-vision.com\/wp-content\/uploads\/2022\/10\/TPL_LightingMethod_DarkField-55x55.jpg 55w\" sizes=\"(max-width: 500px) 100vw, 500px\" \/><\/figure>\n<\/div>\n\n\n\n<div class=\"wp-block-column is-layout-flow wp-block-column-is-layout-flow\">\n<figure class=\"wp-block-image size-full\"><img loading=\"lazy\" decoding=\"async\" width=\"500\" height=\"500\" src=\"https:\/\/www.tpl-vision.com\/wp-content\/uploads\/2022\/10\/TPL_LightingMethod_DOME.jpg\" alt=\"\" class=\"wp-image-1281\" srcset=\"https:\/\/www.tpl-vision.com\/wp-content\/uploads\/2022\/10\/TPL_LightingMethod_DOME.jpg 500w, https:\/\/www.tpl-vision.com\/wp-content\/uploads\/2022\/10\/TPL_LightingMethod_DOME-300x300.jpg 300w, https:\/\/www.tpl-vision.com\/wp-content\/uploads\/2022\/10\/TPL_LightingMethod_DOME-150x150.jpg 150w, https:\/\/www.tpl-vision.com\/wp-content\/uploads\/2022\/10\/TPL_LightingMethod_DOME-360x360.jpg 360w, https:\/\/www.tpl-vision.com\/wp-content\/uploads\/2022\/10\/TPL_LightingMethod_DOME-100x100.jpg 100w, https:\/\/www.tpl-vision.com\/wp-content\/uploads\/2022\/10\/TPL_LightingMethod_DOME-50x50.jpg 50w, https:\/\/www.tpl-vision.com\/wp-content\/uploads\/2022\/10\/TPL_LightingMethod_DOME-40x40.jpg 40w, https:\/\/www.tpl-vision.com\/wp-content\/uploads\/2022\/10\/TPL_LightingMethod_DOME-55x55.jpg 55w\" sizes=\"(max-width: 500px) 100vw, 500px\" \/><\/figure>\n<\/div>\n<\/div>\n<\/div><\/div>\n\n<div class=\"wp-block-pb-accordion-item c-accordion__item js-accordion-item no-js\" data-initially-open=\"false\" data-click-to-close=\"true\" data-auto-close=\"true\" data-scroll=\"false\" data-scroll-offset=\"0\"><h3 id=\"at-12461\" class=\"c-accordion__title js-accordion-controller\" role=\"button\">Beleuchtungsbereiche<\/h3><div id=\"ac-12461\" class=\"c-accordion__content\">\n<div class=\"wp-block-columns is-layout-flex wp-container-core-columns-layout-2 wp-block-columns-is-layout-flex\">\n<div class=\"wp-block-column is-layout-flow wp-block-column-is-layout-flow\">\n<figure class=\"wp-block-image size-full is-resized\"><a href=\"https:\/\/www.tpl-vision.com\/wp-content\/uploads\/2023\/01\/TPL_EBAR_PLUS_STANDARD_Lighting_Area_DE.jpg\"><img decoding=\"async\" src=\"https:\/\/www.tpl-vision.com\/wp-content\/uploads\/2023\/01\/TPL_EBAR_PLUS_STANDARD_Lighting_Area_DE.jpg\" alt=\"\" class=\"wp-image-10189\" style=\"width:250px;height:208px\"\/><\/a><figcaption class=\"wp-element-caption\">Essential EBAR+<\/figcaption><\/figure>\n<\/div>\n\n\n\n<div class=\"wp-block-column is-layout-flow wp-block-column-is-layout-flow\">\n<figure class=\"wp-block-image size-full is-resized\"><a href=\"https:\/\/www.tpl-vision.com\/wp-content\/uploads\/2023\/01\/TPL_EBAR_PLUS_LINK_Lighting_Area_DE.jpg\"><img decoding=\"async\" src=\"https:\/\/www.tpl-vision.com\/wp-content\/uploads\/2023\/01\/TPL_EBAR_PLUS_LINK_Lighting_Area_DE.jpg\" alt=\"\" class=\"wp-image-10192\" style=\"width:250px;height:208px\"\/><\/a><figcaption class=\"wp-element-caption\">Essential EBAR+ LINK<\/figcaption><\/figure>\n<\/div>\n<\/div>\n\n\n\n<div class=\"wp-block-columns is-layout-flex wp-container-core-columns-layout-3 wp-block-columns-is-layout-flex\">\n<div class=\"wp-block-column is-layout-flow wp-block-column-is-layout-flow\">\n<figure class=\"wp-block-image size-full is-resized\"><a href=\"https:\/\/www.tpl-vision.com\/wp-content\/uploads\/2023\/01\/TPL_EBAR_PLUS_OVERDRIVE_Lighting_Area_DE.jpg\"><img decoding=\"async\" src=\"https:\/\/www.tpl-vision.com\/wp-content\/uploads\/2023\/01\/TPL_EBAR_PLUS_OVERDRIVE_Lighting_Area_DE.jpg\" alt=\"\" class=\"wp-image-10195\" style=\"width:250px;height:208px\"\/><\/a><figcaption class=\"wp-element-caption\">Essential EBAR+ OVERDRIVE<\/figcaption><\/figure>\n<\/div>\n\n\n\n<div class=\"wp-block-column is-layout-flow wp-block-column-is-layout-flow\"><\/div>\n<\/div>\n<\/div><\/div>\n\n<div class=\"wp-block-pb-accordion-item c-accordion__item js-accordion-item no-js\" data-initially-open=\"false\" data-click-to-close=\"true\" data-auto-close=\"true\" data-scroll=\"false\" data-scroll-offset=\"0\"><h3 id=\"at-12462\" class=\"c-accordion__title js-accordion-controller\" role=\"button\">Bestellnummer<\/h3><div id=\"ac-12462\" class=\"c-accordion__content\">\n<figure class=\"wp-block-image size-full\"><a href=\"https:\/\/www.tpl-vision.com\/wp-content\/uploads\/2024\/04\/TPL_EBAR_PLUS_Reference_Builder_DE_with_AC.jpg\"><img decoding=\"async\" src=\"https:\/\/www.tpl-vision.com\/wp-content\/uploads\/2024\/04\/TPL_EBAR_PLUS_Reference_Builder_DE_with_AC.jpg\" alt=\"essential ebar+\" class=\"wp-image-17739\"\/><\/a><\/figure>\n<\/div><\/div>\n\n<p><\/p>\n","protected":false},"excerpt":{"rendered":"<p>Bei der Essential EBAR+ handelt es sich um eine besonders starke LED-Bar f\u00fcr Bildverarbeitungs-Anwendungen, die einen hohen Lichtstrom erfordern. Nach unten gerichtet oder mit einem Neigungswinkel erm\u00f6glicht er eine perfekte Beleuchtung rechtwinkliger Bereiche in einer Fertigungslinie. Das Essential EBAR+ zeichnet sich durch seine einfache Installation aus: Er ben\u00f6tigt keine Einstellung, er wird einfach angeschlossen. Nichtsdestotrotz kann er im Dauerbetrieb oder Puls-Modus betrieben werden, mit besonders kurzen Anstiegszeiten. Sein Profil aus schwarzem Aluminium erweist sich als \u00e4u\u00dferst robust, die Schutzklasse ist IP 65. Sein eloxiertes Profil erm\u00f6glicht eine sehr gute Abgabe der von den LEDs erzeugten W\u00e4rme. Kontrollleuchten aus LEDs im Steckersockel zeigen an, wenn das Ger\u00e4t an Spannung liegt. Der Essential EBAR+ ist in verschiedenen Farben (inklusive IR und UV) und in mehreren L\u00e4ngen erh\u00e4ltlich, von 125 mm bis 1250 mm (Standard\/Link) und bis zu 2500 mm (OverDrive).<\/p>\n<ul>\n<li>HOHE LICHTST\u00c4RKE,<\/li>\n<li>EINSCHALTZEIT: 15 \u03bcs (Standard), 5 \u03bcs (OverDrive)<\/li>\n<li>GR\u00d6\u00dfEN BIS 2500mm (OverDrive-Version)<\/li>\n<\/ul>\n","protected":false},"featured_media":23974,"comment_status":"closed","ping_status":"closed","template":"","meta":{"_seopress_robots_primary_cat":"none","_seopress_titles_title":"","_seopress_titles_desc":"Highly powerful LED bar light for machine vision. Up to 2.5m length. Link & OverDrive versions available.","_seopress_robots_index":"","_monsterinsights_skip_tracking":false,"_monsterinsights_sitenote_active":false,"_monsterinsights_sitenote_note":"","_monsterinsights_sitenote_category":0},"product_cat":[75],"product_tag":[],"_links":{"self":[{"href":"https:\/\/www.tpl-vision.com\/de\/wp-json\/wp\/v2\/product\/1471"}],"collection":[{"href":"https:\/\/www.tpl-vision.com\/de\/wp-json\/wp\/v2\/product"}],"about":[{"href":"https:\/\/www.tpl-vision.com\/de\/wp-json\/wp\/v2\/types\/product"}],"replies":[{"embeddable":true,"href":"https:\/\/www.tpl-vision.com\/de\/wp-json\/wp\/v2\/comments?post=1471"}],"wp:featuredmedia":[{"embeddable":true,"href":"https:\/\/www.tpl-vision.com\/de\/wp-json\/wp\/v2\/media\/23974"}],"wp:attachment":[{"href":"https:\/\/www.tpl-vision.com\/de\/wp-json\/wp\/v2\/media?parent=1471"}],"wp:term":[{"taxonomy":"product_cat","embeddable":true,"href":"https:\/\/www.tpl-vision.com\/de\/wp-json\/wp\/v2\/product_cat?post=1471"},{"taxonomy":"product_tag","embeddable":true,"href":"https:\/\/www.tpl-vision.com\/de\/wp-json\/wp\/v2\/product_tag?post=1471"}],"curies":[{"name":"wp","href":"https:\/\/api.w.org\/{rel}","templated":true}]}}