{"id":1473,"date":"2022-10-06T14:08:59","date_gmt":"2022-10-06T12:08:59","guid":{"rendered":"https:\/\/www.tpl-vision.com\/overview\/unkategorisiert\/backlight-blbar\/"},"modified":"2026-03-30T15:02:08","modified_gmt":"2026-03-30T13:02:08","slug":"blbar-plus","status":"publish","type":"product","link":"https:\/\/www.tpl-vision.com\/de\/uberblick\/balkenbeleuchtungen\/blbar-plus\/","title":{"rendered":"Backlight BLBAR+"},"content":{"rendered":"\n<h2 class=\"wp-block-heading\">3 Versionen<\/h2>\n\n<p>Neben der Standard-Version \u2013 eine einfach zu nutzende und zu installierende LED-Bar \u2013 sind noch 2 weitere BLBAR+ Versionen erh\u00e4ltlich:<\/p>\n\n<figure class=\"wp-block-image size-full\"><img decoding=\"async\" width=\"192\" height=\"63\" src=\"https:\/\/www.tpl-vision.com\/wp-content\/uploads\/2022\/10\/Link.gif\" alt=\"\" class=\"wp-image-1272\"\/><\/figure>\n\n<p>VERKETTBARE BELEUCHTUNG<\/p>\n\n<p>In der <strong>LINK-Version<\/strong> ist die Beleuchtung mit besonderen Steckverbindungen ausgestattet, die aus <strong>3 M12-Steckern bestehen<\/strong>. Es ist somit m\u00f6glich, mehrere <strong>Beleuchtungen<\/strong> untereinander zu verbinden, um eine perfekte Signalsynchronisation zu erhalten, wobei sie einzeln mit je 24 VDC versorgt werden. Die LINK-Version f\u00fcgt sich perfekt in <strong>Bildverarbeitungssysteme<\/strong> ein, die mehrere Beleuchtungen mit <strong>optimaler Synchronisation<\/strong> erfordern. Sie ist selbst f\u00fcr die h\u00f6chsten Fertigungsgeschwindigkeiten geeignet.  <\/p>\n\n<p><\/p>\n\n<figure class=\"wp-block-image size-full\"><img decoding=\"async\" width=\"192\" height=\"63\" src=\"https:\/\/www.tpl-vision.com\/wp-content\/uploads\/2022\/10\/Overdrive.gif\" alt=\"\" class=\"wp-image-1275\"\/><\/figure>\n\n<p>OVERDRIVE UM X4 MIT SPEZIELLER ELEKTRONIK<\/p>\n\n<p>Die <strong>OVERDRIVE-Version<\/strong> \u00e4hnelt im Bedienungskomfort der STANDARD-Version. Sie ist mit einer <strong>speziellen Elektronik<\/strong> ausgestattet, die den Benutzern die M\u00f6glichkeit gibt, selbst per <strong>Overdrive die Beleuchtung zu verst\u00e4rken<\/strong>. Die OVERDRIVE-Version richtet sich <strong>an Spezialisten<\/strong>, die die <strong>Lichtst\u00e4rke ganz<\/strong> <strong>genau kalibrieren m\u00f6chten<\/strong>.<\/p>\n\n<div style=\"height:30px\" aria-hidden=\"true\" class=\"wp-block-spacer\"><\/div>\n\n<h2 class=\"wp-block-heading\">BLBAR+ USE CASES<\/h2>\n\n<figure class=\"wp-block-image size-large\"><a href=\"https:\/\/www.tpl-vision.com\/de\/anwendungen\/diffuse-bar-light-used-in-quality-control-of-car-dashboards-using-robotic-guidance\/\" target=\"_blank\" rel=\"noreferrer noopener\"><img fetchpriority=\"high\" decoding=\"async\" width=\"1024\" height=\"535\" src=\"https:\/\/www.tpl-vision.com\/wp-content\/uploads\/2023\/11\/Automotive-with-blbars-casestudy-1-1024x535.png\" alt=\"backlight blbar+\" class=\"wp-image-15868\" srcset=\"https:\/\/www.tpl-vision.com\/wp-content\/uploads\/2023\/11\/Automotive-with-blbars-casestudy-1-1024x535.png 1024w, https:\/\/www.tpl-vision.com\/wp-content\/uploads\/2023\/11\/Automotive-with-blbars-casestudy-1-300x157.png 300w, https:\/\/www.tpl-vision.com\/wp-content\/uploads\/2023\/11\/Automotive-with-blbars-casestudy-1-768x401.png 768w, https:\/\/www.tpl-vision.com\/wp-content\/uploads\/2023\/11\/Automotive-with-blbars-casestudy-1-600x314.png 600w, https:\/\/www.tpl-vision.com\/wp-content\/uploads\/2023\/11\/Automotive-with-blbars-casestudy-1-175x91.png 175w, https:\/\/www.tpl-vision.com\/wp-content\/uploads\/2023\/11\/Automotive-with-blbars-casestudy-1-40x21.png 40w, https:\/\/www.tpl-vision.com\/wp-content\/uploads\/2023\/11\/Automotive-with-blbars-casestudy-1-55x29.png 55w, https:\/\/www.tpl-vision.com\/wp-content\/uploads\/2023\/11\/Automotive-with-blbars-casestudy-1-100x52.png 100w, https:\/\/www.tpl-vision.com\/wp-content\/uploads\/2023\/11\/Automotive-with-blbars-casestudy-1.png 1200w\" sizes=\"(max-width: 1024px) 100vw, 1024px\" \/><\/a><\/figure>\n\n<p>W\u00e4hrend eines entscheidenden Schritts im Automobilmontageprozess wird ein <strong>kamerabasiertes<\/strong> Bildverarbeitungssystem eingesetzt, um das Vorhandensein und die Positionierung von Komponenten zu \u00fcberpr\u00fcfen. Zur Erweiterung der Kamerafunktionen werden leistungsstarke <strong>diffuse<\/strong> Balkenlichter in einen kollaborativen Roboter (Cobot) integriert.<\/p>\n\n<div class=\"wp-block-buttons is-content-justification-center is-layout-flex wp-container-core-buttons-layout-1 wp-block-buttons-is-layout-flex\">\n<div class=\"wp-block-button\"><a class=\"wp-block-button__link wp-element-button\" href=\"https:\/\/www.tpl-vision.com\/de\/anwendungen\/diffuse-bar-light-used-in-quality-control-of-car-dashboards-using-robotic-guidance\/\" target=\"_blank\" rel=\"noreferrer noopener\">Mehr<\/a><\/div>\n<\/div>\n\n<div style=\"height:30px\" aria-hidden=\"true\" class=\"wp-block-spacer\"><\/div>\n\n<h2 class=\"wp-block-heading\">Technische Informationen<\/h2>\n\n<p><em>Bitte klicken Sie auf die nachfolgenden Tabs.<\/em><\/p>\n\n<div class=\"wp-block-pb-accordion-item c-accordion__item js-accordion-item no-js\" data-initially-open=\"false\" data-click-to-close=\"true\" data-auto-close=\"true\" data-scroll=\"false\" data-scroll-offset=\"0\"><h3 id=\"at-13200\" class=\"c-accordion__title js-accordion-controller\" role=\"button\">Beleuchtungsmethode<\/h3><div id=\"ac-13200\" class=\"c-accordion__content\">\n<div class=\"wp-block-columns is-layout-flex wp-container-core-columns-layout-1 wp-block-columns-is-layout-flex\">\n<div class=\"wp-block-column is-layout-flow wp-block-column-is-layout-flow\">\n<figure class=\"wp-block-image size-full\"><img loading=\"lazy\" decoding=\"async\" width=\"500\" height=\"500\" src=\"https:\/\/www.tpl-vision.com\/wp-content\/uploads\/2022\/10\/TPL_LightingMethod_BACKLIGHT.jpg\" alt=\"\" class=\"wp-image-1322\" srcset=\"https:\/\/www.tpl-vision.com\/wp-content\/uploads\/2022\/10\/TPL_LightingMethod_BACKLIGHT.jpg 500w, https:\/\/www.tpl-vision.com\/wp-content\/uploads\/2022\/10\/TPL_LightingMethod_BACKLIGHT-300x300.jpg 300w, https:\/\/www.tpl-vision.com\/wp-content\/uploads\/2022\/10\/TPL_LightingMethod_BACKLIGHT-150x150.jpg 150w, https:\/\/www.tpl-vision.com\/wp-content\/uploads\/2022\/10\/TPL_LightingMethod_BACKLIGHT-360x360.jpg 360w, https:\/\/www.tpl-vision.com\/wp-content\/uploads\/2022\/10\/TPL_LightingMethod_BACKLIGHT-100x100.jpg 100w, https:\/\/www.tpl-vision.com\/wp-content\/uploads\/2022\/10\/TPL_LightingMethod_BACKLIGHT-50x50.jpg 50w, https:\/\/www.tpl-vision.com\/wp-content\/uploads\/2022\/10\/TPL_LightingMethod_BACKLIGHT-40x40.jpg 40w, https:\/\/www.tpl-vision.com\/wp-content\/uploads\/2022\/10\/TPL_LightingMethod_BACKLIGHT-55x55.jpg 55w\" sizes=\"(max-width: 500px) 100vw, 500px\" \/><\/figure>\n<\/div>\n\n\n\n<div class=\"wp-block-column is-layout-flow wp-block-column-is-layout-flow\">\n<figure class=\"wp-block-image size-full\"><img loading=\"lazy\" decoding=\"async\" width=\"500\" height=\"500\" src=\"https:\/\/www.tpl-vision.com\/wp-content\/uploads\/2022\/10\/TPL_LightingMethod_DIRECT.jpg\" alt=\"\" class=\"wp-image-1290\" srcset=\"https:\/\/www.tpl-vision.com\/wp-content\/uploads\/2022\/10\/TPL_LightingMethod_DIRECT.jpg 500w, https:\/\/www.tpl-vision.com\/wp-content\/uploads\/2022\/10\/TPL_LightingMethod_DIRECT-300x300.jpg 300w, https:\/\/www.tpl-vision.com\/wp-content\/uploads\/2022\/10\/TPL_LightingMethod_DIRECT-150x150.jpg 150w, https:\/\/www.tpl-vision.com\/wp-content\/uploads\/2022\/10\/TPL_LightingMethod_DIRECT-360x360.jpg 360w, https:\/\/www.tpl-vision.com\/wp-content\/uploads\/2022\/10\/TPL_LightingMethod_DIRECT-100x100.jpg 100w, https:\/\/www.tpl-vision.com\/wp-content\/uploads\/2022\/10\/TPL_LightingMethod_DIRECT-50x50.jpg 50w, https:\/\/www.tpl-vision.com\/wp-content\/uploads\/2022\/10\/TPL_LightingMethod_DIRECT-40x40.jpg 40w, https:\/\/www.tpl-vision.com\/wp-content\/uploads\/2022\/10\/TPL_LightingMethod_DIRECT-55x55.jpg 55w\" sizes=\"(max-width: 500px) 100vw, 500px\" \/><\/figure>\n<\/div>\n\n\n\n<div class=\"wp-block-column is-layout-flow wp-block-column-is-layout-flow\"><\/div>\n\n\n\n<div class=\"wp-block-column is-layout-flow wp-block-column-is-layout-flow\"><\/div>\n<\/div>\n<\/div><\/div>\n\n<div class=\"wp-block-pb-accordion-item c-accordion__item js-accordion-item no-js\" data-initially-open=\"false\" data-click-to-close=\"true\" data-auto-close=\"true\" data-scroll=\"false\" data-scroll-offset=\"0\"><h3 id=\"at-13201\" class=\"c-accordion__title js-accordion-controller\" role=\"button\">Bestellnummer<\/h3><div id=\"ac-13201\" class=\"c-accordion__content\">\n<figure class=\"wp-block-image size-full\"><a href=\"https:\/\/www.tpl-vision.com\/wp-content\/uploads\/2024\/04\/TPL_BLBAR_PLUS_Reference_Builder_FR.jpg\"><img decoding=\"async\" src=\"https:\/\/www.tpl-vision.com\/wp-content\/uploads\/2024\/04\/TPL_BLBAR_PLUS_Reference_Builder_DE.jpg\" alt=\"backlight blbar+\" class=\"wp-image-17742\"\/><\/a><\/figure>\n<\/div><\/div>\n","protected":false},"excerpt":{"rendered":"<p>Die Backlight <strong>BLBAR+<\/strong> ist eine besonders kr\u00e4ftige Beleuchtung, die dank ihres <strong>opaken Diffusors<\/strong> eine perfekte Lichtverteilung auf der <strong>gesamten Oberfl\u00e4che <\/strong>des Bars bietet, ohne jeglichen Hot Spot der LEDs ! Es handelt sich um den perfekten Begleiter f\u00fcr alle Linear-Kameras, f\u00fcr Aufgaben wie zum Beispiel Web Inspection. Das Backlight BLBAR+ wird im Allgemeinen im <strong>Hintergrundbeleuchtungs-Modus<\/strong> verwendet, um die Umrisse der zu pr\u00fcfenden Werkst\u00fccke wie chinesische Schatten darzustellen, es kann jedoch auch als <strong>direkte<\/strong>, \u00e4\u00dferst diffuse Beleuchtung verwendet werden. Sein eloxiertes Profil erm\u00f6glicht eine sehr gute Abgabe der <strong>von den LEDs erzeugten W\u00e4rme<\/strong>.     Standardm\u00e4\u00dfig betr\u00e4gt seine Schutzklasse <strong>IP 65<\/strong>. <strong>Kontrollleuchten<\/strong> im Steckersockel zeigen an, wenn das Ger\u00e4t an Spannung liegt. Wie bei allen anderen TPL Vision Balken Beleuchtungen, werden Sie auch das robuste <strong>Aluminiumgeh\u00e4use<\/strong> und die einfache <strong>Befestigung<\/strong> zu sch\u00e4tzen wissen.<\/p>\n","protected":false},"featured_media":23980,"comment_status":"closed","ping_status":"closed","template":"","meta":{"_seopress_robots_primary_cat":"none","_seopress_titles_title":"","_seopress_titles_desc":"Diffuse bar light for machine vision inspection. Powerful and IP65 rated. Sizes up to 2.5m available.  ","_seopress_robots_index":"","_monsterinsights_skip_tracking":false,"_monsterinsights_sitenote_active":false,"_monsterinsights_sitenote_note":"","_monsterinsights_sitenote_category":0},"product_cat":[75],"product_tag":[],"_links":{"self":[{"href":"https:\/\/www.tpl-vision.com\/de\/wp-json\/wp\/v2\/product\/1473"}],"collection":[{"href":"https:\/\/www.tpl-vision.com\/de\/wp-json\/wp\/v2\/product"}],"about":[{"href":"https:\/\/www.tpl-vision.com\/de\/wp-json\/wp\/v2\/types\/product"}],"replies":[{"embeddable":true,"href":"https:\/\/www.tpl-vision.com\/de\/wp-json\/wp\/v2\/comments?post=1473"}],"wp:featuredmedia":[{"embeddable":true,"href":"https:\/\/www.tpl-vision.com\/de\/wp-json\/wp\/v2\/media\/23980"}],"wp:attachment":[{"href":"https:\/\/www.tpl-vision.com\/de\/wp-json\/wp\/v2\/media?parent=1473"}],"wp:term":[{"taxonomy":"product_cat","embeddable":true,"href":"https:\/\/www.tpl-vision.com\/de\/wp-json\/wp\/v2\/product_cat?post=1473"},{"taxonomy":"product_tag","embeddable":true,"href":"https:\/\/www.tpl-vision.com\/de\/wp-json\/wp\/v2\/product_tag?post=1473"}],"curies":[{"name":"wp","href":"https:\/\/api.w.org\/{rel}","templated":true}]}}