{"id":1560,"date":"2022-10-10T10:17:56","date_gmt":"2022-10-10T08:17:56","guid":{"rendered":"https:\/\/www.tpl-vision.com\/overview\/unkategorisiert\/high-power-hpback\/"},"modified":"2026-03-30T15:12:55","modified_gmt":"2026-03-30T13:12:55","slug":"high-power-hpback","status":"publish","type":"product","link":"https:\/\/www.tpl-vision.com\/de\/uberblick\/flaechenbeleuchtungen\/high-power-hpback\/","title":{"rendered":"High Power HPBACK"},"content":{"rendered":"\n<p>Der HPBACK hat au\u00dfergew\u00f6hnlich schmale R\u00e4nder <strong>mit einer Dicke<\/strong> von 4 mm, sodass sich der Nutzbereich der Beleuchtungsfl\u00e4che bei dieser Leuchte leicht und problemlos in das vorhandene System integrieren l\u00e4sst. Die LED-s sind mit hocheffizienten Linsen <strong>ausgestattet<\/strong>, um die <strong>h\u00f6chste Helligkeit<\/strong> und <strong>Gleichm\u00e4\u00dfigkeit der Beleuchtung<\/strong> zu erzielen, die f\u00fcr Machine Vision Hintergrundbeleuchtungen ma\u00dfgebend sind. Wie bei allen TPL VISION-Produkten ist auch bei der <strong>HPBACK<\/strong> ein <strong>Stromregler integriert<\/strong>. Die Garantie betr\u00e4gt 3 Jahre.<\/p>\n\n<div style=\"height:30px\" aria-hidden=\"true\" class=\"wp-block-spacer\"><\/div>\n\n<h2 class=\"wp-block-heading\">Technische Informationen<\/h2>\n\n<p><em>Bitte klicken Sie auf die nachfolgenden Tabs.<\/em><\/p>\n\n<div class=\"wp-block-pb-accordion-item c-accordion__item js-accordion-item no-js\" data-initially-open=\"false\" data-click-to-close=\"true\" data-auto-close=\"true\" data-scroll=\"false\" data-scroll-offset=\"0\"><h3 id=\"at-15410\" class=\"c-accordion__title js-accordion-controller\" role=\"button\">Beleuchtungsmethode<\/h3><div id=\"ac-15410\" class=\"c-accordion__content\">\n<figure class=\"wp-block-image size-full\"><img fetchpriority=\"high\" decoding=\"async\" width=\"300\" height=\"300\" src=\"https:\/\/www.tpl-vision.com\/wp-content\/uploads\/2022\/10\/TPL_LightingMethod_BACKLIGHT_2-300x300-1.jpg\" alt=\"\" class=\"wp-image-1542\" srcset=\"https:\/\/www.tpl-vision.com\/wp-content\/uploads\/2022\/10\/TPL_LightingMethod_BACKLIGHT_2-300x300-1.jpg 300w, https:\/\/www.tpl-vision.com\/wp-content\/uploads\/2022\/10\/TPL_LightingMethod_BACKLIGHT_2-300x300-1-150x150.jpg 150w, https:\/\/www.tpl-vision.com\/wp-content\/uploads\/2022\/10\/TPL_LightingMethod_BACKLIGHT_2-300x300-1-175x175.jpg 175w, https:\/\/www.tpl-vision.com\/wp-content\/uploads\/2022\/10\/TPL_LightingMethod_BACKLIGHT_2-300x300-1-50x50.jpg 50w, https:\/\/www.tpl-vision.com\/wp-content\/uploads\/2022\/10\/TPL_LightingMethod_BACKLIGHT_2-300x300-1-100x100.jpg 100w, https:\/\/www.tpl-vision.com\/wp-content\/uploads\/2022\/10\/TPL_LightingMethod_BACKLIGHT_2-300x300-1-40x40.jpg 40w, https:\/\/www.tpl-vision.com\/wp-content\/uploads\/2022\/10\/TPL_LightingMethod_BACKLIGHT_2-300x300-1-55x55.jpg 55w\" sizes=\"(max-width: 300px) 100vw, 300px\" \/><\/figure>\n<\/div><\/div>\n\n<div class=\"wp-block-pb-accordion-item c-accordion__item js-accordion-item no-js\" data-initially-open=\"false\" data-click-to-close=\"true\" data-auto-close=\"true\" data-scroll=\"false\" data-scroll-offset=\"0\"><h3 id=\"at-15411\" class=\"c-accordion__title js-accordion-controller\" role=\"button\">Gr\u00f6ssenauswahl<\/h3><div id=\"ac-15411\" class=\"c-accordion__content\">\n<figure class=\"wp-block-image size-full\"><a href=\"https:\/\/www.tpl-vision.com\/wp-content\/uploads\/2023\/01\/TPL_High_Power_HPBACK_Size_DE.jpg\"><img decoding=\"async\" src=\"https:\/\/www.tpl-vision.com\/wp-content\/uploads\/2023\/01\/TPL_High_Power_HPBACK_Size_DE.jpg\" alt=\"\" class=\"wp-image-10228\"\/><\/a><\/figure>\n<\/div><\/div>\n\n<div class=\"wp-block-pb-accordion-item c-accordion__item js-accordion-item no-js\" data-initially-open=\"false\" data-click-to-close=\"true\" data-auto-close=\"true\" data-scroll=\"false\" data-scroll-offset=\"0\"><h3 id=\"at-15412\" class=\"c-accordion__title js-accordion-controller\" role=\"button\">Schaltplan<\/h3><div id=\"ac-15412\" class=\"c-accordion__content\">\n<figure class=\"wp-block-image size-full\"><img decoding=\"async\" src=\"https:\/\/www.tpl-vision.com\/wp-content\/uploads\/2023\/01\/TPL_High_Power_HPBACK_connector_DE.jpg\" alt=\"\" class=\"wp-image-10231\"\/><figcaption class=\"wp-element-caption\"><strong>Hinweis<\/strong>: Dimmen 0-10 V = 100% \u2013 30%.<\/figcaption><\/figure>\n<\/div><\/div>\n\n<div class=\"wp-block-pb-accordion-item c-accordion__item js-accordion-item no-js\" data-initially-open=\"false\" data-click-to-close=\"true\" data-auto-close=\"true\" data-scroll=\"false\" data-scroll-offset=\"0\"><h3 id=\"at-15413\" class=\"c-accordion__title js-accordion-controller\" role=\"button\">Bestellnummer<\/h3><div id=\"ac-15413\" class=\"c-accordion__content\">\n<figure class=\"wp-block-image size-full\"><a href=\"https:\/\/www.tpl-vision.com\/wp-content\/uploads\/2023\/01\/TPL_HPBACK_Reference_Builder_DE.jpg\"><img decoding=\"async\" src=\"https:\/\/www.tpl-vision.com\/wp-content\/uploads\/2023\/01\/TPL_HPBACK_Reference_Builder_DE.jpg\" alt=\"\" class=\"wp-image-9205\"\/><\/a><\/figure>\n<\/div><\/div>\n","protected":false},"excerpt":{"rendered":"<p><!-- wp:paragraph --><\/p>\n<p>Die <strong>HPBACK<\/strong>-Fl\u00e4chenleuchte ist eine <strong>leistungsstarke Hintergrundbeleuchtung<\/strong> f\u00fcr die Anwendung im Bereich Machine Vision.<\/p>\n<p><!-- \/wp:paragraph --><\/p>\n<p><!-- wp:paragraph --><\/p>\n<p>Dieses Produkt ist die <strong>Weiterentwicklung<\/strong> der bew\u00e4hrten Fl\u00e4chenleuchte MBACK+ Standard von TPL VISION und bietet folgende signifikante Produktverbesserungen:<\/p>\n<p><!-- \/wp:paragraph --><\/p>\n<p><!-- wp:paragraph --><\/p>\n<p><strong>Lichtleistung bis zu 45 kLux*<\/strong>, <strong>neuer Anschluss<\/strong>, der die Integration einfacher und kosteng\u00fcnstiger macht, <strong>k\u00fcrzere Startzeiten und Nachleuchtzeiten<\/strong> von <strong>15 \u03bcs<\/strong> bzw. <strong>10 \u03bcs<\/strong>, sowie vom Benutzer definierte kundenspezifische Gr\u00f6\u00dfen erh\u00e4ltlich mit je <strong>1-cm-Ma\u00dferweiterung in L\u00e4nge und Breite<\/strong> (<em>von 200<\/em> x <em>200 mm bis zu 500<\/em> x <em>500 mm oder 1000<\/em> x <em>200 mm<\/em>).<\/p>\n<p><!-- \/wp:paragraph --><\/p>\n<p><!-- wp:paragraph --><\/p>\n<p>Das robuste Aluminiumgeh\u00e4use des Produkts kann in Gr\u00f6\u00dfen von <strong>200 x 200 mm<\/strong> bis zu <strong>900 x 900 mm<\/strong> oder <strong>1900 x 400 mm<\/strong> hergestellt werden. Diese L\u00f6sung der Hintergrundbeleuchtung eignet sich bestens f\u00fcr <strong>Hochgeschwindigkeitsanwendungen von Fl\u00e4chenleuchten<\/strong>, die einer <strong>hohen Lichtintensit\u00e4t erfordern<\/strong>. Erh\u00e4ltlich ist das Produkt mit Lichtfarben Rot, Wei\u00df und Infrarot, alle mit <strong>extrem hoher Helligkeit<\/strong> und <strong>Oberfl\u00e4chenhomogenit\u00e4t<\/strong> von bis zu <strong>85%<\/strong>. Dies ist die perfekte L\u00f6sung f\u00fcr <strong>Hintergrundbeleuchtungsanwendungen<\/strong> und <strong>Qualit\u00e4tskontrollaufgaben<\/strong>, wie z. B .: An- \/ Abwesenheitspr\u00fcfung, Analyse von Kantendefekten, Messung des Fl\u00fcssigkeitsf\u00fcllstands und Formpr\u00fcfung\/Silhouette-Erkennung.<\/p>\n<p><!-- \/wp:paragraph --><\/p>\n<ul id=\"block-0a2db655-3b31-4b29-84bd-2c7db849ceaf\" class=\"block-editor-rich-text__editable block-editor-block-list__block wp-block is-selected wp-block-list rich-text\" tabindex=\"0\" role=\"document\" contenteditable=\"true\" aria-multiline=\"true\" aria-label=\"Block: List\" data-block=\"0a2db655-3b31-4b29-84bd-2c7db849ceaf\" data-type=\"core\/list\" data-title=\"List\">\n<li>LICHTLEISTUNG BIS ZU 45 kLux*<\/li>\n<li>STANDARD-M12-5-PIN<\/li>\n<li>DIMMING FUNKTION<\/li>\n<li>KUNDENSPEZIFISCHE GR\u00d6\u00dfEN<\/li>\n<\/ul>\n<p>(* <em>gemessen im kontinuierlichen Modus an der Oberfl\u00e4che mit der WEISSEN LED-Version des Produkts<\/em>).<\/p>\n","protected":false},"featured_media":23995,"comment_status":"closed","ping_status":"closed","template":"","meta":{"_seopress_robots_primary_cat":"none","_seopress_titles_title":"","_seopress_titles_desc":"","_seopress_robots_index":"","_monsterinsights_skip_tracking":false,"_monsterinsights_sitenote_active":false,"_monsterinsights_sitenote_note":"","_monsterinsights_sitenote_category":0},"product_cat":[74],"product_tag":[],"_links":{"self":[{"href":"https:\/\/www.tpl-vision.com\/de\/wp-json\/wp\/v2\/product\/1560"}],"collection":[{"href":"https:\/\/www.tpl-vision.com\/de\/wp-json\/wp\/v2\/product"}],"about":[{"href":"https:\/\/www.tpl-vision.com\/de\/wp-json\/wp\/v2\/types\/product"}],"replies":[{"embeddable":true,"href":"https:\/\/www.tpl-vision.com\/de\/wp-json\/wp\/v2\/comments?post=1560"}],"wp:featuredmedia":[{"embeddable":true,"href":"https:\/\/www.tpl-vision.com\/de\/wp-json\/wp\/v2\/media\/23995"}],"wp:attachment":[{"href":"https:\/\/www.tpl-vision.com\/de\/wp-json\/wp\/v2\/media?parent=1560"}],"wp:term":[{"taxonomy":"product_cat","embeddable":true,"href":"https:\/\/www.tpl-vision.com\/de\/wp-json\/wp\/v2\/product_cat?post=1560"},{"taxonomy":"product_tag","embeddable":true,"href":"https:\/\/www.tpl-vision.com\/de\/wp-json\/wp\/v2\/product_tag?post=1560"}],"curies":[{"name":"wp","href":"https:\/\/api.w.org\/{rel}","templated":true}]}}