{"id":1624,"date":"2022-10-10T10:51:09","date_gmt":"2022-10-10T08:51:09","guid":{"rendered":"https:\/\/www.tpl-vision.com\/overview\/unkategorisiert\/medium-mback-overdrive\/"},"modified":"2026-03-30T15:13:34","modified_gmt":"2026-03-30T13:13:34","slug":"medium-mback-overdrive","status":"publish","type":"product","link":"https:\/\/www.tpl-vision.com\/de\/uberblick\/flaechenbeleuchtungen\/medium-mback-overdrive\/","title":{"rendered":"Medium MBACK+ OverDrive"},"content":{"rendered":"\n<h2 class=\"wp-block-heading\">Technische Informationen<\/h2>\n\n<p>Bitte klicken Sie auf die nachfolgenden Tabs.<\/p>\n\n<div class=\"wp-block-pb-accordion-item c-accordion__item js-accordion-item no-js\" data-initially-open=\"false\" data-click-to-close=\"true\" data-auto-close=\"true\" data-scroll=\"false\" data-scroll-offset=\"0\"><h3 id=\"at-15610\" class=\"c-accordion__title js-accordion-controller\" role=\"button\">Beleuchtungsmethode<\/h3><div id=\"ac-15610\" class=\"c-accordion__content\">\n<figure class=\"wp-block-image size-full\"><img fetchpriority=\"high\" decoding=\"async\" width=\"300\" height=\"300\" src=\"https:\/\/www.tpl-vision.com\/wp-content\/uploads\/2022\/10\/TPL_LightingMethod_BACKLIGHT_2-300x300-1.jpg\" alt=\"\" class=\"wp-image-1543\" srcset=\"https:\/\/www.tpl-vision.com\/wp-content\/uploads\/2022\/10\/TPL_LightingMethod_BACKLIGHT_2-300x300-1.jpg 300w, https:\/\/www.tpl-vision.com\/wp-content\/uploads\/2022\/10\/TPL_LightingMethod_BACKLIGHT_2-300x300-1-150x150.jpg 150w, https:\/\/www.tpl-vision.com\/wp-content\/uploads\/2022\/10\/TPL_LightingMethod_BACKLIGHT_2-300x300-1-100x100.jpg 100w, https:\/\/www.tpl-vision.com\/wp-content\/uploads\/2022\/10\/TPL_LightingMethod_BACKLIGHT_2-300x300-1-50x50.jpg 50w\" sizes=\"(max-width: 300px) 100vw, 300px\" \/><\/figure>\n<\/div><\/div>\n\n<div class=\"wp-block-pb-accordion-item c-accordion__item js-accordion-item no-js\" data-initially-open=\"false\" data-click-to-close=\"true\" data-auto-close=\"true\" data-scroll=\"false\" data-scroll-offset=\"0\"><h3 id=\"at-15611\" class=\"c-accordion__title js-accordion-controller\" role=\"button\">Bestellnummer<\/h3><div id=\"ac-15611\" class=\"c-accordion__content\">\n<figure class=\"wp-block-image size-full\"><a href=\"https:\/\/www.tpl-vision.com\/wp-content\/uploads\/2023\/01\/TPL_MBACK_PLUS_Reference_Builder_DE.jpg\"><img decoding=\"async\" src=\"https:\/\/www.tpl-vision.com\/wp-content\/uploads\/2023\/01\/TPL_MBACK_PLUS_Reference_Builder_DE.jpg\" alt=\"\" class=\"wp-image-9243\"\/><\/a><\/figure>\n<\/div><\/div>\n","protected":false},"excerpt":{"rendered":"<div class=\"three_fifth\">Das <strong>Medium MBACK+<\/strong> <strong>Overdrive<\/strong> ist ein kr\u00e4ftiges und besonders diffuses Backlight (Hintergrundbeleuchtung), das f\u00fcr zahlreiche Anwendungen in der industriellen Bildverarbeitung eingesetzt werden kann. Dank <strong>seiner Power-LEDs<\/strong> erzeugt es eine intensive Beleuchtung, die der Kamera erm\u00f6glicht, die Umrisse von Objekten wie bei einem <strong>chinesischen Schattenspiel<\/strong> leicht zu erkennen Die Lichtst\u00e4rke kann nat\u00fcrlich auch verringert werden. Es kann im Dauerbetrieb oder Puls-Modus betrieben werden, <strong>mit \u00e4u\u00dferst kurzen Anstiegszeiten<\/strong>: <strong>25 \u03bcs<\/strong> und <strong>15 \u03bcs<\/strong>. Das MBACK+ mit seinen sehr <strong>d\u00fcnnen R\u00e4ndern<\/strong> verbreitet ein sehr <strong>gleichf\u00f6rmiges Licht<\/strong>, selbst von den R\u00e4ndern. Das hei\u00dft, st\u00f6rende Hot Spots der LEDs sucht man vergeblich !<\/div>\n<div class=\"two_fifth last\">\n<ul class=\"square_style \">\n<li>LEISTUNGSSTARKE &amp; HOMOGENE,<\/li>\n<li>ULTRA-THIN BORDERS,<\/li>\n<li>RISING TIME: 25 \u03bcs.<\/li>\n<\/ul>\n<\/div>\n<p><strong>Der Anwender hat \u00fcbrigens bei der Position<\/strong> des Steckers gro\u00dfe Freiheit, was den Einbau in jede beliebige Fertigungslinie m\u00f6glich macht. Der Anwender hat \u00fcbrigens bei der <strong>Position<\/strong> des Steckers gro\u00dfe Freiheit, was den Einbau in jede beliebige Fertigungslinie m\u00f6glich macht.  Es ist perfekt f\u00fcr Qualit\u00e4tspr\u00fcfungs-Aufgaben geeignet: Anwesenheit\/Abwesenheit, Konturfehler, Materialm\u00e4ngel\u2026 Es kann au\u00dferdem f\u00fcr direkte <strong>diffuse Beleuchtung<\/strong> verwendet werden, zum Beispiel f\u00fcr die Pr\u00fcfung gl\u00e4nzender Werkst\u00fccke.<\/p>\n","protected":false},"featured_media":23998,"comment_status":"closed","ping_status":"closed","template":"","meta":{"_seopress_robots_primary_cat":"none","_seopress_titles_title":"","_seopress_titles_desc":"OverDrive, high-power backlight for vision systems.","_seopress_robots_index":"","_monsterinsights_skip_tracking":false,"_monsterinsights_sitenote_active":false,"_monsterinsights_sitenote_note":"","_monsterinsights_sitenote_category":0},"product_cat":[74],"product_tag":[],"_links":{"self":[{"href":"https:\/\/www.tpl-vision.com\/de\/wp-json\/wp\/v2\/product\/1624"}],"collection":[{"href":"https:\/\/www.tpl-vision.com\/de\/wp-json\/wp\/v2\/product"}],"about":[{"href":"https:\/\/www.tpl-vision.com\/de\/wp-json\/wp\/v2\/types\/product"}],"replies":[{"embeddable":true,"href":"https:\/\/www.tpl-vision.com\/de\/wp-json\/wp\/v2\/comments?post=1624"}],"wp:featuredmedia":[{"embeddable":true,"href":"https:\/\/www.tpl-vision.com\/de\/wp-json\/wp\/v2\/media\/23998"}],"wp:attachment":[{"href":"https:\/\/www.tpl-vision.com\/de\/wp-json\/wp\/v2\/media?parent=1624"}],"wp:term":[{"taxonomy":"product_cat","embeddable":true,"href":"https:\/\/www.tpl-vision.com\/de\/wp-json\/wp\/v2\/product_cat?post=1624"},{"taxonomy":"product_tag","embeddable":true,"href":"https:\/\/www.tpl-vision.com\/de\/wp-json\/wp\/v2\/product_tag?post=1624"}],"curies":[{"name":"wp","href":"https:\/\/api.w.org\/{rel}","templated":true}]}}