{"id":1626,"date":"2022-10-10T11:03:53","date_gmt":"2022-10-10T09:03:53","guid":{"rendered":"https:\/\/www.tpl-vision.com\/overview\/unkategorisiert\/collimated-csback\/"},"modified":"2026-03-30T15:15:30","modified_gmt":"2026-03-30T13:15:30","slug":"collimated-csback","status":"publish","type":"product","link":"https:\/\/www.tpl-vision.com\/de\/uberblick\/flaechenbeleuchtungen\/collimated-csback\/","title":{"rendered":"Kollimiertes CSBACK"},"content":{"rendered":"\n<h2 class=\"wp-block-heading\">Produktdemonstration<\/h2>\n\n<figure class=\"wp-block-embed is-type-video is-provider-vimeo wp-block-embed-vimeo\"><div class=\"wp-block-embed__wrapper\">\n<iframe title=\"CSBACK by TPL Vision\" src=\"https:\/\/player.vimeo.com\/video\/695654432?h=0b069cbf98&amp;dnt=1&amp;app_id=122963\" width=\"800\" height=\"450\" frameborder=\"0\" allow=\"autoplay; fullscreen; picture-in-picture\" allowfullscreen><\/iframe>\n<\/div><\/figure>\n\n<div style=\"height:30px\" aria-hidden=\"true\" class=\"wp-block-spacer\"><\/div>\n\n<h2 class=\"wp-block-heading\" id=\"fancy-heading-9853\">Technische Details<\/h2>\n\n<p>Der <strong>CSBACK<\/strong> kann mit herk\u00f6mmlichen C-Mount-Objektiven sowie mit telezentrischen Objektiven verwendet werden. Die beste Methode zur Beleuchtung von hochpr\u00e4zisen Messanwendungen besteht darin, ein telezentrisches Objektiv in Kombination mit einer Beleuchtung zu verwenden. Dies wird jedoch oft als zu teure L\u00f6sung f\u00fcr viele Anwendungen angesehen. Durch den Einsatz einer kollimierten Beleuchtung bei diesen Anwendungen k\u00f6nnen Benutzer auf den Einsatz von normalen C-Mount-Objektiven anstelle von telezentrischen Objektiven umsteigen und so erhebliche Kostenvorteile und eine Vereinfachung der Anwendung erzielen. Die kollimierte Fl\u00e4chenbeleuchtung funktioniert auch mit einem telezentrischen Objektiv, erfordert jedoch eine sorgf\u00e4ltige Einrichtung, da der Arbeitsabstand zwischen dem zu inspizierenden Teil und der Beleuchtung entscheidend ist.<\/p>\n\n<div style=\"height:30px\" aria-hidden=\"true\" class=\"wp-block-spacer\"><\/div>\n\n<h2 class=\"wp-block-heading\">Anwendungsbeispiele<\/h2>\n\n<p>Mit herk\u00f6mmlichen Fl\u00e4chenbeleuchtungen haben runde Teile immer das Problem, dass das Licht um die Kanten des Bauteils herum verl\u00e4uft. Der kollimierte Effekt kann dies jedoch reduzieren, da das Licht, das von der Oberfl\u00e4che der kollimierten Fl\u00e4chenbeleuchtung emittiert wird, enger geb\u00fcndelt ist (5% Helligkeit bei \u00b130\u00b0), wodurch viel sch\u00e4rfere Kanten entstehen. Dies macht den <strong>CSBACK<\/strong> ideal f\u00fcr die <strong>Automobil-, Verpackungs<\/strong>&#8211; und <strong>Lebensmittel- und Getr\u00e4nkeindustrie<\/strong>. Typische Anwendungen umfassen die Messung des Gewindesteigungs, <strong>die \u00dcberpr\u00fcfung der Positionierung von Deckeln und die Inspektion von Flaschenh\u00e4lsen.<\/strong> Die Qualit\u00e4t und Konsistenz der Beleuchtung ist f\u00fcr Inspektionsanwendungen entscheidend, da ungleichm\u00e4\u00dfige Beleuchtungsbedingungen zu ungenauen Ergebnissen und Produktivit\u00e4tsverlusten f\u00fchren k\u00f6nnen.<\/p>\n\n<div class=\"wp-block-columns are-vertically-aligned-center is-layout-flex wp-container-core-columns-layout-1 wp-block-columns-is-layout-flex\">\n<div class=\"wp-block-column is-vertically-aligned-center is-layout-flow wp-block-column-is-layout-flow\">\n<figure class=\"wp-block-image size-full\"><a href=\"https:\/\/www.tpl-vision.com\/wp-content\/uploads\/2022\/10\/1_Normal_Backlight.jpg\"><img fetchpriority=\"high\" decoding=\"async\" width=\"700\" height=\"360\" src=\"https:\/\/www.tpl-vision.com\/wp-content\/uploads\/2022\/10\/1_Normal_Backlight.jpg\" alt=\"\" class=\"wp-image-1598\" srcset=\"https:\/\/www.tpl-vision.com\/wp-content\/uploads\/2022\/10\/1_Normal_Backlight.jpg 700w, https:\/\/www.tpl-vision.com\/wp-content\/uploads\/2022\/10\/1_Normal_Backlight-300x154.jpg 300w, https:\/\/www.tpl-vision.com\/wp-content\/uploads\/2022\/10\/1_Normal_Backlight-600x309.jpg 600w, https:\/\/www.tpl-vision.com\/wp-content\/uploads\/2022\/10\/1_Normal_Backlight-175x90.jpg 175w, https:\/\/www.tpl-vision.com\/wp-content\/uploads\/2022\/10\/1_Normal_Backlight-40x21.jpg 40w, https:\/\/www.tpl-vision.com\/wp-content\/uploads\/2022\/10\/1_Normal_Backlight-55x28.jpg 55w, https:\/\/www.tpl-vision.com\/wp-content\/uploads\/2022\/10\/1_Normal_Backlight-100x51.jpg 100w\" sizes=\"(max-width: 700px) 100vw, 700px\" \/><\/a><\/figure>\n<\/div>\n\n\n\n<div class=\"wp-block-column is-vertically-aligned-center is-layout-flow wp-block-column-is-layout-flow\">\n<figure class=\"wp-block-image size-full\"><a href=\"https:\/\/www.tpl-vision.com\/wp-content\/uploads\/2022\/10\/1_Collimated_Backlight.jpg\"><img decoding=\"async\" width=\"700\" height=\"360\" src=\"https:\/\/www.tpl-vision.com\/wp-content\/uploads\/2022\/10\/1_Collimated_Backlight.jpg\" alt=\"\" class=\"wp-image-1595\" srcset=\"https:\/\/www.tpl-vision.com\/wp-content\/uploads\/2022\/10\/1_Collimated_Backlight.jpg 700w, https:\/\/www.tpl-vision.com\/wp-content\/uploads\/2022\/10\/1_Collimated_Backlight-300x154.jpg 300w, https:\/\/www.tpl-vision.com\/wp-content\/uploads\/2022\/10\/1_Collimated_Backlight-600x309.jpg 600w, https:\/\/www.tpl-vision.com\/wp-content\/uploads\/2022\/10\/1_Collimated_Backlight-175x90.jpg 175w, https:\/\/www.tpl-vision.com\/wp-content\/uploads\/2022\/10\/1_Collimated_Backlight-40x21.jpg 40w, https:\/\/www.tpl-vision.com\/wp-content\/uploads\/2022\/10\/1_Collimated_Backlight-55x28.jpg 55w, https:\/\/www.tpl-vision.com\/wp-content\/uploads\/2022\/10\/1_Collimated_Backlight-100x51.jpg 100w\" sizes=\"(max-width: 700px) 100vw, 700px\" \/><\/a><\/figure>\n<\/div>\n<\/div>\n\n<p>Die Verwendung einer kollimierten Lichtquelle ist auch \u00e4u\u00dferst effektiv bei Glas- oder klaren Kunststoffteilen. Durch verbesserten Kontrast ist der <strong>CSBACK<\/strong> ideal f\u00fcr die streng regulierte <strong>Pharmaindustrie<\/strong> geeignet und unterst\u00fctzt bei Tests und beschleunigt die Markteinf\u00fchrung von Produkten durch den Einsatz von Automatisierung. Der <strong>CSBACK<\/strong> bietet optimale Beleuchtung zur Messung von Merkmalen wie dem F\u00fcllstand von Ampullen, der Partikelgr\u00f6\u00dfe von granulierten Produkten und dem Vorhandensein und Winkel von Nadeln. Ebenso ist eine kollimierte Fl\u00e4chenbeleuchtungeneffektiver, um Risse oder ausgepr\u00e4gte Details auf transparenten Kunststoffen hervorzuheben und einen besseren Kontrast zur Lokalisierung von Kunststoffteilen in der Lebensmittel- und Getr\u00e4nkeindustrie zu erzeugen.<\/p>\n\n<div class=\"wp-block-columns are-vertically-aligned-center is-layout-flex wp-container-core-columns-layout-2 wp-block-columns-is-layout-flex\">\n<div class=\"wp-block-column is-vertically-aligned-center is-layout-flow wp-block-column-is-layout-flow\">\n<figure class=\"wp-block-image size-full\"><a href=\"https:\/\/www.tpl-vision.com\/wp-content\/uploads\/2022\/10\/2_Normal_Backlight.jpg\"><img decoding=\"async\" width=\"700\" height=\"360\" src=\"https:\/\/www.tpl-vision.com\/wp-content\/uploads\/2022\/10\/2_Normal_Backlight.jpg\" alt=\"\" class=\"wp-image-1607\" srcset=\"https:\/\/www.tpl-vision.com\/wp-content\/uploads\/2022\/10\/2_Normal_Backlight.jpg 700w, https:\/\/www.tpl-vision.com\/wp-content\/uploads\/2022\/10\/2_Normal_Backlight-300x154.jpg 300w, https:\/\/www.tpl-vision.com\/wp-content\/uploads\/2022\/10\/2_Normal_Backlight-600x309.jpg 600w, https:\/\/www.tpl-vision.com\/wp-content\/uploads\/2022\/10\/2_Normal_Backlight-175x90.jpg 175w, https:\/\/www.tpl-vision.com\/wp-content\/uploads\/2022\/10\/2_Normal_Backlight-40x21.jpg 40w, https:\/\/www.tpl-vision.com\/wp-content\/uploads\/2022\/10\/2_Normal_Backlight-55x28.jpg 55w, https:\/\/www.tpl-vision.com\/wp-content\/uploads\/2022\/10\/2_Normal_Backlight-100x51.jpg 100w\" sizes=\"(max-width: 700px) 100vw, 700px\" \/><\/a><\/figure>\n<\/div>\n\n\n\n<div class=\"wp-block-column is-vertically-aligned-center is-layout-flow wp-block-column-is-layout-flow\">\n<figure class=\"wp-block-image size-full\"><a href=\"https:\/\/www.tpl-vision.com\/wp-content\/uploads\/2022\/10\/2_Collimated_Backlight.jpg\"><img loading=\"lazy\" decoding=\"async\" width=\"700\" height=\"360\" src=\"https:\/\/www.tpl-vision.com\/wp-content\/uploads\/2022\/10\/2_Collimated_Backlight.jpg\" alt=\"\" class=\"wp-image-1592\" srcset=\"https:\/\/www.tpl-vision.com\/wp-content\/uploads\/2022\/10\/2_Collimated_Backlight.jpg 700w, https:\/\/www.tpl-vision.com\/wp-content\/uploads\/2022\/10\/2_Collimated_Backlight-300x154.jpg 300w, https:\/\/www.tpl-vision.com\/wp-content\/uploads\/2022\/10\/2_Collimated_Backlight-600x309.jpg 600w, https:\/\/www.tpl-vision.com\/wp-content\/uploads\/2022\/10\/2_Collimated_Backlight-175x90.jpg 175w, https:\/\/www.tpl-vision.com\/wp-content\/uploads\/2022\/10\/2_Collimated_Backlight-40x21.jpg 40w, https:\/\/www.tpl-vision.com\/wp-content\/uploads\/2022\/10\/2_Collimated_Backlight-55x28.jpg 55w, https:\/\/www.tpl-vision.com\/wp-content\/uploads\/2022\/10\/2_Collimated_Backlight-100x51.jpg 100w\" sizes=\"(max-width: 700px) 100vw, 700px\" \/><\/a><\/figure>\n<\/div>\n<\/div>\n\n<div style=\"height:30px\" aria-hidden=\"true\" class=\"wp-block-spacer\"><\/div>\n\n<h2 class=\"wp-block-heading\" id=\"fancy-heading-4048\">Welches Licht ist das Richtige f\u00fcr meine Anwendung?<\/h2>\n\n<p>TPL Vision hat zwei Fl\u00e4chenbeleuchtungen mit dem kollimierten Effekt im Sortiment, eines f\u00fcr kleinere Sichtfelder und eines f\u00fcr gr\u00f6\u00dfere:<\/p>\n\n<figure class=\"wp-block-table is-style-stripes\"><table class=\"has-white-background-color has-background\"><thead><tr><th class=\"has-text-align-left\" data-align=\"left\">Eigenschaften<\/th><th class=\"has-text-align-center\" data-align=\"center\">CSBACK<\/th><th class=\"has-text-align-center\" data-align=\"center\">CMBACK<\/th><\/tr><\/thead><tbody><tr><td class=\"has-text-align-left\" data-align=\"left\">Minimale Gr\u00f6\u00dfe<\/td><td class=\"has-text-align-center\" data-align=\"center\">50\u00d750<\/td><td class=\"has-text-align-center\" data-align=\"center\">200\u00d7200<\/td><\/tr><tr><td class=\"has-text-align-left\" data-align=\"left\">Maximale Gr\u00f6\u00dfe<\/td><td class=\"has-text-align-center\" data-align=\"center\">200\u00d7200<\/td><td class=\"has-text-align-center\" data-align=\"center\">400\u00d7400<\/td><\/tr><tr><td class=\"has-text-align-left\" data-align=\"left\">Inkremente<\/td><td class=\"has-text-align-center\" data-align=\"center\">50mm<\/td><td class=\"has-text-align-center\" data-align=\"center\">100mm<\/td><\/tr><tr><td class=\"has-text-align-left\" data-align=\"left\">Dicke<\/td><td class=\"has-text-align-center\" data-align=\"center\">21mm<\/td><td class=\"has-text-align-center\" data-align=\"center\">45mm<\/td><\/tr><tr><td class=\"has-text-align-left\" data-align=\"left\">Stromversorgung<\/td><td class=\"has-text-align-center\" data-align=\"center\">24VDC<\/td><td class=\"has-text-align-center\" data-align=\"center\">24VDC<\/td><\/tr><tr><td class=\"has-text-align-left\" data-align=\"left\">Montage<\/td><td class=\"has-text-align-center\" data-align=\"center\">M4-Gewinde am Rand<\/td><td class=\"has-text-align-center\" data-align=\"center\">T-Nut am Rand, Schraubpunkte in den Ecken<\/td><\/tr><tr><td class=\"has-text-align-left\" data-align=\"left\">Homogenit\u00e4t der Oberfl\u00e4che *<\/td><td class=\"has-text-align-center\" data-align=\"center\">90%<\/td><td class=\"has-text-align-center\" data-align=\"center\">85%<\/td><\/tr><tr><td class=\"has-text-align-left\" data-align=\"left\">Connector<\/td><td class=\"has-text-align-center\" data-align=\"center\">M12 4P<\/td><td class=\"has-text-align-center\" data-align=\"center\">M12 4P (T-power)<\/td><\/tr><tr><td class=\"has-text-align-left\" data-align=\"left\">IP-Einstufung<\/td><td class=\"has-text-align-center\" data-align=\"center\">40<\/td><td class=\"has-text-align-center\" data-align=\"center\">40<\/td><\/tr><\/tbody><\/table><\/figure>\n\n<p>* Surface homogeneity is at this level using a telecentric lens to cover the entire field. Using a standard optic, depending on the size of the light and the working distance, brightness might be reduced due to the light being at 5% of the brightness at \u00b130\u00b0. <\/p>\n\n<div style=\"height:30px\" aria-hidden=\"true\" class=\"wp-block-spacer\"><\/div>\n\n<h2 class=\"wp-block-heading\">Technische Informationen<\/h2>\n\n<p>Bitte klicken Sie auf die nachfolgenden Tabs.<\/p>\n\n<div class=\"wp-block-pb-accordion-item c-accordion__item js-accordion-item no-js\" data-initially-open=\"false\" data-click-to-close=\"true\" data-auto-close=\"true\" data-scroll=\"false\" data-scroll-offset=\"0\"><h3 id=\"at-15780\" class=\"c-accordion__title js-accordion-controller\" role=\"button\">Beleuchtungsmethode<\/h3><div id=\"ac-15780\" class=\"c-accordion__content\">\n<figure class=\"wp-block-image size-full\"><img loading=\"lazy\" decoding=\"async\" width=\"300\" height=\"300\" src=\"https:\/\/www.tpl-vision.com\/wp-content\/uploads\/2022\/10\/TPL_LightingMethod_BACKLIGHT_2-300x300-1.jpg\" alt=\"\" class=\"wp-image-1542\" srcset=\"https:\/\/www.tpl-vision.com\/wp-content\/uploads\/2022\/10\/TPL_LightingMethod_BACKLIGHT_2-300x300-1.jpg 300w, https:\/\/www.tpl-vision.com\/wp-content\/uploads\/2022\/10\/TPL_LightingMethod_BACKLIGHT_2-300x300-1-150x150.jpg 150w, https:\/\/www.tpl-vision.com\/wp-content\/uploads\/2022\/10\/TPL_LightingMethod_BACKLIGHT_2-300x300-1-175x175.jpg 175w, https:\/\/www.tpl-vision.com\/wp-content\/uploads\/2022\/10\/TPL_LightingMethod_BACKLIGHT_2-300x300-1-50x50.jpg 50w, https:\/\/www.tpl-vision.com\/wp-content\/uploads\/2022\/10\/TPL_LightingMethod_BACKLIGHT_2-300x300-1-100x100.jpg 100w, https:\/\/www.tpl-vision.com\/wp-content\/uploads\/2022\/10\/TPL_LightingMethod_BACKLIGHT_2-300x300-1-40x40.jpg 40w, https:\/\/www.tpl-vision.com\/wp-content\/uploads\/2022\/10\/TPL_LightingMethod_BACKLIGHT_2-300x300-1-55x55.jpg 55w\" sizes=\"(max-width: 300px) 100vw, 300px\" \/><\/figure>\n<\/div><\/div>\n\n<div class=\"wp-block-pb-accordion-item c-accordion__item js-accordion-item no-js\" data-initially-open=\"false\" data-click-to-close=\"true\" data-auto-close=\"true\" data-scroll=\"false\" data-scroll-offset=\"0\"><h3 id=\"at-15781\" class=\"c-accordion__title js-accordion-controller\" role=\"button\">Bestellnummer<\/h3><div id=\"ac-15781\" class=\"c-accordion__content\">\n<figure class=\"wp-block-image size-full\"><a href=\"https:\/\/www.tpl-vision.com\/wp-content\/uploads\/2023\/01\/TPL_CSBACK_Reference_Builder_EN.jpg\"><img loading=\"lazy\" decoding=\"async\" width=\"1123\" height=\"591\" src=\"https:\/\/www.tpl-vision.com\/wp-content\/uploads\/2023\/01\/TPL_CSBACK_Reference_Builder_EN.jpg\" alt=\"\" class=\"wp-image-9202\" srcset=\"https:\/\/www.tpl-vision.com\/wp-content\/uploads\/2023\/01\/TPL_CSBACK_Reference_Builder_EN.jpg 1123w, https:\/\/www.tpl-vision.com\/wp-content\/uploads\/2023\/01\/TPL_CSBACK_Reference_Builder_EN-300x158.jpg 300w, https:\/\/www.tpl-vision.com\/wp-content\/uploads\/2023\/01\/TPL_CSBACK_Reference_Builder_EN-1024x539.jpg 1024w, https:\/\/www.tpl-vision.com\/wp-content\/uploads\/2023\/01\/TPL_CSBACK_Reference_Builder_EN-768x404.jpg 768w, https:\/\/www.tpl-vision.com\/wp-content\/uploads\/2023\/01\/TPL_CSBACK_Reference_Builder_EN-600x316.jpg 600w, https:\/\/www.tpl-vision.com\/wp-content\/uploads\/2023\/01\/TPL_CSBACK_Reference_Builder_EN-175x92.jpg 175w, https:\/\/www.tpl-vision.com\/wp-content\/uploads\/2023\/01\/TPL_CSBACK_Reference_Builder_EN-40x21.jpg 40w, https:\/\/www.tpl-vision.com\/wp-content\/uploads\/2023\/01\/TPL_CSBACK_Reference_Builder_EN-55x29.jpg 55w, https:\/\/www.tpl-vision.com\/wp-content\/uploads\/2023\/01\/TPL_CSBACK_Reference_Builder_EN-100x53.jpg 100w\" sizes=\"(max-width: 1123px) 100vw, 1123px\" \/><\/a><\/figure>\n<\/div><\/div>\n","protected":false},"excerpt":{"rendered":"<p align=\"justify\">Das semi-kollimierte Fl\u00e4chenbeleuchtung von TPL Vision, das <strong>CSBACK<\/strong>, ist die perfekte Wahl zur <strong>Inspektion<\/strong> oder <strong>Messung<\/strong> von transparenten Kunststoffen und abgerundeten Teilen. Kollimiertes Licht zeichnet sich durch parallele Lichtstrahlen aus, die sich w\u00e4hrend der Ausbreitung minimal verbreiten. Dies hilft dabei, <strong>hochkontrastige Bilder<\/strong> zu erzeugen, die f\u00fcr <strong>pr\u00e4zise Kantenerkennung<\/strong> und <strong>Fehleranalyse<\/strong> erforderlich sind.<\/p>\n<p align=\"justify\">Wichtige Anwendungsbereiche umfassen die Inspektion von Objekten mit abgerundeten Kanten und transparenten Teilen, die aufgrund des <strong>geringen Kontrasts<\/strong> mit herk\u00f6mmlichen Fl\u00e4chenbeleuchtungen m\u00f6glicherweise <strong>schwierig zu inspizieren<\/strong> sind. Durch kollimiertes Licht k\u00f6nnen Benutzer diesen Effekt eliminieren, indem sie einen engeren Beleuchtungswinkel bereitstellen, der verhindert, dass das Licht um die abgerundeten Teile herum verl\u00e4uft. Dadurch erscheinen Bilder von transparenten Teilen nicht mehr &#8222;ausgewaschen&#8220;. Die Kanten sind <strong>klarer definiert<\/strong> und Details werden mit <strong>verbessertem Kontrast<\/strong> sichtbar, was zu hochwertigen Bildern und <strong>erh\u00f6hter Genauigkeit f\u00fchrt.<\/strong><\/p>\n","protected":false},"featured_media":24007,"comment_status":"closed","ping_status":"closed","template":"","meta":{"_seopress_robots_primary_cat":"none","_seopress_titles_title":"","_seopress_titles_desc":"Semi-collimated backlight, suited to machine vision applications with transparent or rounded parts.","_seopress_robots_index":"","_monsterinsights_skip_tracking":false,"_monsterinsights_sitenote_active":false,"_monsterinsights_sitenote_note":"","_monsterinsights_sitenote_category":0},"product_cat":[74],"product_tag":[],"_links":{"self":[{"href":"https:\/\/www.tpl-vision.com\/de\/wp-json\/wp\/v2\/product\/1626"}],"collection":[{"href":"https:\/\/www.tpl-vision.com\/de\/wp-json\/wp\/v2\/product"}],"about":[{"href":"https:\/\/www.tpl-vision.com\/de\/wp-json\/wp\/v2\/types\/product"}],"replies":[{"embeddable":true,"href":"https:\/\/www.tpl-vision.com\/de\/wp-json\/wp\/v2\/comments?post=1626"}],"wp:featuredmedia":[{"embeddable":true,"href":"https:\/\/www.tpl-vision.com\/de\/wp-json\/wp\/v2\/media\/24007"}],"wp:attachment":[{"href":"https:\/\/www.tpl-vision.com\/de\/wp-json\/wp\/v2\/media?parent=1626"}],"wp:term":[{"taxonomy":"product_cat","embeddable":true,"href":"https:\/\/www.tpl-vision.com\/de\/wp-json\/wp\/v2\/product_cat?post=1626"},{"taxonomy":"product_tag","embeddable":true,"href":"https:\/\/www.tpl-vision.com\/de\/wp-json\/wp\/v2\/product_tag?post=1626"}],"curies":[{"name":"wp","href":"https:\/\/api.w.org\/{rel}","templated":true}]}}