{"id":18490,"date":"2024-09-13T11:38:41","date_gmt":"2024-09-13T09:38:41","guid":{"rendered":"https:\/\/www.tpl-vision.com\/?post_type=product&#038;p=18490"},"modified":"2026-03-30T15:37:14","modified_gmt":"2026-03-30T13:37:14","slug":"modular-m-tring","status":"publish","type":"product","link":"https:\/\/www.tpl-vision.com\/de\/uberblick\/ringbeleuchtungen\/modular-m-tring\/","title":{"rendered":"Modular M-TRING"},"content":{"rendered":"\n<div class=\"wp-block-buttons is-layout-flex wp-block-buttons-is-layout-flex\">\n<div class=\"wp-block-button has-custom-font-size aligncenter has-medium-font-size\"><a class=\"wp-block-button__link has-vivid-red-background-color has-background wp-element-button\" href=\"https:\/\/www.tpl-vision.com\/documents\/techsheets\/TPL_Comparison_Sheet_M-TRING_Vs_TRING_EN.pdf\" style=\"border-radius:0px\" target=\"_blank\" rel=\"noopener\">Comparison: M-TRING vs TRING<\/a><\/div>\n<\/div>\n\n<div style=\"height:30px\" aria-hidden=\"true\" class=\"wp-block-spacer\"><\/div>\n\n<h2 class=\"wp-block-heading\">Produktdemonstration<\/h2>\n\n<figure class=\"wp-block-embed is-type-video is-provider-vimeo wp-block-embed-vimeo wp-embed-aspect-16-9 wp-has-aspect-ratio\"><div class=\"wp-block-embed__wrapper\">\n<iframe title=\"High-Power Ring Lights by TPL Vision\" src=\"https:\/\/player.vimeo.com\/video\/946600322?h=c043081ff2&amp;dnt=1&amp;app_id=122963\" width=\"800\" height=\"450\" frameborder=\"0\" allow=\"autoplay; fullscreen; picture-in-picture; clipboard-write\"><\/iframe>\n<\/div><\/figure>\n\n<div style=\"height:30px\" aria-hidden=\"true\" class=\"wp-block-spacer\"><\/div>\n\n<h2 class=\"wp-block-heading\">High-Power Ring Lights for Machine Vision<\/h2>\n\n<ul>\n<li>Verf\u00fcgbar in wei\u00df (4000K), rot (630nm), IR(850nm), gr\u00fcn (525nm) und blau(470nm)<\/li>\n\n\n\n<li>Two different versions with transparent or opaque diffuser<\/li>\n\n\n\n<li>Robust industrial design for the toughest environments<\/li>\n\n\n\n<li>Easy mounting for any working distance with flexible cable length<\/li>\n<\/ul>\n\n<div style=\"height:20px\" aria-hidden=\"true\" class=\"wp-block-spacer\"><\/div>\n\n<h2 class=\"wp-block-heading\">Gewinner des Innovationspreises<\/h2>\n\n<figure class=\"wp-block-image size-full\"><img fetchpriority=\"high\" decoding=\"async\" width=\"710\" height=\"420\" src=\"https:\/\/www.tpl-vision.com\/wp-content\/uploads\/2025\/05\/TPL_M-TRING_VSD_Award.jpg\" alt=\"modular m tring\" class=\"wp-image-20640\" srcset=\"https:\/\/www.tpl-vision.com\/wp-content\/uploads\/2025\/05\/TPL_M-TRING_VSD_Award.jpg 710w, https:\/\/www.tpl-vision.com\/wp-content\/uploads\/2025\/05\/TPL_M-TRING_VSD_Award-300x177.jpg 300w, https:\/\/www.tpl-vision.com\/wp-content\/uploads\/2025\/05\/TPL_M-TRING_VSD_Award-600x355.jpg 600w, https:\/\/www.tpl-vision.com\/wp-content\/uploads\/2025\/05\/TPL_M-TRING_VSD_Award-175x104.jpg 175w, https:\/\/www.tpl-vision.com\/wp-content\/uploads\/2025\/05\/TPL_M-TRING_VSD_Award-40x24.jpg 40w, https:\/\/www.tpl-vision.com\/wp-content\/uploads\/2025\/05\/TPL_M-TRING_VSD_Award-55x33.jpg 55w, https:\/\/www.tpl-vision.com\/wp-content\/uploads\/2025\/05\/TPL_M-TRING_VSD_Award-100x59.jpg 100w\" sizes=\"(max-width: 710px) 100vw, 710px\" \/><\/figure>\n\n<p>The Vision Systems Design Innovators Awards program recognises the most innovative products and services in the vision and image processing industry. Die Modular M-TRING hat im Jahr 2025 eine Bronzemedaille gewonnen.<\/p>\n\n<div style=\"height:20px\" aria-hidden=\"true\" class=\"wp-block-spacer\"><\/div>\n\n<h2 class=\"wp-block-heading\">Direct Attachment to C-Mount Lenses<\/h2>\n\n<figure class=\"wp-block-image size-full\"><img decoding=\"async\" width=\"872\" height=\"491\" src=\"https:\/\/www.tpl-vision.com\/wp-content\/uploads\/2024\/09\/TRING-cmount.webp\" alt=\"modular m tring\" class=\"wp-image-18438\" srcset=\"https:\/\/www.tpl-vision.com\/wp-content\/uploads\/2024\/09\/TRING-cmount.webp 872w, https:\/\/www.tpl-vision.com\/wp-content\/uploads\/2024\/09\/TRING-cmount-300x169.webp 300w, https:\/\/www.tpl-vision.com\/wp-content\/uploads\/2024\/09\/TRING-cmount-768x432.webp 768w, https:\/\/www.tpl-vision.com\/wp-content\/uploads\/2024\/09\/TRING-cmount-600x338.webp 600w, https:\/\/www.tpl-vision.com\/wp-content\/uploads\/2024\/09\/TRING-cmount-175x99.webp 175w, https:\/\/www.tpl-vision.com\/wp-content\/uploads\/2024\/09\/TRING-cmount-40x23.webp 40w, https:\/\/www.tpl-vision.com\/wp-content\/uploads\/2024\/09\/TRING-cmount-55x31.webp 55w, https:\/\/www.tpl-vision.com\/wp-content\/uploads\/2024\/09\/TRING-cmount-100x56.webp 100w\" sizes=\"(max-width: 872px) 100vw, 872px\" \/><\/figure>\n\n<p>The M-TRING can be easily attached to C-mount lenses using an adapter, integrating the lighting system directly without the need for extra brackets or fastening components. This direct connection not only saves space, but ensures that the ring light is perfectly centred and aligned with the camera&#8217;s field of view, providing optimal illumination for the object being inspected.<\/p>\n\n<div style=\"height:20px\" aria-hidden=\"true\" class=\"wp-block-spacer\"><\/div>\n\n<h2 class=\"wp-block-heading\"><strong>Compatible With Angle Changers<\/strong><\/h2>\n\n<p>Die mit der Version mit transparentem Diffusor kompatiblen Angle Changers <strong>verbessern die Anpassungsf\u00e4higkeit der Ringlichter <\/strong>an verschiedene Anwendungen. Indem Sie die Angle Changers an das Ringlicht anklipsen, k\u00f6nnen Sie den <strong>Beleuchtungswinkel<\/strong> und die St\u00e4rke der <strong>Diffusion<\/strong> ganz einfach einstellen. <\/p>\n\n<p>Sie m\u00fcssen das Produkt nicht auseinandernehmen! Mit magnetischen Befestigungen f\u00fcr eine m\u00fchelose Montage und Demontage und Schrauben f\u00fcr eine feste Montage sorgen die Winkelwechsler f\u00fcr Anpassungsf\u00e4higkeit in dynamischen Umgebungen und sich ver\u00e4ndernden Anwendungsspezifikationen. <\/p>\n\n<figure class=\"wp-block-image\"><img decoding=\"async\" width=\"600\" height=\"338\" src=\"https:\/\/www.tpl-vision.com\/wp-content\/uploads\/2024\/05\/TPL-anglechangers-feature.gif\" alt=\"m tring angle changers\" class=\"wp-image-17884\"\/><\/figure>\n\n<p>Mit <strong>8 verschiedenen Optionen<\/strong> bieten die M-TRING Angle Changers eine umfassende Kontrolle \u00fcber die Einstellung von Helligkeit und Intensit\u00e4t des beleuchteten Bereichs, und das mit nur wenigen Zubeh\u00f6rteilen. Zu den kompatiblen Optionen geh\u00f6ren: <\/p>\n\n<ul>\n<li>Narrow (\u00b110\u00b0)<\/li>\n\n\n\n<li>Medium (\u00b117\u00b0)<\/li>\n\n\n\n<li>Wide (\u00b125\u00b0)<\/li>\n\n\n\n<li>Converging (22\u00b0 inwards)<\/li>\n\n\n\n<li>Polarised versions and polariser alone.<\/li>\n<\/ul>\n\n<div style=\"height:6px\" aria-hidden=\"true\" class=\"wp-block-spacer\"><\/div>\n\n<div class=\"wp-block-buttons is-layout-flex wp-block-buttons-is-layout-flex\">\n<div class=\"wp-block-button\"><a class=\"wp-block-button__link wp-element-button\" href=\"https:\/\/www.tpl-vision.com\/?post_type=productp=17110\" target=\"_blank\" rel=\"noreferrer noopener\">Read More<\/a><\/div>\n<\/div>\n\n<div style=\"height:20px\" aria-hidden=\"true\" class=\"wp-block-spacer\"><\/div>\n\n<h2 class=\"wp-block-heading\">Converging Light Angle Changers<\/h2>\n\n<div class=\"wp-block-columns is-layout-flex wp-container-core-columns-layout-1 wp-block-columns-is-layout-flex\">\n<div class=\"wp-block-column is-layout-flow wp-block-column-is-layout-flow\"><div class=\"wp-block-image\">\n<figure class=\"aligncenter size-full\"><img loading=\"lazy\" decoding=\"async\" width=\"450\" height=\"450\" src=\"https:\/\/www.tpl-vision.com\/wp-content\/uploads\/2024\/08\/image.png\" alt=\"modular m tring\" class=\"wp-image-18244\" srcset=\"https:\/\/www.tpl-vision.com\/wp-content\/uploads\/2024\/08\/image.png 450w, https:\/\/www.tpl-vision.com\/wp-content\/uploads\/2024\/08\/image-300x300.png 300w, https:\/\/www.tpl-vision.com\/wp-content\/uploads\/2024\/08\/image-150x150.png 150w, https:\/\/www.tpl-vision.com\/wp-content\/uploads\/2024\/08\/image-360x360.png 360w, https:\/\/www.tpl-vision.com\/wp-content\/uploads\/2024\/08\/image-175x175.png 175w, https:\/\/www.tpl-vision.com\/wp-content\/uploads\/2024\/08\/image-40x40.png 40w, https:\/\/www.tpl-vision.com\/wp-content\/uploads\/2024\/08\/image-55x55.png 55w, https:\/\/www.tpl-vision.com\/wp-content\/uploads\/2024\/08\/image-100x100.png 100w\" sizes=\"(max-width: 450px) 100vw, 450px\" \/><\/figure><\/div><\/div>\n<\/div>\n\n<p>The innovative Converging Angle Changer* is a newly developed feature, eliminating the &#8222;halo&#8220; effect typical of ring lights, and concentrating illumination in the centre of the field of view. By <g id=\"gid_0\">concentrating light at a 22\u00b0 angle<\/g> in the centre of the field of view, the Converging AC enables users to quickly and easily achieve a distinct and focused illumination style. Combined with the powerful output of the M-TRING, this type of lighting is ideal for small-scale vision systems requiring intense lighting for the imaging of a specific area.  <\/p>\n\n<p><em>*Patent pending.<\/em><\/p>\n\n<div style=\"height:20px\" aria-hidden=\"true\" class=\"wp-block-spacer\"><\/div>\n\n<h2 class=\"wp-block-heading\">TECHNISCHE INFORMATIONEN<\/h2>\n\n<p><em>Bitte klicken Sie auf die nachfolgenden Tabs.<\/em><\/p>\n\n<div class=\"wp-block-pb-accordion-item c-accordion__item js-accordion-item no-js\" data-initially-open=\"false\" data-click-to-close=\"true\" data-auto-close=\"true\" data-scroll=\"false\" data-scroll-offset=\"0\"><h3 id=\"at-170760\" class=\"c-accordion__title js-accordion-controller\" role=\"button\">Beleuchtungsmethode<\/h3><div id=\"ac-170760\" class=\"c-accordion__content\">\n<figure class=\"wp-block-image size-full is-resized\"><img loading=\"lazy\" decoding=\"async\" width=\"500\" height=\"500\" src=\"https:\/\/www.tpl-vision.com\/wp-content\/uploads\/2022\/10\/TPL_LightingMethod_RING_DIRECT.jpg\" alt=\"\" class=\"wp-image-2761\" style=\"width:381px;height:381px\" srcset=\"https:\/\/www.tpl-vision.com\/wp-content\/uploads\/2022\/10\/TPL_LightingMethod_RING_DIRECT.jpg 500w, https:\/\/www.tpl-vision.com\/wp-content\/uploads\/2022\/10\/TPL_LightingMethod_RING_DIRECT-300x300.jpg 300w, https:\/\/www.tpl-vision.com\/wp-content\/uploads\/2022\/10\/TPL_LightingMethod_RING_DIRECT-150x150.jpg 150w, https:\/\/www.tpl-vision.com\/wp-content\/uploads\/2022\/10\/TPL_LightingMethod_RING_DIRECT-100x100.jpg 100w, https:\/\/www.tpl-vision.com\/wp-content\/uploads\/2022\/10\/TPL_LightingMethod_RING_DIRECT-50x50.jpg 50w, https:\/\/www.tpl-vision.com\/wp-content\/uploads\/2022\/10\/TPL_LightingMethod_RING_DIRECT-40x40.jpg 40w, https:\/\/www.tpl-vision.com\/wp-content\/uploads\/2022\/10\/TPL_LightingMethod_RING_DIRECT-55x55.jpg 55w\" sizes=\"(max-width: 500px) 100vw, 500px\" \/><\/figure>\n<\/div><\/div>\n\n<div class=\"wp-block-pb-accordion-item c-accordion__item js-accordion-item no-js\" data-initially-open=\"false\" data-click-to-close=\"true\" data-auto-close=\"true\" data-scroll=\"false\" data-scroll-offset=\"0\"><h3 id=\"at-170761\" class=\"c-accordion__title js-accordion-controller\" role=\"button\">Homogeneity<\/h3><div id=\"ac-170761\" class=\"c-accordion__content\">\n<figure class=\"wp-block-image size-full\"><a href=\"https:\/\/www.tpl-vision.com\/wp-content\/uploads\/2024\/09\/TPL_M-TRING_Homogeneity_Maps_EN.jpg\"><img loading=\"lazy\" decoding=\"async\" width=\"1033\" height=\"1152\" src=\"https:\/\/www.tpl-vision.com\/wp-content\/uploads\/2024\/09\/TPL_M-TRING_Homogeneity_Maps_EN.jpg\" alt=\"modular m tring\" class=\"wp-image-18524\" style=\"object-fit:cover\" srcset=\"https:\/\/www.tpl-vision.com\/wp-content\/uploads\/2024\/09\/TPL_M-TRING_Homogeneity_Maps_EN.jpg 1033w, https:\/\/www.tpl-vision.com\/wp-content\/uploads\/2024\/09\/TPL_M-TRING_Homogeneity_Maps_EN-269x300.jpg 269w, https:\/\/www.tpl-vision.com\/wp-content\/uploads\/2024\/09\/TPL_M-TRING_Homogeneity_Maps_EN-918x1024.jpg 918w, https:\/\/www.tpl-vision.com\/wp-content\/uploads\/2024\/09\/TPL_M-TRING_Homogeneity_Maps_EN-768x856.jpg 768w, https:\/\/www.tpl-vision.com\/wp-content\/uploads\/2024\/09\/TPL_M-TRING_Homogeneity_Maps_EN-600x669.jpg 600w, https:\/\/www.tpl-vision.com\/wp-content\/uploads\/2024\/09\/TPL_M-TRING_Homogeneity_Maps_EN-157x175.jpg 157w, https:\/\/www.tpl-vision.com\/wp-content\/uploads\/2024\/09\/TPL_M-TRING_Homogeneity_Maps_EN-36x40.jpg 36w, https:\/\/www.tpl-vision.com\/wp-content\/uploads\/2024\/09\/TPL_M-TRING_Homogeneity_Maps_EN-49x55.jpg 49w, https:\/\/www.tpl-vision.com\/wp-content\/uploads\/2024\/09\/TPL_M-TRING_Homogeneity_Maps_EN-90x100.jpg 90w\" sizes=\"(max-width: 1033px) 100vw, 1033px\" \/><\/a><\/figure>\n<\/div><\/div>\n\n<div class=\"wp-block-pb-accordion-item c-accordion__item js-accordion-item no-js\" data-initially-open=\"false\" data-click-to-close=\"true\" data-auto-close=\"true\" data-scroll=\"false\" data-scroll-offset=\"0\"><h3 id=\"at-170762\" class=\"c-accordion__title js-accordion-controller\" role=\"button\">Beleuchtungsst\u00e4rke<\/h3><div id=\"ac-170762\" class=\"c-accordion__content\">\n<figure class=\"wp-block-image size-full\"><a href=\"https:\/\/www.tpl-vision.com\/wp-content\/uploads\/2024\/09\/TPL_M-TRING_Irradiance_CW_EN.jpg\"><img loading=\"lazy\" decoding=\"async\" width=\"880\" height=\"413\" src=\"https:\/\/www.tpl-vision.com\/wp-content\/uploads\/2024\/09\/TPL_M-TRING_Irradiance_CW_EN.jpg\" alt=\"modular m tring\" class=\"wp-image-18527\" style=\"object-fit:cover\" srcset=\"https:\/\/www.tpl-vision.com\/wp-content\/uploads\/2024\/09\/TPL_M-TRING_Irradiance_CW_EN.jpg 880w, https:\/\/www.tpl-vision.com\/wp-content\/uploads\/2024\/09\/TPL_M-TRING_Irradiance_CW_EN-300x141.jpg 300w, https:\/\/www.tpl-vision.com\/wp-content\/uploads\/2024\/09\/TPL_M-TRING_Irradiance_CW_EN-768x360.jpg 768w, https:\/\/www.tpl-vision.com\/wp-content\/uploads\/2024\/09\/TPL_M-TRING_Irradiance_CW_EN-600x282.jpg 600w, https:\/\/www.tpl-vision.com\/wp-content\/uploads\/2024\/09\/TPL_M-TRING_Irradiance_CW_EN-175x82.jpg 175w, https:\/\/www.tpl-vision.com\/wp-content\/uploads\/2024\/09\/TPL_M-TRING_Irradiance_CW_EN-40x19.jpg 40w, https:\/\/www.tpl-vision.com\/wp-content\/uploads\/2024\/09\/TPL_M-TRING_Irradiance_CW_EN-55x26.jpg 55w, https:\/\/www.tpl-vision.com\/wp-content\/uploads\/2024\/09\/TPL_M-TRING_Irradiance_CW_EN-100x47.jpg 100w\" sizes=\"(max-width: 880px) 100vw, 880px\" \/><\/a><\/figure>\n\n\n\n<figure class=\"wp-block-image size-full\"><a href=\"https:\/\/www.tpl-vision.com\/wp-content\/uploads\/2024\/09\/TPL_M-TRING_Irradiance_Strobe_EN.jpg\"><img loading=\"lazy\" decoding=\"async\" width=\"880\" height=\"413\" src=\"https:\/\/www.tpl-vision.com\/wp-content\/uploads\/2024\/09\/TPL_M-TRING_Irradiance_Strobe_EN.jpg\" alt=\"modular m tring\" class=\"wp-image-18530\" style=\"object-fit:cover\" srcset=\"https:\/\/www.tpl-vision.com\/wp-content\/uploads\/2024\/09\/TPL_M-TRING_Irradiance_Strobe_EN.jpg 880w, https:\/\/www.tpl-vision.com\/wp-content\/uploads\/2024\/09\/TPL_M-TRING_Irradiance_Strobe_EN-300x141.jpg 300w, https:\/\/www.tpl-vision.com\/wp-content\/uploads\/2024\/09\/TPL_M-TRING_Irradiance_Strobe_EN-768x360.jpg 768w, https:\/\/www.tpl-vision.com\/wp-content\/uploads\/2024\/09\/TPL_M-TRING_Irradiance_Strobe_EN-600x282.jpg 600w, https:\/\/www.tpl-vision.com\/wp-content\/uploads\/2024\/09\/TPL_M-TRING_Irradiance_Strobe_EN-175x82.jpg 175w, https:\/\/www.tpl-vision.com\/wp-content\/uploads\/2024\/09\/TPL_M-TRING_Irradiance_Strobe_EN-40x19.jpg 40w, https:\/\/www.tpl-vision.com\/wp-content\/uploads\/2024\/09\/TPL_M-TRING_Irradiance_Strobe_EN-55x26.jpg 55w, https:\/\/www.tpl-vision.com\/wp-content\/uploads\/2024\/09\/TPL_M-TRING_Irradiance_Strobe_EN-100x47.jpg 100w\" sizes=\"(max-width: 880px) 100vw, 880px\" \/><\/a><\/figure>\n<\/div><\/div>\n\n<div class=\"wp-block-pb-accordion-item c-accordion__item js-accordion-item no-js\" data-initially-open=\"false\" data-click-to-close=\"true\" data-auto-close=\"true\" data-scroll=\"false\" data-scroll-offset=\"0\"><h3 id=\"at-170763\" class=\"c-accordion__title js-accordion-controller\" role=\"button\">Bestellnummer<\/h3><div id=\"ac-170763\" class=\"c-accordion__content\">\n<figure class=\"wp-block-image size-full\"><a href=\"https:\/\/www.tpl-vision.com\/wp-content\/uploads\/2025\/06\/TPL_M-TRING_RefBuilder_EN.jpg\"><img loading=\"lazy\" decoding=\"async\" width=\"679\" height=\"295\" src=\"https:\/\/www.tpl-vision.com\/wp-content\/uploads\/2025\/06\/TPL_M-TRING_RefBuilder_EN.jpg\" alt=\"modular m tring\" class=\"wp-image-20850\" style=\"object-fit:cover\" srcset=\"https:\/\/www.tpl-vision.com\/wp-content\/uploads\/2025\/06\/TPL_M-TRING_RefBuilder_EN.jpg 679w, https:\/\/www.tpl-vision.com\/wp-content\/uploads\/2025\/06\/TPL_M-TRING_RefBuilder_EN-300x130.jpg 300w, https:\/\/www.tpl-vision.com\/wp-content\/uploads\/2025\/06\/TPL_M-TRING_RefBuilder_EN-600x261.jpg 600w, https:\/\/www.tpl-vision.com\/wp-content\/uploads\/2025\/06\/TPL_M-TRING_RefBuilder_EN-175x76.jpg 175w, https:\/\/www.tpl-vision.com\/wp-content\/uploads\/2025\/06\/TPL_M-TRING_RefBuilder_EN-40x17.jpg 40w, https:\/\/www.tpl-vision.com\/wp-content\/uploads\/2025\/06\/TPL_M-TRING_RefBuilder_EN-55x24.jpg 55w, https:\/\/www.tpl-vision.com\/wp-content\/uploads\/2025\/06\/TPL_M-TRING_RefBuilder_EN-100x43.jpg 100w\" sizes=\"(max-width: 679px) 100vw, 679px\" \/><\/a><\/figure>\n<\/div><\/div>\n\n<p>\u00a0<\/p>\n","protected":false},"excerpt":{"rendered":"<p>Compact, modular machine vision ring light featuring both opaque and transparent diffuser options and Angle Changer flexibility. <!-- wp:paragraph -->Mit diesem vielseitigen IP67-zertifizierten LED-Ringlicht k\u00f6nnen Sie die Beleuchtungsleistung ganz einfach anpassen. Mit der integrierten OverDrive-Funktion liefern die 12 leistungsstarken LEDs des M-TRING eine intensive Beleuchtung, die sich perfekt f\u00fcr die direkte Ausleuchtung kreisf\u00f6rmiger Bereiche eignet. Sein leichtes und robustes Design sorgt f\u00fcr eine nahtlose Integration mit Bildverarbeitungssystemen, Kameras und Roboterarmen.  <\/p>\n<p>Der M-TRING ist in <strong>zwei Versionen<\/strong> erh\u00e4ltlich (DO-opak und DT-transparent). Die transparente Version liefert die h\u00f6chste Leistung und eignet sich gut f\u00fcr verschiedene Arbeitsabst\u00e4nde, w\u00e4hrend die undurchsichtige Version sich hervorragend f\u00fcr die Inspektion gl\u00e4nzender, reflektierender Teile eignet, da sie alle sichtbaren LED-Hotspots effektiv verdeckt. Ideal f\u00fcr Pr\u00e4zisionsmaschinen, Robotik, 2D-Codelesung und kleine Qualit\u00e4tspr\u00fcfungsanwendungen.  <\/p>\n<ul>\n<li>Continuous and Strobe OverDrive mode with dimming<\/li>\n<li>37 mm internal diameter allows direct mounting to C-mount lenses<\/li>\n<li>Simple installation and use with current control integrated onto the cable<\/li>\n<\/ul>\n","protected":false},"featured_media":24019,"comment_status":"closed","ping_status":"closed","template":"","meta":{"_seopress_robots_primary_cat":"none","_seopress_titles_title":"","_seopress_titles_desc":"Small machine vision ring light with transparent and opaque diffusers.","_seopress_robots_index":"","_monsterinsights_skip_tracking":false,"_monsterinsights_sitenote_active":false,"_monsterinsights_sitenote_note":"","_monsterinsights_sitenote_category":0},"product_cat":[82],"product_tag":[],"_links":{"self":[{"href":"https:\/\/www.tpl-vision.com\/de\/wp-json\/wp\/v2\/product\/18490"}],"collection":[{"href":"https:\/\/www.tpl-vision.com\/de\/wp-json\/wp\/v2\/product"}],"about":[{"href":"https:\/\/www.tpl-vision.com\/de\/wp-json\/wp\/v2\/types\/product"}],"replies":[{"embeddable":true,"href":"https:\/\/www.tpl-vision.com\/de\/wp-json\/wp\/v2\/comments?post=18490"}],"wp:featuredmedia":[{"embeddable":true,"href":"https:\/\/www.tpl-vision.com\/de\/wp-json\/wp\/v2\/media\/24019"}],"wp:attachment":[{"href":"https:\/\/www.tpl-vision.com\/de\/wp-json\/wp\/v2\/media?parent=18490"}],"wp:term":[{"taxonomy":"product_cat","embeddable":true,"href":"https:\/\/www.tpl-vision.com\/de\/wp-json\/wp\/v2\/product_cat?post=18490"},{"taxonomy":"product_tag","embeddable":true,"href":"https:\/\/www.tpl-vision.com\/de\/wp-json\/wp\/v2\/product_tag?post=18490"}],"curies":[{"name":"wp","href":"https:\/\/api.w.org\/{rel}","templated":true}]}}