{"id":18503,"date":"2024-09-30T09:42:44","date_gmt":"2024-09-30T07:42:44","guid":{"rendered":"https:\/\/www.tpl-vision.com\/?post_type=product&#038;p=18503"},"modified":"2026-03-30T15:36:37","modified_gmt":"2026-03-30T13:36:37","slug":"modular-m-hpring","status":"publish","type":"product","link":"https:\/\/www.tpl-vision.com\/de\/uberblick\/ringbeleuchtungen\/modular-m-hpring\/","title":{"rendered":"Modular M-HPRING"},"content":{"rendered":"\n<div class=\"wp-block-buttons is-layout-flex wp-block-buttons-is-layout-flex\">\n<div class=\"wp-block-button has-custom-font-size aligncenter has-medium-font-size\"><a class=\"wp-block-button__link has-vivid-red-background-color has-background wp-element-button\" href=\"https:\/\/www.tpl-vision.com\/documents\/techsheets\/TPL_Comparison_Sheet_M-HPRING_Vs_HPRING_EN.pdf\" style=\"border-radius:0px\" target=\"_blank\" rel=\"noopener\">Comparison: M-HPRING vs HPRING<\/a><\/div>\n<\/div>\n\n<div style=\"height:30px\" aria-hidden=\"true\" class=\"wp-block-spacer\"><\/div>\n\n<h2 class=\"wp-block-heading\"><strong>Product Introduction<\/strong><\/h2>\n\n<figure class=\"wp-block-embed is-type-video is-provider-vimeo wp-block-embed-vimeo wp-embed-aspect-16-9 wp-has-aspect-ratio\"><div class=\"wp-block-embed__wrapper\">\n<iframe title=\"High-Power Ring Lights by TPL Vision\" src=\"https:\/\/player.vimeo.com\/video\/946600322?h=c043081ff2&amp;dnt=1&amp;app_id=122963\" width=\"800\" height=\"450\" frameborder=\"0\" allow=\"autoplay; fullscreen; picture-in-picture; clipboard-write\"><\/iframe>\n<\/div><\/figure>\n\n<div style=\"height:30px\" aria-hidden=\"true\" class=\"wp-block-spacer\"><\/div>\n\n<ul>\n<li>Verf\u00fcgbar in wei\u00df (4000K), rot (630nm), IR(850nm), gr\u00fcn (525nm) und blau(470nm)<\/li>\n\n\n\n<li>Opaque or Transparent diffuser options<\/li>\n\n\n\n<li>Large internal diameter for maximum compatibility<\/li>\n\n\n\n<li>Easy mounting for all working distances with a flexible cable length<\/li>\n<\/ul>\n\n<div style=\"height:20px\" aria-hidden=\"true\" class=\"wp-block-spacer\"><\/div>\n\n<h2 class=\"wp-block-heading\"><strong>KOMPATIBEL MIT ANGLE CHANGERS<\/strong><\/h2>\n\n<p>Die mit der Version mit transparentem Diffusor kompatiblen Angle Changers <strong>verbessern die Anpassungsf\u00e4higkeit der Ringlichter<\/strong> an verschiedene Anwendungen. Indem Sie die Angle Changers an das Ringlicht anklipsen, k\u00f6nnen Sie den <strong>Beleuchtungswinkel<\/strong> und die St\u00e4rke der <strong>Diffusion<\/strong> ganz einfach einstellen. <\/p>\n\n<p>Sie m\u00fcssen das Produkt nicht auseinandernehmen! Mit magnetischen Befestigungen f\u00fcr eine m\u00fchelose Montage und Demontage und Schrauben f\u00fcr eine feste Montage sorgen die Winkelwechsler f\u00fcr Anpassungsf\u00e4higkeit in dynamischen Umgebungen und sich ver\u00e4ndernden Anwendungsspezifikationen. <\/p>\n<div class=\"wp-block-image\">\n<figure class=\"aligncenter size-full\"><img fetchpriority=\"high\" decoding=\"async\" width=\"600\" height=\"338\" src=\"https:\/\/www.tpl-vision.com\/wp-content\/uploads\/2024\/05\/TPL-anglechangers-feature.gif\" alt=\"m tring angle changers\" class=\"wp-image-17884\"\/><\/figure><\/div>\n<p>Mit <strong>8 verschiedenen Optionen<\/strong> bieten die M-HPRING-Winkelwechsler eine umfassende Kontrolle \u00fcber die Einstellung von Helligkeit und Intensit\u00e4t des beleuchteten Bereichs, und das mit nur wenigen Zubeh\u00f6rteilen. Zu den kompatiblen Optionen geh\u00f6ren: <\/p>\n\n<ul>\n<li>Narrow (\u00b110\u00b0)<\/li>\n\n\n\n<li>Medium (\u00b117\u00b0)<\/li>\n\n\n\n<li>Wide (\u00b125\u00b0)<\/li>\n\n\n\n<li>Converging (22\u00b0 inwards)<\/li>\n\n\n\n<li>Polarised versions and polariser alone.<\/li>\n<\/ul>\n\n<div style=\"height:5px\" aria-hidden=\"true\" class=\"wp-block-spacer\"><\/div>\n\n<div class=\"wp-block-buttons is-layout-flex wp-block-buttons-is-layout-flex\">\n<div class=\"wp-block-button\"><a class=\"wp-block-button__link wp-element-button\">Read More<\/a><\/div>\n<\/div>\n\n<div style=\"height:20px\" aria-hidden=\"true\" class=\"wp-block-spacer\"><\/div>\n\n<h2 class=\"wp-block-heading\">Converging Beam Angle Changers<\/h2>\n\n<div class=\"wp-block-columns is-layout-flex wp-container-core-columns-layout-1 wp-block-columns-is-layout-flex\">\n<div class=\"wp-block-column is-layout-flow wp-block-column-is-layout-flow\"><div class=\"wp-block-image\">\n<figure class=\"aligncenter size-full\"><img decoding=\"async\" width=\"700\" height=\"450\" src=\"https:\/\/www.tpl-vision.com\/wp-content\/uploads\/2024\/09\/M-HPRING-converging-AC-comparison-v3-1.jpg\" alt=\"modular m hpring\" class=\"wp-image-18521\" srcset=\"https:\/\/www.tpl-vision.com\/wp-content\/uploads\/2024\/09\/M-HPRING-converging-AC-comparison-v3-1.jpg 700w, https:\/\/www.tpl-vision.com\/wp-content\/uploads\/2024\/09\/M-HPRING-converging-AC-comparison-v3-1-300x193.jpg 300w, https:\/\/www.tpl-vision.com\/wp-content\/uploads\/2024\/09\/M-HPRING-converging-AC-comparison-v3-1-500x320.jpg 500w, https:\/\/www.tpl-vision.com\/wp-content\/uploads\/2024\/09\/M-HPRING-converging-AC-comparison-v3-1-600x386.jpg 600w, https:\/\/www.tpl-vision.com\/wp-content\/uploads\/2024\/09\/M-HPRING-converging-AC-comparison-v3-1-175x113.jpg 175w, https:\/\/www.tpl-vision.com\/wp-content\/uploads\/2024\/09\/M-HPRING-converging-AC-comparison-v3-1-40x26.jpg 40w, https:\/\/www.tpl-vision.com\/wp-content\/uploads\/2024\/09\/M-HPRING-converging-AC-comparison-v3-1-55x35.jpg 55w, https:\/\/www.tpl-vision.com\/wp-content\/uploads\/2024\/09\/M-HPRING-converging-AC-comparison-v3-1-100x64.jpg 100w\" sizes=\"(max-width: 700px) 100vw, 700px\" \/><\/figure><\/div><\/div>\n<\/div>\n\n<p>The innovative Converging Angle Changer* is a newly developed feature, eliminating the &#8222;halo&#8220; effect typical of ring lights, and concentrating illumination in the centre of the field of view. By <g id=\"gid_0\">concentrating light at a 22\u00b0 angle<\/g> in the centre of the field of view, the Converging AC enables users to quickly and easily achieve a distinct and focused illumination style. Combined with the robust M-HPRING, this type of illumination is ideal for robotics and vision applications that demand precise and powerful direct illumination.  <\/p>\n\n<p><em>*Patent pending.<\/em><\/p>\n\n<div style=\"height:20px\" aria-hidden=\"true\" class=\"wp-block-spacer\"><\/div>\n\n<h2 class=\"wp-block-heading\">TECHNISCHE INFORMATIONEN<\/h2>\n\n<p><em>Bitte klicken Sie auf die nachfolgenden Tabs.<\/em><\/p>\n\n<div class=\"wp-block-pb-accordion-item c-accordion__item js-accordion-item no-js\" data-initially-open=\"false\" data-click-to-close=\"true\" data-auto-close=\"true\" data-scroll=\"false\" data-scroll-offset=\"0\"><h3 id=\"at-170750\" class=\"c-accordion__title js-accordion-controller\" role=\"button\">Beleuchtungsmethode<\/h3><div id=\"ac-170750\" class=\"c-accordion__content\">\n<figure class=\"wp-block-image size-full is-resized\"><img decoding=\"async\" width=\"500\" height=\"500\" src=\"https:\/\/www.tpl-vision.com\/wp-content\/uploads\/2022\/10\/TPL_LightingMethod_RING_DIRECT.jpg\" alt=\"\" class=\"wp-image-2761\" style=\"width:381px;height:381px\" srcset=\"https:\/\/www.tpl-vision.com\/wp-content\/uploads\/2022\/10\/TPL_LightingMethod_RING_DIRECT.jpg 500w, https:\/\/www.tpl-vision.com\/wp-content\/uploads\/2022\/10\/TPL_LightingMethod_RING_DIRECT-300x300.jpg 300w, https:\/\/www.tpl-vision.com\/wp-content\/uploads\/2022\/10\/TPL_LightingMethod_RING_DIRECT-150x150.jpg 150w, https:\/\/www.tpl-vision.com\/wp-content\/uploads\/2022\/10\/TPL_LightingMethod_RING_DIRECT-100x100.jpg 100w, https:\/\/www.tpl-vision.com\/wp-content\/uploads\/2022\/10\/TPL_LightingMethod_RING_DIRECT-50x50.jpg 50w, https:\/\/www.tpl-vision.com\/wp-content\/uploads\/2022\/10\/TPL_LightingMethod_RING_DIRECT-40x40.jpg 40w, https:\/\/www.tpl-vision.com\/wp-content\/uploads\/2022\/10\/TPL_LightingMethod_RING_DIRECT-55x55.jpg 55w\" sizes=\"(max-width: 500px) 100vw, 500px\" \/><\/figure>\n<\/div><\/div>\n\n<div class=\"wp-block-pb-accordion-item c-accordion__item js-accordion-item no-js\" data-initially-open=\"false\" data-click-to-close=\"true\" data-auto-close=\"true\" data-scroll=\"false\" data-scroll-offset=\"0\"><h3 id=\"at-170751\" class=\"c-accordion__title js-accordion-controller\" role=\"button\">Homogeneity<\/h3><div id=\"ac-170751\" class=\"c-accordion__content\">\n<figure class=\"wp-block-image size-full\"><a href=\"https:\/\/www.tpl-vision.com\/wp-content\/uploads\/2024\/09\/TPL_M-HPRING_Homogeneity_Maps_EN.jpg\"><img loading=\"lazy\" decoding=\"async\" width=\"1033\" height=\"1152\" src=\"https:\/\/www.tpl-vision.com\/wp-content\/uploads\/2024\/09\/TPL_M-HPRING_Homogeneity_Maps_EN.jpg\" alt=\"modular m hpring\" class=\"wp-image-18536\" style=\"object-fit:cover\" srcset=\"https:\/\/www.tpl-vision.com\/wp-content\/uploads\/2024\/09\/TPL_M-HPRING_Homogeneity_Maps_EN.jpg 1033w, https:\/\/www.tpl-vision.com\/wp-content\/uploads\/2024\/09\/TPL_M-HPRING_Homogeneity_Maps_EN-269x300.jpg 269w, https:\/\/www.tpl-vision.com\/wp-content\/uploads\/2024\/09\/TPL_M-HPRING_Homogeneity_Maps_EN-918x1024.jpg 918w, https:\/\/www.tpl-vision.com\/wp-content\/uploads\/2024\/09\/TPL_M-HPRING_Homogeneity_Maps_EN-768x856.jpg 768w, https:\/\/www.tpl-vision.com\/wp-content\/uploads\/2024\/09\/TPL_M-HPRING_Homogeneity_Maps_EN-600x669.jpg 600w, https:\/\/www.tpl-vision.com\/wp-content\/uploads\/2024\/09\/TPL_M-HPRING_Homogeneity_Maps_EN-157x175.jpg 157w, https:\/\/www.tpl-vision.com\/wp-content\/uploads\/2024\/09\/TPL_M-HPRING_Homogeneity_Maps_EN-36x40.jpg 36w, https:\/\/www.tpl-vision.com\/wp-content\/uploads\/2024\/09\/TPL_M-HPRING_Homogeneity_Maps_EN-49x55.jpg 49w, https:\/\/www.tpl-vision.com\/wp-content\/uploads\/2024\/09\/TPL_M-HPRING_Homogeneity_Maps_EN-90x100.jpg 90w\" sizes=\"(max-width: 1033px) 100vw, 1033px\" \/><\/a><\/figure>\n<\/div><\/div>\n\n<div class=\"wp-block-pb-accordion-item c-accordion__item js-accordion-item no-js\" data-initially-open=\"false\" data-click-to-close=\"true\" data-auto-close=\"true\" data-scroll=\"false\" data-scroll-offset=\"0\"><h3 id=\"at-170752\" class=\"c-accordion__title js-accordion-controller\" role=\"button\">Beleuchtungsst\u00e4rke<\/h3><div id=\"ac-170752\" class=\"c-accordion__content\">\n<figure class=\"wp-block-image size-full\"><a href=\"https:\/\/www.tpl-vision.com\/wp-content\/uploads\/2024\/09\/TPL_M-HPRING_Irradiance_CW_EN.jpg\"><img loading=\"lazy\" decoding=\"async\" width=\"880\" height=\"413\" src=\"https:\/\/www.tpl-vision.com\/wp-content\/uploads\/2024\/09\/TPL_M-HPRING_Irradiance_CW_EN.jpg\" alt=\"modular m hpring\" class=\"wp-image-18539\" style=\"object-fit:cover\" srcset=\"https:\/\/www.tpl-vision.com\/wp-content\/uploads\/2024\/09\/TPL_M-HPRING_Irradiance_CW_EN.jpg 880w, https:\/\/www.tpl-vision.com\/wp-content\/uploads\/2024\/09\/TPL_M-HPRING_Irradiance_CW_EN-300x141.jpg 300w, https:\/\/www.tpl-vision.com\/wp-content\/uploads\/2024\/09\/TPL_M-HPRING_Irradiance_CW_EN-768x360.jpg 768w, https:\/\/www.tpl-vision.com\/wp-content\/uploads\/2024\/09\/TPL_M-HPRING_Irradiance_CW_EN-600x282.jpg 600w, https:\/\/www.tpl-vision.com\/wp-content\/uploads\/2024\/09\/TPL_M-HPRING_Irradiance_CW_EN-175x82.jpg 175w, https:\/\/www.tpl-vision.com\/wp-content\/uploads\/2024\/09\/TPL_M-HPRING_Irradiance_CW_EN-40x19.jpg 40w, https:\/\/www.tpl-vision.com\/wp-content\/uploads\/2024\/09\/TPL_M-HPRING_Irradiance_CW_EN-55x26.jpg 55w, https:\/\/www.tpl-vision.com\/wp-content\/uploads\/2024\/09\/TPL_M-HPRING_Irradiance_CW_EN-100x47.jpg 100w\" sizes=\"(max-width: 880px) 100vw, 880px\" \/><\/a><\/figure>\n\n\n\n<figure class=\"wp-block-image size-full\"><a href=\"https:\/\/www.tpl-vision.com\/wp-content\/uploads\/2024\/09\/TPL_M-HPRING_Irradiance_Strobe_EN.jpg\"><img loading=\"lazy\" decoding=\"async\" width=\"880\" height=\"413\" src=\"https:\/\/www.tpl-vision.com\/wp-content\/uploads\/2024\/09\/TPL_M-HPRING_Irradiance_Strobe_EN.jpg\" alt=\"modular m hpring\" class=\"wp-image-18542\" style=\"object-fit:cover\" srcset=\"https:\/\/www.tpl-vision.com\/wp-content\/uploads\/2024\/09\/TPL_M-HPRING_Irradiance_Strobe_EN.jpg 880w, https:\/\/www.tpl-vision.com\/wp-content\/uploads\/2024\/09\/TPL_M-HPRING_Irradiance_Strobe_EN-300x141.jpg 300w, https:\/\/www.tpl-vision.com\/wp-content\/uploads\/2024\/09\/TPL_M-HPRING_Irradiance_Strobe_EN-768x360.jpg 768w, https:\/\/www.tpl-vision.com\/wp-content\/uploads\/2024\/09\/TPL_M-HPRING_Irradiance_Strobe_EN-600x282.jpg 600w, https:\/\/www.tpl-vision.com\/wp-content\/uploads\/2024\/09\/TPL_M-HPRING_Irradiance_Strobe_EN-175x82.jpg 175w, https:\/\/www.tpl-vision.com\/wp-content\/uploads\/2024\/09\/TPL_M-HPRING_Irradiance_Strobe_EN-40x19.jpg 40w, https:\/\/www.tpl-vision.com\/wp-content\/uploads\/2024\/09\/TPL_M-HPRING_Irradiance_Strobe_EN-55x26.jpg 55w, https:\/\/www.tpl-vision.com\/wp-content\/uploads\/2024\/09\/TPL_M-HPRING_Irradiance_Strobe_EN-100x47.jpg 100w\" sizes=\"(max-width: 880px) 100vw, 880px\" \/><\/a><\/figure>\n<\/div><\/div>\n\n<div class=\"wp-block-pb-accordion-item c-accordion__item js-accordion-item no-js\" data-initially-open=\"false\" data-click-to-close=\"true\" data-auto-close=\"true\" data-scroll=\"false\" data-scroll-offset=\"0\"><h3 id=\"at-170753\" class=\"c-accordion__title js-accordion-controller\" role=\"button\">Bestellnummer<\/h3><div id=\"ac-170753\" class=\"c-accordion__content\">\n<figure class=\"wp-block-image size-full\"><a href=\"https:\/\/www.tpl-vision.com\/wp-content\/uploads\/2024\/09\/TPL_M-HPRING_RefBuilder_EN-1.jpg\"><img loading=\"lazy\" decoding=\"async\" width=\"679\" height=\"295\" src=\"https:\/\/www.tpl-vision.com\/wp-content\/uploads\/2024\/09\/TPL_M-HPRING_RefBuilder_EN-1.jpg\" alt=\"modular m hpring\" class=\"wp-image-18554\" style=\"object-fit:cover\" srcset=\"https:\/\/www.tpl-vision.com\/wp-content\/uploads\/2024\/09\/TPL_M-HPRING_RefBuilder_EN-1.jpg 679w, https:\/\/www.tpl-vision.com\/wp-content\/uploads\/2024\/09\/TPL_M-HPRING_RefBuilder_EN-1-300x130.jpg 300w, https:\/\/www.tpl-vision.com\/wp-content\/uploads\/2024\/09\/TPL_M-HPRING_RefBuilder_EN-1-600x261.jpg 600w, https:\/\/www.tpl-vision.com\/wp-content\/uploads\/2024\/09\/TPL_M-HPRING_RefBuilder_EN-1-175x76.jpg 175w, https:\/\/www.tpl-vision.com\/wp-content\/uploads\/2024\/09\/TPL_M-HPRING_RefBuilder_EN-1-40x17.jpg 40w, https:\/\/www.tpl-vision.com\/wp-content\/uploads\/2024\/09\/TPL_M-HPRING_RefBuilder_EN-1-55x24.jpg 55w, https:\/\/www.tpl-vision.com\/wp-content\/uploads\/2024\/09\/TPL_M-HPRING_RefBuilder_EN-1-100x43.jpg 100w\" sizes=\"(max-width: 679px) 100vw, 679px\" \/><\/a><\/figure>\n<\/div><\/div>\n","protected":false},"excerpt":{"rendered":"<p>Modulares, leistungsstarkes Ringlicht f\u00fcr die industrielle Bildverarbeitung mit opakem oder transparentem Diffusor und flexiblem Abstrahlwinkel. Das M-HPRING ist ein vielseitiges, robustes IP67-zertifiziertes LED-Ringlicht, mit dem der Benutzer seine Beleuchtungsleistung ganz einfach anpassen kann. Mit marktf\u00fchrender Helligkeit und integrierter OverDrive-Funktion bieten die 15 leistungsstarken LEDs des M-HPRING eine intensive Beleuchtung f\u00fcr die direkte Ausleuchtung eines kreisf\u00f6rmigen Bereichs.   <\/p>\n<p>Der M-HPRING ist in<strong> zwei Versionen<\/strong> erh\u00e4ltlich (DO-opak und DT-transparent). Der transparente Diffusor bietet die intensivste Lichtleistung und ist f\u00fcr verschiedene Arbeitsabst\u00e4nde geeignet, w\u00e4hrend der undurchsichtige Diffusor ideal f\u00fcr die Inspektion gl\u00e4nzender und reflektierender Teile ist, da er alle sichtbaren LED-Hotspots effektiv maskiert. Perfekt f\u00fcr Robotik, Codelesen und Qualit\u00e4tspr\u00fcfungen, die eine starke Beleuchtung erfordern.   <\/p>\n<ul>\n<li>Continuous and Strobe OverDrive mode with dimming<\/li>\n<li>Large internal diameter  flexible mounting options<\/li>\n<li>Easy installation and use with current control integrated onto the cable<\/li>\n<\/ul>\n","protected":false},"featured_media":24016,"comment_status":"closed","ping_status":"closed","template":"","meta":{"_seopress_robots_primary_cat":"none","_seopress_titles_title":"","_seopress_titles_desc":"Leistungsstarkes Ringlicht mit eingebauter Flexibilit\u00e4t. Der Winkelwechsler ist mit dem Konvergenzvorsatz kompatibel. ","_seopress_robots_index":"","_monsterinsights_skip_tracking":false,"_monsterinsights_sitenote_active":false,"_monsterinsights_sitenote_note":"","_monsterinsights_sitenote_category":0},"product_cat":[82],"product_tag":[],"_links":{"self":[{"href":"https:\/\/www.tpl-vision.com\/de\/wp-json\/wp\/v2\/product\/18503"}],"collection":[{"href":"https:\/\/www.tpl-vision.com\/de\/wp-json\/wp\/v2\/product"}],"about":[{"href":"https:\/\/www.tpl-vision.com\/de\/wp-json\/wp\/v2\/types\/product"}],"replies":[{"embeddable":true,"href":"https:\/\/www.tpl-vision.com\/de\/wp-json\/wp\/v2\/comments?post=18503"}],"wp:featuredmedia":[{"embeddable":true,"href":"https:\/\/www.tpl-vision.com\/de\/wp-json\/wp\/v2\/media\/24016"}],"wp:attachment":[{"href":"https:\/\/www.tpl-vision.com\/de\/wp-json\/wp\/v2\/media?parent=18503"}],"wp:term":[{"taxonomy":"product_cat","embeddable":true,"href":"https:\/\/www.tpl-vision.com\/de\/wp-json\/wp\/v2\/product_cat?post=18503"},{"taxonomy":"product_tag","embeddable":true,"href":"https:\/\/www.tpl-vision.com\/de\/wp-json\/wp\/v2\/product_tag?post=18503"}],"curies":[{"name":"wp","href":"https:\/\/api.w.org\/{rel}","templated":true}]}}