{"id":2217,"date":"2022-10-20T15:00:49","date_gmt":"2022-10-20T13:00:49","guid":{"rendered":"https:\/\/www.tpl-vision.com\/overview\/unkategorisiert\/low-angle-ii\/"},"modified":"2026-03-30T15:58:14","modified_gmt":"2026-03-30T13:58:14","slug":"low-angle-ii","status":"publish","type":"product","link":"https:\/\/www.tpl-vision.com\/de\/uberblick\/dunkelfeld\/low-angle-ii\/","title":{"rendered":"Low Angle II"},"content":{"rendered":"\n<div class=\"wp-block-buttons is-layout-flex wp-block-buttons-is-layout-flex\">\n<div class=\"wp-block-button has-custom-font-size aligncenter has-medium-font-size\"><a class=\"wp-block-button__link has-vivid-red-background-color has-background wp-element-button\" href=\"https:\/\/www.tpl-vision.com\/documents\/techsheets\/TPL_Comparison_Sheet_SD_LA_MR_EN.pdf\" style=\"border-radius:0px\" target=\"_blank\" rel=\"noreferrer noopener\">Vergleich: Low Angle II vs MR-Low Angle<\/a><\/div>\n<\/div>\n\n<div style=\"height:30px\" aria-hidden=\"true\" class=\"wp-block-spacer\"><\/div>\n\n<h2 class=\"wp-block-heading\">Technische Informationen<\/h2>\n\n<p><em>Bitte klicken Sie auf die nachfolgenden Tabs.<\/em><\/p>\n\n<div class=\"wp-block-pb-accordion-item c-accordion__item js-accordion-item no-js\" data-initially-open=\"false\" data-click-to-close=\"true\" data-auto-close=\"true\" data-scroll=\"false\" data-scroll-offset=\"0\"><h3 id=\"at-21780\" class=\"c-accordion__title js-accordion-controller\" role=\"button\">Beleuchtungsmethode<\/h3><div id=\"ac-21780\" class=\"c-accordion__content\">\n<figure class=\"wp-block-image size-full is-resized\"><img fetchpriority=\"high\" decoding=\"async\" width=\"500\" height=\"500\" src=\"https:\/\/www.tpl-vision.com\/wp-content\/uploads\/2024\/07\/TPL_LightingMethod_Low_Angle.jpg\" alt=\"mr low angle\" class=\"wp-image-18108\" style=\"width:322px;height:322px\" srcset=\"https:\/\/www.tpl-vision.com\/wp-content\/uploads\/2024\/07\/TPL_LightingMethod_Low_Angle.jpg 500w, https:\/\/www.tpl-vision.com\/wp-content\/uploads\/2024\/07\/TPL_LightingMethod_Low_Angle-300x300.jpg 300w, https:\/\/www.tpl-vision.com\/wp-content\/uploads\/2024\/07\/TPL_LightingMethod_Low_Angle-150x150.jpg 150w, https:\/\/www.tpl-vision.com\/wp-content\/uploads\/2024\/07\/TPL_LightingMethod_Low_Angle-360x360.jpg 360w, https:\/\/www.tpl-vision.com\/wp-content\/uploads\/2024\/07\/TPL_LightingMethod_Low_Angle-175x175.jpg 175w, https:\/\/www.tpl-vision.com\/wp-content\/uploads\/2024\/07\/TPL_LightingMethod_Low_Angle-40x40.jpg 40w, https:\/\/www.tpl-vision.com\/wp-content\/uploads\/2024\/07\/TPL_LightingMethod_Low_Angle-55x55.jpg 55w, https:\/\/www.tpl-vision.com\/wp-content\/uploads\/2024\/07\/TPL_LightingMethod_Low_Angle-100x100.jpg 100w\" sizes=\"(max-width: 500px) 100vw, 500px\" \/><\/figure>\n<\/div><\/div>\n\n<div class=\"wp-block-pb-accordion-item c-accordion__item js-accordion-item no-js\" data-initially-open=\"false\" data-click-to-close=\"true\" data-auto-close=\"true\" data-scroll=\"false\" data-scroll-offset=\"0\"><h3 id=\"at-21781\" class=\"c-accordion__title js-accordion-controller\" role=\"button\">Bestellnummer<\/h3><div id=\"ac-21781\" class=\"c-accordion__content\">\n<figure class=\"wp-block-image size-full\"><a href=\"https:\/\/www.tpl-vision.com\/wp-content\/uploads\/2023\/03\/TPL_LOW-ANGLE_II_Reference_Builder_DE.jpg\"><img decoding=\"async\" src=\"https:\/\/www.tpl-vision.com\/wp-content\/uploads\/2023\/03\/TPL_LOW-ANGLE_II_Reference_Builder_DE.jpg\" alt=\"low angle ii\" class=\"wp-image-12460\"\/><\/a><\/figure>\n<\/div><\/div>\n","protected":false},"excerpt":{"rendered":"<p>Der <strong>LOW ANGLE II<\/strong> liefert eine <strong>Art Streiflicht<\/strong>, das bei Bildverarbeitungs-Profis sehr beliebt ist. In dieser <strong>neuen Version<\/strong> ist er mit Power-LEDs best\u00fcckt und somit <strong>4 bis 5 Mal st\u00e4rker<\/strong> als sein Vorg\u00e4nger (wei\u00dfe und rote LEDs). Wenn er in der N\u00e4he der Oberfl\u00e4che positioniert wird, beleuchtet er mit einem flachen <strong>Einfallswinkel<\/strong>, wodurch Reliefs auf glatten <strong>Oberfl\u00e4chen<\/strong> sichtbar werden.<\/p>\n<p>Der LOW ANGLE II erweist sich als sehr n\u00fctzlich bei der Pr\u00fcfung von Gravuren sowie dem Aufsp\u00fcren von Kanten, L\u00f6chern und Rissen.<\/p>\n<p>Er wird in zwei Gr\u00f6\u00dfen angeboten (80 mm und 130 mm), und kann insbesondere dank seines neuen M12-Steckers einfach und schnell in einer Fertigungslinie montiert werden. Der <strong>LOW ANGLE II<\/strong> ist selbst den h\u00f6chsten Industriestandards gewachsen, egal ob im <strong>Dauer- oder<\/strong> <strong>Blitzbetrieb.<\/strong><\/p>\n","protected":false},"featured_media":24089,"comment_status":"closed","ping_status":"closed","template":"","meta":{"_seopress_robots_primary_cat":"none","_seopress_titles_title":"","_seopress_titles_desc":"","_seopress_robots_index":"","_monsterinsights_skip_tracking":false,"_monsterinsights_sitenote_active":false,"_monsterinsights_sitenote_note":"","_monsterinsights_sitenote_category":0},"product_cat":[84],"product_tag":[],"_links":{"self":[{"href":"https:\/\/www.tpl-vision.com\/de\/wp-json\/wp\/v2\/product\/2217"}],"collection":[{"href":"https:\/\/www.tpl-vision.com\/de\/wp-json\/wp\/v2\/product"}],"about":[{"href":"https:\/\/www.tpl-vision.com\/de\/wp-json\/wp\/v2\/types\/product"}],"replies":[{"embeddable":true,"href":"https:\/\/www.tpl-vision.com\/de\/wp-json\/wp\/v2\/comments?post=2217"}],"wp:featuredmedia":[{"embeddable":true,"href":"https:\/\/www.tpl-vision.com\/de\/wp-json\/wp\/v2\/media\/24089"}],"wp:attachment":[{"href":"https:\/\/www.tpl-vision.com\/de\/wp-json\/wp\/v2\/media?parent=2217"}],"wp:term":[{"taxonomy":"product_cat","embeddable":true,"href":"https:\/\/www.tpl-vision.com\/de\/wp-json\/wp\/v2\/product_cat?post=2217"},{"taxonomy":"product_tag","embeddable":true,"href":"https:\/\/www.tpl-vision.com\/de\/wp-json\/wp\/v2\/product_tag?post=2217"}],"curies":[{"name":"wp","href":"https:\/\/api.w.org\/{rel}","templated":true}]}}