{"id":2219,"date":"2022-10-20T14:48:44","date_gmt":"2022-10-20T12:48:44","guid":{"rendered":"https:\/\/www.tpl-vision.com\/overview\/unkategorisiert\/small-sdome-ii\/"},"modified":"2026-03-30T15:43:05","modified_gmt":"2026-03-30T13:43:05","slug":"small-sdome-ii","status":"publish","type":"product","link":"https:\/\/www.tpl-vision.com\/de\/uberblick\/dom-beleuchtungen\/dom-beleuchtungen-2\/small-sdome-ii\/","title":{"rendered":"Small SDOME II"},"content":{"rendered":"\n<div class=\"wp-block-buttons is-layout-flex wp-block-buttons-is-layout-flex\">\n<div class=\"wp-block-button aligncenter has-custom-font-size has-medium-font-size\"><a class=\"wp-block-button__link has-vivid-red-background-color has-background wp-element-button\" href=\"https:\/\/www.tpl-vision.com\/documents\/techsheets\/TPL_Comparison_Sheet_SD_LA_MR_EN.pdf\" style=\"border-radius:0px\" target=\"_blank\" rel=\"noreferrer noopener\">Vergleich : SDOME II vs MR-DOME<\/a><\/div>\n<\/div>\n\n<div style=\"height:30px\" aria-hidden=\"true\" class=\"wp-block-spacer\"><\/div>\n\n<h2 class=\"wp-block-heading\">Technische Informationen<\/h2>\n\n<p><em>Bitte klicken Sie auf die nachfolgenden Tabs.<\/em><\/p>\n\n<div class=\"wp-block-pb-accordion-item c-accordion__item js-accordion-item no-js\" data-initially-open=\"false\" data-click-to-close=\"true\" data-auto-close=\"true\" data-scroll=\"false\" data-scroll-offset=\"0\"><h3 id=\"at-21740\" class=\"c-accordion__title js-accordion-controller\" role=\"button\">Beleuchtungsmethode<\/h3><div id=\"ac-21740\" class=\"c-accordion__content\">\n<figure class=\"wp-block-image size-full is-resized\"><img fetchpriority=\"high\" decoding=\"async\" src=\"https:\/\/www.tpl-vision.com\/wp-content\/uploads\/2022\/10\/TPL_LightingMethod_DOME_2.jpg\" alt=\"\" class=\"wp-image-3316\" width=\"334\" height=\"334\" srcset=\"https:\/\/www.tpl-vision.com\/wp-content\/uploads\/2022\/10\/TPL_LightingMethod_DOME_2.jpg 500w, https:\/\/www.tpl-vision.com\/wp-content\/uploads\/2022\/10\/TPL_LightingMethod_DOME_2-300x300.jpg 300w, https:\/\/www.tpl-vision.com\/wp-content\/uploads\/2022\/10\/TPL_LightingMethod_DOME_2-150x150.jpg 150w, https:\/\/www.tpl-vision.com\/wp-content\/uploads\/2022\/10\/TPL_LightingMethod_DOME_2-360x360.jpg 360w, https:\/\/www.tpl-vision.com\/wp-content\/uploads\/2022\/10\/TPL_LightingMethod_DOME_2-175x175.jpg 175w, https:\/\/www.tpl-vision.com\/wp-content\/uploads\/2022\/10\/TPL_LightingMethod_DOME_2-50x50.jpg 50w, https:\/\/www.tpl-vision.com\/wp-content\/uploads\/2022\/10\/TPL_LightingMethod_DOME_2-100x100.jpg 100w, https:\/\/www.tpl-vision.com\/wp-content\/uploads\/2022\/10\/TPL_LightingMethod_DOME_2-40x40.jpg 40w, https:\/\/www.tpl-vision.com\/wp-content\/uploads\/2022\/10\/TPL_LightingMethod_DOME_2-55x55.jpg 55w\" sizes=\"(max-width: 334px) 100vw, 334px\" \/><\/figure>\n<\/div><\/div>\n\n<div class=\"wp-block-pb-accordion-item c-accordion__item js-accordion-item no-js\" data-initially-open=\"false\" data-click-to-close=\"true\" data-auto-close=\"true\" data-scroll=\"false\" data-scroll-offset=\"0\"><h3 id=\"at-21741\" class=\"c-accordion__title js-accordion-controller\" role=\"button\">Bestellnummer <\/h3><div id=\"ac-21741\" class=\"c-accordion__content\">\n<figure class=\"wp-block-image size-full\"><a href=\"https:\/\/www.tpl-vision.com\/wp-content\/uploads\/2023\/03\/TPL_SDOME_II_Reference_Builder_DE.jpg\"><img decoding=\"async\" src=\"https:\/\/www.tpl-vision.com\/wp-content\/uploads\/2023\/03\/TPL_SDOME_II_Reference_Builder_DE.jpg\" alt=\"small sdome ii\" class=\"wp-image-12456\"\/><\/a><\/figure>\n<\/div><\/div>\n","protected":false},"excerpt":{"rendered":"<p>Der mit Power-LEDs best\u00fcckte <strong>neue<\/strong> <strong>SMALL SDOME II<\/strong> hat bei den wei\u00dfen und roten LEDs (WHI &amp; 630) eine <strong>4\u20135 Mal h\u00f6here Lichtleistung<\/strong> als sein Vorg\u00e4nger. So ausgestattet erzeugt er eine <strong>diffuse und homogene indirekte Beleuchtung<\/strong>, die es ihm erm\u00f6glicht, Reflexionen perfekt zu unterdr\u00fccken, und somit eine fehlerlose Qualit\u00e4tspr\u00fcfung auf gew\u00f6lbten und gl\u00e4nzenden Oberfl\u00e4chen durchzuf\u00fchren.<\/p>\n<p><!-- wp:paragraph --><\/p>\n<p>Der SMALL SDOME II wird au\u00dferdem zum Lesen von Strichcodes oder 2D-Codes empfohlen. Sein raffiniertes <strong>Clips-System<\/strong> erm\u00f6glicht eine perfekte Anpassung des \u00d6ffnungsdurchmessers, der sich an der Spitze des Domes der Kameraobjektive befindet.<\/p>\n<p><!-- \/wp:paragraph --><\/p>\n<p><!-- wp:paragraph --><\/p>\n<p>Er ist in <strong>zwei Gr\u00f6\u00dfen<\/strong> verf\u00fcgbar (80 mm und 130 mm) und erf\u00fcllt die Industriestandards, nat\u00fcrlich auch beim Anschluss (M12-Steckverbindungen).<\/p>\n<p><!-- \/wp:paragraph --><\/p>\n","protected":false},"featured_media":24046,"comment_status":"closed","ping_status":"closed","template":"","meta":{"_seopress_robots_primary_cat":"none","_seopress_titles_title":"Small SDOME II - Dome lights by TPL Vision","_seopress_titles_desc":"","_seopress_robots_index":"","_monsterinsights_skip_tracking":false,"_monsterinsights_sitenote_active":false,"_monsterinsights_sitenote_note":"","_monsterinsights_sitenote_category":0},"product_cat":[77,504],"product_tag":[],"_links":{"self":[{"href":"https:\/\/www.tpl-vision.com\/de\/wp-json\/wp\/v2\/product\/2219"}],"collection":[{"href":"https:\/\/www.tpl-vision.com\/de\/wp-json\/wp\/v2\/product"}],"about":[{"href":"https:\/\/www.tpl-vision.com\/de\/wp-json\/wp\/v2\/types\/product"}],"replies":[{"embeddable":true,"href":"https:\/\/www.tpl-vision.com\/de\/wp-json\/wp\/v2\/comments?post=2219"}],"wp:featuredmedia":[{"embeddable":true,"href":"https:\/\/www.tpl-vision.com\/de\/wp-json\/wp\/v2\/media\/24046"}],"wp:attachment":[{"href":"https:\/\/www.tpl-vision.com\/de\/wp-json\/wp\/v2\/media?parent=2219"}],"wp:term":[{"taxonomy":"product_cat","embeddable":true,"href":"https:\/\/www.tpl-vision.com\/de\/wp-json\/wp\/v2\/product_cat?post=2219"},{"taxonomy":"product_tag","embeddable":true,"href":"https:\/\/www.tpl-vision.com\/de\/wp-json\/wp\/v2\/product_tag?post=2219"}],"curies":[{"name":"wp","href":"https:\/\/api.w.org\/{rel}","templated":true}]}}