{"id":2223,"date":"2022-10-20T14:43:02","date_gmt":"2022-10-20T12:43:02","guid":{"rendered":"https:\/\/www.tpl-vision.com\/overview\/unkategorisiert\/medium-mfdome-overdrive\/"},"modified":"2026-03-30T15:41:35","modified_gmt":"2026-03-30T13:41:35","slug":"medium-mfdome-overdrive","status":"publish","type":"product","link":"https:\/\/www.tpl-vision.com\/de\/uberblick\/dom-beleuchtungen\/flache-dom-beleuchtungen\/medium-mfdome-overdrive\/","title":{"rendered":"Medium MFDOME+ OverDrive"},"content":{"rendered":"\n<p>Der Anwender hat \u00fcbrigens bei der <strong>Position des Steckers<\/strong> gro\u00dfe Freiheit, was den Einbau in jede beliebige Fertigungslinie m\u00f6glich macht. At the basis of the connector, <strong>2 LED<\/strong> <strong>indicators<\/strong> show if the product is powered and if the strobe mode is on. <\/p>\n\n<ul>\n<li>LEISTUNGSSTARKE &amp; HOMOGENE,<\/li>\n\n\n\n<li>ULTRA-THIN BORDERS,<\/li>\n\n\n\n<li>RISING TIME: 25 \u03bcs.<\/li>\n<\/ul>\n\n<div style=\"height:30px\" aria-hidden=\"true\" class=\"wp-block-spacer\"><\/div>\n\n<h2 class=\"wp-block-heading\">Technische Informationen<\/h2>\n\n<p><em>Bitte klicken Sie auf die nachfolgenden Tabs.<\/em><\/p>\n\n<div class=\"wp-block-pb-accordion-item c-accordion__item js-accordion-item no-js\" data-initially-open=\"false\" data-click-to-close=\"true\" data-auto-close=\"true\" data-scroll=\"false\" data-scroll-offset=\"0\"><h3 id=\"at-21460\" class=\"c-accordion__title js-accordion-controller\" role=\"button\">Beleuchtungsmethode<\/h3><div id=\"ac-21460\" class=\"c-accordion__content\">\n<figure class=\"wp-block-image size-full\"><img fetchpriority=\"high\" decoding=\"async\" width=\"300\" height=\"300\" src=\"https:\/\/www.tpl-vision.com\/wp-content\/uploads\/2022\/10\/TPL_LightingMethod_DIRECT_FLAT_DOME-300x300-1.jpeg\" alt=\"\" class=\"wp-image-2387\" srcset=\"https:\/\/www.tpl-vision.com\/wp-content\/uploads\/2022\/10\/TPL_LightingMethod_DIRECT_FLAT_DOME-300x300-1.jpeg 300w, https:\/\/www.tpl-vision.com\/wp-content\/uploads\/2022\/10\/TPL_LightingMethod_DIRECT_FLAT_DOME-300x300-1-150x150.jpeg 150w, https:\/\/www.tpl-vision.com\/wp-content\/uploads\/2022\/10\/TPL_LightingMethod_DIRECT_FLAT_DOME-300x300-1-175x175.jpeg 175w, https:\/\/www.tpl-vision.com\/wp-content\/uploads\/2022\/10\/TPL_LightingMethod_DIRECT_FLAT_DOME-300x300-1-50x50.jpeg 50w, https:\/\/www.tpl-vision.com\/wp-content\/uploads\/2022\/10\/TPL_LightingMethod_DIRECT_FLAT_DOME-300x300-1-100x100.jpeg 100w, https:\/\/www.tpl-vision.com\/wp-content\/uploads\/2022\/10\/TPL_LightingMethod_DIRECT_FLAT_DOME-300x300-1-40x40.jpeg 40w, https:\/\/www.tpl-vision.com\/wp-content\/uploads\/2022\/10\/TPL_LightingMethod_DIRECT_FLAT_DOME-300x300-1-55x55.jpeg 55w\" sizes=\"(max-width: 300px) 100vw, 300px\" \/><\/figure>\n<\/div><\/div>\n\n<div class=\"wp-block-pb-accordion-item c-accordion__item js-accordion-item no-js\" data-initially-open=\"false\"><h3 id=\"at-21466\" class=\"c-accordion__title js-accordion-controller\" role=\"button\">Flat dome comparison<\/h3><div id=\"ac-21466\" class=\"c-accordion__content\">\n\n<figure class=\"wp-block-table\"><table><tbody><tr><td><\/td><td><strong>MFDOME+<\/strong><\/td><td><strong>HPFDOME<\/strong><\/td><\/tr><tr><td>Sizes<\/td><td>200&#215;200 mm to 900&#215;900, or 1900 x 400mm<\/td><td>200&#215;200 mm to 900&#215;900, or 1900 x 400mm<\/td><\/tr><tr><td>Modes<\/td><td>Continuous and Strobe OverDrive<\/td><td>Continuous and Strobe<\/td><\/tr><tr><td>Brightness level<\/td><td>Up to 32 kLux in CW<br\/>Up to 61 kLux in OverDrive<\/td><td>Up to 45 kLux in CW<\/td><\/tr><tr><td>Rise and fall time<\/td><td>25 \u03bcs and 15 \u03bcs<\/td><td>15\u03bcs and 10\u03bcs<\/td><\/tr><tr><td>OverDrive<\/td><td>Yes<\/td><td>No<\/td><\/tr><tr><td>Connector<\/td><td>M12 T-Power 4-P<\/td><td>M12 5-P with remote dimming control<\/td><\/tr><tr><td>Connector position<\/td><td>Flexible, see technical sheet<\/td><td>Flexible, see technical sheet<\/td><\/tr><tr><td>IP Protection<\/td><td>IP40<\/td><td>IP40<\/td><\/tr><tr><td>Customisation options<\/td><td>No<\/td><td>Sondergr\u00f6\u00dfen in 1 cm Schritten m\u00f6glich. Zweilochausf\u00fchrung auf Anfrage erh\u00e4ltlich. <\/td><\/tr><\/tbody><\/table><\/figure>\n\n<\/div><\/div>\n\n<div class=\"wp-block-pb-accordion-item c-accordion__item js-accordion-item no-js\" data-initially-open=\"false\" data-click-to-close=\"true\" data-auto-close=\"true\" data-scroll=\"false\" data-scroll-offset=\"0\"><h3 id=\"at-21461\" class=\"c-accordion__title js-accordion-controller\" role=\"button\">Bestellnummer<\/h3><div id=\"ac-21461\" class=\"c-accordion__content\">\n<figure class=\"wp-block-image size-full\"><a href=\"https:\/\/www.tpl-vision.com\/wp-content\/uploads\/2023\/01\/TPL_MFDOME_PLUS_Reference_Builder_DE.jpg\"><img decoding=\"async\" src=\"https:\/\/www.tpl-vision.com\/wp-content\/uploads\/2023\/01\/TPL_MFDOME_PLUS_Reference_Builder_DE.jpg\" alt=\"\" class=\"wp-image-9295\"\/><\/a><\/figure>\n<\/div><\/div>\n","protected":false},"excerpt":{"rendered":"<p>Mit seiner gleichzeitig <strong>kr\u00e4ftigen<\/strong> und <strong>diffusen<\/strong> Beleuchtung ist der Medium Flat <strong>MFDOME+<\/strong> <strong>Overdrive<\/strong> f\u00fcr zahlreiche Anwendungen bei der industriellen Bildverarbeitung geeignet. Er ist insbesondere f\u00fcr die Erkennung von Teilen, die Hervorhebung von thermisch geformten Produkten sowie die Verbesserung von Kontrasten zwischen Werkstoffen in einem Beh\u00e4lter angepasst. Die Lichtst\u00e4rke kann nat\u00fcrlich auch verringert werden. Der <strong>MFDOME+<\/strong> kann im Dauerbetrieb oder Puls-Modus betrieben werden, mit \u00e4u\u00dferst kurzen Anstiegszeiten: <strong>25 \u03bcs<\/strong> und <strong>15 \u03bcs<\/strong>.  <\/p>\n<p>Der MFDOME+ mit <strong>seinen sehr d\u00fcnnen<\/strong> R\u00e4ndern verbreitet ein <strong>sehr gleichf\u00f6rmiges Licht<\/strong>, selbst von den R\u00e4ndern. Das hei\u00dft, st\u00f6rende Hot Spots der LEDs sucht man vergeblich! Er ist <strong>\u00e4u\u00dferst d\u00fcnn<\/strong> und besitzt in der Mitte Platz, um das <strong>Kameraobjektiv einzusetzen<\/strong>. And using the TPL Vision mounting accessories (in option), you can <strong>easily integrate<\/strong> it thanks to the <strong>mounting plate<\/strong>.  <\/p>\n","protected":false},"featured_media":24040,"comment_status":"closed","ping_status":"closed","template":"","meta":{"_seopress_robots_primary_cat":"none","_seopress_titles_title":"MFDOME+ OverDrive \u2013 Fl\u00e4chenbeleuchtungen von TPL Vision","_seopress_titles_desc":"","_seopress_robots_index":"","_monsterinsights_skip_tracking":false,"_monsterinsights_sitenote_active":false,"_monsterinsights_sitenote_note":"","_monsterinsights_sitenote_category":0},"product_cat":[77,505],"product_tag":[],"_links":{"self":[{"href":"https:\/\/www.tpl-vision.com\/de\/wp-json\/wp\/v2\/product\/2223"}],"collection":[{"href":"https:\/\/www.tpl-vision.com\/de\/wp-json\/wp\/v2\/product"}],"about":[{"href":"https:\/\/www.tpl-vision.com\/de\/wp-json\/wp\/v2\/types\/product"}],"replies":[{"embeddable":true,"href":"https:\/\/www.tpl-vision.com\/de\/wp-json\/wp\/v2\/comments?post=2223"}],"wp:featuredmedia":[{"embeddable":true,"href":"https:\/\/www.tpl-vision.com\/de\/wp-json\/wp\/v2\/media\/24040"}],"wp:attachment":[{"href":"https:\/\/www.tpl-vision.com\/de\/wp-json\/wp\/v2\/media?parent=2223"}],"wp:term":[{"taxonomy":"product_cat","embeddable":true,"href":"https:\/\/www.tpl-vision.com\/de\/wp-json\/wp\/v2\/product_cat?post=2223"},{"taxonomy":"product_tag","embeddable":true,"href":"https:\/\/www.tpl-vision.com\/de\/wp-json\/wp\/v2\/product_tag?post=2223"}],"curies":[{"name":"wp","href":"https:\/\/api.w.org\/{rel}","templated":true}]}}