{"id":2225,"date":"2022-10-20T14:40:39","date_gmt":"2022-10-20T12:40:39","guid":{"rendered":"https:\/\/www.tpl-vision.com\/overview\/unkategorisiert\/large-ldome\/"},"modified":"2026-03-30T15:43:48","modified_gmt":"2026-03-30T13:43:48","slug":"large-ldome","status":"publish","type":"product","link":"https:\/\/www.tpl-vision.com\/de\/uberblick\/dom-beleuchtungen\/dom-beleuchtungen-2\/large-ldome\/","title":{"rendered":"Large LDOME"},"content":{"rendered":"\n<h2 class=\"wp-block-heading\">Technische Informationen<\/h2>\n\n<p><em>Bitte klicken Sie auf die nachfolgenden Tabs.<\/em><\/p>\n\n<div class=\"wp-block-pb-accordion-item c-accordion__item js-accordion-item no-js\" data-initially-open=\"false\" data-click-to-close=\"true\" data-auto-close=\"true\" data-scroll=\"false\" data-scroll-offset=\"0\"><h3 id=\"at-21420\" class=\"c-accordion__title js-accordion-controller\" role=\"button\">Beleuchtungsmethode<\/h3><div id=\"ac-21420\" class=\"c-accordion__content\">\n<figure class=\"wp-block-image size-full is-resized\"><img fetchpriority=\"high\" decoding=\"async\" src=\"https:\/\/www.tpl-vision.com\/wp-content\/uploads\/2022\/10\/TPL_LightingMethod_DOME_2.jpg\" alt=\"\" class=\"wp-image-3316\" width=\"334\" height=\"334\" srcset=\"https:\/\/www.tpl-vision.com\/wp-content\/uploads\/2022\/10\/TPL_LightingMethod_DOME_2.jpg 500w, https:\/\/www.tpl-vision.com\/wp-content\/uploads\/2022\/10\/TPL_LightingMethod_DOME_2-300x300.jpg 300w, https:\/\/www.tpl-vision.com\/wp-content\/uploads\/2022\/10\/TPL_LightingMethod_DOME_2-150x150.jpg 150w, https:\/\/www.tpl-vision.com\/wp-content\/uploads\/2022\/10\/TPL_LightingMethod_DOME_2-360x360.jpg 360w, https:\/\/www.tpl-vision.com\/wp-content\/uploads\/2022\/10\/TPL_LightingMethod_DOME_2-175x175.jpg 175w, https:\/\/www.tpl-vision.com\/wp-content\/uploads\/2022\/10\/TPL_LightingMethod_DOME_2-50x50.jpg 50w, https:\/\/www.tpl-vision.com\/wp-content\/uploads\/2022\/10\/TPL_LightingMethod_DOME_2-100x100.jpg 100w, https:\/\/www.tpl-vision.com\/wp-content\/uploads\/2022\/10\/TPL_LightingMethod_DOME_2-40x40.jpg 40w, https:\/\/www.tpl-vision.com\/wp-content\/uploads\/2022\/10\/TPL_LightingMethod_DOME_2-55x55.jpg 55w\" sizes=\"(max-width: 334px) 100vw, 334px\" \/><\/figure>\n<\/div><\/div>\n\n<div class=\"wp-block-pb-accordion-item c-accordion__item js-accordion-item no-js\" data-initially-open=\"false\" data-click-to-close=\"true\" data-auto-close=\"true\" data-scroll=\"false\" data-scroll-offset=\"0\"><h3 id=\"at-21421\" class=\"c-accordion__title js-accordion-controller\" role=\"button\">Bestellnummer<\/h3><div id=\"ac-21421\" class=\"c-accordion__content\">\n<figure class=\"wp-block-image size-full\"><a href=\"https:\/\/www.tpl-vision.com\/wp-content\/uploads\/2023\/01\/TPL_LDOME_Reference_Builder_DE.jpg\"><img decoding=\"async\" src=\"https:\/\/www.tpl-vision.com\/wp-content\/uploads\/2023\/01\/TPL_LDOME_Reference_Builder_DE.jpg\" alt=\"\" class=\"wp-image-9304\"\/><\/a><\/figure>\n<\/div><\/div>\n","protected":false},"excerpt":{"rendered":"<p>Der <strong>LARGE LDOME<\/strong> ist der <strong>gr\u00f6\u00dfte Dome<\/strong> der TPL Vision Produktpalette. Er kann im Dauerbetrieb oder Puls-Modus betrieben werden und erzeugt ein <strong>besonders diffuses, indirektes Licht.<\/strong> Wenn Sie gew\u00f6lbte oder gl\u00e4nzende Oberfl\u00e4chen beleuchten m\u00fcssen, kommen Sie am LDOME nicht vorbei.<\/p>\n<p><!-- wp:paragraph --><\/p>\n<p>Er entfaltet sein ganzes Potenzial im Bereich der <strong>Robotik<\/strong> (z. B. Positionierhilfe) und der <strong>Qualit\u00e4tskontrolle<\/strong> (z. B. Oberfl\u00e4chenfehler, Lesen verschiedener Arten von Markierungen, Materialm\u00e4ngel).<\/p>\n<p><!-- \/wp:paragraph --><\/p>\n<p><!-- wp:list --><\/p>\n<ul>\n<li>Gr\u00f6\u00dfter Dome<\/li>\n<li>Dauer- oder Blitzbetrieb<\/li>\n<li>Verschiedenen Wellenl\u00e4ngen<\/li>\n<\/ul>\n<p><!-- \/wp:list --><\/p>\n","protected":false},"featured_media":24049,"comment_status":"closed","ping_status":"closed","template":"","meta":{"_seopress_robots_primary_cat":"none","_seopress_titles_title":"Large LDOME - Dome lights by TPL Vision","_seopress_titles_desc":"","_seopress_robots_index":"","_monsterinsights_skip_tracking":false,"_monsterinsights_sitenote_active":false,"_monsterinsights_sitenote_note":"","_monsterinsights_sitenote_category":0},"product_cat":[77,504],"product_tag":[],"_links":{"self":[{"href":"https:\/\/www.tpl-vision.com\/de\/wp-json\/wp\/v2\/product\/2225"}],"collection":[{"href":"https:\/\/www.tpl-vision.com\/de\/wp-json\/wp\/v2\/product"}],"about":[{"href":"https:\/\/www.tpl-vision.com\/de\/wp-json\/wp\/v2\/types\/product"}],"replies":[{"embeddable":true,"href":"https:\/\/www.tpl-vision.com\/de\/wp-json\/wp\/v2\/comments?post=2225"}],"wp:featuredmedia":[{"embeddable":true,"href":"https:\/\/www.tpl-vision.com\/de\/wp-json\/wp\/v2\/media\/24049"}],"wp:attachment":[{"href":"https:\/\/www.tpl-vision.com\/de\/wp-json\/wp\/v2\/media?parent=2225"}],"wp:term":[{"taxonomy":"product_cat","embeddable":true,"href":"https:\/\/www.tpl-vision.com\/de\/wp-json\/wp\/v2\/product_cat?post=2225"},{"taxonomy":"product_tag","embeddable":true,"href":"https:\/\/www.tpl-vision.com\/de\/wp-json\/wp\/v2\/product_tag?post=2225"}],"curies":[{"name":"wp","href":"https:\/\/api.w.org\/{rel}","templated":true}]}}