{"id":2227,"date":"2022-10-20T14:39:19","date_gmt":"2022-10-20T12:39:19","guid":{"rendered":"https:\/\/www.tpl-vision.com\/overview\/unkategorisiert\/high-power-hpfdome\/"},"modified":"2026-03-30T15:41:04","modified_gmt":"2026-03-30T13:41:04","slug":"high-power-hpfdome","status":"publish","type":"product","link":"https:\/\/www.tpl-vision.com\/de\/uberblick\/dom-beleuchtungen\/flache-dom-beleuchtungen\/high-power-hpfdome\/","title":{"rendered":"High Power HPFDOME"},"content":{"rendered":"\n<ul>\n<li>Lichtleistung bis zu <strong>45 klux*,<\/strong><\/li>\n<\/ul>\n\n<ul>\n<li>Standard-<strong>M12-5-pin<\/strong> anschluss mit dimming-funktion Kundenspezifische gr\u00f6\u00dfen erh\u00e4ltlich mit je 1-cm-ma\u00dferweiterung in l\u00e4nge und breite,<\/li>\n<\/ul>\n\n<ul>\n<li>Kundenspezifische gr\u00f6\u00dfen erh\u00e4ltlich mit je <strong>1-cm-<\/strong>ma\u00dferweiterung in l\u00e4nge und breite.<\/li>\n<\/ul>\n\n<div style=\"height:20px\" aria-hidden=\"true\" class=\"wp-block-spacer\"><\/div>\n<div class=\"wp-block-image\">\n<figure class=\"aligncenter size-full\"><a href=\"https:\/\/www.tpl-vision.com\/wp-content\/uploads\/2022\/10\/TPL_HPDOME_1.jpeg\"><img fetchpriority=\"high\" decoding=\"async\" width=\"800\" height=\"600\" src=\"https:\/\/www.tpl-vision.com\/wp-content\/uploads\/2022\/10\/TPL_HPDOME_1.jpeg\" alt=\"\" class=\"wp-image-2364\" srcset=\"https:\/\/www.tpl-vision.com\/wp-content\/uploads\/2022\/10\/TPL_HPDOME_1.jpeg 800w, https:\/\/www.tpl-vision.com\/wp-content\/uploads\/2022\/10\/TPL_HPDOME_1-300x225.jpeg 300w, https:\/\/www.tpl-vision.com\/wp-content\/uploads\/2022\/10\/TPL_HPDOME_1-768x576.jpeg 768w, https:\/\/www.tpl-vision.com\/wp-content\/uploads\/2022\/10\/TPL_HPDOME_1-600x450.jpeg 600w, https:\/\/www.tpl-vision.com\/wp-content\/uploads\/2022\/10\/TPL_HPDOME_1-175x131.jpeg 175w, https:\/\/www.tpl-vision.com\/wp-content\/uploads\/2022\/10\/TPL_HPDOME_1-40x30.jpeg 40w, https:\/\/www.tpl-vision.com\/wp-content\/uploads\/2022\/10\/TPL_HPDOME_1-55x41.jpeg 55w, https:\/\/www.tpl-vision.com\/wp-content\/uploads\/2022\/10\/TPL_HPDOME_1-100x75.jpeg 100w\" sizes=\"(max-width: 800px) 100vw, 800px\" \/><\/a><\/figure><\/div>\n<div style=\"height:20px\" aria-hidden=\"true\" class=\"wp-block-spacer\"><\/div>\n\n<p>Wie alle TPL Vision-Produkte verf\u00fcgt auch die <strong>HPFDOME<\/strong>-Leuchte \u00fcber einen integrierten Stromregler und eine <strong>Garantie von 3 Jahren.<\/strong> Die HPFDOME ist mit einer robusten Montageplatte ausgestattet und verf\u00fcgt \u00fcber einen Kameradurchbruch geeignet f\u00fcr Anwendungen mit allen Kameratypen (die Option f\u00fcr mehr als eine \u00d6ffnung \/ mehr als einen Kameradurchbruch ist m\u00f6glich). Die R\u00e4nder rund um die gesamte Umhausung sind nur <strong>4 mm<\/strong> breit und gew\u00e4hren somit eine gro\u00dfe und homogene Beleuchtungsfl\u00e4che (<strong>85% Homogenit\u00e4t)<\/strong>.<\/p>\n\n<div style=\"height:20px\" aria-hidden=\"true\" class=\"wp-block-spacer\"><\/div>\n\n<h2 class=\"wp-block-heading\">Technische Informationen<\/h2>\n\n<p><em>Bitte klicken Sie auf die nachfolgenden Tabs.<\/em><\/p>\n\n<div class=\"wp-block-pb-accordion-item c-accordion__item js-accordion-item no-js\" data-initially-open=\"false\" data-click-to-close=\"true\" data-auto-close=\"true\" data-scroll=\"false\" data-scroll-offset=\"0\"><h3 id=\"at-21260\" class=\"c-accordion__title js-accordion-controller\" role=\"button\">Beleuchtungsmethode<\/h3><div id=\"ac-21260\" class=\"c-accordion__content\">\n<figure class=\"wp-block-image size-full is-resized\"><img decoding=\"async\" width=\"300\" height=\"300\" src=\"https:\/\/www.tpl-vision.com\/wp-content\/uploads\/2022\/10\/TPL_LightingMethod_DIRECT_FLAT_DOME-300x300-1.jpeg\" alt=\"\" class=\"wp-image-2387\" style=\"width:339px;height:339px\" srcset=\"https:\/\/www.tpl-vision.com\/wp-content\/uploads\/2022\/10\/TPL_LightingMethod_DIRECT_FLAT_DOME-300x300-1.jpeg 300w, https:\/\/www.tpl-vision.com\/wp-content\/uploads\/2022\/10\/TPL_LightingMethod_DIRECT_FLAT_DOME-300x300-1-150x150.jpeg 150w, https:\/\/www.tpl-vision.com\/wp-content\/uploads\/2022\/10\/TPL_LightingMethod_DIRECT_FLAT_DOME-300x300-1-175x175.jpeg 175w, https:\/\/www.tpl-vision.com\/wp-content\/uploads\/2022\/10\/TPL_LightingMethod_DIRECT_FLAT_DOME-300x300-1-50x50.jpeg 50w, https:\/\/www.tpl-vision.com\/wp-content\/uploads\/2022\/10\/TPL_LightingMethod_DIRECT_FLAT_DOME-300x300-1-100x100.jpeg 100w, https:\/\/www.tpl-vision.com\/wp-content\/uploads\/2022\/10\/TPL_LightingMethod_DIRECT_FLAT_DOME-300x300-1-40x40.jpeg 40w, https:\/\/www.tpl-vision.com\/wp-content\/uploads\/2022\/10\/TPL_LightingMethod_DIRECT_FLAT_DOME-300x300-1-55x55.jpeg 55w\" sizes=\"(max-width: 300px) 100vw, 300px\" \/><\/figure>\n<\/div><\/div>\n\n<div class=\"wp-block-pb-accordion-item c-accordion__item js-accordion-item no-js\" data-initially-open=\"false\" data-click-to-close=\"true\" data-auto-close=\"true\" data-scroll=\"false\" data-scroll-offset=\"0\"><h3 id=\"at-21261\" class=\"c-accordion__title js-accordion-controller\" role=\"button\">Gr\u00f6ssenauswahl<\/h3><div id=\"ac-21261\" class=\"c-accordion__content\"><div class=\"wp-block-image\">\n<figure class=\"aligncenter size-full\"><a href=\"https:\/\/www.tpl-vision.com\/wp-content\/uploads\/2023\/01\/TPL_High_Power_HPFDOME_Size_DE.jpg\"><img decoding=\"async\" src=\"https:\/\/www.tpl-vision.com\/wp-content\/uploads\/2023\/01\/TPL_High_Power_HPFDOME_Size_DE.jpg\" alt=\"\" class=\"wp-image-10238\"\/><\/a><\/figure><\/div><\/div><\/div>\n\n<div class=\"wp-block-pb-accordion-item c-accordion__item js-accordion-item no-js\" data-initially-open=\"false\" data-click-to-close=\"true\" data-auto-close=\"true\" data-scroll=\"false\" data-scroll-offset=\"0\"><h3 id=\"at-21262\" class=\"c-accordion__title js-accordion-controller\" role=\"button\">Schaltplan<\/h3><div id=\"ac-21262\" class=\"c-accordion__content\">\n<figure class=\"wp-block-image size-full\"><img decoding=\"async\" src=\"https:\/\/www.tpl-vision.com\/wp-content\/uploads\/2023\/01\/TPL_High_Power_HPFDOME_connector_DE.jpg\" alt=\"\" class=\"wp-image-10241\"\/><\/figure>\n<\/div><\/div>\n\n<div class=\"wp-block-pb-accordion-item c-accordion__item js-accordion-item no-js\" data-initially-open=\"false\"><h3 id=\"at-21264\" class=\"c-accordion__title js-accordion-controller\" role=\"button\">Flat dome comparison<\/h3><div id=\"ac-21264\" class=\"c-accordion__content\">\n<figure class=\"wp-block-table\"><table><tbody><tr><td><\/td><td><strong>MFDOME+<\/strong><\/td><td><strong>HPFDOME<\/strong><\/td><\/tr><tr><td>Sizes<\/td><td>200&#215;200 mm to 900&#215;900, or 1900 x 400mm<\/td><td>200&#215;200 mm to 900&#215;900, or 1900 x 400mm<\/td><\/tr><tr><td>Modes<\/td><td>Continuous and Strobe OverDrive<\/td><td>Continuous and Strobe<\/td><\/tr><tr><td>Brightness level<\/td><td>Up to 32 kLux in CW<br\/>Up to 61 kLux in OverDrive<\/td><td>Up to 45 kLux in CW<\/td><\/tr><tr><td>Rise and fall time<\/td><td>25 \u03bcs and 15 \u03bcs<\/td><td>15\u03bcs and 10\u03bcs<\/td><\/tr><tr><td>OverDrive<\/td><td>Yes<\/td><td>No<\/td><\/tr><tr><td>Connector<\/td><td>M12 T-Power 4-P<\/td><td>M12 5-P with remote dimming control<\/td><\/tr><tr><td>Connector position<\/td><td>Flexible, see technical sheet<\/td><td>Flexible, see technical sheet<\/td><\/tr><tr><td>IP Protection<\/td><td>IP40<\/td><td>IP40<\/td><\/tr><tr><td>Customisation options<\/td><td>No<\/td><td>Sondergr\u00f6\u00dfen in 1 cm Schritten m\u00f6glich. Zweilochausf\u00fchrung auf Anfrage erh\u00e4ltlich. <\/td><\/tr><\/tbody><\/table><\/figure>\n<\/div><\/div>\n\n<div class=\"wp-block-pb-accordion-item c-accordion__item js-accordion-item no-js\" data-initially-open=\"false\" data-click-to-close=\"true\" data-auto-close=\"true\" data-scroll=\"false\" data-scroll-offset=\"0\"><h3 id=\"at-21263\" class=\"c-accordion__title js-accordion-controller\" role=\"button\">Bestellnummer<\/h3><div id=\"ac-21263\" class=\"c-accordion__content\"><div class=\"wp-block-image\">\n<figure class=\"aligncenter size-full\"><a href=\"https:\/\/www.tpl-vision.com\/wp-content\/uploads\/2023\/01\/TPL_HPFDOME_Reference_Builder_DE.jpg\"><img decoding=\"async\" src=\"https:\/\/www.tpl-vision.com\/wp-content\/uploads\/2023\/01\/TPL_HPFDOME_Reference_Builder_DE.jpg\" alt=\"\" class=\"wp-image-9292\"\/><\/a><\/figure><\/div><\/div><\/div>\n","protected":false},"excerpt":{"rendered":"<p>Die <strong>HPFDOME<\/strong> ist eine leistungsstarke <strong>Flachdome-Leuchte<\/strong> f\u00fcr die Anwendung im Bereich Machine Vision. Dieses Produkt ist die Weiterentwicklung der bew\u00e4hrten Flachdome-Leuchte MFDOME+ Standard von <strong>TPL VISION<\/strong> und bietet folgende <strong>signifikante Produktverbesserungen<\/strong>:<\/p>\n<p>Lichtleistung bis zu <strong>45 kLux<\/strong>*, <strong>neuer Anschluss<\/strong>, der die Integration einfacher und kosteng\u00fcnstiger macht, <strong>k\u00fcrzere Startzeiten und Nachleuchtzeiten<\/strong> von <strong>15 \u03bcs<\/strong> bzw. <strong>10 \u03bcs<\/strong> (<strong>40%-ige Verbesserung<\/strong> *), sowie vom Benutzer definierte kundenspezifische Gr\u00f6\u00dfen erh\u00e4ltlich mit je <strong>1-cm<\/strong>-Ma\u00dferweiterung in L\u00e4nge und Breite (<em>von 200 x 200 mm<\/em> bis zu <em>500 x 500 mm<\/em> oder <em>1000<\/em> x <em>200 mm<\/em>).<\/p>\n<p>Das robuste Aluminiumgeh\u00e4use des Produkts kann in Gr\u00f6\u00dfen von <strong>200 x 200 mm<\/strong> bis zu <strong>900 x 900 mm<\/strong> oder <strong>1900 x 400 mm<\/strong> hergestellt werden. Diese Beleuchtungsl\u00f6sung mit Spitzenleistungen eignet sich bestens f\u00fcr Fl\u00e4chenbeleuchtungen im Bereich der <strong>Roboteranwendungen<\/strong> wie Pick &amp; Place \u2013 Aufgaben \/ \u201cGreifen und Ablegen\u201c, sowie bei Logistikanwendungen, die stabile Bilder einer gro\u00dfen Sichtfeldfl\u00e4che erfordern. Erh\u00e4ltlich ist das Produkt mit Lichtfarben <strong>Rot, Wei\u00df<\/strong> und <strong>Infrarot<\/strong>, und zus\u00e4tzlich verf\u00fcgt es \u00fcber hocheffiziente Linsen, die so ausgelegt sind, dass sie die h\u00f6chste Helligkeit und gleichm\u00e4\u00dfige Lichtverteilung f\u00fcr eine perfekte Dome-Beleuchtung liefern.<\/p>\n<p>(* <em>gemessen im kontinuierlichen Modus an der Oberfl\u00e4che mit der WEISSEN LED-Version des Produkts<\/em>).<\/p>\n","protected":false},"featured_media":24037,"comment_status":"closed","ping_status":"closed","template":"","meta":{"_seopress_robots_primary_cat":"none","_seopress_titles_title":"High Power HPFDOME - Flat dome lights by TPL Vision","_seopress_titles_desc":"","_seopress_robots_index":"","_monsterinsights_skip_tracking":false,"_monsterinsights_sitenote_active":false,"_monsterinsights_sitenote_note":"","_monsterinsights_sitenote_category":0},"product_cat":[77,505],"product_tag":[],"_links":{"self":[{"href":"https:\/\/www.tpl-vision.com\/de\/wp-json\/wp\/v2\/product\/2227"}],"collection":[{"href":"https:\/\/www.tpl-vision.com\/de\/wp-json\/wp\/v2\/product"}],"about":[{"href":"https:\/\/www.tpl-vision.com\/de\/wp-json\/wp\/v2\/types\/product"}],"replies":[{"embeddable":true,"href":"https:\/\/www.tpl-vision.com\/de\/wp-json\/wp\/v2\/comments?post=2227"}],"wp:featuredmedia":[{"embeddable":true,"href":"https:\/\/www.tpl-vision.com\/de\/wp-json\/wp\/v2\/media\/24037"}],"wp:attachment":[{"href":"https:\/\/www.tpl-vision.com\/de\/wp-json\/wp\/v2\/media?parent=2227"}],"wp:term":[{"taxonomy":"product_cat","embeddable":true,"href":"https:\/\/www.tpl-vision.com\/de\/wp-json\/wp\/v2\/product_cat?post=2227"},{"taxonomy":"product_tag","embeddable":true,"href":"https:\/\/www.tpl-vision.com\/de\/wp-json\/wp\/v2\/product_tag?post=2227"}],"curies":[{"name":"wp","href":"https:\/\/api.w.org\/{rel}","templated":true}]}}