{"id":2229,"date":"2022-10-20T14:36:59","date_gmt":"2022-10-20T12:36:59","guid":{"rendered":"https:\/\/www.tpl-vision.com\/overview\/unkategorisiert\/fluorescence-imaging-solution-fis\/"},"modified":"2026-03-30T15:40:32","modified_gmt":"2026-03-30T13:40:32","slug":"fluorescence-imaging-solution","status":"publish","type":"product","link":"https:\/\/www.tpl-vision.com\/de\/uberblick\/dom-beleuchtungen\/dom-beleuchtungen-2\/fluorescence-imaging-solution\/","title":{"rendered":"Fluorescence Imaging Solution"},"content":{"rendered":"\n<h2 class=\"wp-block-heading\">Anwendungsbeispiele<\/h2>\n\n<div style=\"height:15px\" aria-hidden=\"true\" class=\"wp-block-spacer\"><\/div>\n\n<div class=\"wp-block-columns is-layout-flex wp-container-core-columns-layout-1 wp-block-columns-is-layout-flex\">\n<div class=\"wp-block-column is-layout-flow wp-block-column-is-layout-flow\">\n<figure class=\"wp-block-image size-full\"><a href=\"https:\/\/www.tpl-vision.com\/wp-content\/uploads\/2022\/10\/TPL_FIS_Application_1.jpeg\"><img fetchpriority=\"high\" decoding=\"async\" width=\"800\" height=\"600\" src=\"https:\/\/www.tpl-vision.com\/wp-content\/uploads\/2022\/10\/TPL_FIS_Application_1.jpeg\" alt=\"\" class=\"wp-image-2316\" srcset=\"https:\/\/www.tpl-vision.com\/wp-content\/uploads\/2022\/10\/TPL_FIS_Application_1.jpeg 800w, https:\/\/www.tpl-vision.com\/wp-content\/uploads\/2022\/10\/TPL_FIS_Application_1-300x225.jpeg 300w, https:\/\/www.tpl-vision.com\/wp-content\/uploads\/2022\/10\/TPL_FIS_Application_1-768x576.jpeg 768w, https:\/\/www.tpl-vision.com\/wp-content\/uploads\/2022\/10\/TPL_FIS_Application_1-600x450.jpeg 600w, https:\/\/www.tpl-vision.com\/wp-content\/uploads\/2022\/10\/TPL_FIS_Application_1-175x131.jpeg 175w, https:\/\/www.tpl-vision.com\/wp-content\/uploads\/2022\/10\/TPL_FIS_Application_1-40x30.jpeg 40w, https:\/\/www.tpl-vision.com\/wp-content\/uploads\/2022\/10\/TPL_FIS_Application_1-55x41.jpeg 55w, https:\/\/www.tpl-vision.com\/wp-content\/uploads\/2022\/10\/TPL_FIS_Application_1-100x75.jpeg 100w\" sizes=\"(max-width: 800px) 100vw, 800px\" \/><\/a><figcaption class=\"wp-element-caption\">2D-Datamatrix-Code<\/figcaption><\/figure>\n<\/div>\n\n\n\n<div class=\"wp-block-column is-layout-flow wp-block-column-is-layout-flow\">\n<figure class=\"wp-block-image size-full\"><a href=\"https:\/\/www.tpl-vision.com\/wp-content\/uploads\/2022\/10\/TPL_FIS_Application_2.jpeg\"><img decoding=\"async\" width=\"800\" height=\"600\" src=\"https:\/\/www.tpl-vision.com\/wp-content\/uploads\/2022\/10\/TPL_FIS_Application_2.jpeg\" alt=\"\" class=\"wp-image-2319\" srcset=\"https:\/\/www.tpl-vision.com\/wp-content\/uploads\/2022\/10\/TPL_FIS_Application_2.jpeg 800w, https:\/\/www.tpl-vision.com\/wp-content\/uploads\/2022\/10\/TPL_FIS_Application_2-300x225.jpeg 300w, https:\/\/www.tpl-vision.com\/wp-content\/uploads\/2022\/10\/TPL_FIS_Application_2-768x576.jpeg 768w, https:\/\/www.tpl-vision.com\/wp-content\/uploads\/2022\/10\/TPL_FIS_Application_2-600x450.jpeg 600w, https:\/\/www.tpl-vision.com\/wp-content\/uploads\/2022\/10\/TPL_FIS_Application_2-175x131.jpeg 175w, https:\/\/www.tpl-vision.com\/wp-content\/uploads\/2022\/10\/TPL_FIS_Application_2-40x30.jpeg 40w, https:\/\/www.tpl-vision.com\/wp-content\/uploads\/2022\/10\/TPL_FIS_Application_2-55x41.jpeg 55w, https:\/\/www.tpl-vision.com\/wp-content\/uploads\/2022\/10\/TPL_FIS_Application_2-100x75.jpeg 100w\" sizes=\"(max-width: 800px) 100vw, 800px\" \/><\/a><figcaption class=\"wp-element-caption\">Industrieller Chargencode<\/figcaption><\/figure>\n<\/div>\n<\/div>\n\n<div class=\"wp-block-columns is-layout-flex wp-container-core-columns-layout-2 wp-block-columns-is-layout-flex\">\n<div class=\"wp-block-column is-layout-flow wp-block-column-is-layout-flow\">\n<figure class=\"wp-block-image size-full\"><a href=\"https:\/\/www.tpl-vision.com\/wp-content\/uploads\/2022\/10\/TPL_FIS_Application_3.jpeg\"><img decoding=\"async\" width=\"800\" height=\"600\" src=\"https:\/\/www.tpl-vision.com\/wp-content\/uploads\/2022\/10\/TPL_FIS_Application_3.jpeg\" alt=\"\" class=\"wp-image-2322\" srcset=\"https:\/\/www.tpl-vision.com\/wp-content\/uploads\/2022\/10\/TPL_FIS_Application_3.jpeg 800w, https:\/\/www.tpl-vision.com\/wp-content\/uploads\/2022\/10\/TPL_FIS_Application_3-300x225.jpeg 300w, https:\/\/www.tpl-vision.com\/wp-content\/uploads\/2022\/10\/TPL_FIS_Application_3-768x576.jpeg 768w, https:\/\/www.tpl-vision.com\/wp-content\/uploads\/2022\/10\/TPL_FIS_Application_3-600x450.jpeg 600w, https:\/\/www.tpl-vision.com\/wp-content\/uploads\/2022\/10\/TPL_FIS_Application_3-175x131.jpeg 175w, https:\/\/www.tpl-vision.com\/wp-content\/uploads\/2022\/10\/TPL_FIS_Application_3-40x30.jpeg 40w, https:\/\/www.tpl-vision.com\/wp-content\/uploads\/2022\/10\/TPL_FIS_Application_3-55x41.jpeg 55w, https:\/\/www.tpl-vision.com\/wp-content\/uploads\/2022\/10\/TPL_FIS_Application_3-100x75.jpeg 100w\" sizes=\"(max-width: 800px) 100vw, 800px\" \/><\/a><figcaption class=\"wp-element-caption\">UV-Kleberkontrolle<\/figcaption><\/figure>\n<\/div>\n\n\n\n<div class=\"wp-block-column is-layout-flow wp-block-column-is-layout-flow\">\n<figure class=\"wp-block-image size-full\"><a href=\"https:\/\/www.tpl-vision.com\/wp-content\/uploads\/2022\/10\/TPL_FIS_Application_4.jpeg\"><img loading=\"lazy\" decoding=\"async\" width=\"800\" height=\"600\" src=\"https:\/\/www.tpl-vision.com\/wp-content\/uploads\/2022\/10\/TPL_FIS_Application_4.jpeg\" alt=\"\" class=\"wp-image-2325\" srcset=\"https:\/\/www.tpl-vision.com\/wp-content\/uploads\/2022\/10\/TPL_FIS_Application_4.jpeg 800w, https:\/\/www.tpl-vision.com\/wp-content\/uploads\/2022\/10\/TPL_FIS_Application_4-300x225.jpeg 300w, https:\/\/www.tpl-vision.com\/wp-content\/uploads\/2022\/10\/TPL_FIS_Application_4-768x576.jpeg 768w, https:\/\/www.tpl-vision.com\/wp-content\/uploads\/2022\/10\/TPL_FIS_Application_4-600x450.jpeg 600w, https:\/\/www.tpl-vision.com\/wp-content\/uploads\/2022\/10\/TPL_FIS_Application_4-175x131.jpeg 175w, https:\/\/www.tpl-vision.com\/wp-content\/uploads\/2022\/10\/TPL_FIS_Application_4-40x30.jpeg 40w, https:\/\/www.tpl-vision.com\/wp-content\/uploads\/2022\/10\/TPL_FIS_Application_4-55x41.jpeg 55w, https:\/\/www.tpl-vision.com\/wp-content\/uploads\/2022\/10\/TPL_FIS_Application_4-100x75.jpeg 100w\" sizes=\"(max-width: 800px) 100vw, 800px\" \/><\/a><figcaption class=\"wp-element-caption\">Exakte Stempelpr\u00fcfung<\/figcaption><\/figure>\n<\/div>\n<\/div>\n\n<h2 class=\"wp-block-heading\">Produktdemonstration<\/h2>\n\n<figure class=\"wp-block-embed is-type-video is-provider-vimeo wp-block-embed-vimeo wp-embed-aspect-16-9 wp-has-aspect-ratio\"><div class=\"wp-block-embed__wrapper\">\n<iframe title=\"Fluorescence Imaging Solution product introduction\" src=\"https:\/\/player.vimeo.com\/video\/715489861?h=c1be2f4874&amp;dnt=1&amp;app_id=122963\" width=\"800\" height=\"450\" frameborder=\"0\" allow=\"autoplay; fullscreen; picture-in-picture\" allowfullscreen><\/iframe>\n<\/div><\/figure>\n\n<div style=\"height:30px\" aria-hidden=\"true\" class=\"wp-block-spacer\"><\/div>\n\n<h2 class=\"wp-block-heading\">Gewinner des Innovationspreises<\/h2>\n\n<figure class=\"wp-block-image size-full\"><img loading=\"lazy\" decoding=\"async\" width=\"710\" height=\"420\" src=\"https:\/\/www.tpl-vision.com\/wp-content\/uploads\/2023\/05\/TPL_FIS_VSD_Award.jpg\" alt=\"fluorescence imaging solution\" class=\"wp-image-13265\" srcset=\"https:\/\/www.tpl-vision.com\/wp-content\/uploads\/2023\/05\/TPL_FIS_VSD_Award.jpg 710w, https:\/\/www.tpl-vision.com\/wp-content\/uploads\/2023\/05\/TPL_FIS_VSD_Award-300x177.jpg 300w, https:\/\/www.tpl-vision.com\/wp-content\/uploads\/2023\/05\/TPL_FIS_VSD_Award-600x355.jpg 600w, https:\/\/www.tpl-vision.com\/wp-content\/uploads\/2023\/05\/TPL_FIS_VSD_Award-175x104.jpg 175w, https:\/\/www.tpl-vision.com\/wp-content\/uploads\/2023\/05\/TPL_FIS_VSD_Award-40x24.jpg 40w, https:\/\/www.tpl-vision.com\/wp-content\/uploads\/2023\/05\/TPL_FIS_VSD_Award-55x33.jpg 55w, https:\/\/www.tpl-vision.com\/wp-content\/uploads\/2023\/05\/TPL_FIS_VSD_Award-100x59.jpg 100w\" sizes=\"(max-width: 710px) 100vw, 710px\" \/><\/figure>\n\n<p>The Vision Systems Design Innovators Awards program recognises the most innovative products and services in the vision and image processing industry. The Fluorescence Imaging Solution won a Bronze award in 2023. <\/p>\n\n<div style=\"height:30px\" aria-hidden=\"true\" class=\"wp-block-spacer\"><\/div>\n\n<h2 class=\"wp-block-heading\">Technische Informationen<\/h2>\n\n<p>Bitte klicken Sie auf die nachfolgenden Tabs.<\/p>\n\n<div class=\"wp-block-pb-accordion-item c-accordion__item js-accordion-item no-js\" data-initially-open=\"false\" data-click-to-close=\"true\" data-auto-close=\"true\" data-scroll=\"false\" data-scroll-offset=\"0\"><h3 id=\"at-21100\" class=\"c-accordion__title js-accordion-controller\" role=\"button\">Beleuchtungsmethode<\/h3><div id=\"ac-21100\" class=\"c-accordion__content\">\n<figure class=\"wp-block-image size-full is-resized\"><img loading=\"lazy\" decoding=\"async\" src=\"https:\/\/www.tpl-vision.com\/wp-content\/uploads\/2022\/10\/TPL_LightingMethod_DOME_2.jpg\" alt=\"\" class=\"wp-image-3316\" width=\"334\" height=\"334\" srcset=\"https:\/\/www.tpl-vision.com\/wp-content\/uploads\/2022\/10\/TPL_LightingMethod_DOME_2.jpg 500w, https:\/\/www.tpl-vision.com\/wp-content\/uploads\/2022\/10\/TPL_LightingMethod_DOME_2-300x300.jpg 300w, https:\/\/www.tpl-vision.com\/wp-content\/uploads\/2022\/10\/TPL_LightingMethod_DOME_2-150x150.jpg 150w, https:\/\/www.tpl-vision.com\/wp-content\/uploads\/2022\/10\/TPL_LightingMethod_DOME_2-360x360.jpg 360w, https:\/\/www.tpl-vision.com\/wp-content\/uploads\/2022\/10\/TPL_LightingMethod_DOME_2-175x175.jpg 175w, https:\/\/www.tpl-vision.com\/wp-content\/uploads\/2022\/10\/TPL_LightingMethod_DOME_2-50x50.jpg 50w, https:\/\/www.tpl-vision.com\/wp-content\/uploads\/2022\/10\/TPL_LightingMethod_DOME_2-100x100.jpg 100w, https:\/\/www.tpl-vision.com\/wp-content\/uploads\/2022\/10\/TPL_LightingMethod_DOME_2-40x40.jpg 40w, https:\/\/www.tpl-vision.com\/wp-content\/uploads\/2022\/10\/TPL_LightingMethod_DOME_2-55x55.jpg 55w\" sizes=\"(max-width: 334px) 100vw, 334px\" \/><\/figure>\n<\/div><\/div>\n\n<div class=\"wp-block-pb-accordion-item c-accordion__item js-accordion-item no-js\" data-initially-open=\"false\" data-click-to-close=\"true\" data-auto-close=\"true\" data-scroll=\"false\" data-scroll-offset=\"0\"><h3 id=\"at-21101\" class=\"c-accordion__title js-accordion-controller\" role=\"button\">Bestellnummer<\/h3><div id=\"ac-21101\" class=\"c-accordion__content\">\n<figure class=\"wp-block-image size-full\"><a href=\"https:\/\/www.tpl-vision.com\/wp-content\/uploads\/2023\/01\/TPL_Fluorescence_Imaging_Solution_Reference_Builder_EN.jpg\"><img loading=\"lazy\" decoding=\"async\" width=\"650\" height=\"473\" src=\"https:\/\/www.tpl-vision.com\/wp-content\/uploads\/2023\/01\/TPL_Fluorescence_Imaging_Solution_Reference_Builder_EN.jpg\" alt=\"\" class=\"wp-image-9289\" srcset=\"https:\/\/www.tpl-vision.com\/wp-content\/uploads\/2023\/01\/TPL_Fluorescence_Imaging_Solution_Reference_Builder_EN.jpg 650w, https:\/\/www.tpl-vision.com\/wp-content\/uploads\/2023\/01\/TPL_Fluorescence_Imaging_Solution_Reference_Builder_EN-300x218.jpg 300w, https:\/\/www.tpl-vision.com\/wp-content\/uploads\/2023\/01\/TPL_Fluorescence_Imaging_Solution_Reference_Builder_EN-600x437.jpg 600w, https:\/\/www.tpl-vision.com\/wp-content\/uploads\/2023\/01\/TPL_Fluorescence_Imaging_Solution_Reference_Builder_EN-175x127.jpg 175w, https:\/\/www.tpl-vision.com\/wp-content\/uploads\/2023\/01\/TPL_Fluorescence_Imaging_Solution_Reference_Builder_EN-40x29.jpg 40w, https:\/\/www.tpl-vision.com\/wp-content\/uploads\/2023\/01\/TPL_Fluorescence_Imaging_Solution_Reference_Builder_EN-55x40.jpg 55w, https:\/\/www.tpl-vision.com\/wp-content\/uploads\/2023\/01\/TPL_Fluorescence_Imaging_Solution_Reference_Builder_EN-100x73.jpg 100w\" sizes=\"(max-width: 650px) 100vw, 650px\" \/><\/a><\/figure>\n<\/div><\/div>\n\n<div style=\"height:30px\" aria-hidden=\"true\" class=\"wp-block-spacer\"><\/div>\n\n<h2 class=\"wp-block-heading\">FAQ<\/h2>\n\n<div class=\"wp-block-pb-accordion-item c-accordion__item js-accordion-item no-js\" data-initially-open=\"false\" data-click-to-close=\"true\" data-auto-close=\"false\" data-scroll=\"false\" data-scroll-offset=\"0\"><h3 id=\"at-21102\" class=\"c-accordion__title js-accordion-controller\" role=\"button\">What is UV light?<\/h3><div id=\"ac-21102\" class=\"c-accordion__content\">\n<p class=\"has-text-align-left\">UV (ultraviolet) rays are electromagnetic radiations situated between <strong>280 and 400 nm<\/strong>. Although invisible for the human eye, these can be observed by fluorescence imaging. When submitted to UV wavelengths, fluorescent substances <strong>absorb<\/strong> and <strong>re-emit<\/strong> UV light as visible, longer wavelength <strong>radiation<\/strong>, typically blue (470 nm) or green (525nm). This can be inspected by a <strong>camera<\/strong> through the use of <strong>filters<\/strong> to block out any unwanted UV wavelengths.<\/p>\n<\/div><\/div>\n\n<div class=\"wp-block-pb-accordion-item c-accordion__item js-accordion-item no-js\" data-initially-open=\"false\" data-click-to-close=\"true\" data-auto-close=\"false\" data-scroll=\"false\" data-scroll-offset=\"0\"><h3 id=\"at-21103\" class=\"c-accordion__title js-accordion-controller\" role=\"button\">How is UV light used?<\/h3><div id=\"ac-21103\" class=\"c-accordion__content\">\n<p>Common ultraviolet light uses include <strong>medical<\/strong> and <strong>industrial processes<\/strong> used for disinfection and hygiene control, as well as <strong>commercial<\/strong> applications detecting security inks and fluorescent anti-counterfeiting packaging features. UV-fluorescent security markings are used to fight <strong>counterfeiting<\/strong> in the form of 2D codes, barcodes, alpha numeric codes, images and graphics, safeguarding brand authenticity and supporting supply chain tracking. Depending on the type of ink used, these features can become fluorescent at a <strong>wide range of UV wavelengths<\/strong>, but more specialised types of inks will only react to a narrow band of wavelengths. Traceability logos and codes come with the ability of embedding <strong>various types of information<\/strong> (batch numbers, inspection results, etc.) without affecting the design of the product packaging.<\/p>\n\n\n\n<figure class=\"wp-block-image size-full\"><img loading=\"lazy\" decoding=\"async\" width=\"768\" height=\"512\" src=\"https:\/\/www.tpl-vision.com\/wp-content\/uploads\/2022\/10\/Rupees_UV-FIS-TPLVision.jpeg\" alt=\"\" class=\"wp-image-2335\" srcset=\"https:\/\/www.tpl-vision.com\/wp-content\/uploads\/2022\/10\/Rupees_UV-FIS-TPLVision.jpeg 768w, https:\/\/www.tpl-vision.com\/wp-content\/uploads\/2022\/10\/Rupees_UV-FIS-TPLVision-300x200.jpeg 300w, https:\/\/www.tpl-vision.com\/wp-content\/uploads\/2022\/10\/Rupees_UV-FIS-TPLVision-600x400.jpeg 600w, https:\/\/www.tpl-vision.com\/wp-content\/uploads\/2022\/10\/Rupees_UV-FIS-TPLVision-175x117.jpeg 175w, https:\/\/www.tpl-vision.com\/wp-content\/uploads\/2022\/10\/Rupees_UV-FIS-TPLVision-40x27.jpeg 40w, https:\/\/www.tpl-vision.com\/wp-content\/uploads\/2022\/10\/Rupees_UV-FIS-TPLVision-55x37.jpeg 55w, https:\/\/www.tpl-vision.com\/wp-content\/uploads\/2022\/10\/Rupees_UV-FIS-TPLVision-100x67.jpeg 100w\" sizes=\"(max-width: 768px) 100vw, 768px\" \/><\/figure>\n<\/div><\/div>\n\n<div class=\"wp-block-pb-accordion-item c-accordion__item js-accordion-item no-js\" data-initially-open=\"false\" data-click-to-close=\"true\" data-auto-close=\"false\" data-scroll=\"false\" data-scroll-offset=\"0\"><h3 id=\"at-21104\" class=\"c-accordion__title js-accordion-controller\" role=\"button\">What are UV printed security features?<\/h3><div id=\"ac-21104\" class=\"c-accordion__content\">\n<p>UV inks are often used as enhanced security features for <strong>identity documents<\/strong> such as cards and passports, as well as for <strong>excise stamps<\/strong>. These usually combine <strong>overt<\/strong> (visible to the naked eye) and <strong>covert<\/strong> (only visible using a tool) features. Covert features such as UV-fluorescent text or symbols make it harder to create counterfeits but are still easily detectable for verification purposes.<\/p>\n\n\n\n<div class=\"wp-block-columns is-layout-flex wp-container-core-columns-layout-3 wp-block-columns-is-layout-flex\">\n<div class=\"wp-block-column is-layout-flow wp-block-column-is-layout-flow\"><div class=\"wp-block-image\">\n<figure class=\"aligncenter size-full\"><img loading=\"lazy\" decoding=\"async\" width=\"300\" height=\"300\" src=\"https:\/\/www.tpl-vision.com\/wp-content\/uploads\/2022\/10\/fis-faq-uv.jpeg\" alt=\"\" class=\"wp-image-2329\" srcset=\"https:\/\/www.tpl-vision.com\/wp-content\/uploads\/2022\/10\/fis-faq-uv.jpeg 300w, https:\/\/www.tpl-vision.com\/wp-content\/uploads\/2022\/10\/fis-faq-uv-150x150.jpeg 150w, https:\/\/www.tpl-vision.com\/wp-content\/uploads\/2022\/10\/fis-faq-uv-100x100.jpeg 100w, https:\/\/www.tpl-vision.com\/wp-content\/uploads\/2022\/10\/fis-faq-uv-50x50.jpeg 50w, https:\/\/www.tpl-vision.com\/wp-content\/uploads\/2022\/10\/fis-faq-uv-40x40.jpeg 40w, https:\/\/www.tpl-vision.com\/wp-content\/uploads\/2022\/10\/fis-faq-uv-55x55.jpeg 55w\" sizes=\"(max-width: 300px) 100vw, 300px\" \/><\/figure><\/div><\/div>\n\n\n\n<div class=\"wp-block-column is-layout-flow wp-block-column-is-layout-flow\"><div class=\"wp-block-image\">\n<figure class=\"aligncenter size-full\"><img loading=\"lazy\" decoding=\"async\" width=\"300\" height=\"300\" src=\"https:\/\/www.tpl-vision.com\/wp-content\/uploads\/2022\/10\/fis-faq-uv-2.jpeg\" alt=\"\" class=\"wp-image-2332\" srcset=\"https:\/\/www.tpl-vision.com\/wp-content\/uploads\/2022\/10\/fis-faq-uv-2.jpeg 300w, https:\/\/www.tpl-vision.com\/wp-content\/uploads\/2022\/10\/fis-faq-uv-2-150x150.jpeg 150w, https:\/\/www.tpl-vision.com\/wp-content\/uploads\/2022\/10\/fis-faq-uv-2-175x175.jpeg 175w, https:\/\/www.tpl-vision.com\/wp-content\/uploads\/2022\/10\/fis-faq-uv-2-50x50.jpeg 50w, https:\/\/www.tpl-vision.com\/wp-content\/uploads\/2022\/10\/fis-faq-uv-2-100x100.jpeg 100w, https:\/\/www.tpl-vision.com\/wp-content\/uploads\/2022\/10\/fis-faq-uv-2-40x40.jpeg 40w, https:\/\/www.tpl-vision.com\/wp-content\/uploads\/2022\/10\/fis-faq-uv-2-55x55.jpeg 55w\" sizes=\"(max-width: 300px) 100vw, 300px\" \/><\/figure><\/div><\/div>\n<\/div>\n<\/div><\/div>\n","protected":false},"excerpt":{"rendered":"<p align=\"justify\">TPL Vision&#8217;s <strong>Fluorescence Imaging Solution*<\/strong> (FIS) ist eine flexible <strong>Mehrwellenl\u00e4ngen-UV-Domleuchte<\/strong>, die f\u00fcr Anwendungen in der <strong>Authentifizierung<\/strong>, <strong>R\u00fcckverfolgbarkeit<\/strong> und <strong>Fluoreszenzinspektion<\/strong> geeignet ist. Aufgrund ihres einzigartigen Designs, das Benutzern erm\u00f6glicht, mehrere UV-Wellenl\u00e4ngen (<strong>UV365<\/strong>, <strong>UV395<\/strong> und <strong>UV405<\/strong>) zu testen und auszuw\u00e4hlen, eignet sich das FIS f\u00fcr die Inspektion von <strong>Banknoten<\/strong> und Steuerzeichen sowie f\u00fcr die Pr\u00fcfung verschiedener <strong>UV-Sicherheits- und<\/strong> <strong>Markenschutzmerkmale<\/strong>, die bei pharmazeutischen Produkten, Elektronik und Luxusg\u00fctern wie Parfums und Aftershaves, Tabak- und Alkoholprodukten sowie Designermarken verwendet werden.<\/p>\n<p align=\"justify\"><strong>Das FIS<\/strong> ist mit <strong>jeder Kamera<\/strong> im sichtbaren Spektrum kompatibel und bietet eine Komplettl\u00f6sung f\u00fcr UV-Anwendungen, die zudem die Sicherheit der Bediener maximiert, indem direkte UV-Strahlung durch <strong>die Kuppel<\/strong> und <strong>den integrierten Filter<\/strong> blockiert wird.<\/p>\n<ul>\n<li>Leistungsstarkes Blitz-Betrieb mit integrierter Steuerung f\u00fcr einfache Einrichtung<\/li>\n<li>Homogener Kuppel-Effekt mit propriet\u00e4rer Oberfl\u00e4chenveredelung, geeignet f\u00fcr komplexe Oberfl\u00e4chen wie Glas und gl\u00e4nzende Metalle<\/li>\n<li>Sicher f\u00fcr Bediener dank Kuppel und Filter, die direkte UV-Strahlung blockieren<\/li>\n<li>All-in-one UV-L\u00f6sung mit integriertem LP415-Filter, einfach die Kamera platzieren<\/li>\n<\/ul>\n<p>*Patent angemeldet<\/p>\n","protected":false},"featured_media":24034,"comment_status":"closed","ping_status":"closed","template":"","meta":{"_seopress_robots_primary_cat":"none","_seopress_titles_title":"Fluorescence Imaging Solution - Dome lights by TPL Vision","_seopress_titles_desc":"All in one multi-UV solution, for code reading and vision applications. UV365, 395 & 405 nm wavelength dome light. ","_seopress_robots_index":"","_monsterinsights_skip_tracking":false,"_monsterinsights_sitenote_active":false,"_monsterinsights_sitenote_note":"","_monsterinsights_sitenote_category":0},"product_cat":[77,504],"product_tag":[],"_links":{"self":[{"href":"https:\/\/www.tpl-vision.com\/de\/wp-json\/wp\/v2\/product\/2229"}],"collection":[{"href":"https:\/\/www.tpl-vision.com\/de\/wp-json\/wp\/v2\/product"}],"about":[{"href":"https:\/\/www.tpl-vision.com\/de\/wp-json\/wp\/v2\/types\/product"}],"replies":[{"embeddable":true,"href":"https:\/\/www.tpl-vision.com\/de\/wp-json\/wp\/v2\/comments?post=2229"}],"wp:featuredmedia":[{"embeddable":true,"href":"https:\/\/www.tpl-vision.com\/de\/wp-json\/wp\/v2\/media\/24034"}],"wp:attachment":[{"href":"https:\/\/www.tpl-vision.com\/de\/wp-json\/wp\/v2\/media?parent=2229"}],"wp:term":[{"taxonomy":"product_cat","embeddable":true,"href":"https:\/\/www.tpl-vision.com\/de\/wp-json\/wp\/v2\/product_cat?post=2229"},{"taxonomy":"product_tag","embeddable":true,"href":"https:\/\/www.tpl-vision.com\/de\/wp-json\/wp\/v2\/product_tag?post=2229"}],"curies":[{"name":"wp","href":"https:\/\/api.w.org\/{rel}","templated":true}]}}