{"id":2243,"date":"2022-10-20T12:32:00","date_gmt":"2022-10-20T10:32:00","guid":{"rendered":"https:\/\/www.tpl-vision.com\/overview\/unkategorisiert\/tring\/"},"modified":"2026-03-30T15:39:34","modified_gmt":"2026-03-30T13:39:34","slug":"tring","status":"publish","type":"product","link":"https:\/\/www.tpl-vision.com\/de\/uberblick\/ringbeleuchtungen\/tring\/","title":{"rendered":"TRING"},"content":{"rendered":"\n<h2 class=\"wp-block-heading\">Technische Informationen<\/h2>\n\n<p><em>Bitte klicken Sie auf die nachfolgenden Tabs.<\/em><\/p>\n\n<div class=\"wp-block-pb-accordion-item c-accordion__item js-accordion-item no-js\" data-initially-open=\"false\" data-click-to-close=\"true\" data-auto-close=\"true\" data-scroll=\"false\" data-scroll-offset=\"0\"><h3 id=\"at-20540\" class=\"c-accordion__title js-accordion-controller\" role=\"button\">Beleuchtungsmethode<\/h3><div id=\"ac-20540\" class=\"c-accordion__content\">\n<figure class=\"wp-block-image size-full is-resized\"><img fetchpriority=\"high\" decoding=\"async\" width=\"500\" height=\"500\" src=\"https:\/\/www.tpl-vision.com\/wp-content\/uploads\/2022\/10\/TPL_LightingMethod_RING_DIRECT.jpg\" alt=\"\" class=\"wp-image-2761\" style=\"width:381px;height:381px\" srcset=\"https:\/\/www.tpl-vision.com\/wp-content\/uploads\/2022\/10\/TPL_LightingMethod_RING_DIRECT.jpg 500w, https:\/\/www.tpl-vision.com\/wp-content\/uploads\/2022\/10\/TPL_LightingMethod_RING_DIRECT-300x300.jpg 300w, https:\/\/www.tpl-vision.com\/wp-content\/uploads\/2022\/10\/TPL_LightingMethod_RING_DIRECT-150x150.jpg 150w, https:\/\/www.tpl-vision.com\/wp-content\/uploads\/2022\/10\/TPL_LightingMethod_RING_DIRECT-100x100.jpg 100w, https:\/\/www.tpl-vision.com\/wp-content\/uploads\/2022\/10\/TPL_LightingMethod_RING_DIRECT-50x50.jpg 50w, https:\/\/www.tpl-vision.com\/wp-content\/uploads\/2022\/10\/TPL_LightingMethod_RING_DIRECT-40x40.jpg 40w, https:\/\/www.tpl-vision.com\/wp-content\/uploads\/2022\/10\/TPL_LightingMethod_RING_DIRECT-55x55.jpg 55w\" sizes=\"(max-width: 500px) 100vw, 500px\" \/><\/figure>\n<\/div><\/div>\n\n<div class=\"wp-block-pb-accordion-item c-accordion__item js-accordion-item no-js\" data-initially-open=\"false\" data-click-to-close=\"true\" data-auto-close=\"true\" data-scroll=\"false\" data-scroll-offset=\"0\"><h3 id=\"at-20541\" class=\"c-accordion__title js-accordion-controller\" role=\"button\">Beleuchtungsbereiche<\/h3><div id=\"ac-20541\" class=\"c-accordion__content\">\n<figure class=\"wp-block-image size-full is-resized\"><img decoding=\"async\" src=\"https:\/\/www.tpl-vision.com\/wp-content\/uploads\/2023\/01\/TPL_TRING_Lighting_Area_DE.jpg\" alt=\"\" class=\"wp-image-10205\" style=\"width:585px;height:479px\"\/><\/figure>\n<\/div><\/div>\n\n<div class=\"wp-block-pb-accordion-item c-accordion__item js-accordion-item no-js\" data-initially-open=\"false\" data-click-to-close=\"true\" data-auto-close=\"true\" data-scroll=\"false\" data-scroll-offset=\"0\"><h3 id=\"at-20542\" class=\"c-accordion__title js-accordion-controller\" role=\"button\">Bestellnummer<\/h3><div id=\"ac-20542\" class=\"c-accordion__content\">\n<figure class=\"wp-block-image size-full\"><a href=\"https:\/\/www.tpl-vision.com\/wp-content\/uploads\/2025\/04\/TPL_TRING_RefBuilder_DE.png\"><img decoding=\"async\" src=\"https:\/\/www.tpl-vision.com\/wp-content\/uploads\/2025\/04\/TPL_TRING_RefBuilder_DE.png\" alt=\"tring\" class=\"wp-image-20563\"\/><\/a><\/figure>\n<\/div><\/div>\n","protected":false},"excerpt":{"rendered":"<p>Der mit <strong>9 Power-LEDs<\/strong> best\u00fcckte <strong>TRING<\/strong> ist ein Miniaturring, der insbesondere f\u00fcr die diffuse Beleuchtung runder Fl\u00e4chen entwickelt wurde. Er wird \u00fcber ein Kabel von einer geregelten <strong>Stromquelle<\/strong> versorgt, mit anderen Worten, der konstante Strom sorgt f\u00fcr eine stabile Beleuchtung.<\/p>\n<ul>\n<li>9 Power-LEDs<\/li>\n<li>Autonom<\/li>\n<li>Dauer- oder Blitzbetrieb<\/li>\n<\/ul>\n<p>Der TRING besitzt au\u00dferdem einen M12-Stecker f\u00fcr einfachen Anschluss in Fertigungslinien. Egal ob im <strong>Dauerbetrieb<\/strong> oder <strong>Puls-Modus<\/strong>, der TRING ist der perfekte Begleiter einer Kamera bei ihren <strong>Qualit\u00e4tspr\u00fcfungs-Aufgaben<\/strong>: Codelesen, Anwesenheits-\/Abwesenheitskontrolle, Oberfl\u00e4chenpr\u00fcfung&#8230;<\/p>\n","protected":false},"featured_media":24031,"comment_status":"closed","ping_status":"closed","template":"","meta":{"_seopress_robots_primary_cat":"none","_seopress_titles_title":"","_seopress_titles_desc":"Compact ring light for confined spaces. 9 powerful LEDs for machine vision and automation applications. ","_seopress_robots_index":"","_monsterinsights_skip_tracking":false,"_monsterinsights_sitenote_active":false,"_monsterinsights_sitenote_note":"","_monsterinsights_sitenote_category":0},"product_cat":[82],"product_tag":[],"_links":{"self":[{"href":"https:\/\/www.tpl-vision.com\/de\/wp-json\/wp\/v2\/product\/2243"}],"collection":[{"href":"https:\/\/www.tpl-vision.com\/de\/wp-json\/wp\/v2\/product"}],"about":[{"href":"https:\/\/www.tpl-vision.com\/de\/wp-json\/wp\/v2\/types\/product"}],"replies":[{"embeddable":true,"href":"https:\/\/www.tpl-vision.com\/de\/wp-json\/wp\/v2\/comments?post=2243"}],"wp:featuredmedia":[{"embeddable":true,"href":"https:\/\/www.tpl-vision.com\/de\/wp-json\/wp\/v2\/media\/24031"}],"wp:attachment":[{"href":"https:\/\/www.tpl-vision.com\/de\/wp-json\/wp\/v2\/media?parent=2243"}],"wp:term":[{"taxonomy":"product_cat","embeddable":true,"href":"https:\/\/www.tpl-vision.com\/de\/wp-json\/wp\/v2\/product_cat?post=2243"},{"taxonomy":"product_tag","embeddable":true,"href":"https:\/\/www.tpl-vision.com\/de\/wp-json\/wp\/v2\/product_tag?post=2243"}],"curies":[{"name":"wp","href":"https:\/\/api.w.org\/{rel}","templated":true}]}}