{"id":2253,"date":"2022-10-20T11:10:49","date_gmt":"2022-10-20T09:10:49","guid":{"rendered":"https:\/\/www.tpl-vision.com\/overview\/unkategorisiert\/small-sback-ii\/"},"modified":"2026-03-30T15:14:50","modified_gmt":"2026-03-30T13:14:50","slug":"small-sback-ii","status":"publish","type":"product","link":"https:\/\/www.tpl-vision.com\/de\/uberblick\/flaechenbeleuchtungen\/small-sback-ii\/","title":{"rendered":"Small SBACK II"},"content":{"rendered":"\n<h2 class=\"wp-block-heading\">Wie Man w\u00e4hlt ?<\/h2>\n\n<figure class=\"wp-block-image size-large\"><img fetchpriority=\"high\" decoding=\"async\" width=\"1024\" height=\"460\" src=\"https:\/\/www.tpl-vision.com\/wp-content\/uploads\/2022\/10\/How_to_Choose_EN-1024x460.png\" alt=\"\" class=\"wp-image-3046\" srcset=\"https:\/\/www.tpl-vision.com\/wp-content\/uploads\/2022\/10\/How_to_Choose_EN-1024x460.png 1024w, https:\/\/www.tpl-vision.com\/wp-content\/uploads\/2022\/10\/How_to_Choose_EN-300x135.png 300w, https:\/\/www.tpl-vision.com\/wp-content\/uploads\/2022\/10\/How_to_Choose_EN-768x345.png 768w, https:\/\/www.tpl-vision.com\/wp-content\/uploads\/2022\/10\/How_to_Choose_EN-600x270.png 600w, https:\/\/www.tpl-vision.com\/wp-content\/uploads\/2022\/10\/How_to_Choose_EN-175x79.png 175w, https:\/\/www.tpl-vision.com\/wp-content\/uploads\/2022\/10\/How_to_Choose_EN-40x18.png 40w, https:\/\/www.tpl-vision.com\/wp-content\/uploads\/2022\/10\/How_to_Choose_EN-55x25.png 55w, https:\/\/www.tpl-vision.com\/wp-content\/uploads\/2022\/10\/How_to_Choose_EN-100x45.png 100w, https:\/\/www.tpl-vision.com\/wp-content\/uploads\/2022\/10\/How_to_Choose_EN.png 1181w\" sizes=\"(max-width: 1024px) 100vw, 1024px\" \/><\/figure>\n\n<div style=\"height:30px\" aria-hidden=\"true\" class=\"wp-block-spacer\"><\/div>\n\n<h2 class=\"wp-block-heading\">Technische Informationen<\/h2>\n\n<p><em>Bitte klicken Sie auf die nachfolgenden Tabs.<\/em><\/p>\n\n<div class=\"wp-block-pb-accordion-item c-accordion__item js-accordion-item no-js\" data-initially-open=\"false\" data-click-to-close=\"true\" data-auto-close=\"true\" data-scroll=\"false\" data-scroll-offset=\"0\"><h3 id=\"at-19830\" class=\"c-accordion__title js-accordion-controller\" role=\"button\">Beleuchtungsmethode<\/h3><div id=\"ac-19830\" class=\"c-accordion__content\">\n<figure class=\"wp-block-image size-full\"><img decoding=\"async\" width=\"300\" height=\"300\" src=\"https:\/\/www.tpl-vision.com\/wp-content\/uploads\/2022\/10\/TPL_LightingMethod_BACKLIGHT_2-300x300-1.jpg\" alt=\"\" class=\"wp-image-1542\" srcset=\"https:\/\/www.tpl-vision.com\/wp-content\/uploads\/2022\/10\/TPL_LightingMethod_BACKLIGHT_2-300x300-1.jpg 300w, https:\/\/www.tpl-vision.com\/wp-content\/uploads\/2022\/10\/TPL_LightingMethod_BACKLIGHT_2-300x300-1-150x150.jpg 150w, https:\/\/www.tpl-vision.com\/wp-content\/uploads\/2022\/10\/TPL_LightingMethod_BACKLIGHT_2-300x300-1-175x175.jpg 175w, https:\/\/www.tpl-vision.com\/wp-content\/uploads\/2022\/10\/TPL_LightingMethod_BACKLIGHT_2-300x300-1-50x50.jpg 50w, https:\/\/www.tpl-vision.com\/wp-content\/uploads\/2022\/10\/TPL_LightingMethod_BACKLIGHT_2-300x300-1-100x100.jpg 100w, https:\/\/www.tpl-vision.com\/wp-content\/uploads\/2022\/10\/TPL_LightingMethod_BACKLIGHT_2-300x300-1-40x40.jpg 40w, https:\/\/www.tpl-vision.com\/wp-content\/uploads\/2022\/10\/TPL_LightingMethod_BACKLIGHT_2-300x300-1-55x55.jpg 55w\" sizes=\"(max-width: 300px) 100vw, 300px\" \/><\/figure>\n<\/div><\/div>\n\n<div class=\"wp-block-pb-accordion-item c-accordion__item js-accordion-item no-js\" data-initially-open=\"false\" data-click-to-close=\"true\" data-auto-close=\"true\" data-scroll=\"false\" data-scroll-offset=\"0\"><h3 id=\"at-19831\" class=\"c-accordion__title js-accordion-controller\" role=\"button\">Bestellnummer<\/h3><div id=\"ac-19831\" class=\"c-accordion__content\">\n<figure class=\"wp-block-image size-full\"><a href=\"https:\/\/www.tpl-vision.com\/wp-content\/uploads\/2023\/01\/TPL_SBACK_II_Reference_Builder_DE.jpg\"><img decoding=\"async\" src=\"https:\/\/www.tpl-vision.com\/wp-content\/uploads\/2023\/01\/TPL_SBACK_II_Reference_Builder_DE.jpg\" alt=\"\" class=\"wp-image-9307\"\/><\/a><\/figure>\n<\/div><\/div>\n","protected":false},"excerpt":{"rendered":"<p>Der <strong>SMALL SBACK II<\/strong> mit seinen <strong>schmalen R\u00e4ndern<\/strong> ist ein schlankes Backlight, das trotzdem nicht auf <strong>Leistungsst\u00e4rke<\/strong> und <strong>Homogenit\u00e4t<\/strong> verzichten muss \u2013 perfekt f\u00fcr enge Stellen oder Bereiche mit wenig Platzangebot. Wenn er unter die zu beleuchtenden Objekte positioniert wird, hebt er ihre Umrisse wie bei einem chinesischen Schattenspiel hervor, wodurch eventuelle Kontur- oder Materialm\u00e4ngel, etc. entdeckt werden k\u00f6nnen.<\/p>\n<div class=\"three_fifth\">Mit <strong>neuen LEDs<\/strong> ausgestattet bietet er nun bei den Farben Wei\u00df WHI und Rot 630 eine <strong>um vier bis f\u00fcnf<\/strong> Mal h\u00f6here Leistung als sein Vorg\u00e4nger.<\/div>\n<div class=\"two_fifth last\">Seine Homogenit\u00e4t wurde ebenfalls auf der gesamten Oberfl\u00e4che verbessert, insbesondere an den <strong>R\u00e4ndern<\/strong> des Backlight, um das Auftreten von Hot Spots zu vermeiden. Der neue SMALL SBACK II kann sowohl im Dauerbetrieb als auch im Puls-Modus betrieben werden. Angeschlossen wird er, dem Industriestandard entsprechend, \u00fcber einen M12-Stecker.<\/p>\n<div class=\"two_fifth last\">\n<ul class=\"square_style \">\n<li>Kompakt homogene Fl\u00e4chenleuchte<\/li>\n<li>&gt;90% Oberfl\u00e4chen -Homogenit\u00e4t<\/li>\n<li>Gr\u00f6\u00dfen von 0,0025m\u00b2 bis 0,04m\u00b2<\/li>\n<\/ul>\n<\/div>\n<\/div>\n<p>&nbsp;<\/p>\n","protected":false},"featured_media":24004,"comment_status":"closed","ping_status":"closed","template":"","meta":{"_seopress_robots_primary_cat":"none","_seopress_titles_title":"","_seopress_titles_desc":"Small LED backlight, light & compact. Available in strobe or continuous working. ","_seopress_robots_index":"","_monsterinsights_skip_tracking":false,"_monsterinsights_sitenote_active":false,"_monsterinsights_sitenote_note":"","_monsterinsights_sitenote_category":0},"product_cat":[74],"product_tag":[],"_links":{"self":[{"href":"https:\/\/www.tpl-vision.com\/de\/wp-json\/wp\/v2\/product\/2253"}],"collection":[{"href":"https:\/\/www.tpl-vision.com\/de\/wp-json\/wp\/v2\/product"}],"about":[{"href":"https:\/\/www.tpl-vision.com\/de\/wp-json\/wp\/v2\/types\/product"}],"replies":[{"embeddable":true,"href":"https:\/\/www.tpl-vision.com\/de\/wp-json\/wp\/v2\/comments?post=2253"}],"wp:featuredmedia":[{"embeddable":true,"href":"https:\/\/www.tpl-vision.com\/de\/wp-json\/wp\/v2\/media\/24004"}],"wp:attachment":[{"href":"https:\/\/www.tpl-vision.com\/de\/wp-json\/wp\/v2\/media?parent=2253"}],"wp:term":[{"taxonomy":"product_cat","embeddable":true,"href":"https:\/\/www.tpl-vision.com\/de\/wp-json\/wp\/v2\/product_cat?post=2253"},{"taxonomy":"product_tag","embeddable":true,"href":"https:\/\/www.tpl-vision.com\/de\/wp-json\/wp\/v2\/product_tag?post=2253"}],"curies":[{"name":"wp","href":"https:\/\/api.w.org\/{rel}","templated":true}]}}