{"id":5511,"date":"2022-10-25T17:07:56","date_gmt":"2022-10-25T15:07:56","guid":{"rendered":"https:\/\/www.tpl-vision.com\/overview\/unkategorisiert\/bar-polarizer\/"},"modified":"2025-06-24T14:15:23","modified_gmt":"2025-06-24T12:15:23","slug":"bar-polariser","status":"publish","type":"product","link":"https:\/\/www.tpl-vision.com\/de\/uberblick\/zubehor\/polarisator-de\/bar-polariser\/","title":{"rendered":"BAR polariser"},"content":{"rendered":"\n<h2 class=\"wp-block-heading\">Bestellnummer<\/h2>\n\n<figure class=\"wp-block-image size-full\"><a href=\"https:\/\/www.tpl-vision.com\/wp-content\/uploads\/2024\/01\/TPL_POLARISER_BAR_PLUS_RefBuilder_DE.jpg\"><img decoding=\"async\" src=\"https:\/\/www.tpl-vision.com\/wp-content\/uploads\/2024\/01\/TPL_POLARISER_BAR_PLUS_RefBuilder_DE.jpg\" alt=\"bar polariser\" class=\"wp-image-16519\"\/><\/a><\/figure>\n","protected":false},"excerpt":{"rendered":"<p>Wenn Licht auf ein Teil trifft, das aus einem glatten oder gl\u00e4nzenden Material gefertigt ist (z. B. Kunststoff) bzw. unregelm\u00e4\u00dfige Formen besitzt, breiten sich die Lichtstrahlen in mehrere Richtungen gleichzeitig aus, was f\u00fcr das Auge oder die Kamera einen <strong>Glanzeffekt<\/strong> erzeugt (wei\u00dfe Punkte, St\u00f6rungen\u2026). Ein zwischen <strong>Diffusor<\/strong> und den LEDs montierter <strong>Polarisator<\/strong> kann diese durch die Beleuchtung hervorgerufenen <strong>Reflexionen<\/strong> auf dem zu pr\u00fcfenden Werkst\u00fcck unterdr\u00fccken. Ein Polarisator kann insbesondere bei der Qualit\u00e4tskontrolle von Teilen hilfreich sein, die in <strong>transparenten Kunststoffbeuteln<\/strong> verpackt sind. Polarisatoren sind nur f\u00fcr die sichtbaren Farben verf\u00fcgbar und verringern stark die Beleuchtungsst\u00e4rke (in der Gr\u00f6\u00dfenordnung von 50 %). <strong>In acht nehmen.<\/strong> Und da sie nur \u00fcber eine begrenzte Lebensdauer verf\u00fcgen, m\u00fcssen sie regelm\u00e4\u00dfig auf ihre Polarisationseigenschaften \u00fcberpr\u00fcft werden.<\/p>\n","protected":false},"featured_media":4496,"comment_status":"closed","ping_status":"closed","template":"","meta":{"_seopress_robots_primary_cat":"none","_seopress_titles_title":"","_seopress_titles_desc":"","_seopress_robots_index":"","_monsterinsights_skip_tracking":false,"_monsterinsights_sitenote_active":false,"_monsterinsights_sitenote_note":"","_monsterinsights_sitenote_category":0},"product_cat":[88,432],"product_tag":[],"_links":{"self":[{"href":"https:\/\/www.tpl-vision.com\/de\/wp-json\/wp\/v2\/product\/5511"}],"collection":[{"href":"https:\/\/www.tpl-vision.com\/de\/wp-json\/wp\/v2\/product"}],"about":[{"href":"https:\/\/www.tpl-vision.com\/de\/wp-json\/wp\/v2\/types\/product"}],"replies":[{"embeddable":true,"href":"https:\/\/www.tpl-vision.com\/de\/wp-json\/wp\/v2\/comments?post=5511"}],"wp:featuredmedia":[{"embeddable":true,"href":"https:\/\/www.tpl-vision.com\/de\/wp-json\/wp\/v2\/media\/4496"}],"wp:attachment":[{"href":"https:\/\/www.tpl-vision.com\/de\/wp-json\/wp\/v2\/media?parent=5511"}],"wp:term":[{"taxonomy":"product_cat","embeddable":true,"href":"https:\/\/www.tpl-vision.com\/de\/wp-json\/wp\/v2\/product_cat?post=5511"},{"taxonomy":"product_tag","embeddable":true,"href":"https:\/\/www.tpl-vision.com\/de\/wp-json\/wp\/v2\/product_tag?post=5511"}],"curies":[{"name":"wp","href":"https:\/\/api.w.org\/{rel}","templated":true}]}}