{"id":5512,"date":"2022-11-08T16:24:02","date_gmt":"2022-11-08T15:24:02","guid":{"rendered":"https:\/\/www.tpl-vision.com\/overview\/unkategorisiert\/tpl-mount-hpb-square1\/"},"modified":"2025-06-24T12:34:33","modified_gmt":"2025-06-24T10:34:33","slug":"tpl-mount-hpb-square1","status":"publish","type":"product","link":"https:\/\/www.tpl-vision.com\/de\/uberblick\/zubehor\/befestigungselemente-de\/tpl-mount-hpb-square1\/","title":{"rendered":"TPL-MOUNT-HPB-SQUARE1"},"content":{"rendered":"\n<h2 class=\"wp-block-heading\">Bestellnummer<\/h2>\n\n<p>TPL-MOUNT-HPB-SQUARE1<\/p>\n","protected":false},"excerpt":{"rendered":"<p>Montagezubeh\u00f6r f\u00fcr Fl\u00e4chenbeleuchtung (4 Einheiten).<\/p>\n<p>Please note that more that one bracket set may be required depending on the size of product ordered and your machine requirements. If you are uncertain of your requirements, please contact your TPL Vision Sales Representative.<\/p>\n<p>Kompatibel mit den folgenden Produkten:<\/p>\n<ul>\n<li>High Power HPBACK<\/li>\n<li>Medium MBACK+<\/li>\n<li>Collimated Medium CMBACK+<\/li>\n<li>Black &amp; Light (Bn&#8217;L)<\/li>\n<li>FLOOD Light<\/li>\n<li>High Power Flat HPFDOME<\/li>\n<li>Medium Flat MFDOME+<\/li>\n<\/ul>\n","protected":false},"featured_media":3921,"comment_status":"closed","ping_status":"closed","template":"","meta":{"_seopress_robots_primary_cat":"none","_seopress_titles_title":"","_seopress_titles_desc":"","_seopress_robots_index":"","_monsterinsights_skip_tracking":false,"_monsterinsights_sitenote_active":false,"_monsterinsights_sitenote_note":"","_monsterinsights_sitenote_category":0},"product_cat":[88,106],"product_tag":[],"_links":{"self":[{"href":"https:\/\/www.tpl-vision.com\/de\/wp-json\/wp\/v2\/product\/5512"}],"collection":[{"href":"https:\/\/www.tpl-vision.com\/de\/wp-json\/wp\/v2\/product"}],"about":[{"href":"https:\/\/www.tpl-vision.com\/de\/wp-json\/wp\/v2\/types\/product"}],"replies":[{"embeddable":true,"href":"https:\/\/www.tpl-vision.com\/de\/wp-json\/wp\/v2\/comments?post=5512"}],"wp:featuredmedia":[{"embeddable":true,"href":"https:\/\/www.tpl-vision.com\/de\/wp-json\/wp\/v2\/media\/3921"}],"wp:attachment":[{"href":"https:\/\/www.tpl-vision.com\/de\/wp-json\/wp\/v2\/media?parent=5512"}],"wp:term":[{"taxonomy":"product_cat","embeddable":true,"href":"https:\/\/www.tpl-vision.com\/de\/wp-json\/wp\/v2\/product_cat?post=5512"},{"taxonomy":"product_tag","embeddable":true,"href":"https:\/\/www.tpl-vision.com\/de\/wp-json\/wp\/v2\/product_tag?post=5512"}],"curies":[{"name":"wp","href":"https:\/\/api.w.org\/{rel}","templated":true}]}}