{"id":264,"date":"2022-07-18T17:23:55","date_gmt":"2022-07-18T15:23:55","guid":{"rendered":"https:\/\/www.tpl-vision.com\/accueil\/"},"modified":"2024-04-04T17:30:42","modified_gmt":"2024-04-04T15:30:42","slug":"accueil","status":"publish","type":"page","link":"https:\/\/www.tpl-vision.com\/fr\/","title":{"rendered":"Page d&rsquo;accueil"},"content":{"rendered":"","protected":false},"excerpt":{"rendered":"","protected":false},"author":1,"featured_media":0,"parent":0,"menu_order":0,"comment_status":"closed","ping_status":"closed","template":"","meta":{"_seopress_robots_primary_cat":"","_seopress_titles_title":"\u00c9clairage de vision industrielle | Solutions d'\u00e9clairage LED | TPL Vision","_seopress_titles_desc":"TPL Vision con\u00e7oit et fabrique des \u00e9clairages \u00e0 leds d\u00e9di\u00e9s aux processus d'automatisation qui reposent sur l'utilisation de cam\u00e9ras de vision industrielle. D\u00e9couvrez notre gamme compl\u00e8te de barres, r\u00e9tro-\u00e9clairages, annulaires, spots, d\u00f4mes, \u00e9clairages rasants, et bien plus encore! ","_seopress_robots_index":"","_monsterinsights_skip_tracking":false,"_monsterinsights_sitenote_active":false,"_monsterinsights_sitenote_note":"","_monsterinsights_sitenote_category":0,"footnotes":""},"_links":{"self":[{"href":"https:\/\/www.tpl-vision.com\/fr\/wp-json\/wp\/v2\/pages\/264"}],"collection":[{"href":"https:\/\/www.tpl-vision.com\/fr\/wp-json\/wp\/v2\/pages"}],"about":[{"href":"https:\/\/www.tpl-vision.com\/fr\/wp-json\/wp\/v2\/types\/page"}],"author":[{"embeddable":true,"href":"https:\/\/www.tpl-vision.com\/fr\/wp-json\/wp\/v2\/users\/1"}],"replies":[{"embeddable":true,"href":"https:\/\/www.tpl-vision.com\/fr\/wp-json\/wp\/v2\/comments?post=264"}],"version-history":[{"count":1,"href":"https:\/\/www.tpl-vision.com\/fr\/wp-json\/wp\/v2\/pages\/264\/revisions"}],"predecessor-version":[{"id":13360,"href":"https:\/\/www.tpl-vision.com\/fr\/wp-json\/wp\/v2\/pages\/264\/revisions\/13360"}],"wp:attachment":[{"href":"https:\/\/www.tpl-vision.com\/fr\/wp-json\/wp\/v2\/media?parent=264"}],"curies":[{"name":"wp","href":"https:\/\/api.w.org\/{rel}","templated":true}]}}