{"id":5588,"date":"2022-11-15T09:48:50","date_gmt":"2022-11-15T08:48:50","guid":{"rendered":"https:\/\/www.tpl-vision.com\/entreprise\/a-propos\/plug-light\/"},"modified":"2023-03-29T09:20:25","modified_gmt":"2023-03-29T07:20:25","slug":"plug-and-light","status":"publish","type":"page","link":"https:\/\/www.tpl-vision.com\/fr\/entreprise\/a-propos\/plug-and-light\/","title":{"rendered":"Plug &amp; Light"},"content":{"rendered":"\t\t<div data-elementor-type=\"wp-page\" data-elementor-id=\"5588\" class=\"elementor elementor-5588 elementor-4522\" data-elementor-post-type=\"page\">\n\t\t\t\t\t\t<section class=\"elementor-section elementor-top-section elementor-element elementor-element-9c54cb7 elementor-section-boxed elementor-section-height-default elementor-section-height-default\" data-id=\"9c54cb7\" data-element_type=\"section\">\n\t\t\t\t\t\t<div class=\"elementor-container elementor-column-gap-default\">\n\t\t\t\t\t<div class=\"elementor-column elementor-col-100 elementor-top-column elementor-element elementor-element-f9bc43c\" data-id=\"f9bc43c\" data-element_type=\"column\">\n\t\t\t<div class=\"elementor-widget-wrap elementor-element-populated\">\n\t\t\t\t\t\t<section class=\"elementor-section elementor-inner-section elementor-element elementor-element-fd68b2f elementor-section-boxed elementor-section-height-default elementor-section-height-default\" data-id=\"fd68b2f\" data-element_type=\"section\">\n\t\t\t\t\t\t<div class=\"elementor-container elementor-column-gap-default\">\n\t\t\t\t\t<div class=\"elementor-column elementor-col-33 elementor-inner-column elementor-element elementor-element-1678bd2\" data-id=\"1678bd2\" data-element_type=\"column\">\n\t\t\t<div class=\"elementor-widget-wrap elementor-element-populated\">\n\t\t\t\t\t\t<div class=\"elementor-element elementor-element-1bd84fa elementor-widget elementor-widget-image\" data-id=\"1bd84fa\" data-element_type=\"widget\" data-widget_type=\"image.default\">\n\t\t\t\t<div class=\"elementor-widget-container\">\n\t\t\t<style>\/*! elementor - v3.19.0 - 07-02-2024 *\/\n.elementor-widget-image{text-align:center}.elementor-widget-image a{display:inline-block}.elementor-widget-image a img[src$=\".svg\"]{width:48px}.elementor-widget-image img{vertical-align:middle;display:inline-block}<\/style>\t\t\t\t\t\t\t\t\t\t<img fetchpriority=\"high\" decoding=\"async\" width=\"250\" height=\"250\" src=\"https:\/\/www.tpl-vision.com\/wp-content\/uploads\/2022\/11\/Plug_n_Light_FR.gif\" class=\"attachment-full size-full wp-image-4525\" alt=\"\" \/>\t\t\t\t\t\t\t\t\t\t\t\t\t<\/div>\n\t\t\t\t<\/div>\n\t\t\t\t\t<\/div>\n\t\t<\/div>\n\t\t\t\t<div class=\"elementor-column elementor-col-66 elementor-inner-column elementor-element elementor-element-8cde573\" data-id=\"8cde573\" data-element_type=\"column\">\n\t\t\t<div class=\"elementor-widget-wrap elementor-element-populated\">\n\t\t\t\t\t\t<div class=\"elementor-element elementor-element-ec96f9e elementor-widget elementor-widget-text-editor\" data-id=\"ec96f9e\" data-element_type=\"widget\" data-widget_type=\"text-editor.default\">\n\t\t\t\t<div class=\"elementor-widget-container\">\n\t\t\t<style>\/*! elementor - v3.19.0 - 07-02-2024 *\/\n.elementor-widget-text-editor.elementor-drop-cap-view-stacked .elementor-drop-cap{background-color:#69727d;color:#fff}.elementor-widget-text-editor.elementor-drop-cap-view-framed .elementor-drop-cap{color:#69727d;border:3px solid;background-color:transparent}.elementor-widget-text-editor:not(.elementor-drop-cap-view-default) .elementor-drop-cap{margin-top:8px}.elementor-widget-text-editor:not(.elementor-drop-cap-view-default) .elementor-drop-cap-letter{width:1em;height:1em}.elementor-widget-text-editor .elementor-drop-cap{float:left;text-align:center;line-height:1;font-size:50px}.elementor-widget-text-editor .elementor-drop-cap-letter{display:inline-block}<\/style>\t\t\t\t<p>Le <b>label Plug &amp; Light<\/b>, d\u00e9velopp\u00e9 par TPL Vision, est \u00e0 la fois une charte qualit\u00e9 pour la soci\u00e9t\u00e9, et un rep\u00e8re pour ses clients.<\/p>\n<p>Les produits labellis\u00e9s Plug &amp; Light regroupent un certain nombre de crit\u00e8res favorisant la facilit\u00e9 d\u2019installation et d\u2019utilisation. Ils b\u00e9n\u00e9ficient de la m\u00eame qualit\u00e9 de conception, sont personnalisables avec un certain nombre d\u2019options (couleurs, lentilles, diffusants) et garantissent une parfaite compatibilit\u00e9 aux standards de l\u2019industrie. Ce nouveau label s\u2019inscrit dans la d\u00e9marche TPL Vision de faire fonctionner la majorit\u00e9 de ses produits de la m\u00eame fa\u00e7on.  <\/p>\n<p>Tous les \u00e9clairages TPL Vision labellis\u00e9s Plug &amp; Light peuvent \u00eatre install\u00e9s sans r\u00e9glages pr\u00e9alables ! \u00c9quip\u00e9s de seulement 3 fils (alimentation, strobe, masse), il suffit de les brancher sur une alimentation 24V pour qu\u2019ils soient aussit\u00f4t pr\u00eats \u00e0 fonctionner, en mode continu ou strobe. Ils sont pourvus de connecteurs circulaires M12 m\u00e2le 4 p\u00f4les, standards industriels dans le domaine de l\u2019automatisme.  <\/p>\n<p><strong>Crit\u00e8res:<\/strong><\/p>\n<ul>\n<li>AUCUN R\u00c9GLAGE PR\u00c9ALABLE,<\/li>\n<li>MODE CONTINU OU STROBE,<\/li>\n<li>BRANCHEMENT SUR ALIMENTATION 24V,<\/li>\n<li>M12 5 POLES MALE CONNECTOR.<\/li>\n<\/ul>\n\t\t\t\t\t\t<\/div>\n\t\t\t\t<\/div>\n\t\t\t\t\t<\/div>\n\t\t<\/div>\n\t\t\t\t\t<\/div>\n\t\t<\/section>\n\t\t\t\t\t<\/div>\n\t\t<\/div>\n\t\t\t\t\t<\/div>\n\t\t<\/section>\n\t\t\t\t<\/div>\n\t\t","protected":false},"excerpt":{"rendered":"<p>Le label Plug &amp; Light, d\u00e9velopp\u00e9 par TPL Vision, est \u00e0 la fois une charte qualit\u00e9 pour la soci\u00e9t\u00e9, et un rep\u00e8re pour ses clients. Les produits labellis\u00e9s Plug &amp; Light regroupent un certain nombre de crit\u00e8res favorisant la facilit\u00e9 d\u2019installation et d\u2019utilisation. Ils b\u00e9n\u00e9ficient de la m\u00eame qualit\u00e9 de conception, sont personnalisables avec un [&hellip;]<\/p>\n","protected":false},"author":6,"featured_media":0,"parent":962,"menu_order":0,"comment_status":"closed","ping_status":"closed","template":"","meta":{"_seopress_robots_primary_cat":"","_seopress_titles_title":"","_seopress_titles_desc":"","_seopress_robots_index":"","_monsterinsights_skip_tracking":false,"_monsterinsights_sitenote_active":false,"_monsterinsights_sitenote_note":"","_monsterinsights_sitenote_category":0,"footnotes":""},"_links":{"self":[{"href":"https:\/\/www.tpl-vision.com\/fr\/wp-json\/wp\/v2\/pages\/5588"}],"collection":[{"href":"https:\/\/www.tpl-vision.com\/fr\/wp-json\/wp\/v2\/pages"}],"about":[{"href":"https:\/\/www.tpl-vision.com\/fr\/wp-json\/wp\/v2\/types\/page"}],"author":[{"embeddable":true,"href":"https:\/\/www.tpl-vision.com\/fr\/wp-json\/wp\/v2\/users\/6"}],"replies":[{"embeddable":true,"href":"https:\/\/www.tpl-vision.com\/fr\/wp-json\/wp\/v2\/comments?post=5588"}],"version-history":[{"count":0,"href":"https:\/\/www.tpl-vision.com\/fr\/wp-json\/wp\/v2\/pages\/5588\/revisions"}],"up":[{"embeddable":true,"href":"https:\/\/www.tpl-vision.com\/fr\/wp-json\/wp\/v2\/pages\/962"}],"wp:attachment":[{"href":"https:\/\/www.tpl-vision.com\/fr\/wp-json\/wp\/v2\/media?parent=5588"}],"curies":[{"name":"wp","href":"https:\/\/api.w.org\/{rel}","templated":true}]}}