{"id":11581,"date":"2023-04-24T09:32:49","date_gmt":"2023-04-24T07:32:49","guid":{"rendered":"https:\/\/www.tpl-vision.com\/?post_type=product&#038;p=11581"},"modified":"2026-03-30T15:03:07","modified_gmt":"2026-03-30T13:03:07","slug":"modular-m-tbar","status":"publish","type":"product","link":"https:\/\/www.tpl-vision.com\/fr\/vuedensemble\/barres-fr\/modular-m-tbar\/","title":{"rendered":"Modular M-TBAR"},"content":{"rendered":"\n<h2 class=\"wp-block-heading\">Pr\u00e9sentation produit<\/h2>\n\n<figure class=\"wp-block-embed is-type-video is-provider-vimeo wp-block-embed-vimeo wp-embed-aspect-16-9 wp-has-aspect-ratio\"><div class=\"wp-block-embed__wrapper\">\n<iframe title=\"Modular Tiny M-TBAR by TPL Vision\" src=\"https:\/\/player.vimeo.com\/video\/815648369?dnt=1&amp;app_id=122963\" width=\"800\" height=\"450\" frameborder=\"0\" allow=\"autoplay; fullscreen; picture-in-picture; clipboard-write\"><\/iframe>\n<\/div><\/figure>\n\n<div style=\"height:30px\" aria-hidden=\"true\" class=\"wp-block-spacer\"><\/div>\n\n<h2 class=\"wp-block-heading\">Principales caract\u00e9ristiques<\/h2>\n\n<ul>\n<li>Disponible en blanc (4800K), rouge (630nm), IR (850nm), vert (525nm), bleu (470nm)<\/li>\n\n\n\n<li>Conception l\u00e9g\u00e8re et robuste, conforme \u00e0 la norme IP67 &#8211; parfaite pour l&rsquo;outillage en bout de bras m\u00e9canique et autres applications en robotique (\u00e9clairage seul : 60g, bo\u00eetier : 72g)<\/li>\n\n\n\n<li>Cha\u00eenez des barres entre elles, afin de cr\u00e9er une barre plus longue, avec toujours le m\u00eame espacement entre les leds<\/li>\n\n\n\n<li>Montage facile sur rainure T-SLOT<\/li>\n\n\n\n<li>Connecteur M12 standard<\/li>\n\n\n\n<li>Longueur de c\u00e2ble flexible entre la lumi\u00e8re et l&rsquo;alimentation &#8211; jusqu&rsquo;\u00e0 10 m<\/li>\n\n\n\n<li>Dimming en modes Continu et OverDrive<\/li>\n\n\n\n<li>S&rsquo;adapte facilement \u00e0 la majorit\u00e9 des cam\u00e9ras et lecteurs de code du march\u00e9<\/li>\n<\/ul>\n\n<figure class=\"wp-block-image size-full\"><img fetchpriority=\"high\" decoding=\"async\" width=\"800\" height=\"600\" src=\"https:\/\/www.tpl-vision.com\/wp-content\/uploads\/2023\/03\/TPL_M-TBAR_4-1.jpg\" alt=\"Mini-barre M-TBAR pour la vision industrielle \" class=\"wp-image-11589\" srcset=\"https:\/\/www.tpl-vision.com\/wp-content\/uploads\/2023\/03\/TPL_M-TBAR_4-1.jpg 800w, https:\/\/www.tpl-vision.com\/wp-content\/uploads\/2023\/03\/TPL_M-TBAR_4-1-300x225.jpg 300w, https:\/\/www.tpl-vision.com\/wp-content\/uploads\/2023\/03\/TPL_M-TBAR_4-1-768x576.jpg 768w, https:\/\/www.tpl-vision.com\/wp-content\/uploads\/2023\/03\/TPL_M-TBAR_4-1-600x450.jpg 600w, https:\/\/www.tpl-vision.com\/wp-content\/uploads\/2023\/03\/TPL_M-TBAR_4-1-175x131.jpg 175w, https:\/\/www.tpl-vision.com\/wp-content\/uploads\/2023\/03\/TPL_M-TBAR_4-1-40x30.jpg 40w, https:\/\/www.tpl-vision.com\/wp-content\/uploads\/2023\/03\/TPL_M-TBAR_4-1-55x41.jpg 55w, https:\/\/www.tpl-vision.com\/wp-content\/uploads\/2023\/03\/TPL_M-TBAR_4-1-100x75.jpg 100w\" sizes=\"(max-width: 800px) 100vw, 800px\" \/><\/figure>\n\n<div style=\"height:30px\" aria-hidden=\"true\" class=\"wp-block-spacer\"><\/div>\n\n<h2 class=\"wp-block-heading\">Compatible avec les Angle Changers<\/h2>\n\n<figure class=\"wp-block-image size-full\"><img decoding=\"async\" width=\"500\" height=\"281\" src=\"https:\/\/www.tpl-vision.com\/wp-content\/uploads\/2023\/03\/M-TBAR-ac-gif-en.gif\" alt=\"modular m tbar\" class=\"wp-image-11892\"\/><\/figure>\n\n<p>Les Angle Changers sont des diffusants robustes qui permettent d&rsquo;\u00e9largir le faisceau lumineux des lentilles de la M-TBAR (angle standard de \u00b15\u00b0), offrant ainsi plus de flexibilit\u00e9 sur l&rsquo;ensemble du champ de vision. Options disponibles :<\/p>\n\n<ul>\n<li>\u2022\u00c9troit \u00b110\u00b0 (Standard &amp; Polaris\u00e9)<\/li>\n\n\n\n<li>\u2022Moyen \u00b117\u00b0 (Standard &amp; Polaris\u00e9)<\/li>\n\n\n\n<li>\u2022Large \u00b125\u00b0 (Standard &amp; Polaris\u00e9)<\/li>\n\n\n\n<li>\u2022En Ligne \u00b19-16\u00b0 (Standard &amp; Polaris\u00e9)<\/li>\n\n\n\n<li>Polarisant seul<\/li>\n<\/ul>\n\n<div class=\"wp-block-buttons is-content-justification-center is-layout-flex wp-container-core-buttons-layout-1 wp-block-buttons-is-layout-flex\">\n<div class=\"wp-block-button\"><a class=\"wp-block-button__link wp-element-button\" href=\"https:\/\/www.tpl-vision.com\/fr\/vuedensemble\/accessoires-fr\/angle-changers-fr\/angle-changers-pour-la-m-tbar\/\" target=\"_blank\" rel=\"noreferrer noopener\">En savoir plus<\/a><\/div>\n<\/div>\n\n<div style=\"height:30px\" aria-hidden=\"true\" class=\"wp-block-spacer\"><\/div>\n\n<h2 class=\"wp-block-heading\">Applications <\/h2>\n\n<div class=\"wp-block-columns is-layout-flex wp-container-core-columns-layout-1 wp-block-columns-is-layout-flex\">\n<div class=\"wp-block-column is-layout-flow wp-block-column-is-layout-flow\" style=\"flex-basis:100%\">\n<figure class=\"wp-block-gallery has-nested-images columns-default is-cropped wp-block-gallery-1 is-layout-flex wp-block-gallery-is-layout-flex\">\n<figure class=\"wp-block-image size-large\"><img decoding=\"async\" width=\"800\" height=\"600\" src=\"https:\/\/www.tpl-vision.com\/wp-content\/uploads\/2023\/03\/TPL_M-TBAR_2.jpg\" alt=\"Application de contr&#xF4;le qualit&#xE9; en vision industrielle\" class=\"wp-image-11582\" srcset=\"https:\/\/www.tpl-vision.com\/wp-content\/uploads\/2023\/03\/TPL_M-TBAR_2.jpg 800w, https:\/\/www.tpl-vision.com\/wp-content\/uploads\/2023\/03\/TPL_M-TBAR_2-300x225.jpg 300w, https:\/\/www.tpl-vision.com\/wp-content\/uploads\/2023\/03\/TPL_M-TBAR_2-768x576.jpg 768w, https:\/\/www.tpl-vision.com\/wp-content\/uploads\/2023\/03\/TPL_M-TBAR_2-600x450.jpg 600w, https:\/\/www.tpl-vision.com\/wp-content\/uploads\/2023\/03\/TPL_M-TBAR_2-175x131.jpg 175w, https:\/\/www.tpl-vision.com\/wp-content\/uploads\/2023\/03\/TPL_M-TBAR_2-40x30.jpg 40w, https:\/\/www.tpl-vision.com\/wp-content\/uploads\/2023\/03\/TPL_M-TBAR_2-55x41.jpg 55w, https:\/\/www.tpl-vision.com\/wp-content\/uploads\/2023\/03\/TPL_M-TBAR_2-100x75.jpg 100w\" sizes=\"(max-width: 800px) 100vw, 800px\" \/><\/figure>\n<\/figure>\n<\/div>\n<\/div>\n\n<p>La Modular M-TBAR fonctionne en mode strobe et en mode continu. La fonction OverDrive strobe int\u00e9gr\u00e9e rend le produit parfait pour l&rsquo;industrie automobile, la logistique et la fabrication de composants \u00e9lectroniques, et bien d&rsquo;autres applications de <strong>robotique<\/strong>, <strong>contr\u00f4le qualit\u00e9<\/strong> et <strong>inspection par vision<\/strong> :<\/p>\n\n<ul>\n<li>lecture de code<\/li>\n\n\n\n<li>inspection d&rsquo;\u00e9tiquettes<\/li>\n\n\n\n<li>identification de pi\u00e8ces<\/li>\n\n\n\n<li>v\u00e9rification de position<\/li>\n\n\n\n<li>tra\u00e7abilit\u00e9<\/li>\n\n\n\n<li>&#8230;et bien plus encore !<\/li>\n<\/ul>\n\n<div style=\"height:30px\" aria-hidden=\"true\" class=\"wp-block-spacer\"><\/div>\n\n<h2 class=\"wp-block-heading\">Informations techniques<\/h2>\n\n<p><em>Veuillez cliquer sur les onglets ci-dessous.<\/em><\/p>\n\n<div class=\"wp-block-pb-accordion-item c-accordion__item js-accordion-item no-js\" data-initially-open=\"false\" data-click-to-close=\"true\" data-auto-close=\"true\" data-scroll=\"false\" data-scroll-offset=\"0\"><h3 id=\"at-115800\" class=\"c-accordion__title js-accordion-controller\" role=\"button\">M\u00e9thode d&rsquo;\u00e9clairage<\/h3><div id=\"ac-115800\" class=\"c-accordion__content\">\n<div class=\"wp-block-columns is-layout-flex wp-container-core-columns-layout-2 wp-block-columns-is-layout-flex\">\n<div class=\"wp-block-column is-layout-flow wp-block-column-is-layout-flow\">\n<figure class=\"wp-block-image size-full\"><img loading=\"lazy\" decoding=\"async\" width=\"500\" height=\"500\" src=\"https:\/\/www.tpl-vision.com\/wp-content\/uploads\/2022\/10\/TPL_LightingMethod_RING_DIRECT.jpg\" alt=\"Direct\" class=\"wp-image-2761\" srcset=\"https:\/\/www.tpl-vision.com\/wp-content\/uploads\/2022\/10\/TPL_LightingMethod_RING_DIRECT.jpg 500w, https:\/\/www.tpl-vision.com\/wp-content\/uploads\/2022\/10\/TPL_LightingMethod_RING_DIRECT-300x300.jpg 300w, https:\/\/www.tpl-vision.com\/wp-content\/uploads\/2022\/10\/TPL_LightingMethod_RING_DIRECT-150x150.jpg 150w, https:\/\/www.tpl-vision.com\/wp-content\/uploads\/2022\/10\/TPL_LightingMethod_RING_DIRECT-100x100.jpg 100w, https:\/\/www.tpl-vision.com\/wp-content\/uploads\/2022\/10\/TPL_LightingMethod_RING_DIRECT-50x50.jpg 50w, https:\/\/www.tpl-vision.com\/wp-content\/uploads\/2022\/10\/TPL_LightingMethod_RING_DIRECT-40x40.jpg 40w, https:\/\/www.tpl-vision.com\/wp-content\/uploads\/2022\/10\/TPL_LightingMethod_RING_DIRECT-55x55.jpg 55w\" sizes=\"(max-width: 500px) 100vw, 500px\" \/><\/figure>\n<\/div>\n\n\n\n<div class=\"wp-block-column is-layout-flow wp-block-column-is-layout-flow\">\n<figure class=\"wp-block-image size-full\"><img loading=\"lazy\" decoding=\"async\" width=\"500\" height=\"500\" src=\"https:\/\/www.tpl-vision.com\/wp-content\/uploads\/2023\/03\/TPL_LightingMethod_DIRECTincline_1.jpg\" alt=\"modular m tbar\" class=\"wp-image-11976\" srcset=\"https:\/\/www.tpl-vision.com\/wp-content\/uploads\/2023\/03\/TPL_LightingMethod_DIRECTincline_1.jpg 500w, https:\/\/www.tpl-vision.com\/wp-content\/uploads\/2023\/03\/TPL_LightingMethod_DIRECTincline_1-300x300.jpg 300w, https:\/\/www.tpl-vision.com\/wp-content\/uploads\/2023\/03\/TPL_LightingMethod_DIRECTincline_1-150x150.jpg 150w, https:\/\/www.tpl-vision.com\/wp-content\/uploads\/2023\/03\/TPL_LightingMethod_DIRECTincline_1-360x360.jpg 360w, https:\/\/www.tpl-vision.com\/wp-content\/uploads\/2023\/03\/TPL_LightingMethod_DIRECTincline_1-175x175.jpg 175w, https:\/\/www.tpl-vision.com\/wp-content\/uploads\/2023\/03\/TPL_LightingMethod_DIRECTincline_1-40x40.jpg 40w, https:\/\/www.tpl-vision.com\/wp-content\/uploads\/2023\/03\/TPL_LightingMethod_DIRECTincline_1-55x55.jpg 55w, https:\/\/www.tpl-vision.com\/wp-content\/uploads\/2023\/03\/TPL_LightingMethod_DIRECTincline_1-100x100.jpg 100w\" sizes=\"(max-width: 500px) 100vw, 500px\" \/><\/figure>\n<\/div>\n\n\n\n<div class=\"wp-block-column is-layout-flow wp-block-column-is-layout-flow\">\n<figure class=\"wp-block-image size-full\"><img loading=\"lazy\" decoding=\"async\" width=\"500\" height=\"500\" src=\"https:\/\/www.tpl-vision.com\/wp-content\/uploads\/2022\/10\/TPL_LightingMethod_SPOT_DarkField.jpg\" alt=\"Effets rasants\" class=\"wp-image-2754\" srcset=\"https:\/\/www.tpl-vision.com\/wp-content\/uploads\/2022\/10\/TPL_LightingMethod_SPOT_DarkField.jpg 500w, https:\/\/www.tpl-vision.com\/wp-content\/uploads\/2022\/10\/TPL_LightingMethod_SPOT_DarkField-300x300.jpg 300w, https:\/\/www.tpl-vision.com\/wp-content\/uploads\/2022\/10\/TPL_LightingMethod_SPOT_DarkField-150x150.jpg 150w, https:\/\/www.tpl-vision.com\/wp-content\/uploads\/2022\/10\/TPL_LightingMethod_SPOT_DarkField-100x100.jpg 100w, https:\/\/www.tpl-vision.com\/wp-content\/uploads\/2022\/10\/TPL_LightingMethod_SPOT_DarkField-50x50.jpg 50w, https:\/\/www.tpl-vision.com\/wp-content\/uploads\/2022\/10\/TPL_LightingMethod_SPOT_DarkField-40x40.jpg 40w, https:\/\/www.tpl-vision.com\/wp-content\/uploads\/2022\/10\/TPL_LightingMethod_SPOT_DarkField-55x55.jpg 55w\" sizes=\"(max-width: 500px) 100vw, 500px\" \/><\/figure>\n<\/div>\n<\/div>\n<\/div><\/div>\n\n<div class=\"wp-block-pb-accordion-item c-accordion__item js-accordion-item no-js\" data-initially-open=\"false\" data-click-to-close=\"true\" data-auto-close=\"true\" data-scroll=\"false\" data-scroll-offset=\"0\"><h3 id=\"at-115801\" class=\"c-accordion__title js-accordion-controller\" role=\"button\">Irradiance<\/h3><div id=\"ac-115801\" class=\"c-accordion__content\">\n<figure class=\"wp-block-image size-full\"><a href=\"https:\/\/www.tpl-vision.com\/wp-content\/uploads\/2024\/04\/TPL_M-TBAR_Irradiance_CW_FR.jpg\"><img decoding=\"async\" src=\"https:\/\/www.tpl-vision.com\/wp-content\/uploads\/2024\/04\/TPL_M-TBAR_Irradiance_CW_FR.jpg\" alt=\"modular m tbar\" class=\"wp-image-17731\"\/><\/a><figcaption class=\"wp-element-caption\"><em>Modular M-TBAR : irradiance en mode continu<\/em><\/figcaption><\/figure>\n\n\n\n<div style=\"height:10px\" aria-hidden=\"true\" class=\"wp-block-spacer\"><\/div>\n\n\n\n<figure class=\"wp-block-image size-full\"><a href=\"https:\/\/www.tpl-vision.com\/wp-content\/uploads\/2024\/04\/TPL_M-TBAR_Irradiance_Strobe_FR..jpg\"><img decoding=\"async\" src=\"https:\/\/www.tpl-vision.com\/wp-content\/uploads\/2024\/04\/TPL_M-TBAR_Irradiance_Strobe_FR.jpg\" alt=\"modular m tbar\" class=\"wp-image-17734\"\/><\/a><figcaption class=\"wp-element-caption\"><em>Modular M-TBAR : irradiance en mode Strobe<\/em><\/figcaption><\/figure>\n<\/div><\/div>\n\n<div class=\"wp-block-pb-accordion-item c-accordion__item js-accordion-item no-js\" data-initially-open=\"false\" data-click-to-close=\"true\" data-auto-close=\"true\" data-scroll=\"false\" data-scroll-offset=\"0\"><h3 id=\"at-115802\" class=\"c-accordion__title js-accordion-controller\" role=\"button\">Cartes d&rsquo;homog\u00e9n\u00e9it\u00e9<\/h3><div id=\"ac-115802\" class=\"c-accordion__content\">\n<figure class=\"wp-block-image size-large\"><a href=\"https:\/\/www.tpl-vision.com\/wp-content\/uploads\/2023\/07\/TPL_ANGLE_CHANGER_Homogeneity_Maps_FR..jpg\"><img decoding=\"async\" src=\"https:\/\/www.tpl-vision.com\/wp-content\/uploads\/2023\/07\/TPL_ANGLE_CHANGER_Homogeneity_Maps_FR-1024x1024.jpg\" alt=\"modular m tbar\" class=\"wp-image-13727\"\/><\/a><\/figure>\n<\/div><\/div>\n\n<div class=\"wp-block-pb-accordion-item c-accordion__item js-accordion-item no-js\" data-initially-open=\"false\" data-click-to-close=\"true\" data-auto-close=\"true\" data-scroll=\"false\" data-scroll-offset=\"0\"><h3 id=\"at-115803\" class=\"c-accordion__title js-accordion-controller\" role=\"button\">Constructeur de r\u00e9f\u00e9rence<\/h3><div id=\"ac-115803\" class=\"c-accordion__content\">\n<figure class=\"wp-block-image size-full\"><a href=\"https:\/\/www.tpl-vision.com\/wp-content\/uploads\/2023\/03\/TPL_M-TBAR_RefBuilder_FR..jpg\"><img decoding=\"async\" src=\"https:\/\/www.tpl-vision.com\/wp-content\/uploads\/2023\/03\/TPL_M-TBAR_RefBuilder_FR.jpg\" alt=\"Constructeur de r&#xE9;f&#xE9;rence de la M-TBAR\" class=\"wp-image-11618\"\/><\/a><\/figure>\n<\/div><\/div>\n","protected":false},"excerpt":{"rendered":"<p>Barre d&rsquo;\u00e9clairage modulable et ultra-flexible, la M-TBAR est une barre de leds tr\u00e8s compacte, qui r\u00e9pond aux normes IP67. la M-TBAR est une barre de leds tr\u00e8s compacte, qui r\u00e9pond aux normes IP67. Elle donne la possibilit\u00e9 aux utilisateurs de modifier l&rsquo;angle du faisceau lumineux gr\u00e2ce aux Angle Changers brevet\u00e9s par TPL Vision. Offrant une flexibilit\u00e9 in\u00e9gal\u00e9e, la M-TBAR permet d&rsquo;\u00e9clairer de mani\u00e8re experte les applications de vision industrielle de petite \u00e9chelle n\u00e9cessitant une solution robuste. Les domaines d&rsquo;application incluent la lecture de codes, le contr\u00f4le qualit\u00e9, la v\u00e9rification de composants, l&rsquo;inspection d&rsquo;\u00e9tiquettes et d&#8217;emballages, la robotique et bien plus encore.   <\/p>\n<ul>\n<li>Petite barre d&rsquo;\u00e9clairage adapt\u00e9e aux applications de vision industrielle dans les espaces confin\u00e9s<\/li>\n<li>Compacte mais puissante, con\u00e7ue pour une int\u00e9gration ais\u00e9e<\/li>\n<li>\u00c9clairage OverDrive auto-strobe, dot\u00e9 d&rsquo;un bo\u00eetier robuste et d&rsquo;une alimentation \u00e0 contr\u00f4le de courant int\u00e9gr\u00e9<\/li>\n<\/ul>\n","protected":false},"featured_media":23982,"comment_status":"closed","ping_status":"closed","template":"","meta":{"_seopress_robots_primary_cat":"","_seopress_titles_title":"","_seopress_titles_desc":"Barre d'\u00e9clairage flexible et compacte pour la vision industrielle et la robotique. Strobe OverDrive et int\u00e9gration facile dans les espaces confin\u00e9s.","_seopress_robots_index":"","_monsterinsights_skip_tracking":false,"_monsterinsights_sitenote_active":false,"_monsterinsights_sitenote_note":"","_monsterinsights_sitenote_category":0},"product_cat":[69],"product_tag":[],"_links":{"self":[{"href":"https:\/\/www.tpl-vision.com\/fr\/wp-json\/wp\/v2\/product\/11581"}],"collection":[{"href":"https:\/\/www.tpl-vision.com\/fr\/wp-json\/wp\/v2\/product"}],"about":[{"href":"https:\/\/www.tpl-vision.com\/fr\/wp-json\/wp\/v2\/types\/product"}],"replies":[{"embeddable":true,"href":"https:\/\/www.tpl-vision.com\/fr\/wp-json\/wp\/v2\/comments?post=11581"}],"wp:featuredmedia":[{"embeddable":true,"href":"https:\/\/www.tpl-vision.com\/fr\/wp-json\/wp\/v2\/media\/23982"}],"wp:attachment":[{"href":"https:\/\/www.tpl-vision.com\/fr\/wp-json\/wp\/v2\/media?parent=11581"}],"wp:term":[{"taxonomy":"product_cat","embeddable":true,"href":"https:\/\/www.tpl-vision.com\/fr\/wp-json\/wp\/v2\/product_cat?post=11581"},{"taxonomy":"product_tag","embeddable":true,"href":"https:\/\/www.tpl-vision.com\/fr\/wp-json\/wp\/v2\/product_tag?post=11581"}],"curies":[{"name":"wp","href":"https:\/\/api.w.org\/{rel}","templated":true}]}}