{"id":12344,"date":"2023-04-24T09:33:27","date_gmt":"2023-04-24T07:33:27","guid":{"rendered":"https:\/\/www.tpl-vision.com\/?post_type=product&#038;p=12344"},"modified":"2025-06-24T14:19:52","modified_gmt":"2025-06-24T12:19:52","slug":"angle-changers-pour-la-m-tbar","status":"publish","type":"product","link":"https:\/\/www.tpl-vision.com\/fr\/vuedensemble\/accessoires-fr\/angle-changers-fr\/angle-changers-pour-la-m-tbar\/","title":{"rendered":"Angle Changers pour la M-TBAR"},"content":{"rendered":"\n<h2 class=\"wp-block-heading\">\n          <strong>Plus de flexibilit\u00e9 pour les \u00e9clairages d\u00e9di\u00e9s \u00e0 la vision industrielle<\/strong>\n        <\/h2>\n\n<ul>\n<li>Comparez diff\u00e9rentes options et identifiez instantan\u00e9ment la solution d&rsquo;\u00e9clairage la plus appropri\u00e9e<\/li>\n\n\n\n<li>Ajustez la taille et la luminosit\u00e9 de la zone \u00e9clair\u00e9e et obtenez un contr\u00f4le total du champ de vision, du temps d&rsquo;exposition et de la distance de travail, avec seulement quelques accessoires<\/li>\n\n\n\n<li>Simplicit\u00e9 d&rsquo;utilisation : inutile de d\u00e9monter le produit<\/li>\n<\/ul>\n\n<div style=\"height:15px\" aria-hidden=\"true\" class=\"wp-block-spacer\"><\/div>\n\n<h2 class=\"wp-block-heading\">G\u00e9n\u00e9rez plus de diffusion<\/h2>\n\n<figure class=\"wp-block-image size-full\"><img fetchpriority=\"high\" decoding=\"async\" width=\"500\" height=\"281\" src=\"https:\/\/www.tpl-vision.com\/wp-content\/uploads\/2023\/03\/M-TBAR-ac-gif-en.gif\" alt=\"Angle Changers pour la M-TBAR\" class=\"wp-image-11892\"\/><\/figure>\n\n<ul>\n<li>Les Angle Changers augmentent le faisceau lumineux de la lentille standard \u00b1 5\u00b0 de la M-TBAR. Faciles \u00e0 clipser, ils apportent de la flexibilit\u00e9 sur le march\u00e9 des \u00e9clairages pour la vision industrielle, sans m\u00eame avoir \u00e0 d\u00e9monter le produit. Ainsi, l&rsquo;indice de protection IP67 de la M-TBAR est conserv\u00e9.<\/li>\n<\/ul>\n\n<div style=\"height:15px\" aria-hidden=\"true\" class=\"wp-block-spacer\"><\/div>\n\n<h2 class=\"wp-block-heading\">Comment fixer les Angle Changers ?<\/h2>\n\n<figure class=\"wp-block-image size-full is-resized\"><img decoding=\"async\" width=\"600\" height=\"338\" src=\"https:\/\/www.tpl-vision.com\/wp-content\/uploads\/2023\/02\/AC-GIF-2.gif\" alt=\"m tbar angle changers\" class=\"wp-image-11397\" style=\"width:500px\"\/><\/figure>\n\n<ul>\n<li>Fixation magn\u00e9tique, simple d&rsquo;utilisation pour les tests.<\/li>\n<\/ul>\n\n<figure class=\"wp-block-image size-full is-resized\"><img decoding=\"async\" width=\"600\" height=\"338\" src=\"https:\/\/www.tpl-vision.com\/wp-content\/uploads\/2023\/02\/ezgif.com-optimize-1.gif\" alt=\"m tbar angle changers\" class=\"wp-image-11438\" style=\"width:500px\"\/><\/figure>\n\n<ul>\n<li>Possibilit\u00e9 de visser l&rsquo;Angle Changer dans l&rsquo;application finale. (Vis fournies avec le produit M-TBAR. Utilisez une cl\u00e9 Allen de 1,27 mm pour fixer.) <\/li>\n<\/ul>\n\n<div style=\"height:15px\" aria-hidden=\"true\" class=\"wp-block-spacer\"><\/div>\n\n<h2 class=\"wp-block-heading\">Options Angle Changers<\/h2>\n\n<div class=\"wp-block-pb-accordion-item c-accordion__item js-accordion-item no-js\" data-initially-open=\"false\" data-click-to-close=\"true\" data-auto-close=\"true\" data-scroll=\"false\" data-scroll-offset=\"0\"><h3 id=\"at-108920\" class=\"c-accordion__title js-accordion-controller\" role=\"button\">\u00c9troit \u00b110\u00b0<\/h3><div id=\"ac-108920\" class=\"c-accordion__content\">\n<figure class=\"wp-block-image size-large\"><img loading=\"lazy\" decoding=\"async\" width=\"1024\" height=\"581\" src=\"https:\/\/www.tpl-vision.com\/wp-content\/uploads\/2023\/02\/10-1024x581.png\" alt=\"m tbar angle changers\" class=\"wp-image-11442\" srcset=\"https:\/\/www.tpl-vision.com\/wp-content\/uploads\/2023\/02\/10-1024x581.png 1024w, https:\/\/www.tpl-vision.com\/wp-content\/uploads\/2023\/02\/10-300x170.png 300w, https:\/\/www.tpl-vision.com\/wp-content\/uploads\/2023\/02\/10-768x436.png 768w, https:\/\/www.tpl-vision.com\/wp-content\/uploads\/2023\/02\/10-600x341.png 600w, https:\/\/www.tpl-vision.com\/wp-content\/uploads\/2023\/02\/10-175x99.png 175w, https:\/\/www.tpl-vision.com\/wp-content\/uploads\/2023\/02\/10-40x23.png 40w, https:\/\/www.tpl-vision.com\/wp-content\/uploads\/2023\/02\/10-55x31.png 55w, https:\/\/www.tpl-vision.com\/wp-content\/uploads\/2023\/02\/10-100x57.png 100w, https:\/\/www.tpl-vision.com\/wp-content\/uploads\/2023\/02\/10.png 1365w\" sizes=\"(max-width: 1024px) 100vw, 1024px\" \/><\/figure>\n<\/div><\/div>\n\n<div class=\"wp-block-pb-accordion-item c-accordion__item js-accordion-item no-js\" data-initially-open=\"false\" data-click-to-close=\"true\" data-auto-close=\"true\" data-scroll=\"false\" data-scroll-offset=\"0\"><h3 id=\"at-108921\" class=\"c-accordion__title js-accordion-controller\" role=\"button\">Moyen \u00b117\u00b0<\/h3><div id=\"ac-108921\" class=\"c-accordion__content\">\n<figure class=\"wp-block-image size-large\"><img loading=\"lazy\" decoding=\"async\" width=\"1024\" height=\"581\" src=\"https:\/\/www.tpl-vision.com\/wp-content\/uploads\/2023\/02\/17-1024x581.png\" alt=\"m tbar angle changers\" class=\"wp-image-11445\" srcset=\"https:\/\/www.tpl-vision.com\/wp-content\/uploads\/2023\/02\/17-1024x581.png 1024w, https:\/\/www.tpl-vision.com\/wp-content\/uploads\/2023\/02\/17-300x170.png 300w, https:\/\/www.tpl-vision.com\/wp-content\/uploads\/2023\/02\/17-768x436.png 768w, https:\/\/www.tpl-vision.com\/wp-content\/uploads\/2023\/02\/17-600x341.png 600w, https:\/\/www.tpl-vision.com\/wp-content\/uploads\/2023\/02\/17-175x99.png 175w, https:\/\/www.tpl-vision.com\/wp-content\/uploads\/2023\/02\/17-40x23.png 40w, https:\/\/www.tpl-vision.com\/wp-content\/uploads\/2023\/02\/17-55x31.png 55w, https:\/\/www.tpl-vision.com\/wp-content\/uploads\/2023\/02\/17-100x57.png 100w, https:\/\/www.tpl-vision.com\/wp-content\/uploads\/2023\/02\/17.png 1365w\" sizes=\"(max-width: 1024px) 100vw, 1024px\" \/><\/figure>\n<\/div><\/div>\n\n<div class=\"wp-block-pb-accordion-item c-accordion__item js-accordion-item no-js\" data-initially-open=\"false\" data-click-to-close=\"true\" data-auto-close=\"true\" data-scroll=\"false\" data-scroll-offset=\"0\"><h3 id=\"at-108922\" class=\"c-accordion__title js-accordion-controller\" role=\"button\">Large \u00b125\u00b0<\/h3><div id=\"ac-108922\" class=\"c-accordion__content\">\n<figure class=\"wp-block-image size-large\"><img loading=\"lazy\" decoding=\"async\" width=\"1024\" height=\"581\" src=\"https:\/\/www.tpl-vision.com\/wp-content\/uploads\/2023\/02\/25-1024x581.png\" alt=\"m tbar angle changers\" class=\"wp-image-11448\" srcset=\"https:\/\/www.tpl-vision.com\/wp-content\/uploads\/2023\/02\/25-1024x581.png 1024w, https:\/\/www.tpl-vision.com\/wp-content\/uploads\/2023\/02\/25-300x170.png 300w, https:\/\/www.tpl-vision.com\/wp-content\/uploads\/2023\/02\/25-768x436.png 768w, https:\/\/www.tpl-vision.com\/wp-content\/uploads\/2023\/02\/25-600x341.png 600w, https:\/\/www.tpl-vision.com\/wp-content\/uploads\/2023\/02\/25-175x99.png 175w, https:\/\/www.tpl-vision.com\/wp-content\/uploads\/2023\/02\/25-40x23.png 40w, https:\/\/www.tpl-vision.com\/wp-content\/uploads\/2023\/02\/25-55x31.png 55w, https:\/\/www.tpl-vision.com\/wp-content\/uploads\/2023\/02\/25-100x57.png 100w, https:\/\/www.tpl-vision.com\/wp-content\/uploads\/2023\/02\/25.png 1365w\" sizes=\"(max-width: 1024px) 100vw, 1024px\" \/><\/figure>\n<\/div><\/div>\n\n<div class=\"wp-block-pb-accordion-item c-accordion__item js-accordion-item no-js\" data-initially-open=\"false\" data-click-to-close=\"true\" data-auto-close=\"true\" data-scroll=\"false\" data-scroll-offset=\"0\"><h3 id=\"at-108923\" class=\"c-accordion__title js-accordion-controller\" role=\"button\">En Ligne \u00b19-16\u00b0<\/h3><div id=\"ac-108923\" class=\"c-accordion__content\">\n<figure class=\"wp-block-image size-large\"><img loading=\"lazy\" decoding=\"async\" width=\"1024\" height=\"581\" src=\"https:\/\/www.tpl-vision.com\/wp-content\/uploads\/2023\/02\/9-16-1024x581.png\" alt=\"m tbar angle changers\" class=\"wp-image-11451\" srcset=\"https:\/\/www.tpl-vision.com\/wp-content\/uploads\/2023\/02\/9-16-1024x581.png 1024w, https:\/\/www.tpl-vision.com\/wp-content\/uploads\/2023\/02\/9-16-300x170.png 300w, https:\/\/www.tpl-vision.com\/wp-content\/uploads\/2023\/02\/9-16-768x436.png 768w, https:\/\/www.tpl-vision.com\/wp-content\/uploads\/2023\/02\/9-16-600x341.png 600w, https:\/\/www.tpl-vision.com\/wp-content\/uploads\/2023\/02\/9-16-175x99.png 175w, https:\/\/www.tpl-vision.com\/wp-content\/uploads\/2023\/02\/9-16-40x23.png 40w, https:\/\/www.tpl-vision.com\/wp-content\/uploads\/2023\/02\/9-16-55x31.png 55w, https:\/\/www.tpl-vision.com\/wp-content\/uploads\/2023\/02\/9-16-100x57.png 100w, https:\/\/www.tpl-vision.com\/wp-content\/uploads\/2023\/02\/9-16.png 1365w\" sizes=\"(max-width: 1024px) 100vw, 1024px\" \/><\/figure>\n<\/div><\/div>\n\n<div style=\"height:15px\" aria-hidden=\"true\" class=\"wp-block-spacer\"><\/div>\n\n<h2 class=\"wp-block-heading\">Angle Changers polaris\u00e9s disponibles<\/h2>\n\n<div class=\"wp-block-columns is-layout-flex wp-container-core-columns-layout-1 wp-block-columns-is-layout-flex\">\n<div class=\"wp-block-column is-layout-flow wp-block-column-is-layout-flow\">\n<figure class=\"wp-block-image\"><img loading=\"lazy\" decoding=\"async\" width=\"800\" height=\"600\" src=\"https:\/\/www.tpl-vision.com\/wp-content\/uploads\/2023\/03\/Unpolarised-wire.bmp\" alt=\"m tbar angle changers\" class=\"wp-image-11966\" srcset=\"https:\/\/www.tpl-vision.com\/wp-content\/uploads\/2023\/03\/Unpolarised-wire.bmp 800w, https:\/\/www.tpl-vision.com\/wp-content\/uploads\/2023\/03\/Unpolarised-wire-300x225.jpg 300w, https:\/\/www.tpl-vision.com\/wp-content\/uploads\/2023\/03\/Unpolarised-wire-768x576.jpg 768w, https:\/\/www.tpl-vision.com\/wp-content\/uploads\/2023\/03\/Unpolarised-wire-600x450.jpg 600w, https:\/\/www.tpl-vision.com\/wp-content\/uploads\/2023\/03\/Unpolarised-wire-175x131.jpg 175w, https:\/\/www.tpl-vision.com\/wp-content\/uploads\/2023\/03\/Unpolarised-wire-40x30.jpg 40w, https:\/\/www.tpl-vision.com\/wp-content\/uploads\/2023\/03\/Unpolarised-wire-55x41.jpg 55w, https:\/\/www.tpl-vision.com\/wp-content\/uploads\/2023\/03\/Unpolarised-wire-100x75.jpg 100w\" sizes=\"(max-width: 800px) 100vw, 800px\" \/><figcaption class=\"wp-element-caption\">Non-polaris\u00e9<\/figcaption><\/figure>\n<\/div>\n\n\n\n<div class=\"wp-block-column is-layout-flow wp-block-column-is-layout-flow\">\n<figure class=\"wp-block-image size-full\"><img loading=\"lazy\" decoding=\"async\" width=\"800\" height=\"600\" src=\"https:\/\/www.tpl-vision.com\/wp-content\/uploads\/2023\/03\/polarised-wire.bmp\" alt=\"m tbar angle changers\" class=\"wp-image-11969\" srcset=\"https:\/\/www.tpl-vision.com\/wp-content\/uploads\/2023\/03\/polarised-wire.bmp 800w, https:\/\/www.tpl-vision.com\/wp-content\/uploads\/2023\/03\/polarised-wire-300x225.jpg 300w, https:\/\/www.tpl-vision.com\/wp-content\/uploads\/2023\/03\/polarised-wire-768x576.jpg 768w, https:\/\/www.tpl-vision.com\/wp-content\/uploads\/2023\/03\/polarised-wire-600x450.jpg 600w, https:\/\/www.tpl-vision.com\/wp-content\/uploads\/2023\/03\/polarised-wire-175x131.jpg 175w, https:\/\/www.tpl-vision.com\/wp-content\/uploads\/2023\/03\/polarised-wire-40x30.jpg 40w, https:\/\/www.tpl-vision.com\/wp-content\/uploads\/2023\/03\/polarised-wire-55x41.jpg 55w, https:\/\/www.tpl-vision.com\/wp-content\/uploads\/2023\/03\/polarised-wire-100x75.jpg 100w\" sizes=\"(max-width: 800px) 100vw, 800px\" \/><figcaption class=\"wp-element-caption\">Polaris\u00e9<\/figcaption><\/figure>\n<\/div>\n<\/div>\n\n<h2 class=\"wp-block-heading\">Constructeur de r\u00e9f\u00e9rence<\/h2>\n\n<figure class=\"wp-block-image size-full\"><a href=\"https:\/\/www.tpl-vision.com\/wp-content\/uploads\/2023\/05\/TPL_ANGLE_CHANGER_M-TBAR_Reference_Builder_FR.jpg\"><img decoding=\"async\" src=\"https:\/\/www.tpl-vision.com\/wp-content\/uploads\/2023\/05\/TPL_ANGLE_CHANGER_M-TBAR_Reference_Builder_FR.jpg\" alt=\"m tbar angle changers\" class=\"wp-image-12795\"\/><\/a><\/figure>\n\n<div style=\"height:10px\" aria-hidden=\"true\" class=\"wp-block-spacer\"><\/div>\n\n<h2 class=\"wp-block-heading has-text-align-center\">Vous recherchez des Angle Changers pour un autre produit ?<\/h2>\n\n<div class=\"wp-block-buttons is-layout-flex wp-block-buttons-is-layout-flex\">\n<div class=\"wp-block-button has-custom-width wp-block-button__width-100 is-style-outline\"><a class=\"wp-block-button__link has-vivid-red-color has-text-color wp-element-button\" href=\"https:\/\/www.tpl-vision.com\/product-category\/accessories\/?_categorie_accessories=angle-changers\" target=\"_blank\" rel=\"noreferrer noopener\">Cliquez ici<\/a><\/div>\n<\/div>\n","protected":false},"excerpt":{"rendered":"<p>L&rsquo;utilisation des Angle Changers permet de modifier l&rsquo;angle du faisceau lumineux de vos barres d&rsquo;\u00e9clairage en toute simplicit\u00e9, offrant ainsi une plus grande flexibilit\u00e9, quelle que soit la m\u00e9thode d&rsquo;\u00e9clairage utilis\u00e9e. Vous pouvez modifier l&rsquo;angle et la quantit\u00e9 d&rsquo;\u00e9clairage en clipsant simplement l&rsquo;Angle Changer sur la <a href=\"https:\/\/www.tpl-vision.com\/overview\/bar-lights\/modular-m-tbar\/\" target=\"_blank\" rel=\"noopener\">M-TBAR<\/a>, \u00e0 l&rsquo;aide d&rsquo;une fixation magn\u00e9tique pour les tests et de vis pour l&rsquo;application finale.  Cette solution robuste \u00e9tend les possibilit\u00e9s de la <a href=\"https:\/\/www.tpl-vision.com\/overview\/bar-lights\/modular-m-tbar\/\" target=\"_blank\" rel=\"noopener\">M-TBAR<\/a> tout en conservant son indice de protection IP67.<\/p>\n","protected":false},"featured_media":11980,"comment_status":"closed","ping_status":"closed","template":"","meta":{"_seopress_robots_primary_cat":"","_seopress_titles_title":"","_seopress_titles_desc":"Angle Changers pour r\u00e9gler l'angle du faisceau lumineux de la barrette miniature M-TBAR.","_seopress_robots_index":"","_monsterinsights_skip_tracking":false,"_monsterinsights_sitenote_active":false,"_monsterinsights_sitenote_note":"","_monsterinsights_sitenote_category":0},"product_cat":[59,426],"product_tag":[],"_links":{"self":[{"href":"https:\/\/www.tpl-vision.com\/fr\/wp-json\/wp\/v2\/product\/12344"}],"collection":[{"href":"https:\/\/www.tpl-vision.com\/fr\/wp-json\/wp\/v2\/product"}],"about":[{"href":"https:\/\/www.tpl-vision.com\/fr\/wp-json\/wp\/v2\/types\/product"}],"replies":[{"embeddable":true,"href":"https:\/\/www.tpl-vision.com\/fr\/wp-json\/wp\/v2\/comments?post=12344"}],"wp:featuredmedia":[{"embeddable":true,"href":"https:\/\/www.tpl-vision.com\/fr\/wp-json\/wp\/v2\/media\/11980"}],"wp:attachment":[{"href":"https:\/\/www.tpl-vision.com\/fr\/wp-json\/wp\/v2\/media?parent=12344"}],"wp:term":[{"taxonomy":"product_cat","embeddable":true,"href":"https:\/\/www.tpl-vision.com\/fr\/wp-json\/wp\/v2\/product_cat?post=12344"},{"taxonomy":"product_tag","embeddable":true,"href":"https:\/\/www.tpl-vision.com\/fr\/wp-json\/wp\/v2\/product_tag?post=12344"}],"curies":[{"name":"wp","href":"https:\/\/api.w.org\/{rel}","templated":true}]}}