{"id":1472,"date":"2022-10-06T14:08:59","date_gmt":"2022-10-06T12:08:59","guid":{"rendered":"https:\/\/www.tpl-vision.com\/overview\/non%20class\u00e9\/backlight-blbar\/"},"modified":"2026-03-30T15:02:12","modified_gmt":"2026-03-30T13:02:12","slug":"blbar-plus","status":"publish","type":"product","link":"https:\/\/www.tpl-vision.com\/fr\/vuedensemble\/barres-fr\/blbar-plus\/","title":{"rendered":"Backlight BLBAR+"},"content":{"rendered":"\n<h2 class=\"wp-block-heading\">3 versions disponibles<\/h2>\n\n<p>Outre la version STANDARD, 2 autres versions sont disponibles :<\/p>\n\n<figure class=\"wp-block-image size-full\"><img decoding=\"async\" width=\"192\" height=\"63\" src=\"https:\/\/www.tpl-vision.com\/wp-content\/uploads\/2022\/10\/Link.gif\" alt=\"\" class=\"wp-image-1272\"\/><\/figure>\n\n<p>BRANCHEMENT DIRECT \u00c0 LA CAM\u00c9RA<\/p>\n\n<p>En <strong>version LINK<\/strong>, l\u2019\u00e9clairage est \u00e9quip\u00e9 de <strong>3 connecteurs M12<\/strong>. Il est ainsi possible de <strong>brancher l\u2019\u00e9clairage directement \u00e0 la cam\u00e9ra<\/strong>, et si n\u00e9cessaire, de l\u2019alimenter en puissance additionnelle. On peut \u00e9galement <strong>brancher plusieurs \u00e9clairages entre eux<\/strong> pour une parfaite synchronisation du signal. La version LINK s\u2019int\u00e8gre parfaitement aux syst\u00e8mes de vision n\u00e9cessitant <strong>une synchronisation optimis\u00e9e<\/strong>.  <\/p>\n\n<p><\/p>\n\n<figure class=\"wp-block-image size-full\"><img decoding=\"async\" width=\"192\" height=\"63\" src=\"https:\/\/www.tpl-vision.com\/wp-content\/uploads\/2022\/10\/Overdrive.gif\" alt=\"\" class=\"wp-image-1275\"\/><\/figure>\n\n<p>OVERDRIVE JUSQUE X4<\/p>\n\n<p>La <strong>version OVERDRIVE<\/strong> s\u2019apparente \u00e0 la version STANDARD en termes de facilit\u00e9 d\u2019utilisation. \u00c9quip\u00e9e d\u2019une <strong>\u00e9lectronique d\u00e9di\u00e9e<\/strong>, elle donne la possibilit\u00e9 aux utilisateurs <strong>d\u2019overdriver eux-m\u00eame<\/strong> la puissance lumineuse. La version OVERDRIVE <strong>s\u2019adresse aux sp\u00e9cialistes<\/strong> qui souhaitent <strong>calibrer au plus juste l\u2019intensit\u00e9 lumineuse<\/strong>, pour un <strong>rendement optimis\u00e9<\/strong> du syst\u00e8me de vision. <\/p>\n\n<div style=\"height:30px\" aria-hidden=\"true\" class=\"wp-block-spacer\"><\/div>\n\n<h2 class=\"wp-block-heading\">CAS D&rsquo;UTILISATION<\/h2>\n\n<figure class=\"wp-block-image size-large\"><a href=\"https:\/\/www.tpl-vision.com\/fr\/applications\/diffuse-bar-light-used-in-quality-control-of-car-dashboards-using-robotic-guidance\/\" target=\"_blank\" rel=\"noreferrer noopener\"><img fetchpriority=\"high\" decoding=\"async\" width=\"1024\" height=\"535\" src=\"https:\/\/www.tpl-vision.com\/wp-content\/uploads\/2023\/11\/Automotive-with-blbars-casestudy-1-1024x535.png\" alt=\"backlight blbar+\" class=\"wp-image-15868\" srcset=\"https:\/\/www.tpl-vision.com\/wp-content\/uploads\/2023\/11\/Automotive-with-blbars-casestudy-1-1024x535.png 1024w, https:\/\/www.tpl-vision.com\/wp-content\/uploads\/2023\/11\/Automotive-with-blbars-casestudy-1-300x157.png 300w, https:\/\/www.tpl-vision.com\/wp-content\/uploads\/2023\/11\/Automotive-with-blbars-casestudy-1-768x401.png 768w, https:\/\/www.tpl-vision.com\/wp-content\/uploads\/2023\/11\/Automotive-with-blbars-casestudy-1-600x314.png 600w, https:\/\/www.tpl-vision.com\/wp-content\/uploads\/2023\/11\/Automotive-with-blbars-casestudy-1-175x91.png 175w, https:\/\/www.tpl-vision.com\/wp-content\/uploads\/2023\/11\/Automotive-with-blbars-casestudy-1-40x21.png 40w, https:\/\/www.tpl-vision.com\/wp-content\/uploads\/2023\/11\/Automotive-with-blbars-casestudy-1-55x29.png 55w, https:\/\/www.tpl-vision.com\/wp-content\/uploads\/2023\/11\/Automotive-with-blbars-casestudy-1-100x52.png 100w, https:\/\/www.tpl-vision.com\/wp-content\/uploads\/2023\/11\/Automotive-with-blbars-casestudy-1.png 1200w\" sizes=\"(max-width: 1024px) 100vw, 1024px\" \/><\/a><\/figure>\n\n<p>Au cours d&rsquo;une \u00e9tape cruciale du processus d&rsquo;assemblage automobile, un <strong>syst\u00e8me de vision<\/strong> est utilis\u00e9 pour v\u00e9rifier la pr\u00e9sence et le positionnement des composants. Am\u00e9liorant les capacit\u00e9s de la cam\u00e9ra, de <strong>puissantes barres lumineuses diffuses<\/strong> sont int\u00e9gr\u00e9es sur un robot collaboratif (cobot).<\/p>\n\n<div class=\"wp-block-buttons is-content-justification-center is-layout-flex wp-container-core-buttons-layout-1 wp-block-buttons-is-layout-flex\">\n<div class=\"wp-block-button\"><a class=\"wp-block-button__link wp-element-button\" href=\"https:\/\/www.tpl-vision.com\/fr\/applications\/diffuse-bar-light-used-in-quality-control-of-car-dashboards-using-robotic-guidance\/\" target=\"_blank\" rel=\"noreferrer noopener\">En savoir plus<\/a><\/div>\n<\/div>\n\n<div style=\"height:30px\" aria-hidden=\"true\" class=\"wp-block-spacer\"><\/div>\n\n<h2 class=\"wp-block-heading\">Informations techniques<\/h2>\n\n<p><em>Veuillez cliquer sur les onglets ci-dessous.<\/em><\/p>\n\n<div class=\"wp-block-pb-accordion-item c-accordion__item js-accordion-item no-js\" data-initially-open=\"false\" data-click-to-close=\"true\" data-auto-close=\"true\" data-scroll=\"false\" data-scroll-offset=\"0\"><h3 id=\"at-13200\" class=\"c-accordion__title js-accordion-controller\" role=\"button\">M\u00e9thode d&rsquo;\u00e9clairage<\/h3><div id=\"ac-13200\" class=\"c-accordion__content\">\n<div class=\"wp-block-columns is-layout-flex wp-container-core-columns-layout-1 wp-block-columns-is-layout-flex\">\n<div class=\"wp-block-column is-layout-flow wp-block-column-is-layout-flow\">\n<figure class=\"wp-block-image size-full\"><img loading=\"lazy\" decoding=\"async\" width=\"500\" height=\"500\" src=\"https:\/\/www.tpl-vision.com\/wp-content\/uploads\/2022\/10\/TPL_LightingMethod_BACKLIGHT.jpg\" alt=\"\" class=\"wp-image-1322\" srcset=\"https:\/\/www.tpl-vision.com\/wp-content\/uploads\/2022\/10\/TPL_LightingMethod_BACKLIGHT.jpg 500w, https:\/\/www.tpl-vision.com\/wp-content\/uploads\/2022\/10\/TPL_LightingMethod_BACKLIGHT-300x300.jpg 300w, https:\/\/www.tpl-vision.com\/wp-content\/uploads\/2022\/10\/TPL_LightingMethod_BACKLIGHT-150x150.jpg 150w, https:\/\/www.tpl-vision.com\/wp-content\/uploads\/2022\/10\/TPL_LightingMethod_BACKLIGHT-360x360.jpg 360w, https:\/\/www.tpl-vision.com\/wp-content\/uploads\/2022\/10\/TPL_LightingMethod_BACKLIGHT-100x100.jpg 100w, https:\/\/www.tpl-vision.com\/wp-content\/uploads\/2022\/10\/TPL_LightingMethod_BACKLIGHT-50x50.jpg 50w, https:\/\/www.tpl-vision.com\/wp-content\/uploads\/2022\/10\/TPL_LightingMethod_BACKLIGHT-40x40.jpg 40w, https:\/\/www.tpl-vision.com\/wp-content\/uploads\/2022\/10\/TPL_LightingMethod_BACKLIGHT-55x55.jpg 55w\" sizes=\"(max-width: 500px) 100vw, 500px\" \/><\/figure>\n<\/div>\n\n\n\n<div class=\"wp-block-column is-layout-flow wp-block-column-is-layout-flow\">\n<figure class=\"wp-block-image size-full\"><img loading=\"lazy\" decoding=\"async\" width=\"500\" height=\"500\" src=\"https:\/\/www.tpl-vision.com\/wp-content\/uploads\/2022\/10\/TPL_LightingMethod_DIRECT.jpg\" alt=\"\" class=\"wp-image-1290\" srcset=\"https:\/\/www.tpl-vision.com\/wp-content\/uploads\/2022\/10\/TPL_LightingMethod_DIRECT.jpg 500w, https:\/\/www.tpl-vision.com\/wp-content\/uploads\/2022\/10\/TPL_LightingMethod_DIRECT-300x300.jpg 300w, https:\/\/www.tpl-vision.com\/wp-content\/uploads\/2022\/10\/TPL_LightingMethod_DIRECT-150x150.jpg 150w, https:\/\/www.tpl-vision.com\/wp-content\/uploads\/2022\/10\/TPL_LightingMethod_DIRECT-360x360.jpg 360w, https:\/\/www.tpl-vision.com\/wp-content\/uploads\/2022\/10\/TPL_LightingMethod_DIRECT-100x100.jpg 100w, https:\/\/www.tpl-vision.com\/wp-content\/uploads\/2022\/10\/TPL_LightingMethod_DIRECT-50x50.jpg 50w, https:\/\/www.tpl-vision.com\/wp-content\/uploads\/2022\/10\/TPL_LightingMethod_DIRECT-40x40.jpg 40w, https:\/\/www.tpl-vision.com\/wp-content\/uploads\/2022\/10\/TPL_LightingMethod_DIRECT-55x55.jpg 55w\" sizes=\"(max-width: 500px) 100vw, 500px\" \/><\/figure>\n<\/div>\n\n\n\n<div class=\"wp-block-column is-layout-flow wp-block-column-is-layout-flow\"><\/div>\n\n\n\n<div class=\"wp-block-column is-layout-flow wp-block-column-is-layout-flow\"><\/div>\n<\/div>\n<\/div><\/div>\n\n<div class=\"wp-block-pb-accordion-item c-accordion__item js-accordion-item no-js\" data-initially-open=\"false\" data-click-to-close=\"true\" data-auto-close=\"true\" data-scroll=\"false\" data-scroll-offset=\"0\"><h3 id=\"at-13201\" class=\"c-accordion__title js-accordion-controller\" role=\"button\">Constructeur de r\u00e9f\u00e9rence<\/h3><div id=\"ac-13201\" class=\"c-accordion__content\">\n<figure class=\"wp-block-image size-full\"><a href=\"https:\/\/www.tpl-vision.com\/wp-content\/uploads\/2024\/04\/TPL_BLBAR_PLUS_Reference_Builder_FR.jpg\"><img decoding=\"async\" src=\"https:\/\/www.tpl-vision.com\/wp-content\/uploads\/2024\/04\/TPL_BLBAR_PLUS_Reference_Builder_FR.jpg\" alt=\"backlight blbar+\" class=\"wp-image-17742\"\/><\/a><\/figure>\n<\/div><\/div>\n","protected":false},"excerpt":{"rendered":"<p>La <strong>Backlight BLBAR+<\/strong> est une solution d\u2019\u00e9clairage tr\u00e8s puissante, \u00e9quip\u00e9e d\u2019un <strong>diffusant opaque<\/strong>, qui offre <strong>une diffusion parfaite de la lumi\u00e8re<\/strong> sur toute la surface, y compris sur les bords. Aucun point d\u2019impact des leds ! Il s\u2019agit du compagnon id\u00e9al pour toutes les cam\u00e9ras lin\u00e9aires d\u00e9volues aux t\u00e2ches de type Web Inspection. La Backlight BLBAR+ s\u2019utilise commun\u00e9ment <strong>en mode r\u00e9tro-\u00e9clairage<\/strong>, pour faire appara\u00eetre les silhouettes des pi\u00e8ces \u00e0 contr\u00f4ler sous la forme d\u2019ombres chinoises, mais peut aussi servir d\u2019<strong>\u00e9clairage directif tr\u00e8s diffus<\/strong>. Son profil\u00e9 anodis\u00e9 noir permet <strong>une meilleure dissipation de la chaleur<\/strong> \u00e9mise par les leds.     La Backlight BLBAR+ poss\u00e8de un indice de protection <strong>IP65<\/strong> par d\u00e9faut. <strong>Des leds t\u00e9moins<\/strong> \u00e0 la base du connecteur attestent de la mise sous tension de l\u2019appareil. Comme toutes les barrettes TPL Vision, on l\u2019appr\u00e9cie pour <strong>sa structure robuste en aluminium<\/strong> et <strong>sa fixation simplifi\u00e9e<\/strong> \u00e0 l\u2019arri\u00e8re du profil\u00e9.<\/p>\n","protected":false},"featured_media":23979,"comment_status":"closed","ping_status":"closed","template":"","meta":{"_seopress_robots_primary_cat":"none","_seopress_titles_title":"","_seopress_titles_desc":"Barre d'\u00e9clairage diffuse pour l\u2019inspection en vision industrielle. Puissante et class\u00e9e IP65. Tailles disponibles jusqu'\u00e0 2,5 m.  ","_seopress_robots_index":"","_monsterinsights_skip_tracking":false,"_monsterinsights_sitenote_active":false,"_monsterinsights_sitenote_note":"","_monsterinsights_sitenote_category":0},"product_cat":[69],"product_tag":[],"_links":{"self":[{"href":"https:\/\/www.tpl-vision.com\/fr\/wp-json\/wp\/v2\/product\/1472"}],"collection":[{"href":"https:\/\/www.tpl-vision.com\/fr\/wp-json\/wp\/v2\/product"}],"about":[{"href":"https:\/\/www.tpl-vision.com\/fr\/wp-json\/wp\/v2\/types\/product"}],"replies":[{"embeddable":true,"href":"https:\/\/www.tpl-vision.com\/fr\/wp-json\/wp\/v2\/comments?post=1472"}],"wp:featuredmedia":[{"embeddable":true,"href":"https:\/\/www.tpl-vision.com\/fr\/wp-json\/wp\/v2\/media\/23979"}],"wp:attachment":[{"href":"https:\/\/www.tpl-vision.com\/fr\/wp-json\/wp\/v2\/media?parent=1472"}],"wp:term":[{"taxonomy":"product_cat","embeddable":true,"href":"https:\/\/www.tpl-vision.com\/fr\/wp-json\/wp\/v2\/product_cat?post=1472"},{"taxonomy":"product_tag","embeddable":true,"href":"https:\/\/www.tpl-vision.com\/fr\/wp-json\/wp\/v2\/product_tag?post=1472"}],"curies":[{"name":"wp","href":"https:\/\/api.w.org\/{rel}","templated":true}]}}