{"id":15025,"date":"2023-09-30T16:42:18","date_gmt":"2023-09-30T14:42:18","guid":{"rendered":"https:\/\/www.tpl-vision.com\/?post_type=product&#038;p=15025"},"modified":"2025-06-24T10:48:51","modified_gmt":"2025-06-24T08:48:51","slug":"pnp-to-npn-converter","status":"publish","type":"product","link":"https:\/\/www.tpl-vision.com\/fr\/vuedensemble\/accessoires-fr\/cables-fr\/pnp-to-npn-converter\/","title":{"rendered":"Convertisseur PNP-NPN"},"content":{"rendered":"\n<h2 class=\"wp-block-heading\">R\u00e9f\u00e9rences<\/h2>\n\n<p>ACC-PNP-NPN-2M<\/p>\n","protected":false},"excerpt":{"rendered":"<p class=\"p1\">L&rsquo;ACC-PNP-NPN-2M est destin\u00e9 \u00e0 \u00eatre utilis\u00e9 avec le Fluorescence Imaging Solution (FIS) de TPL Vision. Il convertit les signaux PNP en signaux NPN sur la broche n\u00b02 du connecteur M12 5 p\u00f4les. Cet accessoire permet de simplifier la connexion entre la cam\u00e9ra et le d\u00e9clenchement en mode strobe.<\/p>\n<p class=\"p1\">Veuillez consulter la documentation technique pour plus d&rsquo;informations.<\/p>\n","protected":false},"featured_media":15433,"comment_status":"closed","ping_status":"closed","template":"","meta":{"_seopress_robots_primary_cat":"","_seopress_titles_title":"","_seopress_titles_desc":"","_seopress_robots_index":"","_monsterinsights_skip_tracking":false,"_monsterinsights_sitenote_active":false,"_monsterinsights_sitenote_note":"","_monsterinsights_sitenote_category":0},"product_cat":[59,346],"product_tag":[],"_links":{"self":[{"href":"https:\/\/www.tpl-vision.com\/fr\/wp-json\/wp\/v2\/product\/15025"}],"collection":[{"href":"https:\/\/www.tpl-vision.com\/fr\/wp-json\/wp\/v2\/product"}],"about":[{"href":"https:\/\/www.tpl-vision.com\/fr\/wp-json\/wp\/v2\/types\/product"}],"replies":[{"embeddable":true,"href":"https:\/\/www.tpl-vision.com\/fr\/wp-json\/wp\/v2\/comments?post=15025"}],"wp:featuredmedia":[{"embeddable":true,"href":"https:\/\/www.tpl-vision.com\/fr\/wp-json\/wp\/v2\/media\/15433"}],"wp:attachment":[{"href":"https:\/\/www.tpl-vision.com\/fr\/wp-json\/wp\/v2\/media?parent=15025"}],"wp:term":[{"taxonomy":"product_cat","embeddable":true,"href":"https:\/\/www.tpl-vision.com\/fr\/wp-json\/wp\/v2\/product_cat?post=15025"},{"taxonomy":"product_tag","embeddable":true,"href":"https:\/\/www.tpl-vision.com\/fr\/wp-json\/wp\/v2\/product_tag?post=15025"}],"curies":[{"name":"wp","href":"https:\/\/api.w.org\/{rel}","templated":true}]}}