{"id":1512,"date":"2022-10-07T16:43:38","date_gmt":"2022-10-07T14:43:38","guid":{"rendered":"https:\/\/www.tpl-vision.com\/overview\/non%20class\u00e9\/waterproof-ip69k-washdown-barlightsbarlights\/"},"modified":"2025-10-06T11:40:18","modified_gmt":"2025-10-06T09:40:18","slug":"waterproof-ip69k-washdown-barlights","status":"publish","type":"product","link":"https:\/\/www.tpl-vision.com\/fr\/vuedensemble\/barres-fr\/waterproof-ip69k-washdown-barlights\/","title":{"rendered":"IP69K Washdown Barlights"},"content":{"rendered":"\n<ul>\n<li>Surface cylindrique lisse pour un nettoyage rapide<\/li>\n\n\n\n<li>Large gamme de produits de nettoyage<\/li>\n\n\n\n<li>Convient aux environnements humides<\/li>\n\n\n\n<li>Large amplitude de temp\u00e9ratures ambiantes de fonctionnement<\/li>\n\n\n\n<li>Barres les plus longues du march\u00e9 (jusqu\u2019\u00e0 1,25 m) (Standard jusqu&rsquo;\u00e0 1250mm)<\/li>\n\n\n\n<li>6 couleurs, couvrant la majorit\u00e9 des applications<\/li>\n\n\n\n<li>Supports de montage pivotants pour une installation simplifi\u00e9e<\/li>\n\n\n\n<li>Facilit\u00e9 de branchement, label plug &amp; light<\/li>\n\n\n\n<li>Contr\u00f4leur de courant int\u00e9gr\u00e9, 1 connectique M12<\/li>\n\n\n\n<li><span style=\"color: initial; font-family: -apple-system, BlinkMacSystemFont, \" segoe=\"\" ui=\"\" roboto=\"\" oxygen-sans=\"\" ubuntu=\"\" cantarell=\"\" neue=\"\" sans-serif=\"\">D\u00e9lai de livraison rapide<\/span><\/li>\n\n\n\n<li>Garantie de 3 ans*<\/li>\n\n\n\n<li>Besoin d&rsquo;un produit certifi\u00e9 IK ? Contactez-nous ! <\/li>\n<\/ul>\n\n\n\n<p><br>* Garantie : 3 ans (UV : 1 an).<br>Voir <a href=\"https:\/\/www.tpl-vision.com\/fr\/services\/garantie\/\">www.tpl-vision.com\/fr\/services\/garantie\/<\/a><\/p>\n\n\n\n<div style=\"height:30px\" aria-hidden=\"true\" class=\"wp-block-spacer\"><\/div>\n\n\n\n<h2 class=\"wp-block-heading\">T\u00e9moignage<\/h2>\n\n\n\n<p><em>\u00ab\u00a0TPL Vision propose les meilleures solutions d\u2019\u00e9clairages IP69K sur le march\u00e9. Nous avons parcouru le monde et avons test\u00e9 de nombreux \u00e9clairages, mais rien ne vaut la qualit\u00e9 TPL Vision. Ils nous ont permis d\u2019aller au-del\u00e0 des standards industriels et de faire franchir un palier \u00e0 nos produits. TPL Vision est un v\u00e9ritable partenaire, qui fournit un support et des services in\u00e9gal\u00e9s. Leur r\u00e9activit\u00e9 n\u2019a pas d\u2019\u00e9quivalent dans le domaine industriel.\u00a0\u00bb<\/em><\/p>\n\n\n\n<p>Jeff Youngs, President and CEO, <a rel=\"noreferrer noopener\" href=\"http:\/\/prospectionsolutions.com\/\" target=\"_blank\">ProSpection Solutions<\/a>, LLC<\/p>\n\n\n\n<div style=\"height:15px\" aria-hidden=\"true\" class=\"wp-block-spacer\"><\/div>\n\n\n\n<div class=\"wp-block-columns is-layout-flex wp-container-core-columns-layout-1 wp-block-columns-is-layout-flex\">\n<div class=\"wp-block-column is-layout-flow wp-block-column-is-layout-flow\">\n<figure class=\"wp-block-image size-full\"><img fetchpriority=\"high\" decoding=\"async\" width=\"336\" height=\"500\" src=\"https:\/\/www.tpl-vision.com\/wp-content\/uploads\/2023\/05\/ProSpection-Tray-Inspection-LQ.png\" alt=\"ip69k washdown barlights\" class=\"wp-image-13140\" srcset=\"https:\/\/www.tpl-vision.com\/wp-content\/uploads\/2023\/05\/ProSpection-Tray-Inspection-LQ.png 336w, https:\/\/www.tpl-vision.com\/wp-content\/uploads\/2023\/05\/ProSpection-Tray-Inspection-LQ-202x300.png 202w, https:\/\/www.tpl-vision.com\/wp-content\/uploads\/2023\/05\/ProSpection-Tray-Inspection-LQ-118x175.png 118w, https:\/\/www.tpl-vision.com\/wp-content\/uploads\/2023\/05\/ProSpection-Tray-Inspection-LQ-27x40.png 27w, https:\/\/www.tpl-vision.com\/wp-content\/uploads\/2023\/05\/ProSpection-Tray-Inspection-LQ-37x55.png 37w, https:\/\/www.tpl-vision.com\/wp-content\/uploads\/2023\/05\/ProSpection-Tray-Inspection-LQ-67x100.png 67w\" sizes=\"(max-width: 336px) 100vw, 336px\" \/><\/figure>\n<\/div>\n\n\n\n<div class=\"wp-block-column is-layout-flow wp-block-column-is-layout-flow\">\n<figure class=\"wp-block-image size-full\"><img decoding=\"async\" width=\"336\" height=\"500\" src=\"https:\/\/www.tpl-vision.com\/wp-content\/uploads\/2023\/05\/Prospection-Rollstock-Inspection.jpg\" alt=\"ip69k washdown barlights\" class=\"wp-image-13130\" srcset=\"https:\/\/www.tpl-vision.com\/wp-content\/uploads\/2023\/05\/Prospection-Rollstock-Inspection.jpg 336w, https:\/\/www.tpl-vision.com\/wp-content\/uploads\/2023\/05\/Prospection-Rollstock-Inspection-202x300.jpg 202w, https:\/\/www.tpl-vision.com\/wp-content\/uploads\/2023\/05\/Prospection-Rollstock-Inspection-118x175.jpg 118w, https:\/\/www.tpl-vision.com\/wp-content\/uploads\/2023\/05\/Prospection-Rollstock-Inspection-27x40.jpg 27w, https:\/\/www.tpl-vision.com\/wp-content\/uploads\/2023\/05\/Prospection-Rollstock-Inspection-37x55.jpg 37w, https:\/\/www.tpl-vision.com\/wp-content\/uploads\/2023\/05\/Prospection-Rollstock-Inspection-67x100.jpg 67w\" sizes=\"(max-width: 336px) 100vw, 336px\" \/><\/figure>\n<\/div>\n<\/div>\n\n\n\n<div style=\"height:15px\" aria-hidden=\"true\" class=\"wp-block-spacer\"><\/div>\n\n\n\n<h2 class=\"wp-block-heading\">Informations techniques<\/h2>\n\n\n\n<p><em>Veuillez cliquer sur les onglets ci-dessous.<\/em><\/p>\n\n\n\n<div class=\"wp-block-pb-accordion-item c-accordion__item js-accordion-item no-js\" data-initially-open=\"false\" data-click-to-close=\"true\" data-auto-close=\"true\" data-scroll=\"false\" data-scroll-offset=\"0\"><h3 id=\"at-15120\" class=\"c-accordion__title js-accordion-controller\" role=\"button\">M\u00e9thode d&rsquo;\u00e9clairage<\/h3><div id=\"ac-15120\" class=\"c-accordion__content\">\n<div class=\"wp-block-columns is-layout-flex wp-container-core-columns-layout-2 wp-block-columns-is-layout-flex\">\n<div class=\"wp-block-column is-layout-flow wp-block-column-is-layout-flow\">\n<figure class=\"wp-block-image size-full\"><img decoding=\"async\" width=\"190\" height=\"190\" src=\"https:\/\/www.tpl-vision.com\/wp-content\/uploads\/2022\/10\/TPL_LightingMethod_IP69K_DIRECT.jpg\" alt=\"\" class=\"wp-image-3320\" srcset=\"https:\/\/www.tpl-vision.com\/wp-content\/uploads\/2022\/10\/TPL_LightingMethod_IP69K_DIRECT.jpg 190w, https:\/\/www.tpl-vision.com\/wp-content\/uploads\/2022\/10\/TPL_LightingMethod_IP69K_DIRECT-150x150.jpg 150w, https:\/\/www.tpl-vision.com\/wp-content\/uploads\/2022\/10\/TPL_LightingMethod_IP69K_DIRECT-175x175.jpg 175w, https:\/\/www.tpl-vision.com\/wp-content\/uploads\/2022\/10\/TPL_LightingMethod_IP69K_DIRECT-50x50.jpg 50w, https:\/\/www.tpl-vision.com\/wp-content\/uploads\/2022\/10\/TPL_LightingMethod_IP69K_DIRECT-100x100.jpg 100w, https:\/\/www.tpl-vision.com\/wp-content\/uploads\/2022\/10\/TPL_LightingMethod_IP69K_DIRECT-40x40.jpg 40w, https:\/\/www.tpl-vision.com\/wp-content\/uploads\/2022\/10\/TPL_LightingMethod_IP69K_DIRECT-55x55.jpg 55w\" sizes=\"(max-width: 190px) 100vw, 190px\" \/><\/figure>\n<\/div>\n\n\n\n<div class=\"wp-block-column is-layout-flow wp-block-column-is-layout-flow\">\n<figure class=\"wp-block-image size-full\"><img loading=\"lazy\" decoding=\"async\" width=\"190\" height=\"190\" src=\"https:\/\/www.tpl-vision.com\/wp-content\/uploads\/2022\/10\/TPL_LightingMethod_IP69K_LINE_SCAN-1.jpg\" alt=\"\" class=\"wp-image-3324\" srcset=\"https:\/\/www.tpl-vision.com\/wp-content\/uploads\/2022\/10\/TPL_LightingMethod_IP69K_LINE_SCAN-1.jpg 190w, https:\/\/www.tpl-vision.com\/wp-content\/uploads\/2022\/10\/TPL_LightingMethod_IP69K_LINE_SCAN-1-150x150.jpg 150w, https:\/\/www.tpl-vision.com\/wp-content\/uploads\/2022\/10\/TPL_LightingMethod_IP69K_LINE_SCAN-1-175x175.jpg 175w, https:\/\/www.tpl-vision.com\/wp-content\/uploads\/2022\/10\/TPL_LightingMethod_IP69K_LINE_SCAN-1-50x50.jpg 50w, https:\/\/www.tpl-vision.com\/wp-content\/uploads\/2022\/10\/TPL_LightingMethod_IP69K_LINE_SCAN-1-100x100.jpg 100w, https:\/\/www.tpl-vision.com\/wp-content\/uploads\/2022\/10\/TPL_LightingMethod_IP69K_LINE_SCAN-1-40x40.jpg 40w, https:\/\/www.tpl-vision.com\/wp-content\/uploads\/2022\/10\/TPL_LightingMethod_IP69K_LINE_SCAN-1-55x55.jpg 55w\" sizes=\"(max-width: 190px) 100vw, 190px\" \/><\/figure>\n<\/div>\n\n\n\n<div class=\"wp-block-column is-layout-flow wp-block-column-is-layout-flow\">\n<figure class=\"wp-block-image size-full\"><img loading=\"lazy\" decoding=\"async\" width=\"190\" height=\"190\" src=\"https:\/\/www.tpl-vision.com\/wp-content\/uploads\/2022\/10\/TPL_LightingMethod_IP69K_DarkField.jpg\" alt=\"\" class=\"wp-image-1500\" srcset=\"https:\/\/www.tpl-vision.com\/wp-content\/uploads\/2022\/10\/TPL_LightingMethod_IP69K_DarkField.jpg 190w, https:\/\/www.tpl-vision.com\/wp-content\/uploads\/2022\/10\/TPL_LightingMethod_IP69K_DarkField-150x150.jpg 150w, https:\/\/www.tpl-vision.com\/wp-content\/uploads\/2022\/10\/TPL_LightingMethod_IP69K_DarkField-175x175.jpg 175w, https:\/\/www.tpl-vision.com\/wp-content\/uploads\/2022\/10\/TPL_LightingMethod_IP69K_DarkField-50x50.jpg 50w, https:\/\/www.tpl-vision.com\/wp-content\/uploads\/2022\/10\/TPL_LightingMethod_IP69K_DarkField-100x100.jpg 100w, https:\/\/www.tpl-vision.com\/wp-content\/uploads\/2022\/10\/TPL_LightingMethod_IP69K_DarkField-40x40.jpg 40w, https:\/\/www.tpl-vision.com\/wp-content\/uploads\/2022\/10\/TPL_LightingMethod_IP69K_DarkField-55x55.jpg 55w\" sizes=\"(max-width: 190px) 100vw, 190px\" \/><\/figure>\n<\/div>\n<\/div>\n<\/div><\/div>\n\n\n\n<div class=\"wp-block-pb-accordion-item c-accordion__item js-accordion-item no-js\" data-initially-open=\"false\" data-click-to-close=\"true\" data-auto-close=\"true\" data-scroll=\"false\" data-scroll-offset=\"0\"><h3 id=\"at-15121\" class=\"c-accordion__title js-accordion-controller\" role=\"button\">Zone d&rsquo;\u00e9clairage<br><a href=\"https:\/\/www.tpl-vision.fr\/wp-content\/uploads\/2020\/04\/EBAR_PLUS_IP69K_Lighting_Area.jpg\"><\/a><\/h3><div id=\"ac-15121\" class=\"c-accordion__content\">\n<figure class=\"wp-block-image size-full\"><img decoding=\"async\" src=\"https:\/\/www.tpl-vision.com\/wp-content\/uploads\/2023\/01\/EBAR_PLUS_IP69K_Lighting_Area_FR-1.jpg\" alt=\"\" class=\"wp-image-10199\"\/><\/figure>\n<\/div><\/div>\n\n\n\n<div class=\"wp-block-pb-accordion-item c-accordion__item js-accordion-item no-js\" data-initially-open=\"false\" data-click-to-close=\"true\" data-auto-close=\"true\" data-scroll=\"false\" data-scroll-offset=\"0\"><h3 id=\"at-15122\" class=\"c-accordion__title js-accordion-controller\" role=\"button\">Caract\u00e9ristiques techniques<\/h3><div id=\"ac-15122\" class=\"c-accordion__content\">\n<figure class=\"wp-block-table is-style-stripes\"><table class=\"has-white-background-color has-background\"><tbody><tr><td><strong>Tension d\u2019alimentation<\/strong><\/td><td>24 VDC<\/td><\/tr><tr><td><strong>Longueur du c\u00e2ble fourni<\/strong><\/td><td>5 m\u00e8tres<\/td><\/tr><tr><td><strong>Mode de fonctionnement<\/strong><\/td><td>Continu et Strobe<\/td><\/tr><tr><td><strong>Mode de d\u00e9clenchement (strobe)<\/strong><\/td><td>PNP &amp; NPN<\/td><\/tr><tr><td><strong>Temps d\u2019allumage et d\u2019extinction<\/strong><\/td><td>15 \u00b5s \/ 10 \u00b5s<\/td><\/tr><tr><td><strong>Contr\u00f4le du dimming<\/strong><\/td><td>Oui, 100% \u2013 35%<\/td><\/tr><tr><td><strong>Temp\u00e9rature ambiante<\/strong><\/td><td>-20\u00b0C \u00e0 +60\u00b0C (-4\u00b0F \u00e0 +140\u00b0F) \u2013 Voir notice d\u2019utilisation<\/td><\/tr><tr><td><strong>Humidit\u00e9 ambiante<\/strong><\/td><td>80% max<\/td><\/tr><tr><td><strong>Indice de protection<\/strong><\/td><td>IP69K (IEC 60529)<\/td><\/tr><tr><td><strong>Tube<\/strong><\/td><td>Acier inoxydable 316L \/ tube en plexiglas<\/td><\/tr><tr><td><strong>\u00c9querres de fixation<\/strong> (inclus)<\/td><td>Permet la rotation de l\u2019\u00e9clairage \u00e0 360\u00b0<\/td><\/tr><tr><td><strong>Garantie<\/strong><\/td><td>* Garantie : 3 ans (UV : 1 an).<br>Voir <a href=\"https:\/\/www.tpl-vision.com\/fr\/services\/garantie\/\">www.tpl-vision.com\/fr\/services\/garantie\/<\/a><\/td><\/tr><\/tbody><\/table><\/figure>\n<\/div><\/div>\n\n\n\n<div class=\"wp-block-pb-accordion-item c-accordion__item js-accordion-item no-js\" data-initially-open=\"false\" data-click-to-close=\"true\" data-auto-close=\"true\" data-scroll=\"false\" data-scroll-offset=\"0\"><h3 id=\"at-15123\" class=\"c-accordion__title js-accordion-controller\" role=\"button\">Constructeur de r\u00e9f\u00e9rence<br><a href=\"https:\/\/www.tpl-vision.fr\/wp-content\/uploads\/2020\/04\/EBAR_PLUS_IP69K_Lighting_Area.jpg\"><\/a><\/h3><div id=\"ac-15123\" class=\"c-accordion__content\">\n<figure class=\"wp-block-image size-full\"><a href=\"https:\/\/www.tpl-vision.com\/wp-content\/uploads\/2025\/05\/TPL_Waterproof_IP69K_Washdown_Barlights_Reference_Builder_FR.jpg\"><img decoding=\"async\" src=\"https:\/\/www.tpl-vision.com\/wp-content\/uploads\/2025\/05\/TPL_Waterproof_IP69K_Washdown_Barlights_Reference_Builder_FR.jpg\" alt=\"ip69k washdown barlights\" class=\"wp-image-20586\"\/><\/a><\/figure>\n<\/div><\/div>\n","protected":false},"excerpt":{"rendered":"<p>Les <strong data-rich-text-format-boundary=\"true\">\u00e9clairages IP69K<\/strong> offrent une <strong>luminosit\u00e9 \u00e9lev\u00e9e<\/strong> et un <strong>\u00e9clairage uniforme<\/strong> dans un tube con\u00e7u pour r\u00e9sister aux rigueurs des <strong>nettoyages chimiques<\/strong> et des d\u00e9contaminations.<\/p>\n<p><!-- wp:paragraph --><\/p>\n<p>Nos nouveaux \u00e9clairages waterproofs IP69K offrent des am\u00e9liorations significatives par rapport aux anciens mod\u00e8les :<\/p>\n<p><!-- \/wp:paragraph --><\/p>\n<p><!-- wp:list --><\/p>\n<ul>\n<li style=\"text-align: left;\">Puissance 40% plus \u00e9lev\u00e9e : autorise des temps d\u2019exposition r\u00e9duits et des taux de production plus \u00e9lev\u00e9s, ou des ouvertures plus petites avec une plus grande profondeur de champ [8 185 lux \u00e0 0,5m (barre 125mm), 14 650 lux (barre 1250mm)]<\/li>\n<li style=\"text-align: left;\">Temps de mont\u00e9e et de descente 100 fois plus rapides [temps de mont\u00e9e de 15 \u00b5s (au lieu de 1,5 ms) ; temps de descente de 10 \u00b5s (au lieu de 1 ms)]<\/li>\n<li style=\"text-align: left;\">Nouvelle fonction Dimming [100% \u2013 35% (0-10V)], pour un meilleur contr\u00f4le de la luminosit\u00e9<\/li>\n<\/ul>\n<p><!-- \/wp:list --><\/p>\n","protected":false},"featured_media":23985,"comment_status":"closed","ping_status":"closed","template":"","meta":{"_seopress_robots_primary_cat":"none","_seopress_titles_title":"","_seopress_titles_desc":"Barre d'\u00e9clairage IP69K pour les applications de vision industrielle dans le secteur alimentaire, des boissons et pharmaceutique. Puissance 40% plus \u00e9lev\u00e9e. ","_seopress_robots_index":"","_monsterinsights_skip_tracking":false,"_monsterinsights_sitenote_active":false,"_monsterinsights_sitenote_note":"","_monsterinsights_sitenote_category":0},"product_cat":[69],"product_tag":[],"_links":{"self":[{"href":"https:\/\/www.tpl-vision.com\/fr\/wp-json\/wp\/v2\/product\/1512"}],"collection":[{"href":"https:\/\/www.tpl-vision.com\/fr\/wp-json\/wp\/v2\/product"}],"about":[{"href":"https:\/\/www.tpl-vision.com\/fr\/wp-json\/wp\/v2\/types\/product"}],"replies":[{"embeddable":true,"href":"https:\/\/www.tpl-vision.com\/fr\/wp-json\/wp\/v2\/comments?post=1512"}],"wp:featuredmedia":[{"embeddable":true,"href":"https:\/\/www.tpl-vision.com\/fr\/wp-json\/wp\/v2\/media\/23985"}],"wp:attachment":[{"href":"https:\/\/www.tpl-vision.com\/fr\/wp-json\/wp\/v2\/media?parent=1512"}],"wp:term":[{"taxonomy":"product_cat","embeddable":true,"href":"https:\/\/www.tpl-vision.com\/fr\/wp-json\/wp\/v2\/product_cat?post=1512"},{"taxonomy":"product_tag","embeddable":true,"href":"https:\/\/www.tpl-vision.com\/fr\/wp-json\/wp\/v2\/product_tag?post=1512"}],"curies":[{"name":"wp","href":"https:\/\/api.w.org\/{rel}","templated":true}]}}