{"id":1559,"date":"2022-10-10T10:17:56","date_gmt":"2022-10-10T08:17:56","guid":{"rendered":"https:\/\/www.tpl-vision.com\/overview\/non%20class\u00e9\/high-power-hpback\/"},"modified":"2025-10-06T11:44:38","modified_gmt":"2025-10-06T09:44:38","slug":"high-power-hpback","status":"publish","type":"product","link":"https:\/\/www.tpl-vision.com\/fr\/vuedensemble\/backlights-fr\/high-power-hpback\/","title":{"rendered":"High Power HPBACK"},"content":{"rendered":"\n<p>Le HPBACK poss\u00e8de des bords <strong>extr\u00eamement fins<\/strong> (4 mm d\u2019\u00e9paisseur) ce qui facilite l\u2019int\u00e9gration de la zone utile d\u2019\u00e9clairage dans le syst\u00e8me de vision. Les leds sont surmont\u00e9es de <strong>lentilles<\/strong> particuli\u00e8rement efficaces, afin d\u2019obtenir le meilleur \u00e9quilibre <strong>puissance lumineuse<\/strong> \/ <strong>homog\u00e9n\u00e9it\u00e9<\/strong>. Comme la majorit\u00e9 des produits TPL Vision, le <strong>HPBACK<\/strong> comporte une alimentation \u00e0 <strong>contr\u00f4le de courant int\u00e9gr\u00e9e<\/strong> et est garanti 3 ans.<\/p>\n\n\n\n<div style=\"height:30px\" aria-hidden=\"true\" class=\"wp-block-spacer\"><\/div>\n\n\n\n<h2 class=\"wp-block-heading\">Informations techniques<\/h2>\n\n\n\n<p><em>Veuillez cliquer sur les onglets ci-dessous.<\/em><\/p>\n\n\n\n<div class=\"wp-block-pb-accordion-item c-accordion__item js-accordion-item no-js\" data-initially-open=\"false\" data-click-to-close=\"true\" data-auto-close=\"true\" data-scroll=\"false\" data-scroll-offset=\"0\"><h3 id=\"at-15590\" class=\"c-accordion__title js-accordion-controller\" role=\"button\">M\u00e9thode d&rsquo;\u00e9clairage<\/h3><div id=\"ac-15590\" class=\"c-accordion__content\">\n<figure class=\"wp-block-image size-full\"><img fetchpriority=\"high\" decoding=\"async\" width=\"300\" height=\"300\" src=\"https:\/\/www.tpl-vision.com\/wp-content\/uploads\/2022\/10\/TPL_LightingMethod_BACKLIGHT_2-300x300-1.jpg\" alt=\"\" class=\"wp-image-1542\" srcset=\"https:\/\/www.tpl-vision.com\/wp-content\/uploads\/2022\/10\/TPL_LightingMethod_BACKLIGHT_2-300x300-1.jpg 300w, https:\/\/www.tpl-vision.com\/wp-content\/uploads\/2022\/10\/TPL_LightingMethod_BACKLIGHT_2-300x300-1-150x150.jpg 150w, https:\/\/www.tpl-vision.com\/wp-content\/uploads\/2022\/10\/TPL_LightingMethod_BACKLIGHT_2-300x300-1-175x175.jpg 175w, https:\/\/www.tpl-vision.com\/wp-content\/uploads\/2022\/10\/TPL_LightingMethod_BACKLIGHT_2-300x300-1-50x50.jpg 50w, https:\/\/www.tpl-vision.com\/wp-content\/uploads\/2022\/10\/TPL_LightingMethod_BACKLIGHT_2-300x300-1-100x100.jpg 100w, https:\/\/www.tpl-vision.com\/wp-content\/uploads\/2022\/10\/TPL_LightingMethod_BACKLIGHT_2-300x300-1-40x40.jpg 40w, https:\/\/www.tpl-vision.com\/wp-content\/uploads\/2022\/10\/TPL_LightingMethod_BACKLIGHT_2-300x300-1-55x55.jpg 55w\" sizes=\"(max-width: 300px) 100vw, 300px\" \/><\/figure>\n<\/div><\/div>\n\n\n\n<div class=\"wp-block-pb-accordion-item c-accordion__item js-accordion-item no-js\" data-initially-open=\"false\" data-click-to-close=\"true\" data-auto-close=\"true\" data-scroll=\"false\" data-scroll-offset=\"0\"><h3 id=\"at-15591\" class=\"c-accordion__title js-accordion-controller\" role=\"button\">S\u00e9lecteur de dimensions<\/h3><div id=\"ac-15591\" class=\"c-accordion__content\">\n<figure class=\"wp-block-image size-full\"><a href=\"https:\/\/www.tpl-vision.com\/wp-content\/uploads\/2023\/01\/TPL_High_Power_HPBACK_Size_FR.jpg\"><img decoding=\"async\" src=\"https:\/\/www.tpl-vision.com\/wp-content\/uploads\/2023\/01\/TPL_High_Power_HPBACK_Size_FR.jpg\" alt=\"\" class=\"wp-image-10228\"\/><\/a><\/figure>\n<\/div><\/div>\n\n\n\n<div class=\"wp-block-pb-accordion-item c-accordion__item js-accordion-item no-js\" data-initially-open=\"false\" data-click-to-close=\"true\" data-auto-close=\"true\" data-scroll=\"false\" data-scroll-offset=\"0\"><h3 id=\"at-15592\" class=\"c-accordion__title js-accordion-controller\" role=\"button\">Sch\u00e9ma de c\u00e2blage<\/h3><div id=\"ac-15592\" class=\"c-accordion__content\">\n<figure class=\"wp-block-image size-full\"><img decoding=\"async\" src=\"https:\/\/www.tpl-vision.com\/wp-content\/uploads\/2023\/01\/TPL_High_Power_HPBACK_connector_FR.jpg\" alt=\"\" class=\"wp-image-10231\"\/><figcaption class=\"wp-element-caption\"><strong>Note:<\/strong> Dimming 0-10V = 100% \u2013 30% (respectivement).<\/figcaption><\/figure>\n<\/div><\/div>\n\n\n\n<div class=\"wp-block-pb-accordion-item c-accordion__item js-accordion-item no-js\" data-initially-open=\"false\" data-click-to-close=\"true\" data-auto-close=\"true\" data-scroll=\"false\" data-scroll-offset=\"0\"><h3 id=\"at-15593\" class=\"c-accordion__title js-accordion-controller\" role=\"button\">Constructeur de r\u00e9f\u00e9rence<\/h3><div id=\"ac-15593\" class=\"c-accordion__content\">\n<figure class=\"wp-block-image size-full\"><a href=\"https:\/\/www.tpl-vision.com\/wp-content\/uploads\/2023\/01\/TPL_HPBACK_Reference_Builder_FR.jpg\"><img decoding=\"async\" src=\"https:\/\/www.tpl-vision.com\/wp-content\/uploads\/2023\/01\/TPL_HPBACK_Reference_Builder_FR.jpg\" alt=\"\" class=\"wp-image-9205\"\/><\/a><\/figure>\n<\/div><\/div>\n","protected":false},"excerpt":{"rendered":"<p><!-- wp:paragraph --><\/p>\n<p>Le nouveau <strong>HPBACK<\/strong> est une <strong>solution d\u2019\u00e9clairage backlight haute puissance<\/strong> d\u00e9di\u00e9e aux applications de vision industrielle.<\/p>\n<p><!-- \/wp:paragraph --><\/p>\n<p><!-- wp:paragraph --><\/p>\n<p>Ce produit constitue la toute <strong>derni\u00e8re \u00e9volution<\/strong> du performant MBACK+ Standard de TPL Vision.<\/p>\n<p><!-- \/wp:paragraph --><\/p>\n<p><!-- wp:paragraph --><\/p>\n<p>Parmi les nouveaut\u00e9s : <strong>augmentation de la puissance lumineuse \u2013 jusqu\u2019\u00e0 45 kLux<\/strong>*, <strong>nouveau connecteur<\/strong> M12 5 p\u00f4les pour une int\u00e9gration simplifi\u00e9e, <strong>temps de mont\u00e9e et de descente plus courts<\/strong> (respectivement <strong>15 \u03bcs<\/strong> et <strong>10 \u03bcs<\/strong>) et <strong>dimensions disponibles par pas de 1 cm<\/strong> (<em>de 200<\/em> x <em>200mm jusqu\u2019\u00e0 500<\/em> x <em>500mm ou 1000<\/em> x <em>200mm<\/em>).<\/p>\n<p><!-- \/wp:paragraph --><\/p>\n<p><!-- wp:paragraph --><\/p>\n<p>La structure robuste en aluminium peut \u00eatre fabriqu\u00e9e dans des tailles allant de <strong>200 x 200mm<\/strong> \u00e0 <strong>900 x 900mm<\/strong> ou <strong>1900 x 400mm<\/strong>. Cette nouvelle solution de backlight est parfaite pour <strong>les applications \u00e0 haute cadence<\/strong>, <strong>n\u00e9cessitant un flux lumineux intense.<\/strong> Disponible en rouge, blanc et infrarouge, elle offre une <strong>luminosit\u00e9 extr\u00eamement \u00e9lev\u00e9e<\/strong> et une <strong>homog\u00e9n\u00e9it\u00e9 de surface<\/strong> pouvant atteindre <strong>85%<\/strong>. Il s\u2019agit d\u2019une solution recommand\u00e9e pour les <strong>applications de r\u00e9tro\u00e9clairage<\/strong> et les t\u00e2ches de <strong>contr\u00f4le qualit\u00e9<\/strong>, telles que : pr\u00e9sence \/ absence, analyse des d\u00e9fauts sur les bords, mesure du niveau de remplissage des liquides et contr\u00f4le des formes.<\/p>\n<p><!-- \/wp:paragraph --><\/p>\n<ul id=\"block-0a2db655-3b31-4b29-84bd-2c7db849ceaf\" class=\"block-editor-rich-text__editable block-editor-block-list__block wp-block is-selected wp-block-list rich-text\" tabindex=\"0\" role=\"document\" contenteditable=\"true\" aria-multiline=\"true\" aria-label=\"Block: List\" data-block=\"0a2db655-3b31-4b29-84bd-2c7db849ceaf\" data-type=\"core\/list\" data-title=\"List\">\n<li>AUGMENTATION DE LA LUMINOSIT\u00c9 JUSQU&rsquo;\u00c0 45 kLux*<\/li>\n<li>CONNECTEUR M12 5 P\u00d4LES<\/li>\n<li>CONTR\u00d4LE DIMMING \u00c0 DISTANCE<\/li>\n<li>TAILLES PERSONNALISABLES AU CM PR\u00c8S<\/li>\n<\/ul>\n<p>(* <em>puissance mesur\u00e9e en mode continu \u00e0 la surface d\u2019un produit \u00e9quip\u00e9 de leds blanches<\/em>).<\/p>\n","protected":false},"featured_media":23994,"comment_status":"closed","ping_status":"closed","template":"","meta":{"_seopress_robots_primary_cat":"none","_seopress_titles_title":"","_seopress_titles_desc":"","_seopress_robots_index":"","_monsterinsights_skip_tracking":false,"_monsterinsights_sitenote_active":false,"_monsterinsights_sitenote_note":"","_monsterinsights_sitenote_category":0},"product_cat":[73],"product_tag":[],"_links":{"self":[{"href":"https:\/\/www.tpl-vision.com\/fr\/wp-json\/wp\/v2\/product\/1559"}],"collection":[{"href":"https:\/\/www.tpl-vision.com\/fr\/wp-json\/wp\/v2\/product"}],"about":[{"href":"https:\/\/www.tpl-vision.com\/fr\/wp-json\/wp\/v2\/types\/product"}],"replies":[{"embeddable":true,"href":"https:\/\/www.tpl-vision.com\/fr\/wp-json\/wp\/v2\/comments?post=1559"}],"wp:featuredmedia":[{"embeddable":true,"href":"https:\/\/www.tpl-vision.com\/fr\/wp-json\/wp\/v2\/media\/23994"}],"wp:attachment":[{"href":"https:\/\/www.tpl-vision.com\/fr\/wp-json\/wp\/v2\/media?parent=1559"}],"wp:term":[{"taxonomy":"product_cat","embeddable":true,"href":"https:\/\/www.tpl-vision.com\/fr\/wp-json\/wp\/v2\/product_cat?post=1559"},{"taxonomy":"product_tag","embeddable":true,"href":"https:\/\/www.tpl-vision.com\/fr\/wp-json\/wp\/v2\/product_tag?post=1559"}],"curies":[{"name":"wp","href":"https:\/\/api.w.org\/{rel}","templated":true}]}}