{"id":1618,"date":"2022-10-06T14:56:39","date_gmt":"2022-10-06T12:56:39","guid":{"rendered":"https:\/\/www.tpl-vision.com\/overview\/non%20class\u00e9\/angle-changers\/"},"modified":"2026-03-19T10:11:57","modified_gmt":"2026-03-19T09:11:57","slug":"angle-changers","status":"publish","type":"product","link":"https:\/\/www.tpl-vision.com\/fr\/vuedensemble\/accessoires-fr\/angle-changers-fr\/angle-changers\/","title":{"rendered":"Angle Changers 125 &amp; 250"},"content":{"rendered":"\n<h2 class=\"wp-block-heading\">\n          <strong>Diff\u00e9rents angles<\/strong>\n        <\/h2>\n\n<div class=\"wp-block-columns is-layout-flex wp-container-core-columns-layout-1 wp-block-columns-is-layout-flex\">\n<div class=\"wp-block-column is-layout-flow wp-block-column-is-layout-flow\">\n<ul>\n<li>NARROW \u00b110\u00b0<\/li>\n\n\n\n<li>MEDIUM \u00b117\u00b0<\/li>\n<\/ul>\n<\/div>\n\n\n\n<div class=\"wp-block-column is-layout-flow wp-block-column-is-layout-flow\">\n<ul>\n<li>WIDE \u00b125\u00b0<\/li>\n\n\n\n<li>LINE \u00b19-16\u00b0<\/li>\n<\/ul>\n<\/div>\n\n\n\n<div class=\"wp-block-column is-layout-flow wp-block-column-is-layout-flow\">\n<p>\u00c9galement disponibles en versions polaris\u00e9es<\/p>\n<\/div>\n<\/div>\n\n<div style=\"height:2px\" aria-hidden=\"true\" class=\"wp-block-spacer\"><\/div>\n\n<h2 class=\"wp-block-heading\">\n          <strong>\u00c9liminer les Hot Spots avec l\u2019effet Curve<\/strong>\n        <\/h2>\n\n<div class=\"wp-block-columns is-layout-flex wp-container-core-columns-layout-2 wp-block-columns-is-layout-flex\">\n<div class=\"wp-block-column is-layout-flow wp-block-column-is-layout-flow\">\n<figure class=\"wp-block-image size-full\"><a href=\"https:\/\/www.tpl-vision.com\/wp-content\/uploads\/2022\/10\/Curve_Effect_1.jpg\"><img fetchpriority=\"high\" decoding=\"async\" width=\"370\" height=\"278\" src=\"https:\/\/www.tpl-vision.com\/wp-content\/uploads\/2022\/10\/Curve_Effect_1.jpg\" alt=\"\" class=\"wp-image-1362\" srcset=\"https:\/\/www.tpl-vision.com\/wp-content\/uploads\/2022\/10\/Curve_Effect_1.jpg 370w, https:\/\/www.tpl-vision.com\/wp-content\/uploads\/2022\/10\/Curve_Effect_1-300x225.jpg 300w, https:\/\/www.tpl-vision.com\/wp-content\/uploads\/2022\/10\/Curve_Effect_1-40x30.jpg 40w, https:\/\/www.tpl-vision.com\/wp-content\/uploads\/2022\/10\/Curve_Effect_1-55x41.jpg 55w, https:\/\/www.tpl-vision.com\/wp-content\/uploads\/2022\/10\/Curve_Effect_1-100x75.jpg 100w\" sizes=\"(max-width: 370px) 100vw, 370px\" \/><\/a><\/figure>\n<\/div>\n\n\n\n<div class=\"wp-block-column is-layout-flow wp-block-column-is-layout-flow\">\n<figure class=\"wp-block-image size-full\"><a href=\"https:\/\/www.tpl-vision.com\/wp-content\/uploads\/2022\/10\/Curve_Effect_2.jpg\"><img decoding=\"async\" width=\"370\" height=\"278\" src=\"https:\/\/www.tpl-vision.com\/wp-content\/uploads\/2022\/10\/Curve_Effect_2.jpg\" alt=\"\" class=\"wp-image-1365\" srcset=\"https:\/\/www.tpl-vision.com\/wp-content\/uploads\/2022\/10\/Curve_Effect_2.jpg 370w, https:\/\/www.tpl-vision.com\/wp-content\/uploads\/2022\/10\/Curve_Effect_2-300x225.jpg 300w, https:\/\/www.tpl-vision.com\/wp-content\/uploads\/2022\/10\/Curve_Effect_2-40x30.jpg 40w, https:\/\/www.tpl-vision.com\/wp-content\/uploads\/2022\/10\/Curve_Effect_2-55x41.jpg 55w, https:\/\/www.tpl-vision.com\/wp-content\/uploads\/2022\/10\/Curve_Effect_2-100x75.jpg 100w\" sizes=\"(max-width: 370px) 100vw, 370px\" \/><\/a><\/figure>\n<\/div>\n<\/div>\n\n<p>L\u2019effet Curve \u2013 brevet\u00e9 par TPL Vision \u2013 permet de cr\u00e9er une <strong>excellente homog\u00e9n\u00e9it\u00e9<\/strong> sur de <strong>grands champs de vision<\/strong> (FoV). Gr\u00e2ce aux Angle Changers, on peut ainsi faire <strong>varier l\u2019intensit\u00e9 de l\u2019\u00e9clairage<\/strong> et \u00e9liminer les points chauds observ\u00e9s au centre de certains FoV, notamment dans les applications de pick &amp; place et de robotique. En r\u00e9duisant l\u2019intensit\u00e9 de l\u2019\u00e9clairage en son centre, on obtient une <strong>image uniforme<\/strong>, tout en conservant une <strong>luminosit\u00e9 \u00e9lev\u00e9e<\/strong>.<\/p>\n\n<p>Exemple d\u2019une application avec un large FoV, d\u00e9montrant l\u2019efficacit\u00e9 des Angle Changers :<\/p>\n\n<ul>\n<li>Distance de travail : 2000mm,<\/li>\n\n\n\n<li>FoV: 1300 x 900,<\/li>\n\n\n\n<li>4x EBAR-500-WHI-7 avec ACs 125mm.<\/li>\n<\/ul>\n\n<div style=\"height:20px\" aria-hidden=\"true\" class=\"wp-block-spacer\"><\/div>\n\n<div class=\"wp-block-buttons is-content-justification-left is-layout-flex wp-container-core-buttons-layout-1 wp-block-buttons-is-layout-flex\">\n<div class=\"wp-block-button has-custom-width wp-block-button__width-100 is-style-fill\"><a class=\"wp-block-button__link has-white-color has-text-color has-text-align-center wp-element-button\" href=\"https:\/\/www.tpl-vision.com\/fr\/services\/support-technique\/curve-effect-tech-note-request\/\" target=\"_blank\" rel=\"noreferrer noopener\">En savoir plus<\/a><\/div>\n<\/div>\n\n<div style=\"height:30px\" aria-hidden=\"true\" class=\"wp-block-spacer\"><\/div>\n\n<div class=\"wp-block-columns is-layout-flex wp-container-core-columns-layout-3 wp-block-columns-is-layout-flex\">\n<div class=\"wp-block-column is-layout-flow wp-block-column-is-layout-flow\">\n<figure class=\"wp-block-image size-full\"><a href=\"https:\/\/www.tpl-vision.com\/wp-content\/uploads\/2022\/10\/Curve_Effect_3.jpg\"><img decoding=\"async\" width=\"371\" height=\"466\" src=\"https:\/\/www.tpl-vision.com\/wp-content\/uploads\/2022\/10\/Curve_Effect_3.jpg\" alt=\"\" class=\"wp-image-1372\" srcset=\"https:\/\/www.tpl-vision.com\/wp-content\/uploads\/2022\/10\/Curve_Effect_3.jpg 371w, https:\/\/www.tpl-vision.com\/wp-content\/uploads\/2022\/10\/Curve_Effect_3-239x300.jpg 239w, https:\/\/www.tpl-vision.com\/wp-content\/uploads\/2022\/10\/Curve_Effect_3-139x175.jpg 139w, https:\/\/www.tpl-vision.com\/wp-content\/uploads\/2022\/10\/Curve_Effect_3-32x40.jpg 32w, https:\/\/www.tpl-vision.com\/wp-content\/uploads\/2022\/10\/Curve_Effect_3-44x55.jpg 44w, https:\/\/www.tpl-vision.com\/wp-content\/uploads\/2022\/10\/Curve_Effect_3-80x100.jpg 80w\" sizes=\"(max-width: 371px) 100vw, 371px\" \/><\/a><\/figure>\n<\/div>\n\n\n\n<div class=\"wp-block-column is-layout-flow wp-block-column-is-layout-flow\">\n<figure class=\"wp-block-image size-full\"><a href=\"https:\/\/www.tpl-vision.com\/wp-content\/uploads\/2022\/10\/Curve_Effect_4.jpg\"><img loading=\"lazy\" decoding=\"async\" width=\"370\" height=\"466\" src=\"https:\/\/www.tpl-vision.com\/wp-content\/uploads\/2022\/10\/Curve_Effect_4.jpg\" alt=\"\" class=\"wp-image-1369\" srcset=\"https:\/\/www.tpl-vision.com\/wp-content\/uploads\/2022\/10\/Curve_Effect_4.jpg 370w, https:\/\/www.tpl-vision.com\/wp-content\/uploads\/2022\/10\/Curve_Effect_4-238x300.jpg 238w, https:\/\/www.tpl-vision.com\/wp-content\/uploads\/2022\/10\/Curve_Effect_4-139x175.jpg 139w, https:\/\/www.tpl-vision.com\/wp-content\/uploads\/2022\/10\/Curve_Effect_4-32x40.jpg 32w, https:\/\/www.tpl-vision.com\/wp-content\/uploads\/2022\/10\/Curve_Effect_4-44x55.jpg 44w, https:\/\/www.tpl-vision.com\/wp-content\/uploads\/2022\/10\/Curve_Effect_4-79x100.jpg 79w\" sizes=\"(max-width: 370px) 100vw, 370px\" \/><\/a><\/figure>\n<\/div>\n<\/div>\n\n<div style=\"height:10px\" aria-hidden=\"true\" class=\"wp-block-spacer\"><\/div>\n\n<h2 class=\"wp-block-heading\">Tutoriel sur les \u00ab hot spots \u00bb<\/h2>\n\n          \n\n          <figure class=\"wp-block-embed is-type-video is-provider-vimeo wp-block-embed-vimeo\">\n            <div class=\"wp-block-embed__wrapper\">\n<iframe title=\"Tutorial: How to eliminate the hot spot with the Curve Effect - TPL Vision\" src=\"https:\/\/player.vimeo.com\/video\/528884323?h=5c545a3657&amp;dnt=1&amp;app_id=122963\" width=\"800\" height=\"450\" frameborder=\"0\" allow=\"autoplay; fullscreen; picture-in-picture\" allowfullscreen><\/iframe>\n<\/div>\n          <\/figure>\n          \n\n        \n\n<div style=\"height:30px\" aria-hidden=\"true\" class=\"wp-block-spacer\"><\/div>\n\n<h2 class=\"wp-block-heading\">Angle Changers polaris\u00e9s<\/h2>\n\n<div class=\"wp-block-columns is-layout-flex wp-container-core-columns-layout-4 wp-block-columns-is-layout-flex\">\n<div class=\"wp-block-column is-layout-flow wp-block-column-is-layout-flow\">\n<figure class=\"wp-block-image size-full\"><a href=\"https:\/\/www.tpl-vision.com\/wp-content\/uploads\/2022\/10\/Polariser_1_Without.jpg\"><img loading=\"lazy\" decoding=\"async\" width=\"800\" height=\"720\" src=\"https:\/\/www.tpl-vision.com\/wp-content\/uploads\/2022\/10\/Polariser_1_Without.jpg\" alt=\"\" class=\"wp-image-1376\" srcset=\"https:\/\/www.tpl-vision.com\/wp-content\/uploads\/2022\/10\/Polariser_1_Without.jpg 800w, https:\/\/www.tpl-vision.com\/wp-content\/uploads\/2022\/10\/Polariser_1_Without-300x270.jpg 300w, https:\/\/www.tpl-vision.com\/wp-content\/uploads\/2022\/10\/Polariser_1_Without-768x691.jpg 768w, https:\/\/www.tpl-vision.com\/wp-content\/uploads\/2022\/10\/Polariser_1_Without-600x540.jpg 600w, https:\/\/www.tpl-vision.com\/wp-content\/uploads\/2022\/10\/Polariser_1_Without-40x36.jpg 40w, https:\/\/www.tpl-vision.com\/wp-content\/uploads\/2022\/10\/Polariser_1_Without-55x50.jpg 55w, https:\/\/www.tpl-vision.com\/wp-content\/uploads\/2022\/10\/Polariser_1_Without-100x90.jpg 100w\" sizes=\"(max-width: 800px) 100vw, 800px\" \/><\/a><figcaption class=\"wp-element-caption\">Non polaris\u00e9<\/figcaption><\/figure>\n<\/div>\n\n\n\n<div class=\"wp-block-column is-layout-flow wp-block-column-is-layout-flow\">\n<figure class=\"wp-block-image size-full\"><a href=\"https:\/\/www.tpl-vision.com\/wp-content\/uploads\/2022\/10\/Polariser_1_With.jpg\"><img loading=\"lazy\" decoding=\"async\" width=\"800\" height=\"720\" src=\"https:\/\/www.tpl-vision.com\/wp-content\/uploads\/2022\/10\/Polariser_1_With.jpg\" alt=\"\" class=\"wp-image-1379\" srcset=\"https:\/\/www.tpl-vision.com\/wp-content\/uploads\/2022\/10\/Polariser_1_With.jpg 800w, https:\/\/www.tpl-vision.com\/wp-content\/uploads\/2022\/10\/Polariser_1_With-300x270.jpg 300w, https:\/\/www.tpl-vision.com\/wp-content\/uploads\/2022\/10\/Polariser_1_With-768x691.jpg 768w, https:\/\/www.tpl-vision.com\/wp-content\/uploads\/2022\/10\/Polariser_1_With-600x540.jpg 600w, https:\/\/www.tpl-vision.com\/wp-content\/uploads\/2022\/10\/Polariser_1_With-40x36.jpg 40w, https:\/\/www.tpl-vision.com\/wp-content\/uploads\/2022\/10\/Polariser_1_With-55x50.jpg 55w, https:\/\/www.tpl-vision.com\/wp-content\/uploads\/2022\/10\/Polariser_1_With-100x90.jpg 100w\" sizes=\"(max-width: 800px) 100vw, 800px\" \/><\/a><figcaption class=\"wp-element-caption\">Polaris\u00e9<\/figcaption><\/figure>\n<\/div>\n<\/div>\n\n<div class=\"wp-block-columns is-layout-flex wp-container-core-columns-layout-5 wp-block-columns-is-layout-flex\">\n<div class=\"wp-block-column is-layout-flow wp-block-column-is-layout-flow\">\n<figure class=\"wp-block-image size-full\"><a href=\"https:\/\/www.tpl-vision.com\/wp-content\/uploads\/2022\/10\/Polariser_2_Without.jpg\"><img loading=\"lazy\" decoding=\"async\" width=\"800\" height=\"642\" src=\"https:\/\/www.tpl-vision.com\/wp-content\/uploads\/2022\/10\/Polariser_2_Without.jpg\" alt=\"\" class=\"wp-image-1385\" srcset=\"https:\/\/www.tpl-vision.com\/wp-content\/uploads\/2022\/10\/Polariser_2_Without.jpg 800w, https:\/\/www.tpl-vision.com\/wp-content\/uploads\/2022\/10\/Polariser_2_Without-300x241.jpg 300w, https:\/\/www.tpl-vision.com\/wp-content\/uploads\/2022\/10\/Polariser_2_Without-768x616.jpg 768w, https:\/\/www.tpl-vision.com\/wp-content\/uploads\/2022\/10\/Polariser_2_Without-600x482.jpg 600w, https:\/\/www.tpl-vision.com\/wp-content\/uploads\/2022\/10\/Polariser_2_Without-175x140.jpg 175w, https:\/\/www.tpl-vision.com\/wp-content\/uploads\/2022\/10\/Polariser_2_Without-40x32.jpg 40w, https:\/\/www.tpl-vision.com\/wp-content\/uploads\/2022\/10\/Polariser_2_Without-55x44.jpg 55w, https:\/\/www.tpl-vision.com\/wp-content\/uploads\/2022\/10\/Polariser_2_Without-100x80.jpg 100w\" sizes=\"(max-width: 800px) 100vw, 800px\" \/><\/a><figcaption class=\"wp-element-caption\">Non polaris\u00e9<\/figcaption><\/figure>\n<\/div>\n\n\n\n<div class=\"wp-block-column is-layout-flow wp-block-column-is-layout-flow\">\n<figure class=\"wp-block-image size-full\"><a href=\"https:\/\/www.tpl-vision.com\/wp-content\/uploads\/2022\/10\/Polariser_2_With.jpg\"><img loading=\"lazy\" decoding=\"async\" width=\"800\" height=\"644\" src=\"https:\/\/www.tpl-vision.com\/wp-content\/uploads\/2022\/10\/Polariser_2_With.jpg\" alt=\"\" class=\"wp-image-1382\" srcset=\"https:\/\/www.tpl-vision.com\/wp-content\/uploads\/2022\/10\/Polariser_2_With.jpg 800w, https:\/\/www.tpl-vision.com\/wp-content\/uploads\/2022\/10\/Polariser_2_With-300x242.jpg 300w, https:\/\/www.tpl-vision.com\/wp-content\/uploads\/2022\/10\/Polariser_2_With-768x618.jpg 768w, https:\/\/www.tpl-vision.com\/wp-content\/uploads\/2022\/10\/Polariser_2_With-600x483.jpg 600w, https:\/\/www.tpl-vision.com\/wp-content\/uploads\/2022\/10\/Polariser_2_With-175x141.jpg 175w, https:\/\/www.tpl-vision.com\/wp-content\/uploads\/2022\/10\/Polariser_2_With-40x32.jpg 40w, https:\/\/www.tpl-vision.com\/wp-content\/uploads\/2022\/10\/Polariser_2_With-55x44.jpg 55w, https:\/\/www.tpl-vision.com\/wp-content\/uploads\/2022\/10\/Polariser_2_With-100x81.jpg 100w\" sizes=\"(max-width: 800px) 100vw, 800px\" \/><\/a><figcaption class=\"wp-element-caption\">Polaris\u00e9<\/figcaption><\/figure>\n<\/div>\n<\/div>\n\n<p>La surface rugueuse et r\u00e9fl\u00e9chissante en arri\u00e8re-plan est rendue plus uniforme gr\u00e2ce \u00e0 l\u2019effet de la polarisation.<\/p>\n\n<p><strong>Remarque<\/strong> : les polarisants r\u00e9duisent la luminosit\u00e9 de l\u2019\u00e9clairage d\u2019environ 50 %.<\/p>\n\n<div style=\"height:30px\" aria-hidden=\"true\" class=\"wp-block-spacer\"><\/div>\n\n<h2 class=\"wp-block-heading\">Produits compatibles<\/h2>\n\n<ul>\n<li>EBAR+ Standard<\/li>\n\n\n\n<li>EBAR+ Link<\/li>\n\n\n\n<li>EBAR+ Overdrive<\/li>\n\n\n\n<li>M-EBAR<\/li>\n\n\n\n<li>HPS BAR<\/li>\n<\/ul>\n\n<p>Angle Changers 125 : disponible pour les barres de 125mm \u00e0 1250mm.<br\/>Angle Changers 250 : disponible pour les barres de 250mm \u00e0 2500 mm.<br\/>Compatible uniquement avec les lentilles \u00b17\u00b0 (UN).<\/p>\n\n<p>Couleurs: WHI, 470, 525, 630, 850. <strong>Remarque<\/strong>: non adapt\u00e9 \u00e0 une utilisation avec un \u00e9clairage UV.<\/p>\n\n<div style=\"height:30px\" aria-hidden=\"true\" class=\"wp-block-spacer\"><\/div>\n\n<h2 class=\"wp-block-heading\">Constructeur de r\u00e9f\u00e9rence<\/h2>\n\n<figure class=\"wp-block-image size-full\"><a href=\"https:\/\/www.tpl-vision.com\/wp-content\/uploads\/2026\/01\/TPL_ANGLE_CHANGER_Reference_Builder_FR.jpg\"><img decoding=\"async\" src=\"https:\/\/www.tpl-vision.com\/wp-content\/uploads\/2026\/01\/TPL_ANGLE_CHANGER_Reference_Builder_FR.jpg\" alt=\"ebar angle changers 125 &amp;amp; 250\" class=\"wp-image-22472\"\/><\/a><\/figure>\n\n<p><\/p>\n","protected":false},"excerpt":{"rendered":"<p>Les Angle Changers (solution brevet\u00e9e*) permettent de modifier l\u2019angle d\u2019\u00e9clairage en toute simplicit\u00e9, offrant ainsi une <strong>grande flexibilit\u00e9<\/strong> et la possibilit\u00e9 d\u2019<strong>ajuster l\u2019\u00e9clairage<\/strong> en cas de modification du projet. Ils sont con\u00e7us pour se fixer solidement sur le dessus des barres. Les changeurs d&rsquo;angle peuvent supporter une acc\u00e9l\u00e9ration de 100 g et permettent de conserver la protection IP du produit. Inutile de le d\u00e9monter ! Choisissez entre les Angle Changers 125mm et 250mm ceux qui conviennent le mieux \u00e0 votre configuration.<\/p>\n<h2>Avantages<\/h2>\n<ul>\n<li>Identifiez rapidement la meilleure solution d\u2019\u00e9clairage avec nos combos Angle Changers,<\/li>\n<li>Soyez confiant en votre choix de produits,<\/li>\n<li>Obtenez une meilleure homog\u00e9n\u00e9it\u00e9 sur l\u2019ensemble du champ de vision.<\/li>\n<\/ul>\n<p><img loading=\"lazy\" decoding=\"async\" class=\"alignnone wp-image-1359 \" src=\"https:\/\/www.tpl-vision.com\/wp-content\/uploads\/2022\/10\/Angle_Changers_Notice_2-1-1024x342.jpg\" alt=\"\" width=\"483\" height=\"147\" srcset=\"https:\/\/www.tpl-vision.com\/wp-content\/uploads\/2022\/10\/Angle_Changers_Notice_2-1-40x13.jpg 40w, https:\/\/www.tpl-vision.com\/wp-content\/uploads\/2022\/10\/Angle_Changers_Notice_2-1-55x18.jpg 55w\" sizes=\"(max-width: 483px) 100vw, 483px\" \/><\/p>\n<p>* US Patent No.: <strong>US D976,449 S<\/strong><\/p>\n","protected":false},"featured_media":22070,"comment_status":"closed","ping_status":"closed","template":"","meta":{"_seopress_robots_primary_cat":"none","_seopress_titles_title":"","_seopress_titles_desc":"Nos Angle Changers brevet\u00e9s sont des diffusants optiques qui permettent aux utilisateurs de personnaliser facilement l'angle du faisceau lumineux de la barre d'\u00e9clairage.","_seopress_robots_index":"","_monsterinsights_skip_tracking":false,"_monsterinsights_sitenote_active":false,"_monsterinsights_sitenote_note":"","_monsterinsights_sitenote_category":0},"product_cat":[59,426],"product_tag":[],"_links":{"self":[{"href":"https:\/\/www.tpl-vision.com\/fr\/wp-json\/wp\/v2\/product\/1618"}],"collection":[{"href":"https:\/\/www.tpl-vision.com\/fr\/wp-json\/wp\/v2\/product"}],"about":[{"href":"https:\/\/www.tpl-vision.com\/fr\/wp-json\/wp\/v2\/types\/product"}],"replies":[{"embeddable":true,"href":"https:\/\/www.tpl-vision.com\/fr\/wp-json\/wp\/v2\/comments?post=1618"}],"wp:featuredmedia":[{"embeddable":true,"href":"https:\/\/www.tpl-vision.com\/fr\/wp-json\/wp\/v2\/media\/22070"}],"wp:attachment":[{"href":"https:\/\/www.tpl-vision.com\/fr\/wp-json\/wp\/v2\/media?parent=1618"}],"wp:term":[{"taxonomy":"product_cat","embeddable":true,"href":"https:\/\/www.tpl-vision.com\/fr\/wp-json\/wp\/v2\/product_cat?post=1618"},{"taxonomy":"product_tag","embeddable":true,"href":"https:\/\/www.tpl-vision.com\/fr\/wp-json\/wp\/v2\/product_tag?post=1618"}],"curies":[{"name":"wp","href":"https:\/\/api.w.org\/{rel}","templated":true}]}}