{"id":1623,"date":"2022-10-10T10:51:09","date_gmt":"2022-10-10T08:51:09","guid":{"rendered":"https:\/\/www.tpl-vision.com\/overview\/non%20class\u00e9\/medium-mback-overdrive\/"},"modified":"2025-10-06T11:45:05","modified_gmt":"2025-10-06T09:45:05","slug":"medium-mback-overdrive","status":"publish","type":"product","link":"https:\/\/www.tpl-vision.com\/fr\/vuedensemble\/backlights-fr\/medium-mback-overdrive\/","title":{"rendered":"Medium MBACK+ OverDrive"},"content":{"rendered":"\n<h2 class=\"wp-block-heading\">Informations techniques<\/h2>\n\n\n\n<p>Veuillez cliquer sur les onglets ci-dessous.<\/p>\n\n\n\n<div class=\"wp-block-pb-accordion-item c-accordion__item js-accordion-item no-js\" data-initially-open=\"false\" data-click-to-close=\"true\" data-auto-close=\"true\" data-scroll=\"false\" data-scroll-offset=\"0\"><h3 id=\"at-16230\" class=\"c-accordion__title js-accordion-controller\" role=\"button\">M\u00e9thode d&rsquo;\u00e9clairage<\/h3><div id=\"ac-16230\" class=\"c-accordion__content\">\n<figure class=\"wp-block-image size-full\"><img fetchpriority=\"high\" decoding=\"async\" width=\"300\" height=\"300\" src=\"https:\/\/www.tpl-vision.com\/wp-content\/uploads\/2022\/10\/TPL_LightingMethod_BACKLIGHT_2-300x300-1.jpg\" alt=\"\" class=\"wp-image-1543\" srcset=\"https:\/\/www.tpl-vision.com\/wp-content\/uploads\/2022\/10\/TPL_LightingMethod_BACKLIGHT_2-300x300-1.jpg 300w, https:\/\/www.tpl-vision.com\/wp-content\/uploads\/2022\/10\/TPL_LightingMethod_BACKLIGHT_2-300x300-1-150x150.jpg 150w, https:\/\/www.tpl-vision.com\/wp-content\/uploads\/2022\/10\/TPL_LightingMethod_BACKLIGHT_2-300x300-1-100x100.jpg 100w, https:\/\/www.tpl-vision.com\/wp-content\/uploads\/2022\/10\/TPL_LightingMethod_BACKLIGHT_2-300x300-1-50x50.jpg 50w\" sizes=\"(max-width: 300px) 100vw, 300px\" \/><\/figure>\n<\/div><\/div>\n\n\n\n<div class=\"wp-block-pb-accordion-item c-accordion__item js-accordion-item no-js\" data-initially-open=\"false\" data-click-to-close=\"true\" data-auto-close=\"true\" data-scroll=\"false\" data-scroll-offset=\"0\"><h3 id=\"at-16231\" class=\"c-accordion__title js-accordion-controller\" role=\"button\">Constructeur de r\u00e9f\u00e9rence<\/h3><div id=\"ac-16231\" class=\"c-accordion__content\">\n<figure class=\"wp-block-image size-full\"><a href=\"https:\/\/www.tpl-vision.com\/wp-content\/uploads\/2023\/01\/TPL_MBACK_PLUS_Reference_Builder_FR.jpg\"><img decoding=\"async\" src=\"https:\/\/www.tpl-vision.com\/wp-content\/uploads\/2023\/01\/TPL_MBACK_PLUS_Reference_Builder_FR.jpg\" alt=\"\" class=\"wp-image-9243\"\/><\/a><\/figure>\n<\/div><\/div>\n","protected":false},"excerpt":{"rendered":"<div class=\"three_fifth\">Le Medium MBACK+ Overdrive est un backlight (r\u00e9tro-\u00e9clairage) \u00e0 la fois <strong>puissant<\/strong> et <strong>particuli\u00e8rement diffus<\/strong>, d\u00e9di\u00e9 \u00e0 de nombreuses applications en vision industrielle. Gr\u00e2ce aux <strong>leds haute puissance<\/strong> dont il est pourvu, il g\u00e9n\u00e8re un \u00e9clairage intense qui permet \u00e0 la cam\u00e9ra de facilement visualiser la silhouette des objets par le <strong>jeu d\u2019ombres chinoises<\/strong>. Vous pouvez m\u00eame diminuer la puissance lumineuse si n\u00e9cessaire. Il fonctionne en mode continu et strobe, avec des <strong>temps de mont\u00e9e et de descente tr\u00e8s courts<\/strong> : <strong>25 \u03bcs<\/strong> et <strong>15 \u03bcs<\/strong>. \u00c9quip\u00e9 de <strong>tr\u00e8s fines bordures<\/strong>, le MBACK+ d\u00e9gage une <strong>lumi\u00e8re uniforme<\/strong> depuis l\u2019ensemble de sa surface utile, y compris depuis les bords. Aucun point d\u2019impact de leds \u00e0 signaler !<\/div>\n<div class=\"two_fifth last\">\n<ul class=\"square_style \">\n<li>PUISSANT &amp; HOMOG\u00c8NE,<\/li>\n<li>BORDS EXTRA-FINS,<\/li>\n<li>TEMPS D\u2019ALLUMAGE : 25 \u03bcs.<\/li>\n<\/ul>\n<\/div>\n<p>Il existe par ailleurs une tr\u00e8s <strong>grande latitude concernant la position du connecteur,<\/strong> ce qui permet de facilement l\u2019int\u00e9grer sur toute cha\u00eene de production. \u00c0 la base du connecteur se situent <strong>2 leds t\u00e9moins<\/strong>, qui indiquent la mise sous tension et le fonctionnement du mode strobe. Le MBACK+ est parfaitement adapt\u00e9 \u00e0 des t\u00e2ches de contr\u00f4le qualit\u00e9 de type : pr\u00e9sence\/absence, d\u00e9fauts de contours, manques de mati\u00e8re\u2026 Il peut \u00e9galement \u00eatre utilis\u00e9 en <strong>\u00e9clairage directif diffus<\/strong>, pour le contr\u00f4le de pi\u00e8ces brillantes.<\/p>\n","protected":false},"featured_media":23997,"comment_status":"closed","ping_status":"closed","template":"","meta":{"_seopress_robots_primary_cat":"none","_seopress_titles_title":"","_seopress_titles_desc":"OverDrive, r\u00e9tro\u00e9clairage haute puissance pour les syst\u00e8mes de vision.","_seopress_robots_index":"","_monsterinsights_skip_tracking":false,"_monsterinsights_sitenote_active":false,"_monsterinsights_sitenote_note":"","_monsterinsights_sitenote_category":0},"product_cat":[73],"product_tag":[],"_links":{"self":[{"href":"https:\/\/www.tpl-vision.com\/fr\/wp-json\/wp\/v2\/product\/1623"}],"collection":[{"href":"https:\/\/www.tpl-vision.com\/fr\/wp-json\/wp\/v2\/product"}],"about":[{"href":"https:\/\/www.tpl-vision.com\/fr\/wp-json\/wp\/v2\/types\/product"}],"replies":[{"embeddable":true,"href":"https:\/\/www.tpl-vision.com\/fr\/wp-json\/wp\/v2\/comments?post=1623"}],"wp:featuredmedia":[{"embeddable":true,"href":"https:\/\/www.tpl-vision.com\/fr\/wp-json\/wp\/v2\/media\/23997"}],"wp:attachment":[{"href":"https:\/\/www.tpl-vision.com\/fr\/wp-json\/wp\/v2\/media?parent=1623"}],"wp:term":[{"taxonomy":"product_cat","embeddable":true,"href":"https:\/\/www.tpl-vision.com\/fr\/wp-json\/wp\/v2\/product_cat?post=1623"},{"taxonomy":"product_tag","embeddable":true,"href":"https:\/\/www.tpl-vision.com\/fr\/wp-json\/wp\/v2\/product_tag?post=1623"}],"curies":[{"name":"wp","href":"https:\/\/api.w.org\/{rel}","templated":true}]}}