{"id":17179,"date":"2024-04-02T10:10:43","date_gmt":"2024-04-02T08:10:43","guid":{"rendered":"https:\/\/www.tpl-vision.com\/?post_type=product&#038;p=17179"},"modified":"2025-10-06T11:59:39","modified_gmt":"2025-10-06T09:59:39","slug":"z-spot","status":"publish","type":"product","link":"https:\/\/www.tpl-vision.com\/fr\/vuedensemble\/spot-fr\/z-spot\/","title":{"rendered":"Zoom Z-SPOT"},"content":{"rendered":"\n<h2 class=\"wp-block-heading\">Pr\u00e9sentation Produit<\/h2>\n\n\n\n<figure class=\"wp-block-embed is-type-video is-provider-vimeo wp-block-embed-vimeo wp-embed-aspect-16-9 wp-has-aspect-ratio\"><div class=\"wp-block-embed__wrapper\">\n<iframe title=\"Z-SPOT by TPL Vision\" src=\"https:\/\/player.vimeo.com\/video\/928300547?dnt=1&amp;app_id=122963\" width=\"800\" height=\"450\" frameborder=\"0\" allow=\"autoplay; fullscreen; picture-in-picture; clipboard-write; encrypted-media; web-share\" referrerpolicy=\"strict-origin-when-cross-origin\"><\/iframe>\n<\/div><\/figure>\n\n\n\n<div class=\"wp-block-group is-layout-constrained wp-block-group-is-layout-constrained\"><div class=\"wp-block-group__inner-container\">\n<div class=\"wp-block-pb-accordion-item c-accordion__item js-accordion-item no-js\" data-initially-open=\"false\" data-click-to-close=\"true\" data-auto-close=\"true\" data-scroll=\"false\" data-scroll-offset=\"0\"><h3 id=\"at-171790\" class=\"c-accordion__title js-accordion-controller\" role=\"button\">O\u00f9 sont utilis\u00e9s les \u00e9clairages spots ?<\/h3><div id=\"ac-171790\" class=\"c-accordion__content\">\n<figure class=\"wp-block-image size-full\"><img fetchpriority=\"high\" decoding=\"async\" width=\"1024\" height=\"576\" src=\"https:\/\/www.tpl-vision.com\/wp-content\/uploads\/2024\/04\/TPL_Z-SPOT-CGI-1.png\" alt=\"z spot\" class=\"wp-image-17565\" srcset=\"https:\/\/www.tpl-vision.com\/wp-content\/uploads\/2024\/04\/TPL_Z-SPOT-CGI-1.png 1024w, https:\/\/www.tpl-vision.com\/wp-content\/uploads\/2024\/04\/TPL_Z-SPOT-CGI-1-300x169.png 300w, https:\/\/www.tpl-vision.com\/wp-content\/uploads\/2024\/04\/TPL_Z-SPOT-CGI-1-768x432.png 768w, https:\/\/www.tpl-vision.com\/wp-content\/uploads\/2024\/04\/TPL_Z-SPOT-CGI-1-600x338.png 600w, https:\/\/www.tpl-vision.com\/wp-content\/uploads\/2024\/04\/TPL_Z-SPOT-CGI-1-175x98.png 175w, https:\/\/www.tpl-vision.com\/wp-content\/uploads\/2024\/04\/TPL_Z-SPOT-CGI-1-40x23.png 40w, https:\/\/www.tpl-vision.com\/wp-content\/uploads\/2024\/04\/TPL_Z-SPOT-CGI-1-55x31.png 55w, https:\/\/www.tpl-vision.com\/wp-content\/uploads\/2024\/04\/TPL_Z-SPOT-CGI-1-100x56.png 100w\" sizes=\"(max-width: 1024px) 100vw, 1024px\" \/><\/figure>\n\n\n\n<p>Les spots sont couramment utilis\u00e9s dans les applications d&rsquo;automatisation, o\u00f9 un \u00e9clairage intense est requis dans des espaces confin\u00e9s. Ils fournissent un \u00e9clairage <strong>cibl\u00e9 et focalis\u00e9<\/strong> pour les projets inspectant des d\u00e9tails ou des fonctionnalit\u00e9s sp\u00e9cifiques, notamment la robotique et le pick-and-place, la d\u00e9tection de d\u00e9fauts \/ le contr\u00f4le qualit\u00e9, l&rsquo;inspection d&rsquo;assemblage de composants et bien plus encore.<\/p>\n\n\n\n<p>Les spots sont con\u00e7us pour \u00e9mettre un faisceau de lumi\u00e8re <strong>focalis\u00e9<\/strong> et <strong>directionnel<\/strong>, afin d\u2019am\u00e9liorer le contraste et aider le syst\u00e8me de vision \u00e0 capturer des images plus pr\u00e9cises. La capacit\u00e9 \u00e0 contr\u00f4ler la direction et la focalisation de la lumi\u00e8re est cruciale, car elle contribue \u00e0 r\u00e9duire les reflets et l\u2019\u00e9blouissement, am\u00e9liorant ainsi la qualit\u00e9 globale de l\u2019image. La capacit\u00e9 \u00e0 contr\u00f4ler la direction et la focalisation de la lumi\u00e8re est cruciale, car elle contribue \u00e0 r\u00e9duire les reflets et l\u2019\u00e9blouissement, am\u00e9liorant ainsi la qualit\u00e9 globale de l\u2019image. <\/p>\n\n\n\n<p>Une autre caract\u00e9ristique cl\u00e9 des spots en vision industrielle est la possibilit\u00e9 de <strong>contr\u00f4ler l&rsquo;intensit\u00e9<\/strong>, ce qui signifie qu&rsquo;ils peuvent \u00eatre adapt\u00e9s \u00e0 diff\u00e9rents mat\u00e9riaux et diff\u00e9rentes conditions d&rsquo;\u00e9clairage ambiant. En mode strobe, l&rsquo;intensit\u00e9 pendant la rafale de lumi\u00e8re est cruciale pour capturer des images nettes avec une petite ouverture sur la cam\u00e9ra. Par exemple, pour inspecter des produits en mouvement sur un tapis roulant sans flou de mouvement, le mode strobe OverDrive peut \u00eatre utilis\u00e9.<\/p>\n\n\n\n<p>L\u2019<strong>angle<\/strong> avec lequel l&rsquo;\u00e9clairage est dirig\u00e9 sur l\u2019objet peut \u00e9galement influencer la luminosit\u00e9 per\u00e7ue. Dans les applications en champ clair, les spots sont positionn\u00e9s avec un angle \u00e9lev\u00e9 par rapport \u00e0 l&rsquo;objet, cr\u00e9ant ainsi un \u00e9clairage uniforme. Ce type d&rsquo;\u00e9clairage est souvent utilis\u00e9 dans les applications de contr\u00f4le qualit\u00e9, o\u00f9 une inspection compl\u00e8te de la surface de l&rsquo;objet est requise. Il garantit que les d\u00e9fauts, les contaminants ou les variations de couleur sont facilement d\u00e9tectables. <\/p>\n<\/div><\/div>\n<\/div><\/div>\n\n\n\n<div class=\"wp-block-group is-layout-constrained wp-block-group-is-layout-constrained\"><div class=\"wp-block-group__inner-container\">\n<div class=\"wp-block-pb-accordion-item c-accordion__item js-accordion-item no-js\" data-initially-open=\"false\" data-click-to-close=\"true\" data-auto-close=\"true\" data-scroll=\"false\" data-scroll-offset=\"0\"><h3 id=\"at-171791\" class=\"c-accordion__title js-accordion-controller\" role=\"button\">Easy Mounting &amp; Integration<\/h3><div id=\"ac-171791\" class=\"c-accordion__content\"><div class=\"wp-block-image\">\n<figure class=\"aligncenter size-large\"><img decoding=\"async\" width=\"1024\" height=\"747\" src=\"https:\/\/www.tpl-vision.com\/wp-content\/uploads\/2024\/03\/zspotmounting-1-1024x747.png\" alt=\"z spot\" class=\"wp-image-17134\" srcset=\"https:\/\/www.tpl-vision.com\/wp-content\/uploads\/2024\/03\/zspotmounting-1-1024x747.png 1024w, https:\/\/www.tpl-vision.com\/wp-content\/uploads\/2024\/03\/zspotmounting-1-300x219.png 300w, https:\/\/www.tpl-vision.com\/wp-content\/uploads\/2024\/03\/zspotmounting-1-768x560.png 768w, https:\/\/www.tpl-vision.com\/wp-content\/uploads\/2024\/03\/zspotmounting-1-1536x1120.png 1536w, https:\/\/www.tpl-vision.com\/wp-content\/uploads\/2024\/03\/zspotmounting-1-600x438.png 600w, https:\/\/www.tpl-vision.com\/wp-content\/uploads\/2024\/03\/zspotmounting-1-175x128.png 175w, https:\/\/www.tpl-vision.com\/wp-content\/uploads\/2024\/03\/zspotmounting-1-40x29.png 40w, https:\/\/www.tpl-vision.com\/wp-content\/uploads\/2024\/03\/zspotmounting-1-55x40.png 55w, https:\/\/www.tpl-vision.com\/wp-content\/uploads\/2024\/03\/zspotmounting-1-100x73.png 100w, https:\/\/www.tpl-vision.com\/wp-content\/uploads\/2024\/03\/zspotmounting-1.png 1929w\" sizes=\"(max-width: 1024px) 100vw, 1024px\" \/><\/figure><\/div>\n\n\n<div class=\"wp-block-columns is-layout-flex wp-container-core-columns-layout-1 wp-block-columns-is-layout-flex\">\n<div class=\"wp-block-column is-layout-flow wp-block-column-is-layout-flow\">\n<ul>\n<li>Possibilit\u00e9 de montage sur des surfaces allant d&rsquo;une \u00e9paisseur de paroi minimale de 1mm jusqu&rsquo;\u00e0 30mm<\/li>\n\n\n\n<li>Compatible avec une vaste gamme de solutions de montage sur le march\u00e9 des capteurs<\/li>\n\n\n\n<li>Compatibilit\u00e9 avec la plupart des cam\u00e9ras, gr\u00e2ce notamment au contr\u00f4le de courant int\u00e9gr\u00e9 et au connecteur M12 5 p\u00f4les cod\u00e9 A<\/li>\n<\/ul>\n<\/div>\n<\/div>\n<\/div><\/div>\n<\/div><\/div>\n\n\n\n<div class=\"wp-block-group is-layout-constrained wp-block-group-is-layout-constrained\"><div class=\"wp-block-group__inner-container\">\n<div class=\"wp-block-pb-accordion-item c-accordion__item js-accordion-item no-js\" data-initially-open=\"false\" data-click-to-close=\"true\" data-auto-close=\"true\" data-scroll=\"false\" data-scroll-offset=\"0\"><h3 id=\"at-171792\" class=\"c-accordion__title js-accordion-controller\" role=\"button\">Applications avec un \u00e9clairage rasant<\/h3><div id=\"ac-171792\" class=\"c-accordion__content\">\n<div class=\"wp-block-columns is-layout-flex wp-container-core-columns-layout-2 wp-block-columns-is-layout-flex\">\n<div class=\"wp-block-column is-layout-flow wp-block-column-is-layout-flow\">\n<figure class=\"wp-block-image size-full is-resized\"><img decoding=\"async\" width=\"500\" height=\"500\" src=\"https:\/\/www.tpl-vision.com\/wp-content\/uploads\/2024\/03\/TPL_LightingMethod_SPOT_Dark_Field.jpg\" alt=\"z spot\" class=\"wp-image-17137\" style=\"width:404px;height:auto\" srcset=\"https:\/\/www.tpl-vision.com\/wp-content\/uploads\/2024\/03\/TPL_LightingMethod_SPOT_Dark_Field.jpg 500w, https:\/\/www.tpl-vision.com\/wp-content\/uploads\/2024\/03\/TPL_LightingMethod_SPOT_Dark_Field-300x300.jpg 300w, https:\/\/www.tpl-vision.com\/wp-content\/uploads\/2024\/03\/TPL_LightingMethod_SPOT_Dark_Field-150x150.jpg 150w, https:\/\/www.tpl-vision.com\/wp-content\/uploads\/2024\/03\/TPL_LightingMethod_SPOT_Dark_Field-360x360.jpg 360w, https:\/\/www.tpl-vision.com\/wp-content\/uploads\/2024\/03\/TPL_LightingMethod_SPOT_Dark_Field-175x175.jpg 175w, https:\/\/www.tpl-vision.com\/wp-content\/uploads\/2024\/03\/TPL_LightingMethod_SPOT_Dark_Field-40x40.jpg 40w, https:\/\/www.tpl-vision.com\/wp-content\/uploads\/2024\/03\/TPL_LightingMethod_SPOT_Dark_Field-55x55.jpg 55w, https:\/\/www.tpl-vision.com\/wp-content\/uploads\/2024\/03\/TPL_LightingMethod_SPOT_Dark_Field-100x100.jpg 100w\" sizes=\"(max-width: 500px) 100vw, 500px\" \/><\/figure>\n<\/div>\n\n\n\n<div class=\"wp-block-column is-layout-flow wp-block-column-is-layout-flow\" style=\"flex-basis:15px\">\n<div style=\"height:14px\" aria-hidden=\"true\" class=\"wp-block-spacer\"><\/div>\n<\/div>\n\n\n\n<div class=\"wp-block-column is-vertically-aligned-top is-layout-flow wp-block-column-is-layout-flow\">\n<p>Les spots s&rsquo;adaptent <strong>facilement<\/strong> \u00e0 des t\u00e2ches d&rsquo;inspection sp\u00e9cifiques, ce qui leur permet d&rsquo;\u00eatre utilis\u00e9s pour les techniques d&rsquo;\u00e9clairage avec un <strong>faible angle d&rsquo;incidence<\/strong> ou <strong>rasant<\/strong>. Dans ces applications, les \u00e9clairages sont positionn\u00e9s avec un faible angle par rapport \u00e0 l&rsquo;objet inspect\u00e9, ce qui fait que la lumi\u00e8re est r\u00e9fl\u00e9chie loin de la cam\u00e9ra. Ceci est utile pour mettre en \u00e9vidence les irr\u00e9gularit\u00e9s de surface, telles que les rayures, les bosses ou les variations de texture.<\/p>\n<\/div>\n<\/div>\n<\/div><\/div>\n<\/div><\/div>\n\n\n\n<div class=\"wp-block-group is-layout-constrained wp-block-group-is-layout-constrained\"><div class=\"wp-block-group__inner-container\">\n<div class=\"wp-block-pb-accordion-item c-accordion__item js-accordion-item no-js\" data-initially-open=\"false\" data-click-to-close=\"true\" data-auto-close=\"true\" data-scroll=\"false\" data-scroll-offset=\"0\"><h3 id=\"at-171793\" class=\"c-accordion__title js-accordion-controller\" role=\"button\">Applications avec fluorescence UV<\/h3><div id=\"ac-171793\" class=\"c-accordion__content\">\n<figure class=\"wp-block-image size-full\"><img decoding=\"async\" src=\"https:\/\/www.tpl-vision.com\/wp-content\/uploads\/2024\/04\/Z-SPOT-UV-wavelengths_FR.png\" alt=\"z spot\" class=\"wp-image-17591\"\/><\/figure>\n\n\n\n<p>Disponible, entre autres, en trois longueurs d&rsquo;onde UV (UV365, UV385, UV405), le Z-SPOT offre une solution compl\u00e8te pour l&rsquo;<strong>inspection UV<\/strong> dans un spectre d&rsquo;applications. Qu&rsquo;il s&rsquo;agisse de l&rsquo;inspection des joints UV, de l&rsquo;inspection de la colle ou de la lecture de codes, le Z-SPOT peut faciliter la d\u00e9tection de mat\u00e9riaux fluorescents en mode continu ou strobe. Son faible encombrement garantit une int\u00e9gration transparente dans des espaces de travail restreints.<\/p>\n<\/div><\/div>\n<\/div><\/div>\n\n\n\n<div style=\"height:15px\" aria-hidden=\"true\" class=\"wp-block-spacer\"><\/div>\n\n\n\n<h2 class=\"wp-block-heading\">Performances optiques<\/h2>\n\n\n\n<p>Le Z-SPOT est dot\u00e9 d&rsquo;un zoom verrouillable int\u00e9gr\u00e9 avec r\u00e9p\u00e9tabilit\u00e9 de position, et est ainsi adapt\u00e9 \u00e0 diff\u00e9rents champs de vision et diff\u00e9rentes distances de travail.<\/p>\n\n\n<div class=\"wp-block-image\">\n<figure class=\"aligncenter size-full\"><img decoding=\"async\" src=\"https:\/\/www.tpl-vision.com\/wp-content\/uploads\/2025\/01\/TPL_Z-SPOT_7_FR.jpg\" alt=\"z spot\" class=\"wp-image-19983\"\/><\/figure><\/div>\n\n\n<div style=\"height:10px\" aria-hidden=\"true\" class=\"wp-block-spacer\"><\/div>\n\n\n\n<h2 class=\"wp-block-heading\">Comment transformer le Modular Spot ?<\/h2>\n\n\n\n<figure class=\"wp-block-embed is-type-video is-provider-vimeo wp-block-embed-vimeo wp-embed-aspect-16-9 wp-has-aspect-ratio\"><div class=\"wp-block-embed__wrapper\">\n<iframe title=\"Spot Light Modular Range by TPL Vision\" src=\"https:\/\/player.vimeo.com\/video\/1102228179?h=007bf481c2&amp;dnt=1&amp;app_id=122963\" width=\"800\" height=\"450\" frameborder=\"0\" allow=\"autoplay; fullscreen; picture-in-picture; clipboard-write; encrypted-media; web-share\" referrerpolicy=\"strict-origin-when-cross-origin\"><\/iframe>\n<\/div><\/figure>\n\n\n\n<div style=\"height:10px\" aria-hidden=\"true\" class=\"wp-block-spacer\"><\/div>\n\n\n\n<h2 class=\"wp-block-heading\">Informations techniques<\/h2>\n\n\n\n<p><em>Veuillez cliquer sur les onglets ci-dessous.<\/em><\/p>\n\n\n\n<div class=\"wp-block-pb-accordion-item c-accordion__item js-accordion-item no-js\" data-initially-open=\"false\" data-click-to-close=\"true\" data-auto-close=\"true\" data-scroll=\"false\" data-scroll-offset=\"0\"><h3 id=\"at-171794\" class=\"c-accordion__title js-accordion-controller\" role=\"button\">M\u00e9thode d&rsquo;\u00e9clairage<\/h3><div id=\"ac-171794\" class=\"c-accordion__content\">\n<div class=\"wp-block-columns is-layout-flex wp-container-core-columns-layout-3 wp-block-columns-is-layout-flex\">\n<div class=\"wp-block-column is-layout-flow wp-block-column-is-layout-flow\">\n<figure class=\"wp-block-image size-full\"><img loading=\"lazy\" decoding=\"async\" width=\"500\" height=\"500\" src=\"https:\/\/www.tpl-vision.com\/wp-content\/uploads\/2022\/10\/TPL_LightingMethod_DIRECT.jpg\" alt=\"\" class=\"wp-image-1290\" srcset=\"https:\/\/www.tpl-vision.com\/wp-content\/uploads\/2022\/10\/TPL_LightingMethod_DIRECT.jpg 500w, https:\/\/www.tpl-vision.com\/wp-content\/uploads\/2022\/10\/TPL_LightingMethod_DIRECT-300x300.jpg 300w, https:\/\/www.tpl-vision.com\/wp-content\/uploads\/2022\/10\/TPL_LightingMethod_DIRECT-150x150.jpg 150w, https:\/\/www.tpl-vision.com\/wp-content\/uploads\/2022\/10\/TPL_LightingMethod_DIRECT-360x360.jpg 360w, https:\/\/www.tpl-vision.com\/wp-content\/uploads\/2022\/10\/TPL_LightingMethod_DIRECT-100x100.jpg 100w, https:\/\/www.tpl-vision.com\/wp-content\/uploads\/2022\/10\/TPL_LightingMethod_DIRECT-50x50.jpg 50w, https:\/\/www.tpl-vision.com\/wp-content\/uploads\/2022\/10\/TPL_LightingMethod_DIRECT-40x40.jpg 40w, https:\/\/www.tpl-vision.com\/wp-content\/uploads\/2022\/10\/TPL_LightingMethod_DIRECT-55x55.jpg 55w\" sizes=\"(max-width: 500px) 100vw, 500px\" \/><\/figure>\n<\/div>\n\n\n\n<div class=\"wp-block-column is-layout-flow wp-block-column-is-layout-flow\">\n<figure class=\"wp-block-image size-full\"><img loading=\"lazy\" decoding=\"async\" width=\"500\" height=\"500\" src=\"https:\/\/www.tpl-vision.com\/wp-content\/uploads\/2022\/10\/TPL_LightingMethod_DIRECTincline.jpg\" alt=\"\" class=\"wp-image-1287\" srcset=\"https:\/\/www.tpl-vision.com\/wp-content\/uploads\/2022\/10\/TPL_LightingMethod_DIRECTincline.jpg 500w, https:\/\/www.tpl-vision.com\/wp-content\/uploads\/2022\/10\/TPL_LightingMethod_DIRECTincline-300x300.jpg 300w, https:\/\/www.tpl-vision.com\/wp-content\/uploads\/2022\/10\/TPL_LightingMethod_DIRECTincline-150x150.jpg 150w, https:\/\/www.tpl-vision.com\/wp-content\/uploads\/2022\/10\/TPL_LightingMethod_DIRECTincline-360x360.jpg 360w, https:\/\/www.tpl-vision.com\/wp-content\/uploads\/2022\/10\/TPL_LightingMethod_DIRECTincline-100x100.jpg 100w, https:\/\/www.tpl-vision.com\/wp-content\/uploads\/2022\/10\/TPL_LightingMethod_DIRECTincline-50x50.jpg 50w, https:\/\/www.tpl-vision.com\/wp-content\/uploads\/2022\/10\/TPL_LightingMethod_DIRECTincline-40x40.jpg 40w, https:\/\/www.tpl-vision.com\/wp-content\/uploads\/2022\/10\/TPL_LightingMethod_DIRECTincline-55x55.jpg 55w\" sizes=\"(max-width: 500px) 100vw, 500px\" \/><\/figure>\n<\/div>\n\n\n\n<div class=\"wp-block-column is-layout-flow wp-block-column-is-layout-flow\">\n<figure class=\"wp-block-image size-full\"><img loading=\"lazy\" decoding=\"async\" width=\"500\" height=\"500\" src=\"https:\/\/www.tpl-vision.com\/wp-content\/uploads\/2022\/10\/TPL_LightingMethod_DarkField.jpg\" alt=\"\" class=\"wp-image-1284\" srcset=\"https:\/\/www.tpl-vision.com\/wp-content\/uploads\/2022\/10\/TPL_LightingMethod_DarkField.jpg 500w, https:\/\/www.tpl-vision.com\/wp-content\/uploads\/2022\/10\/TPL_LightingMethod_DarkField-300x300.jpg 300w, https:\/\/www.tpl-vision.com\/wp-content\/uploads\/2022\/10\/TPL_LightingMethod_DarkField-150x150.jpg 150w, https:\/\/www.tpl-vision.com\/wp-content\/uploads\/2022\/10\/TPL_LightingMethod_DarkField-360x360.jpg 360w, https:\/\/www.tpl-vision.com\/wp-content\/uploads\/2022\/10\/TPL_LightingMethod_DarkField-100x100.jpg 100w, https:\/\/www.tpl-vision.com\/wp-content\/uploads\/2022\/10\/TPL_LightingMethod_DarkField-50x50.jpg 50w, https:\/\/www.tpl-vision.com\/wp-content\/uploads\/2022\/10\/TPL_LightingMethod_DarkField-40x40.jpg 40w, https:\/\/www.tpl-vision.com\/wp-content\/uploads\/2022\/10\/TPL_LightingMethod_DarkField-55x55.jpg 55w\" sizes=\"(max-width: 500px) 100vw, 500px\" \/><\/figure>\n<\/div>\n<\/div>\n<\/div><\/div>\n\n\n\n<div class=\"wp-block-pb-accordion-item c-accordion__item js-accordion-item no-js\" data-initially-open=\"false\" data-click-to-close=\"true\" data-auto-close=\"true\" data-scroll=\"false\" data-scroll-offset=\"0\"><h3 id=\"at-171795\" class=\"c-accordion__title js-accordion-controller\" role=\"button\">Homog\u00e9n\u00e9it\u00e9<\/h3><div id=\"ac-171795\" class=\"c-accordion__content\">\n<figure class=\"wp-block-image size-full is-resized\"><img decoding=\"async\" src=\"https:\/\/www.tpl-vision.com\/wp-content\/uploads\/2024\/04\/TPL_Z-SPOT_Homogeneity_Maps_FR.jpg\" alt=\"z spot\" class=\"wp-image-17572\" style=\"width:650px\"\/><\/figure>\n<\/div><\/div>\n\n\n\n<div class=\"wp-block-pb-accordion-item c-accordion__item js-accordion-item no-js\" data-initially-open=\"false\" data-click-to-close=\"true\" data-auto-close=\"true\" data-scroll=\"false\" data-scroll-offset=\"0\"><h3 id=\"at-171796\" class=\"c-accordion__title js-accordion-controller\" role=\"button\">Irradiance<\/h3><div id=\"ac-171796\" class=\"c-accordion__content\">\n<figure class=\"wp-block-image size-full\"><a href=\"https:\/\/www.tpl-vision.com\/wp-content\/uploads\/2024\/04\/TPL_Z-SPOT_Irradiance_CW_FR.jpg\"><img decoding=\"async\" src=\"https:\/\/www.tpl-vision.com\/wp-content\/uploads\/2024\/04\/TPL_Z-SPOT_Irradiance_CW_FR.jpg\" alt=\"z spot\" class=\"wp-image-17793\"\/><\/a><\/figure>\n\n\n\n<figure class=\"wp-block-image size-full\"><a href=\"https:\/\/www.tpl-vision.com\/wp-content\/uploads\/2024\/04\/TPL_Z-SPOT_Irradiance_Strobe_FR.jpg\"><img decoding=\"async\" src=\"https:\/\/www.tpl-vision.com\/wp-content\/uploads\/2024\/04\/TPL_Z-SPOT_Irradiance_Strobe_FR.jpg\" alt=\"z spot\" class=\"wp-image-17796\"\/><\/a><\/figure>\n<\/div><\/div>\n\n\n\n<div class=\"wp-block-pb-accordion-item c-accordion__item js-accordion-item no-js\" data-initially-open=\"false\" data-click-to-close=\"true\" data-auto-close=\"true\" data-scroll=\"false\" data-scroll-offset=\"0\"><h3 id=\"at-171797\" class=\"c-accordion__title js-accordion-controller\" role=\"button\">Constructeur de r\u00e9f\u00e9rence<\/h3><div id=\"ac-171797\" class=\"c-accordion__content\">\n<figure class=\"wp-block-image size-full is-resized\"><img decoding=\"async\" src=\"https:\/\/www.tpl-vision.com\/wp-content\/uploads\/2024\/04\/TPL_Z-SPOT_RefBuilder_FR.jpg\" alt=\"z spot\" class=\"wp-image-17500\" style=\"width:350px\"\/><\/figure>\n<\/div><\/div>\n","protected":false},"excerpt":{"rendered":"<p>\u00c9clairage spot homog\u00e8ne et haute puissance pour la vision industrielle, dot\u00e9 d&rsquo;un zoom verrouillable int\u00e9gr\u00e9, avec r\u00e9p\u00e9tabilit\u00e9 de position. Prot\u00e9g\u00e9 dans un bo\u00eetier en aluminium IP67, le Z-SPOT propose un montage M30 simplifi\u00e9, un connecteur M12 5-p\u00f4les, un contr\u00f4le de courant int\u00e9gr\u00e9 et est dot\u00e9 d&rsquo;un puissant mode Auto-Strobe OverDrive.<\/p>\n<ul>\n<li>Objectif zoom innovant pour une luminosit\u00e9 et une homog\u00e9n\u00e9it\u00e9 \u00e9lev\u00e9es, permettant de mener \u00e0 bien des t\u00e2ches de vision industrielle \u00e0 courtes ou longues distances<\/li>\n<li>Connectivit\u00e9 simplifi\u00e9e avec les cam\u00e9ras et les syst\u00e8mes de vision gr\u00e2ce \u00e0 une connectique M12 5P et \u00e0 une alimentation \u00e0 contr\u00f4le de courant interne<\/li>\n<li>D\u00e9di\u00e9 \u00e0 diverses applications industrielles, notamment la tra\u00e7abilit\u00e9, la d\u00e9tection de pr\u00e9sence, le marquage en micro-percussion et la fluorescence UV<\/li>\n<\/ul>\n","protected":false},"featured_media":24091,"comment_status":"closed","ping_status":"closed","template":"","meta":{"_seopress_robots_primary_cat":"","_seopress_titles_title":"","_seopress_titles_desc":"Spot d'\u00e9clairage pour la vision industrielle avec zoom verrouillable. Montage M30, bo\u00eetier IP67 et OverDrive puissant.","_seopress_robots_index":"","_monsterinsights_skip_tracking":false,"_monsterinsights_sitenote_active":false,"_monsterinsights_sitenote_note":"","_monsterinsights_sitenote_category":0},"product_cat":[80],"product_tag":[],"_links":{"self":[{"href":"https:\/\/www.tpl-vision.com\/fr\/wp-json\/wp\/v2\/product\/17179"}],"collection":[{"href":"https:\/\/www.tpl-vision.com\/fr\/wp-json\/wp\/v2\/product"}],"about":[{"href":"https:\/\/www.tpl-vision.com\/fr\/wp-json\/wp\/v2\/types\/product"}],"replies":[{"embeddable":true,"href":"https:\/\/www.tpl-vision.com\/fr\/wp-json\/wp\/v2\/comments?post=17179"}],"wp:featuredmedia":[{"embeddable":true,"href":"https:\/\/www.tpl-vision.com\/fr\/wp-json\/wp\/v2\/media\/24091"}],"wp:attachment":[{"href":"https:\/\/www.tpl-vision.com\/fr\/wp-json\/wp\/v2\/media?parent=17179"}],"wp:term":[{"taxonomy":"product_cat","embeddable":true,"href":"https:\/\/www.tpl-vision.com\/fr\/wp-json\/wp\/v2\/product_cat?post=17179"},{"taxonomy":"product_tag","embeddable":true,"href":"https:\/\/www.tpl-vision.com\/fr\/wp-json\/wp\/v2\/product_tag?post=17179"}],"curies":[{"name":"wp","href":"https:\/\/api.w.org\/{rel}","templated":true}]}}