{"id":18139,"date":"2024-08-02T11:19:02","date_gmt":"2024-08-02T09:19:02","guid":{"rendered":"https:\/\/www.tpl-vision.com\/?post_type=product&#038;p=18139"},"modified":"2025-06-25T10:10:00","modified_gmt":"2025-06-25T08:10:00","slug":"mr-low-angle-accessory","status":"publish","type":"product","link":"https:\/\/www.tpl-vision.com\/fr\/vuedensemble\/accessoires-fr\/accessoires-modular-ringlight\/mr-low-angle-accessory\/","title":{"rendered":"Accessoire MR-Low Angle"},"content":{"rendered":"\n<h2 class=\"wp-block-heading\">Avantages de l&rsquo;\u00e9clairage Low Angle<\/h2>\n\n<p>Transformez la puissance d\u2019\u00e9clairage du Modular Ringlight en y ajoutant des effets. Avec son angle d\u2019incidence de 45\u00b0, cet accessoire est id\u00e9al pour les applications o\u00f9 l\u2019utilisation d\u2019un \u00e9clairage direct est peu adapt\u00e9e. <\/p>\n\n<h2 class=\"wp-block-heading\">Applications Low Angle<\/h2>\n\n<ul>\n<li>Mise en \u00e9vidence de changements de surface telles que les gravures<\/li>\n<\/ul>\n\n<ul>\n<li>Identifier les irr\u00e9gularit\u00e9s de surface telles que les bosses et les rayures<\/li>\n<\/ul>\n\n<ul>\n<li>Trouver des d\u00e9tails de texture fins et mettre en \u00e9vidence les bords<\/li>\n<\/ul>\n\n<h2 class=\"wp-block-heading\">Constructeur de r\u00e9f\u00e9rence<\/h2>\n\n<ul>\n<li>LA-MR-80<\/li>\n\n\n\n<li>LA-MR-130<\/li>\n<\/ul>\n","protected":false},"excerpt":{"rendered":"<div class=\"elementor-element elementor-element-c09bdf5 elementor-widget elementor-widget-text-editor\" data-id=\"c09bdf5\" data-element_type=\"widget\" data-widget_type=\"text-editor.default\">\n<div class=\"elementor-widget-container\">\n<ul>\n<li>Accessoire permettant de transformer le Modular Ringlight en un \u00e9clairage intense avec un faible angle d&rsquo;incidence. Compatible avec les versions 80 mm et 130 mm.<\/li>\n<li>\u00c9clairage avec un angle de 45\u00b0 pour les applications qui ne peuvent pas \u00eatre \u00e9clair\u00e9es avec une source de lumi\u00e8re directe.<\/li>\n<li>4 vis M3 fournies.<\/li>\n<\/ul>\n<\/div>\n<\/div>\n<div class=\"elementor-element elementor-element-69d3f95 elementor-widget elementor-widget-spacer\" data-id=\"69d3f95\" data-element_type=\"widget\" data-widget_type=\"spacer.default\">\u00a0<\/div>\n","protected":false},"featured_media":18115,"comment_status":"closed","ping_status":"closed","template":"","meta":{"_seopress_robots_primary_cat":"","_seopress_titles_title":"","_seopress_titles_desc":"","_seopress_robots_index":"","_monsterinsights_skip_tracking":false,"_monsterinsights_sitenote_active":false,"_monsterinsights_sitenote_note":"","_monsterinsights_sitenote_category":0},"product_cat":[59,853],"product_tag":[],"_links":{"self":[{"href":"https:\/\/www.tpl-vision.com\/fr\/wp-json\/wp\/v2\/product\/18139"}],"collection":[{"href":"https:\/\/www.tpl-vision.com\/fr\/wp-json\/wp\/v2\/product"}],"about":[{"href":"https:\/\/www.tpl-vision.com\/fr\/wp-json\/wp\/v2\/types\/product"}],"replies":[{"embeddable":true,"href":"https:\/\/www.tpl-vision.com\/fr\/wp-json\/wp\/v2\/comments?post=18139"}],"wp:featuredmedia":[{"embeddable":true,"href":"https:\/\/www.tpl-vision.com\/fr\/wp-json\/wp\/v2\/media\/18115"}],"wp:attachment":[{"href":"https:\/\/www.tpl-vision.com\/fr\/wp-json\/wp\/v2\/media?parent=18139"}],"wp:term":[{"taxonomy":"product_cat","embeddable":true,"href":"https:\/\/www.tpl-vision.com\/fr\/wp-json\/wp\/v2\/product_cat?post=18139"},{"taxonomy":"product_tag","embeddable":true,"href":"https:\/\/www.tpl-vision.com\/fr\/wp-json\/wp\/v2\/product_tag?post=18139"}],"curies":[{"name":"wp","href":"https:\/\/api.w.org\/{rel}","templated":true}]}}