{"id":18141,"date":"2024-08-02T11:10:26","date_gmt":"2024-08-02T09:10:26","guid":{"rendered":"https:\/\/www.tpl-vision.com\/?post_type=product&#038;p=18141"},"modified":"2025-06-25T10:09:28","modified_gmt":"2025-06-25T08:09:28","slug":"mr-dome-accessory","status":"publish","type":"product","link":"https:\/\/www.tpl-vision.com\/fr\/vuedensemble\/accessoires-fr\/accessoires-modular-ringlight\/mr-dome-accessory\/","title":{"rendered":"Accessoire MR-Dome"},"content":{"rendered":"\n<h2 class=\"wp-block-heading\">AVANTAGES DE L&rsquo;\u00c9CLAIRAGE D\u00d4ME<\/h2>\n\n<h3 class=\"wp-block-heading\">Surfaces brillantes<\/h3>\n\n<p>R\u00e9duisez les reflets et \u00e9liminez les ombres ind\u00e9sirables en quelques \u00e9tapes seulement avec l&rsquo;accessoire MR-Dome. L&rsquo;ajout de cet accessoire au Modular Ringlight garantit une sortie d&rsquo;\u00e9clairage diffuse, id\u00e9ale pour l&rsquo;imagerie de surfaces brillantes ou irr\u00e9guli\u00e8res. L&rsquo;accessoire D\u00f4me peut \u00eatre facilement fix\u00e9 au Modular Ringlight pour obtenir un \u00e9clairage homog\u00e8ne et diffus.   <\/p>\n\n<figure class=\"wp-block-image size-large\"><img fetchpriority=\"high\" decoding=\"async\" width=\"1024\" height=\"899\" src=\"https:\/\/www.tpl-vision.com\/wp-content\/uploads\/2024\/02\/Screenshot-2024-02-05-at-14.36.50-1024x899.png\" alt=\"mr dome accessory\" class=\"wp-image-16580\" srcset=\"https:\/\/www.tpl-vision.com\/wp-content\/uploads\/2024\/02\/Screenshot-2024-02-05-at-14.36.50-1024x899.png 1024w, https:\/\/www.tpl-vision.com\/wp-content\/uploads\/2024\/02\/Screenshot-2024-02-05-at-14.36.50-300x263.png 300w, https:\/\/www.tpl-vision.com\/wp-content\/uploads\/2024\/02\/Screenshot-2024-02-05-at-14.36.50-768x674.png 768w, https:\/\/www.tpl-vision.com\/wp-content\/uploads\/2024\/02\/Screenshot-2024-02-05-at-14.36.50-600x526.png 600w, https:\/\/www.tpl-vision.com\/wp-content\/uploads\/2024\/02\/Screenshot-2024-02-05-at-14.36.50-175x154.png 175w, https:\/\/www.tpl-vision.com\/wp-content\/uploads\/2024\/02\/Screenshot-2024-02-05-at-14.36.50-40x35.png 40w, https:\/\/www.tpl-vision.com\/wp-content\/uploads\/2024\/02\/Screenshot-2024-02-05-at-14.36.50-55x48.png 55w, https:\/\/www.tpl-vision.com\/wp-content\/uploads\/2024\/02\/Screenshot-2024-02-05-at-14.36.50-100x88.png 100w, https:\/\/www.tpl-vision.com\/wp-content\/uploads\/2024\/02\/Screenshot-2024-02-05-at-14.36.50.png 1322w\" sizes=\"(max-width: 1024px) 100vw, 1024px\" \/><\/figure>\n\n<h3 class=\"wp-block-heading\" style=\"text-transform:uppercase\">Applications \u00e0 grande vitesse<\/h3>\n\n<p>Gr\u00e2ce au mode Strobe haute intensit\u00e9 du Modular Ringlight, cet accessoire est parfait pour les applications \u00e0 grande vitesse n\u00e9cessitant un temps d&rsquo;exposition 100 \u00b5s. <\/p>\n\n<div style=\"height:10px\" aria-hidden=\"true\" class=\"wp-block-spacer\"><\/div>\n\n<h2 class=\"wp-block-heading\">Adaptateurs d&rsquo;ouverture<\/h2>\n\n<p>Fini les zones sombres ! Le MR-Dome est livr\u00e9 avec des adaptateurs d&rsquo;ouverture par d\u00e9faut. Il suffit de les fixer sur le dessus du d\u00f4me pour r\u00e9duire les ombres caus\u00e9es par le placement de la cam\u00e9ra.  Il s&rsquo;agit d&rsquo;une solution beaucoup plus rentable que l&rsquo;utilisation d&rsquo;un \u00e9clairage coaxial. Les adaptateurs d&rsquo;ouverture sont faciles \u00e0 utiliser et sont disponibles en diff\u00e9rentes tailles pour s&rsquo;adapter aux diff\u00e9rents objectifs.<\/p>\n\n<p>Pour en savoir plus, lisez notre \u00e9tude de cas :<\/p>\n\n<figure class=\"wp-block-image size-large is-resized\"><img decoding=\"async\" width=\"1024\" height=\"535\" src=\"https:\/\/www.tpl-vision.com\/wp-content\/uploads\/2024\/02\/Dome-Light-Hole-Adaptors-Case-Study-1024x535.png\" alt=\"mr dome accessory\" class=\"wp-image-16584\" style=\"width:840px;height:auto\" srcset=\"https:\/\/www.tpl-vision.com\/wp-content\/uploads\/2024\/02\/Dome-Light-Hole-Adaptors-Case-Study-1024x535.png 1024w, https:\/\/www.tpl-vision.com\/wp-content\/uploads\/2024\/02\/Dome-Light-Hole-Adaptors-Case-Study-300x157.png 300w, https:\/\/www.tpl-vision.com\/wp-content\/uploads\/2024\/02\/Dome-Light-Hole-Adaptors-Case-Study-768x401.png 768w, https:\/\/www.tpl-vision.com\/wp-content\/uploads\/2024\/02\/Dome-Light-Hole-Adaptors-Case-Study-600x314.png 600w, https:\/\/www.tpl-vision.com\/wp-content\/uploads\/2024\/02\/Dome-Light-Hole-Adaptors-Case-Study-175x91.png 175w, https:\/\/www.tpl-vision.com\/wp-content\/uploads\/2024\/02\/Dome-Light-Hole-Adaptors-Case-Study-40x21.png 40w, https:\/\/www.tpl-vision.com\/wp-content\/uploads\/2024\/02\/Dome-Light-Hole-Adaptors-Case-Study-55x29.png 55w, https:\/\/www.tpl-vision.com\/wp-content\/uploads\/2024\/02\/Dome-Light-Hole-Adaptors-Case-Study-100x52.png 100w, https:\/\/www.tpl-vision.com\/wp-content\/uploads\/2024\/02\/Dome-Light-Hole-Adaptors-Case-Study.png 1200w\" sizes=\"(max-width: 1024px) 100vw, 1024px\" \/><\/figure>\n\n<div style=\"height:20px\" aria-hidden=\"true\" class=\"wp-block-spacer\"><\/div>\n\n<h2 class=\"wp-block-heading\">Constructeur de r\u00e9f\u00e9rence<\/h2>\n\n<ul>\n<li>D-MR-80<\/li>\n\n\n\n<li>D-MR130<\/li>\n<\/ul>\n","protected":false},"excerpt":{"rendered":"<ul>\n<li>Accessoire permettant de transformer le Modular Ringlight en un d\u00f4me homog\u00e8ne. Compatible avec les versions 80 mm et 130 mm.<\/li>\n<li>4 vis M3 fournies.<\/li>\n<li>Livr\u00e9 avec des clips permettant de r\u00e9duire l&rsquo;ouverture de la cam\u00e9ra.<\/li>\n<\/ul>\n","protected":false},"featured_media":18127,"comment_status":"closed","ping_status":"closed","template":"","meta":{"_seopress_robots_primary_cat":"","_seopress_titles_title":"","_seopress_titles_desc":"","_seopress_robots_index":"","_monsterinsights_skip_tracking":false,"_monsterinsights_sitenote_active":false,"_monsterinsights_sitenote_note":"","_monsterinsights_sitenote_category":0},"product_cat":[59,853],"product_tag":[],"_links":{"self":[{"href":"https:\/\/www.tpl-vision.com\/fr\/wp-json\/wp\/v2\/product\/18141"}],"collection":[{"href":"https:\/\/www.tpl-vision.com\/fr\/wp-json\/wp\/v2\/product"}],"about":[{"href":"https:\/\/www.tpl-vision.com\/fr\/wp-json\/wp\/v2\/types\/product"}],"replies":[{"embeddable":true,"href":"https:\/\/www.tpl-vision.com\/fr\/wp-json\/wp\/v2\/comments?post=18141"}],"wp:featuredmedia":[{"embeddable":true,"href":"https:\/\/www.tpl-vision.com\/fr\/wp-json\/wp\/v2\/media\/18127"}],"wp:attachment":[{"href":"https:\/\/www.tpl-vision.com\/fr\/wp-json\/wp\/v2\/media?parent=18141"}],"wp:term":[{"taxonomy":"product_cat","embeddable":true,"href":"https:\/\/www.tpl-vision.com\/fr\/wp-json\/wp\/v2\/product_cat?post=18141"},{"taxonomy":"product_tag","embeddable":true,"href":"https:\/\/www.tpl-vision.com\/fr\/wp-json\/wp\/v2\/product_tag?post=18141"}],"curies":[{"name":"wp","href":"https:\/\/api.w.org\/{rel}","templated":true}]}}