{"id":18150,"date":"2024-03-18T12:39:29","date_gmt":"2024-03-18T11:39:29","guid":{"rendered":"https:\/\/www.tpl-vision.com\/?post_type=product&#038;p=18150"},"modified":"2025-06-25T10:08:42","modified_gmt":"2025-06-25T08:08:42","slug":"mr-dark-field-accessory","status":"publish","type":"product","link":"https:\/\/www.tpl-vision.com\/fr\/vuedensemble\/accessoires-fr\/accessoires-modular-ringlight\/mr-dark-field-accessory\/","title":{"rendered":"Accessoire MR-Dark Field"},"content":{"rendered":"\n<h2 class=\"wp-block-heading\">Avantages de l\u2019\u00e9clairage Dark Field<\/h2>\n\n<p>En le dirigeant vers la pi\u00e8ce \u00e0 contr\u00f4ler avec peu d&rsquo;angle, l&rsquo;\u00e9clairage Dark Field g\u00e9n\u00e8re un contraste gr\u00e2ce auquel les \u00e9l\u00e9ments mis en \u00e9vidence apparaissent brillants sur un fond sombre &#8211; d&rsquo;o\u00f9 le nom \u00ab\u00a0Dark Field\u00a0\u00bb \u2013 Champ Sombre. La majeure partie de la lumi\u00e8re r\u00e9fl\u00e9chie est dirig\u00e9e loin de la cam\u00e9ra. Seule la lumi\u00e8re diffus\u00e9e par les \u00e9l\u00e9ments comportant des bords est collect\u00e9e par la cam\u00e9ra, cr\u00e9ant un contraste saisissant. <\/p>\n\n<div style=\"height:20px\" aria-hidden=\"true\" class=\"wp-block-spacer\"><\/div>\n\n<h2 class=\"wp-block-heading\">Applications avec un \u00e9clairage rasant<\/h2>\n\n<ul>\n<li>Mise en \u00e9vidence des d\u00e9fauts sur des surfaces brillantes<\/li>\n\n\n\n<li>D\u00e9tection des contours<\/li>\n\n\n\n<li>Inspection des codes par micro-percussion et des marquages laser <\/li>\n<\/ul>\n\n<div class=\"wp-block-columns is-layout-flex wp-container-core-columns-layout-1 wp-block-columns-is-layout-flex\">\n<div class=\"wp-block-column is-layout-flow wp-block-column-is-layout-flow\">\n<figure class=\"wp-block-image size-full\"><img fetchpriority=\"high\" decoding=\"async\" width=\"380\" height=\"380\" src=\"https:\/\/www.tpl-vision.com\/wp-content\/uploads\/2024\/06\/DarkField-Code.png\" alt=\"mr dark field (dkf)\" class=\"wp-image-17947\" srcset=\"https:\/\/www.tpl-vision.com\/wp-content\/uploads\/2024\/06\/DarkField-Code.png 380w, https:\/\/www.tpl-vision.com\/wp-content\/uploads\/2024\/06\/DarkField-Code-300x300.png 300w, https:\/\/www.tpl-vision.com\/wp-content\/uploads\/2024\/06\/DarkField-Code-150x150.png 150w, https:\/\/www.tpl-vision.com\/wp-content\/uploads\/2024\/06\/DarkField-Code-360x360.png 360w, https:\/\/www.tpl-vision.com\/wp-content\/uploads\/2024\/06\/DarkField-Code-175x175.png 175w, https:\/\/www.tpl-vision.com\/wp-content\/uploads\/2024\/06\/DarkField-Code-40x40.png 40w, https:\/\/www.tpl-vision.com\/wp-content\/uploads\/2024\/06\/DarkField-Code-55x55.png 55w, https:\/\/www.tpl-vision.com\/wp-content\/uploads\/2024\/06\/DarkField-Code-100x100.png 100w\" sizes=\"(max-width: 380px) 100vw, 380px\" \/><\/figure>\n\n\n\n<p class=\"has-text-align-center\">Code DPM (Direct Part Marking) sur plastique noir<\/p>\n<\/div>\n\n\n\n<div class=\"wp-block-column is-layout-flow wp-block-column-is-layout-flow\">\n<figure class=\"wp-block-image size-full\"><img decoding=\"async\" width=\"380\" height=\"380\" src=\"https:\/\/www.tpl-vision.com\/wp-content\/uploads\/2024\/06\/DarkField-Coin.png\" alt=\"mr dark field (dkf)\" class=\"wp-image-17950\" srcset=\"https:\/\/www.tpl-vision.com\/wp-content\/uploads\/2024\/06\/DarkField-Coin.png 380w, https:\/\/www.tpl-vision.com\/wp-content\/uploads\/2024\/06\/DarkField-Coin-300x300.png 300w, https:\/\/www.tpl-vision.com\/wp-content\/uploads\/2024\/06\/DarkField-Coin-150x150.png 150w, https:\/\/www.tpl-vision.com\/wp-content\/uploads\/2024\/06\/DarkField-Coin-360x360.png 360w, https:\/\/www.tpl-vision.com\/wp-content\/uploads\/2024\/06\/DarkField-Coin-175x175.png 175w, https:\/\/www.tpl-vision.com\/wp-content\/uploads\/2024\/06\/DarkField-Coin-40x40.png 40w, https:\/\/www.tpl-vision.com\/wp-content\/uploads\/2024\/06\/DarkField-Coin-55x55.png 55w, https:\/\/www.tpl-vision.com\/wp-content\/uploads\/2024\/06\/DarkField-Coin-100x100.png 100w\" sizes=\"(max-width: 380px) 100vw, 380px\" \/><\/figure>\n\n\n\n<p class=\"has-text-align-center\">Inspection de cr\u00eates<\/p>\n<\/div>\n\n\n\n<div class=\"wp-block-column is-layout-flow wp-block-column-is-layout-flow\">\n<figure class=\"wp-block-image size-full\"><img decoding=\"async\" width=\"380\" height=\"380\" src=\"https:\/\/www.tpl-vision.com\/wp-content\/uploads\/2024\/06\/DarkField-PCB-1.png\" alt=\"mr dark field (dkf)\" class=\"wp-image-17955\" srcset=\"https:\/\/www.tpl-vision.com\/wp-content\/uploads\/2024\/06\/DarkField-PCB-1.png 380w, https:\/\/www.tpl-vision.com\/wp-content\/uploads\/2024\/06\/DarkField-PCB-1-300x300.png 300w, https:\/\/www.tpl-vision.com\/wp-content\/uploads\/2024\/06\/DarkField-PCB-1-150x150.png 150w, https:\/\/www.tpl-vision.com\/wp-content\/uploads\/2024\/06\/DarkField-PCB-1-360x360.png 360w, https:\/\/www.tpl-vision.com\/wp-content\/uploads\/2024\/06\/DarkField-PCB-1-175x175.png 175w, https:\/\/www.tpl-vision.com\/wp-content\/uploads\/2024\/06\/DarkField-PCB-1-40x40.png 40w, https:\/\/www.tpl-vision.com\/wp-content\/uploads\/2024\/06\/DarkField-PCB-1-55x55.png 55w, https:\/\/www.tpl-vision.com\/wp-content\/uploads\/2024\/06\/DarkField-PCB-1-100x100.png 100w\" sizes=\"(max-width: 380px) 100vw, 380px\" \/><\/figure>\n\n\n\n<p class=\"has-text-align-center\">Inspection de PCB (Printed Circuit Board)<\/p>\n<\/div>\n<\/div>\n\n<div style=\"height:20px\" aria-hidden=\"true\" class=\"wp-block-spacer\"><\/div>\n\n<h2 class=\"wp-block-heading\">Constructeur de r\u00e9f\u00e9rence<\/h2>\n\n<ul>\n<li>DKF-MR-80<\/li>\n\n\n\n<li>DKF-MR-130<\/li>\n<\/ul>\n","protected":false},"excerpt":{"rendered":"<ul>\n<li>Accessoire permettant de transformer le Modular Ringlight en \u00e9clairage Dark Field. Compatible avec les versions 80 mm et 130 mm.<\/li>\n<li>Effet champ sombre avec un \u00e9clairage \u00e0 tr\u00e8s faible angle d&rsquo;incidence pour mettre en \u00e9vidence les bords et les d\u00e9tails de la surface.<\/li>\n<li>4 vis M3 fournies.<\/li>\n<\/ul>\n","protected":false},"featured_media":18209,"comment_status":"closed","ping_status":"closed","template":"","meta":{"_seopress_robots_primary_cat":"","_seopress_titles_title":"","_seopress_titles_desc":"","_seopress_robots_index":"","_monsterinsights_skip_tracking":false,"_monsterinsights_sitenote_active":false,"_monsterinsights_sitenote_note":"","_monsterinsights_sitenote_category":0},"product_cat":[59,853],"product_tag":[],"_links":{"self":[{"href":"https:\/\/www.tpl-vision.com\/fr\/wp-json\/wp\/v2\/product\/18150"}],"collection":[{"href":"https:\/\/www.tpl-vision.com\/fr\/wp-json\/wp\/v2\/product"}],"about":[{"href":"https:\/\/www.tpl-vision.com\/fr\/wp-json\/wp\/v2\/types\/product"}],"replies":[{"embeddable":true,"href":"https:\/\/www.tpl-vision.com\/fr\/wp-json\/wp\/v2\/comments?post=18150"}],"wp:featuredmedia":[{"embeddable":true,"href":"https:\/\/www.tpl-vision.com\/fr\/wp-json\/wp\/v2\/media\/18209"}],"wp:attachment":[{"href":"https:\/\/www.tpl-vision.com\/fr\/wp-json\/wp\/v2\/media?parent=18150"}],"wp:term":[{"taxonomy":"product_cat","embeddable":true,"href":"https:\/\/www.tpl-vision.com\/fr\/wp-json\/wp\/v2\/product_cat?post=18150"},{"taxonomy":"product_tag","embeddable":true,"href":"https:\/\/www.tpl-vision.com\/fr\/wp-json\/wp\/v2\/product_tag?post=18150"}],"curies":[{"name":"wp","href":"https:\/\/api.w.org\/{rel}","templated":true}]}}