{"id":18489,"date":"2024-09-13T11:38:41","date_gmt":"2024-09-13T09:38:41","guid":{"rendered":"https:\/\/www.tpl-vision.com\/?post_type=product&#038;p=18489"},"modified":"2025-10-06T11:52:39","modified_gmt":"2025-10-06T09:52:39","slug":"modular-m-tring","status":"publish","type":"product","link":"https:\/\/www.tpl-vision.com\/fr\/vuedensemble\/ring-fr\/modular-m-tring\/","title":{"rendered":"Modular M-TRING"},"content":{"rendered":"\n<div class=\"wp-block-buttons is-layout-flex wp-block-buttons-is-layout-flex\">\n<div class=\"wp-block-button has-custom-font-size aligncenter has-medium-font-size\"><a class=\"wp-block-button__link has-vivid-red-background-color has-background wp-element-button\" href=\"https:\/\/www.tpl-vision.com\/documents\/techsheets\/TPL_Comparison_Sheet_M-TRING_Vs_TRING_FR.pdf\" style=\"border-radius:0px\" target=\"_blank\" rel=\"noopener\">Comparaison : M-TRING vs TRING<\/a><\/div>\n<\/div>\n\n\n\n<div style=\"height:30px\" aria-hidden=\"true\" class=\"wp-block-spacer\"><\/div>\n\n\n\n<h2 class=\"wp-block-heading\">Pr\u00e9sentation produit<\/h2>\n\n\n\n<figure class=\"wp-block-embed is-type-video is-provider-vimeo wp-block-embed-vimeo wp-embed-aspect-16-9 wp-has-aspect-ratio\"><div class=\"wp-block-embed__wrapper\">\n<iframe title=\"High-Power Ring Lights by TPL Vision\" src=\"https:\/\/player.vimeo.com\/video\/946600322?h=c043081ff2&amp;dnt=1&amp;app_id=122963\" width=\"800\" height=\"450\" frameborder=\"0\" allow=\"autoplay; fullscreen; picture-in-picture; clipboard-write\"><\/iframe>\n<\/div><\/figure>\n\n\n\n<div style=\"height:30px\" aria-hidden=\"true\" class=\"wp-block-spacer\"><\/div>\n\n\n\n<h2 class=\"wp-block-heading\">Annulaire haute puissance pour la vision industrielle<\/h2>\n\n\n\n<ul>\n<li>Disponible en blanc (4800K), rouge (630nm), IR (850nm), vert (525nm), bleu (470nm)<\/li>\n\n\n\n<li>Deux versions diff\u00e9rentes avec diffusant transparent ou opaque<\/li>\n\n\n\n<li>Conception industrielle robuste pour les environnements les plus difficiles<\/li>\n\n\n\n<li>Montage facile pour n&rsquo;importe quelle distance de travail avec une longueur de c\u00e2ble flexible<\/li>\n<\/ul>\n\n\n\n<div style=\"height:20px\" aria-hidden=\"true\" class=\"wp-block-spacer\"><\/div>\n\n\n\n<h2 class=\"wp-block-heading\">Gagnant des Innovators Award<\/h2>\n\n\n\n<figure class=\"wp-block-image size-full\"><img fetchpriority=\"high\" decoding=\"async\" width=\"710\" height=\"420\" src=\"https:\/\/www.tpl-vision.com\/wp-content\/uploads\/2025\/05\/TPL_M-TRING_VSD_Award.jpg\" alt=\"modular m tring\" class=\"wp-image-20640\" srcset=\"https:\/\/www.tpl-vision.com\/wp-content\/uploads\/2025\/05\/TPL_M-TRING_VSD_Award.jpg 710w, https:\/\/www.tpl-vision.com\/wp-content\/uploads\/2025\/05\/TPL_M-TRING_VSD_Award-300x177.jpg 300w, https:\/\/www.tpl-vision.com\/wp-content\/uploads\/2025\/05\/TPL_M-TRING_VSD_Award-600x355.jpg 600w, https:\/\/www.tpl-vision.com\/wp-content\/uploads\/2025\/05\/TPL_M-TRING_VSD_Award-175x104.jpg 175w, https:\/\/www.tpl-vision.com\/wp-content\/uploads\/2025\/05\/TPL_M-TRING_VSD_Award-40x24.jpg 40w, https:\/\/www.tpl-vision.com\/wp-content\/uploads\/2025\/05\/TPL_M-TRING_VSD_Award-55x33.jpg 55w, https:\/\/www.tpl-vision.com\/wp-content\/uploads\/2025\/05\/TPL_M-TRING_VSD_Award-100x59.jpg 100w\" sizes=\"(max-width: 710px) 100vw, 710px\" \/><\/figure>\n\n\n\n<p>Les Vision Systems Design Innovators Awards r\u00e9compensent les produits les plus innovants dans le domaine de la vision et du traitement d&rsquo;images. Le Modular M-TRING a remport\u00e9 le prix de bronze en 2025.<\/p>\n\n\n\n<div style=\"height:20px\" aria-hidden=\"true\" class=\"wp-block-spacer\"><\/div>\n\n\n\n<h2 class=\"wp-block-heading\">Fixation directe aux objectifs C-Mount<\/h2>\n\n\n\n<figure class=\"wp-block-image size-full\"><img decoding=\"async\" width=\"872\" height=\"491\" src=\"https:\/\/www.tpl-vision.com\/wp-content\/uploads\/2024\/09\/TRING-cmount.webp\" alt=\"modular m tring\" class=\"wp-image-18438\" srcset=\"https:\/\/www.tpl-vision.com\/wp-content\/uploads\/2024\/09\/TRING-cmount.webp 872w, https:\/\/www.tpl-vision.com\/wp-content\/uploads\/2024\/09\/TRING-cmount-300x169.webp 300w, https:\/\/www.tpl-vision.com\/wp-content\/uploads\/2024\/09\/TRING-cmount-768x432.webp 768w, https:\/\/www.tpl-vision.com\/wp-content\/uploads\/2024\/09\/TRING-cmount-600x338.webp 600w, https:\/\/www.tpl-vision.com\/wp-content\/uploads\/2024\/09\/TRING-cmount-175x99.webp 175w, https:\/\/www.tpl-vision.com\/wp-content\/uploads\/2024\/09\/TRING-cmount-40x23.webp 40w, https:\/\/www.tpl-vision.com\/wp-content\/uploads\/2024\/09\/TRING-cmount-55x31.webp 55w, https:\/\/www.tpl-vision.com\/wp-content\/uploads\/2024\/09\/TRING-cmount-100x56.webp 100w\" sizes=\"(max-width: 872px) 100vw, 872px\" \/><\/figure>\n\n\n\n<p>Le M-TRING peut \u00eatre facilement fix\u00e9 aux objectifs C-Mount \u00e0 l&rsquo;aide d&rsquo;un adaptateur, int\u00e9grant directement le syst\u00e8me d&rsquo;\u00e9clairage sans avoir besoin de supports ou de composants de fixation suppl\u00e9mentaires. Cette connexion directe permet non seulement de gagner de la place, mais garantit \u00e9galement que l&rsquo;annulaire soit parfaitement centr\u00e9 et align\u00e9 avec le champ de vision de la cam\u00e9ra, offrant ainsi un \u00e9clairage optimal pour l&rsquo;objet inspect\u00e9.<\/p>\n\n\n\n<div style=\"height:20px\" aria-hidden=\"true\" class=\"wp-block-spacer\"><\/div>\n\n\n\n<h2 class=\"wp-block-heading\"><strong>Compatibilit\u00e9 Angle Changers<\/strong><\/h2>\n\n\n\n<p>Compatibles avec la version transparente, les Angle Changers <strong>am\u00e9liorent la capacit\u00e9 d&rsquo;adaptation des \u00e9clairages <\/strong>\u00e0 diff\u00e9rentes applications. En clipsant les Angle Changers \u00e0 l&rsquo;annulaire, les utilisateurs peuvent facilement ajuster l&rsquo;<strong>angle d&rsquo;<\/strong> \u00e9clairage et la quantit\u00e9 de <strong>diffusion<\/strong>. <\/p>\n\n\n\n<p>Inutile de d\u00e9monter le produit ! Dot\u00e9s d&rsquo;attaches magn\u00e9tiques pour une installation sans effort et de vis pour un montage fixe, les Angle Changers garantissent l&rsquo;adaptabilit\u00e9 \u00e0 des environnements dynamiques et \u00e0 des application en constante \u00e9volution. <\/p>\n\n\n\n<figure class=\"wp-block-image\"><img decoding=\"async\" width=\"600\" height=\"338\" src=\"https:\/\/www.tpl-vision.com\/wp-content\/uploads\/2024\/05\/TPL-anglechangers-feature.gif\" alt=\"m tring angle changers\" class=\"wp-image-17884\"\/><\/figure>\n\n\n\n<p>Avec <strong>8 options diff\u00e9rentes<\/strong>, les Angle Changers M-TRING offrent un contr\u00f4le complet sur le r\u00e9glage de la luminosit\u00e9 et de l&rsquo;intensit\u00e9 de la zone \u00e9clair\u00e9e, en utilisant seulement quelques accessoires. Les options compatibles comprennent : <\/p>\n\n\n\n<ul>\n<li>Narrow (\u00b110\u00b0)<\/li>\n\n\n\n<li>Medium (\u00b117\u00b0)<\/li>\n\n\n\n<li>Wide (\u00b125\u00b0)<\/li>\n\n\n\n<li>Convergent (22\u00b0 vers l&rsquo;int\u00e9rieur)<\/li>\n\n\n\n<li>Versions polaris\u00e9es et polarisant seul.<\/li>\n<\/ul>\n\n\n\n<div style=\"height:6px\" aria-hidden=\"true\" class=\"wp-block-spacer\"><\/div>\n\n\n\n<div class=\"wp-block-buttons is-layout-flex wp-block-buttons-is-layout-flex\">\n<div class=\"wp-block-button\"><a class=\"wp-block-button__link wp-element-button\" href=\"https:\/\/www.tpl-vision.com\/?post_type=productp=17110\" target=\"_blank\" rel=\"noreferrer noopener\">Plus d&rsquo;infos<\/a><\/div>\n<\/div>\n\n\n\n<div style=\"height:20px\" aria-hidden=\"true\" class=\"wp-block-spacer\"><\/div>\n\n\n\n<h2 class=\"wp-block-heading\">Angle Changers Convergent<\/h2>\n\n\n\n<div class=\"wp-block-columns is-layout-flex wp-container-core-columns-layout-1 wp-block-columns-is-layout-flex\">\n<div class=\"wp-block-column is-layout-flow wp-block-column-is-layout-flow\"><div class=\"wp-block-image\">\n<figure class=\"aligncenter size-full\"><img loading=\"lazy\" decoding=\"async\" width=\"450\" height=\"450\" src=\"https:\/\/www.tpl-vision.com\/wp-content\/uploads\/2024\/08\/image.png\" alt=\"modular m tring\" class=\"wp-image-18244\" srcset=\"https:\/\/www.tpl-vision.com\/wp-content\/uploads\/2024\/08\/image.png 450w, https:\/\/www.tpl-vision.com\/wp-content\/uploads\/2024\/08\/image-300x300.png 300w, https:\/\/www.tpl-vision.com\/wp-content\/uploads\/2024\/08\/image-150x150.png 150w, https:\/\/www.tpl-vision.com\/wp-content\/uploads\/2024\/08\/image-360x360.png 360w, https:\/\/www.tpl-vision.com\/wp-content\/uploads\/2024\/08\/image-175x175.png 175w, https:\/\/www.tpl-vision.com\/wp-content\/uploads\/2024\/08\/image-40x40.png 40w, https:\/\/www.tpl-vision.com\/wp-content\/uploads\/2024\/08\/image-55x55.png 55w, https:\/\/www.tpl-vision.com\/wp-content\/uploads\/2024\/08\/image-100x100.png 100w\" sizes=\"(max-width: 450px) 100vw, 450px\" \/><\/figure><\/div><\/div>\n<\/div>\n\n\n\n<p>L\u2019Angle Changer Convergent* permet d\u2019\u00e9liminer l\u2019effet \u00ab halo \u00bb typique des \u00e9clairages annulaires et concentre l\u2019\u00e9clairage au milieu du champ de vision. Avec <g id=\"gid_0\">son angle de 22\u00b0 orient\u00e9 vers le centre<\/g>, l\u2019Angle Changer Convergent permet aux utilisateurs d\u2019obtenir rapidement et facilement un style d\u2019\u00e9clairage focalis\u00e9. Associ\u00e9 au robuste M-HPRING, ce type d\u2019\u00e9clairage est id\u00e9al pour les applications de robotique et de vision qui exigent un \u00e9clairage direct pr\u00e9cis et puissant.  <\/p>\n\n\n\n<p><em>* Produit brevet\u00e9.<\/em><\/p>\n\n\n\n<div style=\"height:20px\" aria-hidden=\"true\" class=\"wp-block-spacer\"><\/div>\n\n\n\n<h2 class=\"wp-block-heading\">Informations techniques<\/h2>\n\n\n\n<p><em>Veuillez cliquer sur les onglets ci-dessous.<\/em><\/p>\n\n\n\n<div class=\"wp-block-pb-accordion-item c-accordion__item js-accordion-item no-js\" data-initially-open=\"false\" data-click-to-close=\"true\" data-auto-close=\"true\" data-scroll=\"false\" data-scroll-offset=\"0\"><h3 id=\"at-184890\" class=\"c-accordion__title js-accordion-controller\" role=\"button\">M\u00e9thode d&rsquo;\u00e9clairage<\/h3><div id=\"ac-184890\" class=\"c-accordion__content\">\n<figure class=\"wp-block-image size-full is-resized\"><img loading=\"lazy\" decoding=\"async\" width=\"500\" height=\"500\" src=\"https:\/\/www.tpl-vision.com\/wp-content\/uploads\/2022\/10\/TPL_LightingMethod_RING_DIRECT.jpg\" alt=\"\" class=\"wp-image-2761\" style=\"width:381px;height:381px\" srcset=\"https:\/\/www.tpl-vision.com\/wp-content\/uploads\/2022\/10\/TPL_LightingMethod_RING_DIRECT.jpg 500w, https:\/\/www.tpl-vision.com\/wp-content\/uploads\/2022\/10\/TPL_LightingMethod_RING_DIRECT-300x300.jpg 300w, https:\/\/www.tpl-vision.com\/wp-content\/uploads\/2022\/10\/TPL_LightingMethod_RING_DIRECT-150x150.jpg 150w, https:\/\/www.tpl-vision.com\/wp-content\/uploads\/2022\/10\/TPL_LightingMethod_RING_DIRECT-100x100.jpg 100w, https:\/\/www.tpl-vision.com\/wp-content\/uploads\/2022\/10\/TPL_LightingMethod_RING_DIRECT-50x50.jpg 50w, https:\/\/www.tpl-vision.com\/wp-content\/uploads\/2022\/10\/TPL_LightingMethod_RING_DIRECT-40x40.jpg 40w, https:\/\/www.tpl-vision.com\/wp-content\/uploads\/2022\/10\/TPL_LightingMethod_RING_DIRECT-55x55.jpg 55w\" sizes=\"(max-width: 500px) 100vw, 500px\" \/><\/figure>\n<\/div><\/div>\n\n\n\n<div class=\"wp-block-pb-accordion-item c-accordion__item js-accordion-item no-js\" data-initially-open=\"false\" data-click-to-close=\"true\" data-auto-close=\"true\" data-scroll=\"false\" data-scroll-offset=\"0\"><h3 id=\"at-184891\" class=\"c-accordion__title js-accordion-controller\" role=\"button\">Homog\u00e9n\u00e9it\u00e9<\/h3><div id=\"ac-184891\" class=\"c-accordion__content\">\n<figure class=\"wp-block-image size-full\"><a href=\"https:\/\/www.tpl-vision.com\/wp-content\/uploads\/2024\/09\/TPL_M-TRING_Homogeneity_Maps_FR.jpg\"><img decoding=\"async\" src=\"https:\/\/www.tpl-vision.com\/wp-content\/uploads\/2024\/09\/TPL_M-TRING_Homogeneity_Maps_FR.jpg\" alt=\"modular m tring\" class=\"wp-image-18524\" style=\"object-fit:cover\"\/><\/a><\/figure>\n<\/div><\/div>\n\n\n\n<div class=\"wp-block-pb-accordion-item c-accordion__item js-accordion-item no-js\" data-initially-open=\"false\" data-click-to-close=\"true\" data-auto-close=\"true\" data-scroll=\"false\" data-scroll-offset=\"0\"><h3 id=\"at-184892\" class=\"c-accordion__title js-accordion-controller\" role=\"button\">Irradiance<\/h3><div id=\"ac-184892\" class=\"c-accordion__content\">\n<figure class=\"wp-block-image size-full\"><a href=\"https:\/\/www.tpl-vision.com\/wp-content\/uploads\/2024\/09\/TPL_M-TRING_Irradiance_CW_FR.jpg\"><img decoding=\"async\" src=\"https:\/\/www.tpl-vision.com\/wp-content\/uploads\/2024\/09\/TPL_M-TRING_Irradiance_CW_FR.jpg\" alt=\"modular m tring\" class=\"wp-image-18527\" style=\"object-fit:cover\"\/><\/a><\/figure>\n\n\n\n<figure class=\"wp-block-image size-full\"><a href=\"https:\/\/www.tpl-vision.com\/wp-content\/uploads\/2024\/09\/TPL_M-TRING_Irradiance_Strobe_FR.jpg\"><img decoding=\"async\" src=\"https:\/\/www.tpl-vision.com\/wp-content\/uploads\/2024\/09\/TPL_M-TRING_Irradiance_Strobe_FR.jpg\" alt=\"modular m tring\" class=\"wp-image-18530\" style=\"object-fit:cover\"\/><\/a><\/figure>\n<\/div><\/div>\n\n\n\n<div class=\"wp-block-pb-accordion-item c-accordion__item js-accordion-item no-js\" data-initially-open=\"false\" data-click-to-close=\"true\" data-auto-close=\"true\" data-scroll=\"false\" data-scroll-offset=\"0\"><h3 id=\"at-184893\" class=\"c-accordion__title js-accordion-controller\" role=\"button\">Constructeur de r\u00e9f\u00e9rence<\/h3><div id=\"ac-184893\" class=\"c-accordion__content\">\n<figure class=\"wp-block-image size-full\"><a href=\"https:\/\/www.tpl-vision.com\/wp-content\/uploads\/2025\/06\/TPL_M-TRING_RefBuilder_FR.jpg\"><img decoding=\"async\" src=\"https:\/\/www.tpl-vision.com\/wp-content\/uploads\/2025\/06\/TPL_M-TRING_RefBuilder_FR.jpg\" alt=\"modular m tring\" class=\"wp-image-20850\" style=\"object-fit:cover\"\/><\/a><\/figure>\n<\/div><\/div>\n\n\n\n<p>&nbsp;<\/p>\n","protected":false},"excerpt":{"rendered":"<p>Annulaire compact et modulable pour la vision industrielle, avec options de diffusant opaque ou transparent et compatibilit\u00e9 avec les Angle Changers. <!-- wp:paragraph -->Cet annulaire polyvalent, conforme \u00e0 la norme IP67, permet aux utilisateurs de personnaliser facilement leur puissance d&rsquo;\u00e9clairage. Avec une fonction OverDrive int\u00e9gr\u00e9e, les 12 puissantes leds du M-TRING fournissent un \u00e9clairage intense, parfait pour \u00e9clairer directement des zones circulaires. Sa conception l\u00e9g\u00e8re et robuste garantit une int\u00e9gration parfaite avec les syst\u00e8mes de vision industrielle, les cam\u00e9ras et les bras robotis\u00e9s.<\/p>\n<p>Le M-TRING est disponible en <strong>deux versions<\/strong> (DO-opaque et DT-transparent). La version transparente offre le rendement le plus \u00e9lev\u00e9 et fonctionne bien \u00e0 diff\u00e9rentes distances de travail, tandis que la version opaque excelle dans l&rsquo;inspection de pi\u00e8ces brillantes et r\u00e9fl\u00e9chissantes en dissimulant efficacement les points chauds visibles des leds. Id\u00e9al pour les machines de pr\u00e9cision, la robotique, la lecture de codes 2D et les applications d&rsquo;inspection de la qualit\u00e9 \u00e0 petite \u00e9chelle.<\/p>\n<ul>\n<li>Mode continu et strobe OverDrive avec dimming<\/li>\n<li>Le diam\u00e8tre int\u00e9rieur de 37 mm permet un montage direct sur des objectifs C-Mount<\/li>\n<li>Installation et utilisation simplifi\u00e9es gr\u00e2ce au contr\u00f4le de courant int\u00e9gr\u00e9 sur c\u00e2ble<\/li>\n<\/ul>\n","protected":false},"featured_media":24018,"comment_status":"closed","ping_status":"closed","template":"","meta":{"_seopress_robots_primary_cat":"none","_seopress_titles_title":"","_seopress_titles_desc":"Annulaire compact pour la vision industrielle, avec diffusant transparent ou opaque.","_seopress_robots_index":"","_monsterinsights_skip_tracking":false,"_monsterinsights_sitenote_active":false,"_monsterinsights_sitenote_note":"","_monsterinsights_sitenote_category":0},"product_cat":[83],"product_tag":[],"_links":{"self":[{"href":"https:\/\/www.tpl-vision.com\/fr\/wp-json\/wp\/v2\/product\/18489"}],"collection":[{"href":"https:\/\/www.tpl-vision.com\/fr\/wp-json\/wp\/v2\/product"}],"about":[{"href":"https:\/\/www.tpl-vision.com\/fr\/wp-json\/wp\/v2\/types\/product"}],"replies":[{"embeddable":true,"href":"https:\/\/www.tpl-vision.com\/fr\/wp-json\/wp\/v2\/comments?post=18489"}],"wp:featuredmedia":[{"embeddable":true,"href":"https:\/\/www.tpl-vision.com\/fr\/wp-json\/wp\/v2\/media\/24018"}],"wp:attachment":[{"href":"https:\/\/www.tpl-vision.com\/fr\/wp-json\/wp\/v2\/media?parent=18489"}],"wp:term":[{"taxonomy":"product_cat","embeddable":true,"href":"https:\/\/www.tpl-vision.com\/fr\/wp-json\/wp\/v2\/product_cat?post=18489"},{"taxonomy":"product_tag","embeddable":true,"href":"https:\/\/www.tpl-vision.com\/fr\/wp-json\/wp\/v2\/product_tag?post=18489"}],"curies":[{"name":"wp","href":"https:\/\/api.w.org\/{rel}","templated":true}]}}