{"id":18491,"date":"2024-09-30T09:42:44","date_gmt":"2024-09-30T07:42:44","guid":{"rendered":"https:\/\/www.tpl-vision.com\/?post_type=product&#038;p=18491"},"modified":"2025-10-06T11:52:08","modified_gmt":"2025-10-06T09:52:08","slug":"modular-m-hpring","status":"publish","type":"product","link":"https:\/\/www.tpl-vision.com\/fr\/vuedensemble\/ring-fr\/modular-m-hpring\/","title":{"rendered":"Modular M-HPRING"},"content":{"rendered":"\n<div class=\"wp-block-buttons is-layout-flex wp-block-buttons-is-layout-flex\">\n<div class=\"wp-block-button has-custom-font-size aligncenter has-medium-font-size\"><a class=\"wp-block-button__link has-vivid-red-background-color has-background wp-element-button\" href=\"https:\/\/www.tpl-vision.com\/documents\/techsheets\/TPL_Comparison_Sheet_M-HPRING_Vs_HPRING_FR.pdf\" style=\"border-radius:0px\" target=\"_blank\" rel=\"noopener\">Comparaison : M-HPRING vs HPRING<\/a><\/div>\n<\/div>\n\n\n\n<div style=\"height:30px\" aria-hidden=\"true\" class=\"wp-block-spacer\"><\/div>\n\n\n\n<h2 class=\"wp-block-heading\"><strong>Pr\u00e9sentation Produit<\/strong><\/h2>\n\n\n\n<figure class=\"wp-block-embed is-type-video is-provider-vimeo wp-block-embed-vimeo wp-embed-aspect-16-9 wp-has-aspect-ratio\"><div class=\"wp-block-embed__wrapper\">\n<iframe title=\"High-Power Ring Lights by TPL Vision\" src=\"https:\/\/player.vimeo.com\/video\/946600322?h=c043081ff2&amp;dnt=1&amp;app_id=122963\" width=\"800\" height=\"450\" frameborder=\"0\" allow=\"autoplay; fullscreen; picture-in-picture; clipboard-write\"><\/iframe>\n<\/div><\/figure>\n\n\n\n<div style=\"height:30px\" aria-hidden=\"true\" class=\"wp-block-spacer\"><\/div>\n\n\n\n<ul>\n<li>Disponible en blanc (4800K), rouge (630nm), IR (850nm), vert (525nm), bleu (470nm)<\/li>\n\n\n\n<li>Options de diffusant opaque ou transparent<\/li>\n\n\n\n<li>Grand diam\u00e8tre int\u00e9rieur pour une compatibilit\u00e9 maximale<\/li>\n\n\n\n<li>Montage facile pour toutes les distances de travail avec une longueur de c\u00e2ble flexible<\/li>\n<\/ul>\n\n\n\n<div style=\"height:20px\" aria-hidden=\"true\" class=\"wp-block-spacer\"><\/div>\n\n\n\n<h2 class=\"wp-block-heading\"><strong>Compatible avec les Angle Changers<\/strong><\/h2>\n\n\n\n<p>Compatibles avec la version transparente, les Angle Changers permettent d&rsquo;<strong>adapter les \u00e9clairages<\/strong> \u00e0 diff\u00e9rents types d&rsquo;applications. En clipsant les Angle Changers, les utilisateurs peuvent facilement ajuster l&rsquo;<strong>angle d&rsquo;\u00e9clairage<\/strong> et la quantit\u00e9 de <strong>diffusion<\/strong>. <\/p>\n\n\n\n<p>Inutile de d\u00e9monter le produit ! Dot\u00e9s d&rsquo;attaches magn\u00e9tiques pour une installation sans effort et de vis pour un montage fixe, les Angle Changers garantissent l&rsquo;adaptabilit\u00e9 \u00e0 des environnements dynamiques et \u00e0 des application en constante \u00e9volution. <\/p>\n\n\n<div class=\"wp-block-image\">\n<figure class=\"aligncenter size-full\"><img fetchpriority=\"high\" decoding=\"async\" width=\"600\" height=\"338\" src=\"https:\/\/www.tpl-vision.com\/wp-content\/uploads\/2024\/05\/TPL-anglechangers-feature.gif\" alt=\"m tring angle changers\" class=\"wp-image-17884\"\/><\/figure><\/div>\n\n\n<p>Avec ses <strong>8 options diff\u00e9rentes<\/strong>, les Angle Changers M-HPRING offrent un contr\u00f4le complet du r\u00e9glage de la luminosit\u00e9 et de l\u2019intensit\u00e9 de la zone \u00e9clair\u00e9e, avec seulement quelques accessoires. Les options compatibles sont : <\/p>\n\n\n\n<ul>\n<li>Narrow (\u00b110\u00b0)<\/li>\n\n\n\n<li>Medium (\u00b117\u00b0)<\/li>\n\n\n\n<li>Wide (\u00b125\u00b0)<\/li>\n\n\n\n<li>Convergent (22\u00b0 vers l&rsquo;int\u00e9rieur)<\/li>\n\n\n\n<li>Versions polaris\u00e9es et polarisant seul.<\/li>\n<\/ul>\n\n\n\n<div style=\"height:5px\" aria-hidden=\"true\" class=\"wp-block-spacer\"><\/div>\n\n\n\n<div class=\"wp-block-buttons is-layout-flex wp-block-buttons-is-layout-flex\">\n<div class=\"wp-block-button\"><a class=\"wp-block-button__link wp-element-button\">Plus d&rsquo;infos<\/a><\/div>\n<\/div>\n\n\n\n<div style=\"height:20px\" aria-hidden=\"true\" class=\"wp-block-spacer\"><\/div>\n\n\n\n<h2 class=\"wp-block-heading\">Angle Changers Convergent<\/h2>\n\n\n\n<div class=\"wp-block-columns is-layout-flex wp-container-core-columns-layout-1 wp-block-columns-is-layout-flex\">\n<div class=\"wp-block-column is-layout-flow wp-block-column-is-layout-flow\"><div class=\"wp-block-image\">\n<figure class=\"aligncenter size-full\"><img decoding=\"async\" width=\"700\" height=\"450\" src=\"https:\/\/www.tpl-vision.com\/wp-content\/uploads\/2024\/09\/M-HPRING-converging-AC-comparison-v3-1.jpg\" alt=\"modular m hpring\" class=\"wp-image-18521\" srcset=\"https:\/\/www.tpl-vision.com\/wp-content\/uploads\/2024\/09\/M-HPRING-converging-AC-comparison-v3-1.jpg 700w, https:\/\/www.tpl-vision.com\/wp-content\/uploads\/2024\/09\/M-HPRING-converging-AC-comparison-v3-1-300x193.jpg 300w, https:\/\/www.tpl-vision.com\/wp-content\/uploads\/2024\/09\/M-HPRING-converging-AC-comparison-v3-1-500x320.jpg 500w, https:\/\/www.tpl-vision.com\/wp-content\/uploads\/2024\/09\/M-HPRING-converging-AC-comparison-v3-1-600x386.jpg 600w, https:\/\/www.tpl-vision.com\/wp-content\/uploads\/2024\/09\/M-HPRING-converging-AC-comparison-v3-1-175x113.jpg 175w, https:\/\/www.tpl-vision.com\/wp-content\/uploads\/2024\/09\/M-HPRING-converging-AC-comparison-v3-1-40x26.jpg 40w, https:\/\/www.tpl-vision.com\/wp-content\/uploads\/2024\/09\/M-HPRING-converging-AC-comparison-v3-1-55x35.jpg 55w, https:\/\/www.tpl-vision.com\/wp-content\/uploads\/2024\/09\/M-HPRING-converging-AC-comparison-v3-1-100x64.jpg 100w\" sizes=\"(max-width: 700px) 100vw, 700px\" \/><\/figure><\/div><\/div>\n<\/div>\n\n\n\n<p>L\u2019Angle Changer Convergent* permet d\u2019\u00e9liminer l\u2019effet \u00ab halo \u00bb typique des \u00e9clairages annulaires et concentre l\u2019\u00e9clairage au milieu du champ de vision. Avec<strong> son angle de 22\u00b0 orient\u00e9 vers le centre<\/strong>, l\u2019Angle Changer Convergent permet aux utilisateurs d\u2019obtenir rapidement et facilement un style d\u2019\u00e9clairage focalis\u00e9. Associ\u00e9 au robuste M-HPRING, ce type d\u2019\u00e9clairage est id\u00e9al pour les applications de robotique et de vision qui exigent un \u00e9clairage direct pr\u00e9cis et puissant.  <\/p>\n\n\n\n<p><em>* Produit brevet\u00e9.<\/em><\/p>\n\n\n\n<div style=\"height:20px\" aria-hidden=\"true\" class=\"wp-block-spacer\"><\/div>\n\n\n\n<h2 class=\"wp-block-heading\">Informations techniques<\/h2>\n\n\n\n<p><em>Veuillez cliquer sur les onglets ci-dessous.<\/em><\/p>\n\n\n\n<div class=\"wp-block-pb-accordion-item c-accordion__item js-accordion-item no-js\" data-initially-open=\"false\" data-click-to-close=\"true\" data-auto-close=\"true\" data-scroll=\"false\" data-scroll-offset=\"0\"><h3 id=\"at-184910\" class=\"c-accordion__title js-accordion-controller\" role=\"button\">M\u00e9thode d&rsquo;\u00e9clairage<\/h3><div id=\"ac-184910\" class=\"c-accordion__content\">\n<figure class=\"wp-block-image size-full is-resized\"><img decoding=\"async\" width=\"500\" height=\"500\" src=\"https:\/\/www.tpl-vision.com\/wp-content\/uploads\/2022\/10\/TPL_LightingMethod_RING_DIRECT.jpg\" alt=\"\" class=\"wp-image-2761\" style=\"width:381px;height:381px\" srcset=\"https:\/\/www.tpl-vision.com\/wp-content\/uploads\/2022\/10\/TPL_LightingMethod_RING_DIRECT.jpg 500w, https:\/\/www.tpl-vision.com\/wp-content\/uploads\/2022\/10\/TPL_LightingMethod_RING_DIRECT-300x300.jpg 300w, https:\/\/www.tpl-vision.com\/wp-content\/uploads\/2022\/10\/TPL_LightingMethod_RING_DIRECT-150x150.jpg 150w, https:\/\/www.tpl-vision.com\/wp-content\/uploads\/2022\/10\/TPL_LightingMethod_RING_DIRECT-100x100.jpg 100w, https:\/\/www.tpl-vision.com\/wp-content\/uploads\/2022\/10\/TPL_LightingMethod_RING_DIRECT-50x50.jpg 50w, https:\/\/www.tpl-vision.com\/wp-content\/uploads\/2022\/10\/TPL_LightingMethod_RING_DIRECT-40x40.jpg 40w, https:\/\/www.tpl-vision.com\/wp-content\/uploads\/2022\/10\/TPL_LightingMethod_RING_DIRECT-55x55.jpg 55w\" sizes=\"(max-width: 500px) 100vw, 500px\" \/><\/figure>\n<\/div><\/div>\n\n\n\n<div class=\"wp-block-pb-accordion-item c-accordion__item js-accordion-item no-js\" data-initially-open=\"false\" data-click-to-close=\"true\" data-auto-close=\"true\" data-scroll=\"false\" data-scroll-offset=\"0\"><h3 id=\"at-184911\" class=\"c-accordion__title js-accordion-controller\" role=\"button\">Homog\u00e9n\u00e9it\u00e9<\/h3><div id=\"ac-184911\" class=\"c-accordion__content\">\n<figure class=\"wp-block-image size-full\"><a href=\"https:\/\/www.tpl-vision.com\/wp-content\/uploads\/2024\/09\/TPL_M-HPRING_Homogeneity_Maps_FR.jpg\"><img decoding=\"async\" src=\"https:\/\/www.tpl-vision.com\/wp-content\/uploads\/2024\/09\/TPL_M-HPRING_Homogeneity_Maps_FR-1.jpg\" alt=\"modular m hpring\" class=\"wp-image-18536\" style=\"object-fit:cover\"\/><\/a><\/figure>\n<\/div><\/div>\n\n\n\n<div class=\"wp-block-pb-accordion-item c-accordion__item js-accordion-item no-js\" data-initially-open=\"false\" data-click-to-close=\"true\" data-auto-close=\"true\" data-scroll=\"false\" data-scroll-offset=\"0\"><h3 id=\"at-184912\" class=\"c-accordion__title js-accordion-controller\" role=\"button\">Irradiance<\/h3><div id=\"ac-184912\" class=\"c-accordion__content\">\n<figure class=\"wp-block-image size-full\"><a href=\"https:\/\/www.tpl-vision.com\/wp-content\/uploads\/2024\/09\/TPL_M-HPRING_Irradiance_CW_FR.jpg\"><img decoding=\"async\" src=\"https:\/\/www.tpl-vision.com\/wp-content\/uploads\/2024\/09\/TPL_M-HPRING_Irradiance_CW_FR.jpg\" alt=\"modular m hpring\" class=\"wp-image-18539\" style=\"object-fit:cover\"\/><\/a><\/figure>\n\n\n\n<figure class=\"wp-block-image size-full\"><a href=\"https:\/\/www.tpl-vision.com\/wp-content\/uploads\/2024\/09\/TPL_M-HPRING_Irradiance_Strobe_FR.jpg\"><img decoding=\"async\" src=\"https:\/\/www.tpl-vision.com\/wp-content\/uploads\/2024\/09\/TPL_M-HPRING_Irradiance_Strobe_FR.jpg\" alt=\"modular m hpring\" class=\"wp-image-18542\" style=\"object-fit:cover\"\/><\/a><\/figure>\n<\/div><\/div>\n\n\n\n<div class=\"wp-block-pb-accordion-item c-accordion__item js-accordion-item no-js\" data-initially-open=\"false\" data-click-to-close=\"true\" data-auto-close=\"true\" data-scroll=\"false\" data-scroll-offset=\"0\"><h3 id=\"at-184913\" class=\"c-accordion__title js-accordion-controller\" role=\"button\">Constructeur de r\u00e9f\u00e9rence<\/h3><div id=\"ac-184913\" class=\"c-accordion__content\">\n<figure class=\"wp-block-image size-full\"><a href=\"https:\/\/www.tpl-vision.com\/wp-content\/uploads\/2024\/09\/TPL_M-HPRING_RefBuilder_FR-1.jpg\"><img decoding=\"async\" src=\"https:\/\/www.tpl-vision.com\/wp-content\/uploads\/2024\/11\/TPL_M-HPRING_RefBuilder_FR.jpg\" alt=\"modular m hpring\" class=\"wp-image-18554\" style=\"object-fit:cover\"\/><\/a><\/figure>\n<\/div><\/div>\n","protected":false},"excerpt":{"rendered":"<p>Annulaire modulable haute puissance pour la vision industrielle, avec options de diffuseur opaque ou transparent et flexibilit\u00e9 de l&rsquo;angle de rayonnement. Le M-HPRING est un \u00e9clairage \u00e0 leds polyvalent et robuste, conforme \u00e0 la norme IP67, qui permet aux utilisateurs de personnaliser facilement leurs \u00e9clairages. Avec une fonction OverDrive int\u00e9gr\u00e9e, les 15 puissantes leds du M-HPRING fournissent un \u00e9clairage intense pour l&rsquo;\u00e9clairage direct d&rsquo;une zone circulaire. <\/p>\n<p>Le M-HPRING est disponible en<strong> deux versions<\/strong> (DO-opaque et DT-transparent). Le diffuseur transparent fournit la sortie la plus intense et est efficace \u00e0 diff\u00e9rentes distances de travail, tandis que le diffuseur opaque est id\u00e9al pour inspecter les pi\u00e8ces brillantes et r\u00e9fl\u00e9chissantes en masquant efficacement les points chauds visibles des LED. Parfaites pour la robotique, la lecture de codes et les applications d&rsquo;inspection de la qualit\u00e9 n\u00e9cessitant un \u00e9clairage puissant.<\/p>\n<ul>\n<li>Mode continu et strobe OverDrive avec dimming<\/li>\n<li>Grand diam\u00e8tre int\u00e9rieur et options de montage flexibles<\/li>\n<li>Installation et utilisation simplifi\u00e9es avec contr\u00f4le de courant int\u00e9gr\u00e9 sur c\u00e2ble<\/li>\n<\/ul>\n","protected":false},"featured_media":24015,"comment_status":"closed","ping_status":"closed","template":"","meta":{"_seopress_robots_primary_cat":"none","_seopress_titles_title":"","_seopress_titles_desc":"\u00c9clairage haute puissance avec flexibilit\u00e9 int\u00e9gr\u00e9e. Compatible avec les Angle Changers, y compris la version Convergent. ","_seopress_robots_index":"","_monsterinsights_skip_tracking":false,"_monsterinsights_sitenote_active":false,"_monsterinsights_sitenote_note":"","_monsterinsights_sitenote_category":0},"product_cat":[83],"product_tag":[],"_links":{"self":[{"href":"https:\/\/www.tpl-vision.com\/fr\/wp-json\/wp\/v2\/product\/18491"}],"collection":[{"href":"https:\/\/www.tpl-vision.com\/fr\/wp-json\/wp\/v2\/product"}],"about":[{"href":"https:\/\/www.tpl-vision.com\/fr\/wp-json\/wp\/v2\/types\/product"}],"replies":[{"embeddable":true,"href":"https:\/\/www.tpl-vision.com\/fr\/wp-json\/wp\/v2\/comments?post=18491"}],"wp:featuredmedia":[{"embeddable":true,"href":"https:\/\/www.tpl-vision.com\/fr\/wp-json\/wp\/v2\/media\/24015"}],"wp:attachment":[{"href":"https:\/\/www.tpl-vision.com\/fr\/wp-json\/wp\/v2\/media?parent=18491"}],"wp:term":[{"taxonomy":"product_cat","embeddable":true,"href":"https:\/\/www.tpl-vision.com\/fr\/wp-json\/wp\/v2\/product_cat?post=18491"},{"taxonomy":"product_tag","embeddable":true,"href":"https:\/\/www.tpl-vision.com\/fr\/wp-json\/wp\/v2\/product_tag?post=18491"}],"curies":[{"name":"wp","href":"https:\/\/api.w.org\/{rel}","templated":true}]}}