{"id":18506,"date":"2024-09-30T09:45:31","date_gmt":"2024-09-30T07:45:31","guid":{"rendered":"https:\/\/www.tpl-vision.com\/?post_type=product&#038;p=18506"},"modified":"2025-06-30T12:27:09","modified_gmt":"2025-06-30T10:27:09","slug":"m-hpring-angle-changers","status":"publish","type":"product","link":"https:\/\/www.tpl-vision.com\/fr\/vuedensemble\/accessoires-fr\/angle-changers-fr\/m-hpring-angle-changers\/","title":{"rendered":"Angle Changers pour M-HPRING"},"content":{"rendered":"\n<h2 class=\"wp-block-heading\">Comment fixer les Angle Changers<\/h2>\n\n<figure class=\"wp-block-image size-full\"><img fetchpriority=\"high\" decoding=\"async\" width=\"600\" height=\"338\" src=\"https:\/\/www.tpl-vision.com\/wp-content\/uploads\/2024\/05\/TPL-anglechangers-feature.gif\" alt=\"m tring angle changers\" class=\"wp-image-17884\"\/><\/figure>\n\n<p>Les Angle Changers M-HPRING sont dot\u00e9s de fixations magn\u00e9tiques et de vis pour un positionnement final s\u00e9curis\u00e9, \u00e9liminant ainsi le besoin de d\u00e9monter votre produit. Cela garantit que votre annulaire reste enti\u00e8rement fonctionnel sans compromettre son indice de protection IP. <\/p>\n\n<div style=\"height:19px\" aria-hidden=\"true\" class=\"wp-block-spacer\"><\/div>\n\n<h2 class=\"wp-block-heading\">NOUVEAU \u2013 ANGLE CHANGER CONVERGENT<\/h2>\n\n<div class=\"wp-block-columns is-layout-flex wp-container-core-columns-layout-1 wp-block-columns-is-layout-flex\">\n<div class=\"wp-block-column is-layout-flow wp-block-column-is-layout-flow\">\n<figure class=\"wp-block-image size-full\"><img decoding=\"async\" width=\"700\" height=\"450\" src=\"https:\/\/www.tpl-vision.com\/wp-content\/uploads\/2024\/09\/M-HPRING-converging-AC-comparison-v3.jpg\" alt=\"m hpring angle changers\" class=\"wp-image-18500\" srcset=\"https:\/\/www.tpl-vision.com\/wp-content\/uploads\/2024\/09\/M-HPRING-converging-AC-comparison-v3.jpg 700w, https:\/\/www.tpl-vision.com\/wp-content\/uploads\/2024\/09\/M-HPRING-converging-AC-comparison-v3-300x193.jpg 300w, https:\/\/www.tpl-vision.com\/wp-content\/uploads\/2024\/09\/M-HPRING-converging-AC-comparison-v3-500x320.jpg 500w, https:\/\/www.tpl-vision.com\/wp-content\/uploads\/2024\/09\/M-HPRING-converging-AC-comparison-v3-600x386.jpg 600w, https:\/\/www.tpl-vision.com\/wp-content\/uploads\/2024\/09\/M-HPRING-converging-AC-comparison-v3-175x113.jpg 175w, https:\/\/www.tpl-vision.com\/wp-content\/uploads\/2024\/09\/M-HPRING-converging-AC-comparison-v3-40x26.jpg 40w, https:\/\/www.tpl-vision.com\/wp-content\/uploads\/2024\/09\/M-HPRING-converging-AC-comparison-v3-55x35.jpg 55w, https:\/\/www.tpl-vision.com\/wp-content\/uploads\/2024\/09\/M-HPRING-converging-AC-comparison-v3-100x64.jpg 100w\" sizes=\"(max-width: 700px) 100vw, 700px\" \/><\/figure>\n<\/div>\n<\/div>\n\n<p>L&rsquo;Angle Changer* Convergent permet d&rsquo;\u00e9liminer l&rsquo;effet \u00ab halo \u00bb typique des \u00e9clairages annulaires et concentre l&rsquo;\u00e9clairage vers le centre du champ de vision. Avec son angle de 22\u00b0, l&rsquo;Angle Changer Convergent permet aux utilisateurs d&rsquo;obtenir rapidement et facilement un style d&rsquo;\u00e9clairage focalis\u00e9. Ce type d&rsquo;\u00e9clairage est id\u00e9al pour les applications telles que l&rsquo;inspection de petits composants ou de zones qui n\u00e9cessitent un \u00e9clairage pr\u00e9cis et direct.  <\/p>\n\n<p>\n          <em>* Produit brevet\u00e9.<\/em>\n        <\/p>\n\n<div style=\"height:20px\" aria-hidden=\"true\" class=\"wp-block-spacer\"><\/div>\n\n<h2 class=\"wp-block-heading\">R\u00e9f\u00e9rences<\/h2>\n\n<ul>\n<li>AC-HPRING-N<\/li>\n\n\n\n<li>AC-HPRING-M<\/li>\n\n\n\n<li>AC-HPRING-W<\/li>\n\n\n\n<li>AC-HPRING-C22<\/li>\n\n\n\n<li>AC-HPRING-N-P1<\/li>\n\n\n\n<li>AC-HPRING-M-P1<\/li>\n\n\n\n<li>AC-HPRING-W-P1<\/li>\n\n\n\n<li>AC-HPRING-POL1 <\/li>\n<\/ul>\n","protected":false},"excerpt":{"rendered":"<p>Les Angle Changers pour \u00e9clairage annulaire constituent la m\u00e9thode la plus simple pour r\u00e9gler l&rsquo;angle du faisceau, offrant un \u00e9clairage flexible et personnalisable pour les applications de vision industrielle Vous pouvez r\u00e9gler l&rsquo;angle d&rsquo;\u00e9clairage et la quantit\u00e9 de diffusion en clipsant les Angle Changers sur le M-HPRING \u00e0 l&rsquo;aide de la fixation magn\u00e9tique et en les fixant d\u00e9finitivement \u00e0 l&rsquo;aide des vis fournies. Avec 8 options d&rsquo;Angle Changers diff\u00e9rents, il devient possible de personnaliser le produit afin de s&rsquo;adapter \u00e0 une large gamme d&rsquo;applications, n\u00e9cessitant un \u00e9clairage intense.  <\/p>\n<h3>\n            <strong>Flexibilit\u00e9 pour les annulaires<\/strong><br \/>\n          <\/h3>\n<ul>\n<li>Testez et comparez instantan\u00e9ment diff\u00e9rentes options d&rsquo;\u00e9clairage<\/li>\n<li>Contr\u00f4lez la luminosit\u00e9 de la zone \u00e9clair\u00e9e avec seulement quelques accessoires<\/li>\n<li>Application simple sans d\u00e9montage du produit<\/li>\n<\/ul>\n","protected":false},"featured_media":18493,"comment_status":"closed","ping_status":"closed","template":"","meta":{"_seopress_robots_primary_cat":"","_seopress_titles_title":"","_seopress_titles_desc":"","_seopress_robots_index":"","_monsterinsights_skip_tracking":false,"_monsterinsights_sitenote_active":false,"_monsterinsights_sitenote_note":"","_monsterinsights_sitenote_category":0},"product_cat":[59,426],"product_tag":[],"_links":{"self":[{"href":"https:\/\/www.tpl-vision.com\/fr\/wp-json\/wp\/v2\/product\/18506"}],"collection":[{"href":"https:\/\/www.tpl-vision.com\/fr\/wp-json\/wp\/v2\/product"}],"about":[{"href":"https:\/\/www.tpl-vision.com\/fr\/wp-json\/wp\/v2\/types\/product"}],"replies":[{"embeddable":true,"href":"https:\/\/www.tpl-vision.com\/fr\/wp-json\/wp\/v2\/comments?post=18506"}],"wp:featuredmedia":[{"embeddable":true,"href":"https:\/\/www.tpl-vision.com\/fr\/wp-json\/wp\/v2\/media\/18493"}],"wp:attachment":[{"href":"https:\/\/www.tpl-vision.com\/fr\/wp-json\/wp\/v2\/media?parent=18506"}],"wp:term":[{"taxonomy":"product_cat","embeddable":true,"href":"https:\/\/www.tpl-vision.com\/fr\/wp-json\/wp\/v2\/product_cat?post=18506"},{"taxonomy":"product_tag","embeddable":true,"href":"https:\/\/www.tpl-vision.com\/fr\/wp-json\/wp\/v2\/product_tag?post=18506"}],"curies":[{"name":"wp","href":"https:\/\/api.w.org\/{rel}","templated":true}]}}