{"id":19272,"date":"2024-11-04T16:29:33","date_gmt":"2024-11-04T15:29:33","guid":{"rendered":"https:\/\/www.tpl-vision.com\/?post_type=product&#038;p=19272"},"modified":"2025-12-04T09:44:38","modified_gmt":"2025-12-04T08:44:38","slug":"essential-eline-backlight-fr","status":"publish","type":"product","link":"https:\/\/www.tpl-vision.com\/fr\/vuedensemble\/eclairages-lineaires\/essential-eline-backlight-fr\/","title":{"rendered":"Essential ELINE Backlight"},"content":{"rendered":"\n<h2 class=\"wp-block-heading\">Pr\u00e9sentation Produit<\/h2>\n\n\n\n<figure class=\"wp-block-embed is-type-video is-provider-vimeo wp-block-embed-vimeo wp-embed-aspect-16-9 wp-has-aspect-ratio\"><div class=\"wp-block-embed__wrapper\">\n<iframe title=\"Essential ELINE by TPL Vision\" src=\"https:\/\/player.vimeo.com\/video\/1008395571?h=44d62a4133&amp;dnt=1&amp;app_id=122963\" width=\"800\" height=\"450\" frameborder=\"0\" allow=\"autoplay; fullscreen; picture-in-picture; clipboard-write\"><\/iframe>\n<\/div><\/figure>\n\n\n\n<div style=\"height:25px\" aria-hidden=\"true\" class=\"wp-block-spacer\"><\/div>\n\n\n\n<h2 class=\"wp-block-heading\">Principales caract\u00e9ristiques<\/h2>\n\n\n\n<ul>\n<li>Effets d&rsquo;\u00e9clairage interchangeables : R\u00e9tro\u00e9clairage &#8211; Focalis\u00e9 &#8211; Collimat\u00e9<\/li>\n\n\n\n<li>Disponible en blanc (5700K), rouge (630nm), IR (850nm), vert (525nm), bleu (470nm) et UV (405, 385 et 365nm)<\/li>\n\n\n\n<li>Connecteur M12 5P A-coded de 125 mm \u00e0 1250 mm, connecteur M12 4P T-coded de 1375 mm \u00e0 2500 mm<\/li>\n\n\n\n<li>Refroidissement passif<\/li>\n\n\n\n<li>Montage simplifi\u00e9 T-slot<\/li>\n<\/ul>\n\n\n\n<div style=\"height:25px\" aria-hidden=\"true\" class=\"wp-block-spacer\"><\/div>\n\n\n\n<h2 class=\"wp-block-heading\">FAQ<\/h2>\n\n\n\n<div class=\"wp-block-pb-accordion-item c-accordion__item js-accordion-item no-js\" data-initially-open=\"false\" data-click-to-close=\"true\" data-auto-close=\"true\" data-scroll=\"false\" data-scroll-offset=\"0\"><h3 id=\"at-192720\" class=\"c-accordion__title js-accordion-controller\" role=\"button\">Qu&rsquo;est-ce que la technologie Line Scan ?<\/h3><div id=\"ac-192720\" class=\"c-accordion__content\">\n<p>La technologie Line Scan (balayage lin\u00e9aire) est une m\u00e9thode de vision industrielle qui capture des images haute r\u00e9solution d&rsquo;objets se d\u00e9pla\u00e7ant sur une seule ligne de pixels, plut\u00f4t que de capturer une zone enti\u00e8re en une fois. Cette m\u00e9thode est particuli\u00e8rement utile pour inspecter des surfaces continues ou des objets en mouvement continu, tels que les textiles, le papier, le m\u00e9tal, les films plastiques, le caoutchouc ou les mat\u00e9riaux composites. En scannant une ligne \u00e0 la fois, la technologie de balayage lin\u00e9aire garantit une inspection d\u00e9taill\u00e9e avec une qualit\u00e9 d&rsquo;image constante sur l&rsquo;ensemble de l&rsquo;objet.<\/p>\n<\/div><\/div>\n\n\n\n<div class=\"wp-block-pb-accordion-item c-accordion__item js-accordion-item no-js\" data-initially-open=\"false\" data-click-to-close=\"true\" data-auto-close=\"true\" data-scroll=\"false\" data-scroll-offset=\"0\"><h3 id=\"at-192721\" class=\"c-accordion__title js-accordion-controller\" role=\"button\">Qu&rsquo;est-ce qu&rsquo;une cam\u00e9ra Line Scan ?<\/h3><div id=\"ac-192721\" class=\"c-accordion__content\">\n<p>Le balayage de zone et le balayage de ligne sont deux approches d\u2019acquisition d\u2019images utilisant des m\u00e9thodes diff\u00e9rentes.<\/p>\n\n\n\n<p>Les cam\u00e9ras \u00e0 balayage matriciel capturent l&rsquo;image d&rsquo;un objet \u00e0 l&rsquo;aide d&rsquo;une matrice 2D de pixels. Dans une cam\u00e9ra \u00e0 balayage lin\u00e9aire (Line Scan), les pixels sont align\u00e9s sur une seule ligne le long de la largeur du champ de vision. La cam\u00e9ra capture des images en continu, cr\u00e9ant une image bidimensionnelle \u00e0 mesure que l&rsquo;objet inspect\u00e9 est d\u00e9plac\u00e9 perpendiculairement au-del\u00e0 de la ligne de pixels.  <\/p>\n<\/div><\/div>\n\n\n\n<div class=\"wp-block-pb-accordion-item c-accordion__item js-accordion-item no-js\" data-initially-open=\"false\" data-click-to-close=\"true\" data-auto-close=\"true\" data-scroll=\"false\" data-scroll-offset=\"0\"><h3 id=\"at-192722\" class=\"c-accordion__title js-accordion-controller\" role=\"button\">Qu&rsquo;est-ce qu&rsquo;un \u00e9clairage Line Scan ?<\/h3><div id=\"ac-192722\" class=\"c-accordion__content\">\n<p>Un \u00e9clairage Line Scan est un syst\u00e8me d&rsquo;\u00e9clairage sp\u00e9cialement con\u00e7u pour \u00eatre utilis\u00e9 avec des cam\u00e9ras \u00e0 balayage lin\u00e9aire dans des applications de vision industrielle. Il fournit un \u00e9clairage uniforme et \u00e0 haute luminosit\u00e9 sur toute la ligne balay\u00e9e, garantissant une capture d&rsquo;image coh\u00e9rente et claire. Un \u00e9clairage \u00e0 haute puissance est essentiel pour obtenir l&rsquo;uniformit\u00e9 n\u00e9cessaire \u00e0 la technologie de balayage lin\u00e9aire.  <\/p>\n<\/div><\/div>\n\n\n\n<div style=\"height:25px\" aria-hidden=\"true\" class=\"wp-block-spacer\"><\/div>\n\n\n\n<h2 class=\"wp-block-heading\">Informations techniques<\/h2>\n\n\n\n<p><em>Veuillez cliquer sur les onglets ci-dessous.<\/em><\/p>\n\n\n\n<div class=\"wp-block-pb-accordion-item c-accordion__item js-accordion-item no-js\" data-initially-open=\"false\" data-click-to-close=\"true\" data-auto-close=\"true\" data-scroll=\"false\" data-scroll-offset=\"0\"><h3 id=\"at-192723\" class=\"c-accordion__title js-accordion-controller\" role=\"button\">VID\u00c9O : Comment modifier votre ELINE<\/h3><div id=\"ac-192723\" class=\"c-accordion__content\">\n<figure class=\"wp-block-embed is-type-video is-provider-vimeo wp-block-embed-vimeo wp-embed-aspect-16-9 wp-has-aspect-ratio\"><div class=\"wp-block-embed__wrapper\">\n<iframe title=\"ELINE \u2013 Changing Lenses\" src=\"https:\/\/player.vimeo.com\/video\/1038879901?h=f47b5ae4ce&amp;dnt=1&amp;app_id=122963\" width=\"800\" height=\"450\" frameborder=\"0\" allow=\"autoplay; fullscreen; picture-in-picture; clipboard-write\"><\/iframe>\n<\/div><\/figure>\n<\/div><\/div>\n\n\n\n<div class=\"wp-block-pb-accordion-item c-accordion__item js-accordion-item no-js\" data-initially-open=\"false\" data-click-to-close=\"true\" data-auto-close=\"true\" data-scroll=\"false\" data-scroll-offset=\"0\"><h3 id=\"at-192724\" class=\"c-accordion__title js-accordion-controller\" role=\"button\">M\u00e9thode d&rsquo;\u00e9clairage<\/h3><div id=\"ac-192724\" class=\"c-accordion__content\">\n<div class=\"wp-block-columns is-layout-flex wp-container-core-columns-layout-1 wp-block-columns-is-layout-flex\">\n<div class=\"wp-block-column is-layout-flow wp-block-column-is-layout-flow\">\n<figure class=\"wp-block-image size-large\"><img decoding=\"async\" src=\"https:\/\/www.tpl-vision.com\/wp-content\/uploads\/2022\/10\/TPL_LightingMethod_BACKLIGHT.jpg\" alt=\"\"\/><\/figure>\n<\/div>\n\n\n\n<div class=\"wp-block-column is-layout-flow wp-block-column-is-layout-flow\">\n<figure class=\"wp-block-image size-large\"><img decoding=\"async\" src=\"https:\/\/www.tpl-vision.com\/wp-content\/uploads\/2022\/10\/TPL_LightingMethod_DIRECTincline.jpg\" alt=\"\"\/><\/figure>\n<\/div>\n\n\n\n<div class=\"wp-block-column is-layout-flow wp-block-column-is-layout-flow\"><\/div>\n<\/div>\n<\/div><\/div>\n\n\n\n<div class=\"wp-block-pb-accordion-item c-accordion__item js-accordion-item no-js\" data-initially-open=\"false\" data-click-to-close=\"true\" data-auto-close=\"true\" data-scroll=\"false\" data-scroll-offset=\"0\"><h3 id=\"at-192725\" class=\"c-accordion__title js-accordion-controller\" role=\"button\">Irradiance<\/h3><div id=\"ac-192725\" class=\"c-accordion__content\">\n<figure class=\"wp-block-image size-full\"><a href=\"https:\/\/www.tpl-vision.com\/wp-content\/uploads\/2024\/11\/TPL_ELINE_Backlight_Irradiance_CW_FR.jpg\"><img decoding=\"async\" src=\"https:\/\/www.tpl-vision.com\/wp-content\/uploads\/2024\/11\/TPL_ELINE_Backlight_Irradiance_CW_FR.jpg\" alt=\"essential eline backlight\" class=\"wp-image-19250\"\/><\/a><\/figure>\n<\/div><\/div>\n\n\n\n<div class=\"wp-block-pb-accordion-item c-accordion__item js-accordion-item no-js\" data-initially-open=\"false\" data-click-to-close=\"true\" data-auto-close=\"true\" data-scroll=\"false\" data-scroll-offset=\"0\"><h3 id=\"at-192726\" class=\"c-accordion__title js-accordion-controller\" role=\"button\">Constructeur de r\u00e9f\u00e9rence<\/h3><div id=\"ac-192726\" class=\"c-accordion__content\">\n<figure class=\"wp-block-image size-full\"><a href=\"https:\/\/www.tpl-vision.com\/wp-content\/uploads\/2024\/11\/TPL_ELINE_Refbuilder_Backlight_FR-1.jpg\"><img decoding=\"async\" src=\"https:\/\/www.tpl-vision.com\/wp-content\/uploads\/2024\/11\/TPL_ELINE_Refbuilder_Backlight_FR-1.jpg\" alt=\"essential eline backlight\" class=\"wp-image-19277\"\/><\/a><\/figure>\n<\/div><\/div>\n","protected":false},"excerpt":{"rendered":"<p>L&rsquo;Essential ELINE est un \u00e9clairage \u00e0 balayage lin\u00e9aire pour la vision industrielle, id\u00e9al pour les applications \u00e0 longue distance de travail, telles que l&rsquo;inspection de tissus et de bandes, la mesure g\u00e9om\u00e9trique et le contr\u00f4le qualit\u00e9. L&rsquo;Essential ELINE est disponible jusqu&rsquo;\u00e0 2,5 m pour couvrir une large gamme d&rsquo;applications. La version Backlight de la ELINE est con\u00e7ue pour fournir un \u00e9clairage uniforme, garantissant une clart\u00e9 et une pr\u00e9cision exceptionnelles dans les t\u00e2ches d&rsquo;inspection. Gr\u00e2ce \u00e0 sa technologie de diffusion avanc\u00e9e, elle offre une distribution lumineuse intense et homog\u00e8ne sans aucun point chaud de led, ce qui la rend id\u00e9al m\u00eame pour les applications les plus exigeantes. De plus, elle comporte des outils d&rsquo;alignement pour aider les op\u00e9rateurs \u00e0 aligner pr\u00e9cis\u00e9ment la cam\u00e9ra avec l&rsquo;\u00e9clairage, simplifiant l&rsquo;installation et garantissant des performances optimales.<\/p>\n<ul>\n<li>Bas\u00e9 sur notre architecture EBAR+ avec connecteurs M12 standard<\/li>\n<li>3 versions: Backlight, Focused, Collimated<\/li>\n<li>Haute luminosit\u00e9 et haute homog\u00e9n\u00e9it\u00e9<\/li>\n<li>8 options de longueur d&rsquo;onde avec des barres allant de 125 mm \u00e0 2500 mm<\/li>\n<\/ul>\n","protected":false},"featured_media":24057,"comment_status":"closed","ping_status":"closed","template":"","meta":{"_seopress_robots_primary_cat":"","_seopress_titles_title":"","_seopress_titles_desc":"","_seopress_robots_index":"","_monsterinsights_skip_tracking":false,"_monsterinsights_sitenote_active":false,"_monsterinsights_sitenote_note":"","_monsterinsights_sitenote_category":0},"product_cat":[897],"product_tag":[],"_links":{"self":[{"href":"https:\/\/www.tpl-vision.com\/fr\/wp-json\/wp\/v2\/product\/19272"}],"collection":[{"href":"https:\/\/www.tpl-vision.com\/fr\/wp-json\/wp\/v2\/product"}],"about":[{"href":"https:\/\/www.tpl-vision.com\/fr\/wp-json\/wp\/v2\/types\/product"}],"replies":[{"embeddable":true,"href":"https:\/\/www.tpl-vision.com\/fr\/wp-json\/wp\/v2\/comments?post=19272"}],"wp:featuredmedia":[{"embeddable":true,"href":"https:\/\/www.tpl-vision.com\/fr\/wp-json\/wp\/v2\/media\/24057"}],"wp:attachment":[{"href":"https:\/\/www.tpl-vision.com\/fr\/wp-json\/wp\/v2\/media?parent=19272"}],"wp:term":[{"taxonomy":"product_cat","embeddable":true,"href":"https:\/\/www.tpl-vision.com\/fr\/wp-json\/wp\/v2\/product_cat?post=19272"},{"taxonomy":"product_tag","embeddable":true,"href":"https:\/\/www.tpl-vision.com\/fr\/wp-json\/wp\/v2\/product_tag?post=19272"}],"curies":[{"name":"wp","href":"https:\/\/api.w.org\/{rel}","templated":true}]}}