{"id":19314,"date":"2024-11-26T10:45:52","date_gmt":"2024-11-26T09:45:52","guid":{"rendered":"https:\/\/www.tpl-vision.com\/?post_type=product&#038;p=19314"},"modified":"2025-01-03T10:17:54","modified_gmt":"2025-01-03T09:17:54","slug":"focusing-kit-for-eline","status":"publish","type":"product","link":"https:\/\/www.tpl-vision.com\/fr\/vuedensemble\/accessoires-fr\/accessoires-eline\/focusing-kit-for-eline\/","title":{"rendered":"Kit Focusing pour ELINE"},"content":{"rendered":"\n<h2 class=\"wp-block-heading\">R\u00c9F\u00c9RENCE<\/h2>\n\n<p>R\u00c9F: FC-ELINE-xxx<\/p>\n\n<p>xxx = dimensions de 125mm \u00e0 2500mm<\/p>\n","protected":false},"excerpt":{"rendered":"<p>Le kit Focusing permet de convertir la ELINE en version focalis\u00e9e. Con\u00e7u pour les courtes distances de travail, la ELINE Focused fournit une pr\u00e9cision in\u00e9gal\u00e9e. De toutes les versions ELINE, elle offre le niveau de luminosit\u00e9 le plus \u00e9lev\u00e9, avec une intensit\u00e9 maximale atteinte \u00e0 une distance de travail de 50 mm, garantissant des performances optimales dans les applications critiques. Cela la rend particuli\u00e8rement adapt\u00e9 aux applications \u00e0 grande vitesse comme l&rsquo;inspection de bandes ou les syst\u00e8mes de tri optique. La ELINE Focused cr\u00e9e un faisceau plus \u00e9troit que la version Collimated \u00e0 de courtes distances de travail, gr\u00e2ce \u00e0 une lentille suppl\u00e9mentaire permettant de faire converger la lumi\u00e8re.<\/p>\n<ul>\n<li>Dimensions de 125mm \u00e0 2500mm<\/li>\n<li>Non compatible avec les versions UV<\/li>\n<\/ul>\n","protected":false},"featured_media":21783,"comment_status":"closed","ping_status":"closed","template":"","meta":{"_seopress_robots_primary_cat":"","_seopress_titles_title":"","_seopress_titles_desc":"","_seopress_robots_index":"","_monsterinsights_skip_tracking":false,"_monsterinsights_sitenote_active":false,"_monsterinsights_sitenote_note":"","_monsterinsights_sitenote_category":0},"product_cat":[59,882],"product_tag":[],"_links":{"self":[{"href":"https:\/\/www.tpl-vision.com\/fr\/wp-json\/wp\/v2\/product\/19314"}],"collection":[{"href":"https:\/\/www.tpl-vision.com\/fr\/wp-json\/wp\/v2\/product"}],"about":[{"href":"https:\/\/www.tpl-vision.com\/fr\/wp-json\/wp\/v2\/types\/product"}],"replies":[{"embeddable":true,"href":"https:\/\/www.tpl-vision.com\/fr\/wp-json\/wp\/v2\/comments?post=19314"}],"wp:featuredmedia":[{"embeddable":true,"href":"https:\/\/www.tpl-vision.com\/fr\/wp-json\/wp\/v2\/media\/21783"}],"wp:attachment":[{"href":"https:\/\/www.tpl-vision.com\/fr\/wp-json\/wp\/v2\/media?parent=19314"}],"wp:term":[{"taxonomy":"product_cat","embeddable":true,"href":"https:\/\/www.tpl-vision.com\/fr\/wp-json\/wp\/v2\/product_cat?post=19314"},{"taxonomy":"product_tag","embeddable":true,"href":"https:\/\/www.tpl-vision.com\/fr\/wp-json\/wp\/v2\/product_tag?post=19314"}],"curies":[{"name":"wp","href":"https:\/\/api.w.org\/{rel}","templated":true}]}}