{"id":20589,"date":"2025-04-30T15:29:05","date_gmt":"2025-04-30T13:29:05","guid":{"rendered":"https:\/\/www.tpl-vision.com\/overview\/non%20class\u00e9\/tpl-m-tring-hpr-converter\/"},"modified":"2025-06-17T14:22:14","modified_gmt":"2025-06-17T12:22:14","slug":"tpl-m-tring-hpr-converter","status":"publish","type":"product","link":"https:\/\/www.tpl-vision.com\/fr\/vuedensemble\/accessoires-fr\/mounting-devices-fr\/tpl-m-tring-hpr-converter\/","title":{"rendered":"TPL-M-TRING-HPR-CONVERTER"},"content":{"rendered":"\n<h2 class=\"wp-block-heading\">R\u00c9F\u00c9RENCE<\/h2>\n\n<p>TPL-M-TRING-HPR-CONVERTER<\/p>\n","protected":false},"excerpt":{"rendered":"<p>La platine TPL-M-TRING-HPR permet d&rsquo;ajouter les positions de montage du HPRING \u00e0 votre nouvel \u00e9clairage M-TRING. Vous pouvez ainsi facilement remplacer votre ancien \u00e9clairage par le nouveau M-TRING en conservant <strong>exactement la m\u00eame configuration<\/strong>. <\/p>\n","protected":false},"featured_media":20580,"comment_status":"closed","ping_status":"closed","template":"","meta":{"_seopress_robots_primary_cat":"","_seopress_titles_title":"","_seopress_titles_desc":"","_seopress_robots_index":"","_monsterinsights_skip_tracking":false,"_monsterinsights_sitenote_active":false,"_monsterinsights_sitenote_note":"","_monsterinsights_sitenote_category":0},"product_cat":[59,105],"product_tag":[],"_links":{"self":[{"href":"https:\/\/www.tpl-vision.com\/fr\/wp-json\/wp\/v2\/product\/20589"}],"collection":[{"href":"https:\/\/www.tpl-vision.com\/fr\/wp-json\/wp\/v2\/product"}],"about":[{"href":"https:\/\/www.tpl-vision.com\/fr\/wp-json\/wp\/v2\/types\/product"}],"replies":[{"embeddable":true,"href":"https:\/\/www.tpl-vision.com\/fr\/wp-json\/wp\/v2\/comments?post=20589"}],"wp:featuredmedia":[{"embeddable":true,"href":"https:\/\/www.tpl-vision.com\/fr\/wp-json\/wp\/v2\/media\/20580"}],"wp:attachment":[{"href":"https:\/\/www.tpl-vision.com\/fr\/wp-json\/wp\/v2\/media?parent=20589"}],"wp:term":[{"taxonomy":"product_cat","embeddable":true,"href":"https:\/\/www.tpl-vision.com\/fr\/wp-json\/wp\/v2\/product_cat?post=20589"},{"taxonomy":"product_tag","embeddable":true,"href":"https:\/\/www.tpl-vision.com\/fr\/wp-json\/wp\/v2\/product_tag?post=20589"}],"curies":[{"name":"wp","href":"https:\/\/api.w.org\/{rel}","templated":true}]}}