{"id":20910,"date":"2025-06-30T16:50:38","date_gmt":"2025-06-30T14:50:38","guid":{"rendered":"https:\/\/www.tpl-vision.com\/?post_type=product&#038;p=20910"},"modified":"2025-12-02T17:43:14","modified_gmt":"2025-12-02T16:43:14","slug":"combo-kit-m-ebar-with-ac","status":"publish","type":"product","link":"https:\/\/www.tpl-vision.com\/fr\/vuedensemble\/accessoires-fr\/angle-changers-fr\/combo-kit-m-ebar-with-ac\/","title":{"rendered":"Combo Kit \u2013 M-EBAR avec AC"},"content":{"rendered":"\n<h2 class=\"wp-block-heading\">Constructeur de r\u00e9f\u00e9rence<\/h2>\n\n<figure class=\"wp-block-image size-full\"><a href=\"https:\/\/www.tpl-vision.com\/wp-content\/uploads\/2025\/07\/TPL_M-EBAR_Combo_Reference_Builder_FR.jpg\"><img decoding=\"async\" src=\"https:\/\/www.tpl-vision.com\/wp-content\/uploads\/2025\/07\/TPL_M-EBAR_Combo_Reference_Builder_FR.jpg\" alt=\"combo kit &#x2013; m ebar with ac\" class=\"wp-image-20929\"\/><\/a><\/figure>\n","protected":false},"excerpt":{"rendered":"<p>Chaque Combo Kit M-EBAR contient 1 M-EBAR + les Angle Changers 125mm N, M, W, L. Pour chacun d\u2019entre eux, la quantit\u00e9 est \u00e9gale \u00e0 la longueur\/125.<\/p>\n<p>Par exemple, le Combo Kit M-EBAR 500 contient 1 M-EBAR 500 mm + 4 Angle Changers 125mm de chacun des 4 mod\u00e8les.<\/p>\n<p><strong>LES DIFF\u00c9RENTS ANGLE CHANGERS :<\/strong><\/p>\n<ul>\n<li style=\"text-align: left;\">N: Narrow<\/li>\n<li style=\"text-align: left;\">M: Medium<\/li>\n<li style=\"text-align: left;\">W: Wide<\/li>\n<li style=\"text-align: left;\">L: Line Light<\/li>\n<\/ul>\n","protected":false},"featured_media":20912,"comment_status":"closed","ping_status":"closed","template":"","meta":{"_seopress_robots_primary_cat":"none","_seopress_titles_title":"","_seopress_titles_desc":"Nos Angle Changers brevet\u00e9s sont des diffusants optiques qui permettent aux utilisateurs de personnaliser facilement l'angle du faisceau lumineux de la barre d'\u00e9clairage.","_seopress_robots_index":"","_monsterinsights_skip_tracking":false,"_monsterinsights_sitenote_active":false,"_monsterinsights_sitenote_note":"","_monsterinsights_sitenote_category":0},"product_cat":[59,426,919],"product_tag":[],"_links":{"self":[{"href":"https:\/\/www.tpl-vision.com\/fr\/wp-json\/wp\/v2\/product\/20910"}],"collection":[{"href":"https:\/\/www.tpl-vision.com\/fr\/wp-json\/wp\/v2\/product"}],"about":[{"href":"https:\/\/www.tpl-vision.com\/fr\/wp-json\/wp\/v2\/types\/product"}],"replies":[{"embeddable":true,"href":"https:\/\/www.tpl-vision.com\/fr\/wp-json\/wp\/v2\/comments?post=20910"}],"wp:featuredmedia":[{"embeddable":true,"href":"https:\/\/www.tpl-vision.com\/fr\/wp-json\/wp\/v2\/media\/20912"}],"wp:attachment":[{"href":"https:\/\/www.tpl-vision.com\/fr\/wp-json\/wp\/v2\/media?parent=20910"}],"wp:term":[{"taxonomy":"product_cat","embeddable":true,"href":"https:\/\/www.tpl-vision.com\/fr\/wp-json\/wp\/v2\/product_cat?post=20910"},{"taxonomy":"product_tag","embeddable":true,"href":"https:\/\/www.tpl-vision.com\/fr\/wp-json\/wp\/v2\/product_tag?post=20910"}],"curies":[{"name":"wp","href":"https:\/\/api.w.org\/{rel}","templated":true}]}}