{"id":21050,"date":"2025-07-08T10:58:03","date_gmt":"2025-07-08T08:58:03","guid":{"rendered":"https:\/\/www.tpl-vision.com\/?post_type=product&#038;p=21050"},"modified":"2025-12-04T10:28:01","modified_gmt":"2025-12-04T09:28:01","slug":"bl-spot","status":"publish","type":"product","link":"https:\/\/www.tpl-vision.com\/fr\/vuedensemble\/spot-fr\/bl-spot\/","title":{"rendered":"Backlight BL-SPOT"},"content":{"rendered":"\n<h2 class=\"wp-block-heading\">Comment transformer le Modular Spot ?<\/h2>\n\n\n\n<figure class=\"wp-block-embed is-type-video is-provider-vimeo wp-block-embed-vimeo wp-embed-aspect-16-9 wp-has-aspect-ratio\"><div class=\"wp-block-embed__wrapper\">\n<iframe title=\"Modular_M30_Spotlight\" src=\"https:\/\/player.vimeo.com\/video\/1134549693?h=4957ecfb5e&amp;dnt=1&amp;app_id=122963\" width=\"800\" height=\"450\" frameborder=\"0\" allow=\"autoplay; fullscreen; picture-in-picture; clipboard-write; encrypted-media; web-share\" referrerpolicy=\"strict-origin-when-cross-origin\"><\/iframe>\n<\/div><\/figure>\n\n\n\n<figure class=\"wp-block-embed is-type-video is-provider-vimeo wp-block-embed-vimeo wp-embed-aspect-16-9 wp-has-aspect-ratio\"><div class=\"wp-block-embed__wrapper\">\n<iframe title=\"Spot Light Modular Range by TPL Vision\" src=\"https:\/\/player.vimeo.com\/video\/1102228179?h=007bf481c2&amp;dnt=1&amp;app_id=122963\" width=\"800\" height=\"450\" frameborder=\"0\" allow=\"autoplay; fullscreen; picture-in-picture; clipboard-write; encrypted-media; web-share\" referrerpolicy=\"strict-origin-when-cross-origin\"><\/iframe>\n<\/div><\/figure>\n\n\n\n<div style=\"height:10px\" aria-hidden=\"true\" class=\"wp-block-spacer\"><\/div>\n\n\n\n<h2 class=\"wp-block-heading\">Exemple d&rsquo;application du BL-SPOT<\/h2>\n\n\n\n<figure class=\"wp-block-image size-full\"><img fetchpriority=\"high\" decoding=\"async\" width=\"1216\" height=\"1218\" src=\"https:\/\/www.tpl-vision.com\/wp-content\/uploads\/2025\/07\/TPL_BL-SPOT_Image_1.jpg\" alt=\"bl spot\" class=\"wp-image-21118\" srcset=\"https:\/\/www.tpl-vision.com\/wp-content\/uploads\/2025\/07\/TPL_BL-SPOT_Image_1.jpg 1216w, https:\/\/www.tpl-vision.com\/wp-content\/uploads\/2025\/07\/TPL_BL-SPOT_Image_1-300x300.jpg 300w, https:\/\/www.tpl-vision.com\/wp-content\/uploads\/2025\/07\/TPL_BL-SPOT_Image_1-1022x1024.jpg 1022w, https:\/\/www.tpl-vision.com\/wp-content\/uploads\/2025\/07\/TPL_BL-SPOT_Image_1-150x150.jpg 150w, https:\/\/www.tpl-vision.com\/wp-content\/uploads\/2025\/07\/TPL_BL-SPOT_Image_1-768x769.jpg 768w, https:\/\/www.tpl-vision.com\/wp-content\/uploads\/2025\/07\/TPL_BL-SPOT_Image_1-500x500.jpg 500w, https:\/\/www.tpl-vision.com\/wp-content\/uploads\/2025\/07\/TPL_BL-SPOT_Image_1-360x360.jpg 360w, https:\/\/www.tpl-vision.com\/wp-content\/uploads\/2025\/07\/TPL_BL-SPOT_Image_1-600x601.jpg 600w, https:\/\/www.tpl-vision.com\/wp-content\/uploads\/2025\/07\/TPL_BL-SPOT_Image_1-175x175.jpg 175w, https:\/\/www.tpl-vision.com\/wp-content\/uploads\/2025\/07\/TPL_BL-SPOT_Image_1-40x40.jpg 40w, https:\/\/www.tpl-vision.com\/wp-content\/uploads\/2025\/07\/TPL_BL-SPOT_Image_1-55x55.jpg 55w, https:\/\/www.tpl-vision.com\/wp-content\/uploads\/2025\/07\/TPL_BL-SPOT_Image_1-100x100.jpg 100w\" sizes=\"(max-width: 1216px) 100vw, 1216px\" \/><\/figure>\n\n\n\n<p><strong>Adaptateur<\/strong> <strong>C-Mount<\/strong> inclus pour les <strong>applications t\u00e9l\u00e9centriques<\/strong>.<\/p>\n\n\n\n<div style=\"height:10px\" aria-hidden=\"true\" class=\"wp-block-spacer\"><\/div>\n\n\n\n<h2 class=\"wp-block-heading\">Comment fonctionne le module optique de r\u00e9tro\u00e9clairage ?<\/h2>\n\n\n\n<div class=\"wp-block-columns is-layout-flex wp-container-core-columns-layout-1 wp-block-columns-is-layout-flex\">\n<div class=\"wp-block-column is-layout-flow wp-block-column-is-layout-flow\"><div class=\"wp-block-image\">\n<figure class=\"aligncenter size-full\"><img decoding=\"async\" width=\"325\" height=\"325\" src=\"https:\/\/www.tpl-vision.com\/wp-content\/uploads\/2025\/07\/TPL_BL-SPOT_Image_4.jpg\" alt=\"bl spot\" class=\"wp-image-21172\" srcset=\"https:\/\/www.tpl-vision.com\/wp-content\/uploads\/2025\/07\/TPL_BL-SPOT_Image_4.jpg 325w, https:\/\/www.tpl-vision.com\/wp-content\/uploads\/2025\/07\/TPL_BL-SPOT_Image_4-300x300.jpg 300w, https:\/\/www.tpl-vision.com\/wp-content\/uploads\/2025\/07\/TPL_BL-SPOT_Image_4-150x150.jpg 150w, https:\/\/www.tpl-vision.com\/wp-content\/uploads\/2025\/07\/TPL_BL-SPOT_Image_4-175x175.jpg 175w, https:\/\/www.tpl-vision.com\/wp-content\/uploads\/2025\/07\/TPL_BL-SPOT_Image_4-40x40.jpg 40w, https:\/\/www.tpl-vision.com\/wp-content\/uploads\/2025\/07\/TPL_BL-SPOT_Image_4-55x55.jpg 55w, https:\/\/www.tpl-vision.com\/wp-content\/uploads\/2025\/07\/TPL_BL-SPOT_Image_4-100x100.jpg 100w\" sizes=\"(max-width: 325px) 100vw, 325px\" \/><\/figure><\/div>\n\n\n<p class=\"has-text-align-center has-text-color has-link-color wp-elements-ca8f027da81f08906f2d756f63a423e2\" style=\"color:#787878\"><strong>R\u00c9GLAGE LE PLUS \u00c9LOIGN\u00c9<\/strong><br>\u27a1<br><strong>HOMOG\u00c9N\u00c9IT\u00c9 MAXIMALE<\/strong><\/p>\n<\/div>\n\n\n\n<div class=\"wp-block-column is-layout-flow wp-block-column-is-layout-flow\" style=\"flex-basis:20px\"><\/div>\n\n\n\n<div class=\"wp-block-column is-layout-flow wp-block-column-is-layout-flow\"><div class=\"wp-block-image\">\n<figure class=\"aligncenter size-full\"><img decoding=\"async\" width=\"325\" height=\"325\" src=\"https:\/\/www.tpl-vision.com\/wp-content\/uploads\/2025\/07\/TPL_BL-SPOT_Image_5-1.jpg\" alt=\"bl spot\" class=\"wp-image-21178\" srcset=\"https:\/\/www.tpl-vision.com\/wp-content\/uploads\/2025\/07\/TPL_BL-SPOT_Image_5-1.jpg 325w, https:\/\/www.tpl-vision.com\/wp-content\/uploads\/2025\/07\/TPL_BL-SPOT_Image_5-1-300x300.jpg 300w, https:\/\/www.tpl-vision.com\/wp-content\/uploads\/2025\/07\/TPL_BL-SPOT_Image_5-1-150x150.jpg 150w, https:\/\/www.tpl-vision.com\/wp-content\/uploads\/2025\/07\/TPL_BL-SPOT_Image_5-1-175x175.jpg 175w, https:\/\/www.tpl-vision.com\/wp-content\/uploads\/2025\/07\/TPL_BL-SPOT_Image_5-1-40x40.jpg 40w, https:\/\/www.tpl-vision.com\/wp-content\/uploads\/2025\/07\/TPL_BL-SPOT_Image_5-1-55x55.jpg 55w, https:\/\/www.tpl-vision.com\/wp-content\/uploads\/2025\/07\/TPL_BL-SPOT_Image_5-1-100x100.jpg 100w\" sizes=\"(max-width: 325px) 100vw, 325px\" \/><\/figure><\/div>\n\n\n<p class=\"has-text-align-center has-text-color has-link-color wp-elements-5637900c86c98b52386f924c4308b909\" style=\"color:#787878\"><strong>R\u00c9GLAGE LE PLUS PROCHE<\/strong><br>\u27a1<br><strong>LUMINOSIT\u00c9 MAXIMALE<\/strong><\/p>\n<\/div>\n<\/div>\n\n\n\n<div style=\"height:10px\" aria-hidden=\"true\" class=\"wp-block-spacer\"><\/div>\n\n\n\n<h2 class=\"wp-block-heading\">Informations techniques<\/h2>\n\n\n\n<p><em>Veuillez cliquer sur les onglets ci-dessous.<\/em><\/p>\n\n\n\n<div class=\"wp-block-pb-accordion-item c-accordion__item js-accordion-item no-js\" data-initially-open=\"false\" data-click-to-close=\"true\" data-auto-close=\"true\" data-scroll=\"false\" data-scroll-offset=\"0\"><h3 id=\"at-210500\" class=\"c-accordion__title js-accordion-controller\" role=\"button\">M\u00e9thode d&rsquo;\u00e9clairage<\/h3><div id=\"ac-210500\" class=\"c-accordion__content\">\n<div class=\"wp-block-columns is-layout-flex wp-container-core-columns-layout-2 wp-block-columns-is-layout-flex\">\n<div class=\"wp-block-column is-layout-flow wp-block-column-is-layout-flow\">\n<figure class=\"wp-block-image size-full\"><img loading=\"lazy\" decoding=\"async\" width=\"500\" height=\"500\" src=\"https:\/\/www.tpl-vision.com\/wp-content\/uploads\/2022\/10\/TPL_LightingMethod_BACKLIGHT.jpg\" alt=\"\" class=\"wp-image-1322\" srcset=\"https:\/\/www.tpl-vision.com\/wp-content\/uploads\/2022\/10\/TPL_LightingMethod_BACKLIGHT.jpg 500w, https:\/\/www.tpl-vision.com\/wp-content\/uploads\/2022\/10\/TPL_LightingMethod_BACKLIGHT-300x300.jpg 300w, https:\/\/www.tpl-vision.com\/wp-content\/uploads\/2022\/10\/TPL_LightingMethod_BACKLIGHT-150x150.jpg 150w, https:\/\/www.tpl-vision.com\/wp-content\/uploads\/2022\/10\/TPL_LightingMethod_BACKLIGHT-360x360.jpg 360w, https:\/\/www.tpl-vision.com\/wp-content\/uploads\/2022\/10\/TPL_LightingMethod_BACKLIGHT-100x100.jpg 100w, https:\/\/www.tpl-vision.com\/wp-content\/uploads\/2022\/10\/TPL_LightingMethod_BACKLIGHT-50x50.jpg 50w, https:\/\/www.tpl-vision.com\/wp-content\/uploads\/2022\/10\/TPL_LightingMethod_BACKLIGHT-40x40.jpg 40w, https:\/\/www.tpl-vision.com\/wp-content\/uploads\/2022\/10\/TPL_LightingMethod_BACKLIGHT-55x55.jpg 55w\" sizes=\"(max-width: 500px) 100vw, 500px\" \/><\/figure>\n<\/div>\n\n\n\n<div class=\"wp-block-column is-layout-flow wp-block-column-is-layout-flow\">\n<figure class=\"wp-block-image size-full\"><img loading=\"lazy\" decoding=\"async\" width=\"500\" height=\"500\" src=\"https:\/\/www.tpl-vision.com\/wp-content\/uploads\/2022\/10\/TPL_LightingMethod_DIRECT.jpg\" alt=\"\" class=\"wp-image-1290\" srcset=\"https:\/\/www.tpl-vision.com\/wp-content\/uploads\/2022\/10\/TPL_LightingMethod_DIRECT.jpg 500w, https:\/\/www.tpl-vision.com\/wp-content\/uploads\/2022\/10\/TPL_LightingMethod_DIRECT-300x300.jpg 300w, https:\/\/www.tpl-vision.com\/wp-content\/uploads\/2022\/10\/TPL_LightingMethod_DIRECT-150x150.jpg 150w, https:\/\/www.tpl-vision.com\/wp-content\/uploads\/2022\/10\/TPL_LightingMethod_DIRECT-360x360.jpg 360w, https:\/\/www.tpl-vision.com\/wp-content\/uploads\/2022\/10\/TPL_LightingMethod_DIRECT-100x100.jpg 100w, https:\/\/www.tpl-vision.com\/wp-content\/uploads\/2022\/10\/TPL_LightingMethod_DIRECT-50x50.jpg 50w, https:\/\/www.tpl-vision.com\/wp-content\/uploads\/2022\/10\/TPL_LightingMethod_DIRECT-40x40.jpg 40w, https:\/\/www.tpl-vision.com\/wp-content\/uploads\/2022\/10\/TPL_LightingMethod_DIRECT-55x55.jpg 55w\" sizes=\"(max-width: 500px) 100vw, 500px\" \/><\/figure>\n<\/div>\n\n\n\n<div class=\"wp-block-column is-layout-flow wp-block-column-is-layout-flow\"><\/div>\n<\/div>\n<\/div><\/div>\n\n\n\n<div class=\"wp-block-pb-accordion-item c-accordion__item js-accordion-item no-js\" data-initially-open=\"false\" data-click-to-close=\"true\" data-auto-close=\"true\" data-scroll=\"false\" data-scroll-offset=\"0\"><h3 id=\"at-210501\" class=\"c-accordion__title js-accordion-controller\" role=\"button\">Constructeur de r\u00e9f\u00e9rence<\/h3><div id=\"ac-210501\" class=\"c-accordion__content\">\n<figure class=\"wp-block-image size-full is-resized\"><a href=\"https:\/\/www.tpl-vision.com\/wp-content\/uploads\/2025\/07\/TPL_BL-SPOT_RefBuilder_FR.jpg\"><img decoding=\"async\" src=\"https:\/\/www.tpl-vision.com\/wp-content\/uploads\/2025\/07\/TPL_BL-SPOT_RefBuilder_FR.jpg\" alt=\"bl spot\" class=\"wp-image-21057\" style=\"width:350px\"\/><\/a><\/figure>\n<\/div><\/div>\n","protected":false},"excerpt":{"rendered":"<p>\u00c9clairage spot homog\u00e8ne et haute puissance pour la vision industrielle, dot\u00e9 d&rsquo;un zoom verrouillable int\u00e9gr\u00e9, avec r\u00e9p\u00e9tabilit\u00e9 de position. Dot\u00e9 d&rsquo;un bo\u00eetier en aluminium IP67, le <strong>BL-SPOT <\/strong>poss\u00e8de un connecteur M12, un contr\u00f4le de courant int\u00e9gr\u00e9, un puissant mode Auto-Strobe OverDrive et dispose de capacit\u00e9s de dimming.<\/p>\n<p>Le BL-SPOT est <strong>le plus petit r\u00e9tro\u00e9clairage<\/strong> de la gamme TPL Vision, sp\u00e9cialement con\u00e7u pour les espaces restreints et difficiles d&rsquo;acc\u00e8s. \u00c9quip\u00e9 d&rsquo;<strong>un adaptateur d&rsquo;objectif C-Mount<\/strong>, il offre une compatibilit\u00e9 totale avec <strong>les objectifs t\u00e9l\u00e9centriques de toutes tailles<\/strong>, ce qui le rend id\u00e9al pour les applications de r\u00e9tro\u00e9clairage de pr\u00e9cision.<\/p>\n<ul>\n<li>\u00c9clairage haute puissance : <strong>plus de 0,9 M Lux<\/strong> en mode strobe<\/li>\n<li>Connectivit\u00e9 simplifi\u00e9e avec les cam\u00e9ras et les syst\u00e8mes de vision gr\u00e2ce \u00e0 une connectique M12 5P et \u00e0 une alimentation \u00e0 contr\u00f4le de courant interne<\/li>\n<li>Offre une visibilit\u00e9 \u00e0 contraste \u00e9lev\u00e9 des contours de pi\u00e8ces, mais peut \u00e9galement \u00eatre utilis\u00e9 en \u00e9clairage diffus direct<\/li>\n<li>Couleurs disponibles : WHI, 470, 525, 630 et 850<\/li>\n<li>Partie sup\u00e9rieure amovible pour passer facilement d&rsquo;une technique d&rsquo;\u00e9clairage \u00e0 une autre<\/li>\n<\/ul>\n","protected":false},"featured_media":24063,"comment_status":"closed","ping_status":"closed","template":"","meta":{"_seopress_robots_primary_cat":"","_seopress_titles_title":"","_seopress_titles_desc":"\u00c9quip\u00e9 d'un adaptateur d'objectif C-Mount, le BL-SPOT offre une compatibilit\u00e9 totale avec les objectifs t\u00e9l\u00e9centriques, ce qui le rend id\u00e9al pour les applications de r\u00e9tro\u00e9clairage de pr\u00e9cision.","_seopress_robots_index":"","_monsterinsights_skip_tracking":false,"_monsterinsights_sitenote_active":false,"_monsterinsights_sitenote_note":"","_monsterinsights_sitenote_category":0},"product_cat":[80],"product_tag":[],"_links":{"self":[{"href":"https:\/\/www.tpl-vision.com\/fr\/wp-json\/wp\/v2\/product\/21050"}],"collection":[{"href":"https:\/\/www.tpl-vision.com\/fr\/wp-json\/wp\/v2\/product"}],"about":[{"href":"https:\/\/www.tpl-vision.com\/fr\/wp-json\/wp\/v2\/types\/product"}],"replies":[{"embeddable":true,"href":"https:\/\/www.tpl-vision.com\/fr\/wp-json\/wp\/v2\/comments?post=21050"}],"wp:featuredmedia":[{"embeddable":true,"href":"https:\/\/www.tpl-vision.com\/fr\/wp-json\/wp\/v2\/media\/24063"}],"wp:attachment":[{"href":"https:\/\/www.tpl-vision.com\/fr\/wp-json\/wp\/v2\/media?parent=21050"}],"wp:term":[{"taxonomy":"product_cat","embeddable":true,"href":"https:\/\/www.tpl-vision.com\/fr\/wp-json\/wp\/v2\/product_cat?post=21050"},{"taxonomy":"product_tag","embeddable":true,"href":"https:\/\/www.tpl-vision.com\/fr\/wp-json\/wp\/v2\/product_tag?post=21050"}],"curies":[{"name":"wp","href":"https:\/\/api.w.org\/{rel}","templated":true}]}}