{"id":21053,"date":"2025-07-08T11:00:40","date_gmt":"2025-07-08T09:00:40","guid":{"rendered":"https:\/\/www.tpl-vision.com\/?post_type=product&#038;p=21053"},"modified":"2025-12-04T10:25:22","modified_gmt":"2025-12-04T09:25:22","slug":"in-line-il-spot","status":"publish","type":"product","link":"https:\/\/www.tpl-vision.com\/fr\/vuedensemble\/spot-fr\/in-line-il-spot\/","title":{"rendered":"In-Line IL-SPOT"},"content":{"rendered":"\n<h2 class=\"wp-block-heading\">Comment utiliser le Modular Spot ?<\/h2>\n\n\n\n<figure class=\"wp-block-embed is-type-video is-provider-vimeo wp-block-embed-vimeo wp-embed-aspect-16-9 wp-has-aspect-ratio\"><div class=\"wp-block-embed__wrapper\">\n<iframe title=\"Modular_M30_Spotlight\" src=\"https:\/\/player.vimeo.com\/video\/1134549693?h=4957ecfb5e&amp;dnt=1&amp;app_id=122963\" width=\"800\" height=\"450\" frameborder=\"0\" allow=\"autoplay; fullscreen; picture-in-picture; clipboard-write; encrypted-media; web-share\" referrerpolicy=\"strict-origin-when-cross-origin\"><\/iframe>\n<\/div><\/figure>\n\n\n\n<figure class=\"wp-block-embed is-type-video is-provider-vimeo wp-block-embed-vimeo wp-embed-aspect-16-9 wp-has-aspect-ratio\"><div class=\"wp-block-embed__wrapper\">\n<iframe title=\"Spot Light Modular Range by TPL Vision\" src=\"https:\/\/player.vimeo.com\/video\/1102228179?h=007bf481c2&amp;dnt=1&amp;app_id=122963\" width=\"800\" height=\"450\" frameborder=\"0\" allow=\"autoplay; fullscreen; picture-in-picture; clipboard-write; encrypted-media; web-share\" referrerpolicy=\"strict-origin-when-cross-origin\"><\/iframe>\n<\/div><\/figure>\n\n\n\n<div style=\"height:10px\" aria-hidden=\"true\" class=\"wp-block-spacer\"><\/div>\n\n\n\n<h2 class=\"wp-block-heading\">Comment fonctionne-t-il ?<\/h2>\n\n\n\n<figure class=\"wp-block-image size-full\"><img fetchpriority=\"high\" decoding=\"async\" width=\"709\" height=\"650\" src=\"https:\/\/www.tpl-vision.com\/wp-content\/uploads\/2025\/07\/TPL_IL-SPOT_Image_1-2.jpg\" alt=\"il spot\" class=\"wp-image-21121\" srcset=\"https:\/\/www.tpl-vision.com\/wp-content\/uploads\/2025\/07\/TPL_IL-SPOT_Image_1-2.jpg 709w, https:\/\/www.tpl-vision.com\/wp-content\/uploads\/2025\/07\/TPL_IL-SPOT_Image_1-2-300x275.jpg 300w, https:\/\/www.tpl-vision.com\/wp-content\/uploads\/2025\/07\/TPL_IL-SPOT_Image_1-2-600x550.jpg 600w, https:\/\/www.tpl-vision.com\/wp-content\/uploads\/2025\/07\/TPL_IL-SPOT_Image_1-2-175x160.jpg 175w, https:\/\/www.tpl-vision.com\/wp-content\/uploads\/2025\/07\/TPL_IL-SPOT_Image_1-2-40x37.jpg 40w, https:\/\/www.tpl-vision.com\/wp-content\/uploads\/2025\/07\/TPL_IL-SPOT_Image_1-2-55x50.jpg 55w, https:\/\/www.tpl-vision.com\/wp-content\/uploads\/2025\/07\/TPL_IL-SPOT_Image_1-2-100x92.jpg 100w\" sizes=\"(max-width: 709px) 100vw, 709px\" \/><\/figure>\n\n\n\n<p>Le IL-SPOT peut \u00eatre utilis\u00e9 avec des <strong>objectifs t\u00e9l\u00e9centriques<\/strong> ou des <strong>objectifs macro <\/strong>poss\u00e9dant un hublot adapt\u00e9s aux \u00e9clairages In-Line.<\/p>\n\n\n\n<div style=\"height:10px\" aria-hidden=\"true\" class=\"wp-block-spacer\"><\/div>\n\n\n\n<h2 class=\"wp-block-heading\">Exemple d&rsquo;application<\/h2>\n\n\n\n<figure class=\"wp-block-image size-full\"><img decoding=\"async\" width=\"898\" height=\"1122\" src=\"https:\/\/www.tpl-vision.com\/wp-content\/uploads\/2025\/07\/TPL_IL-SPOT_Image_2.jpg\" alt=\"il spot\" class=\"wp-image-21109\" srcset=\"https:\/\/www.tpl-vision.com\/wp-content\/uploads\/2025\/07\/TPL_IL-SPOT_Image_2.jpg 898w, https:\/\/www.tpl-vision.com\/wp-content\/uploads\/2025\/07\/TPL_IL-SPOT_Image_2-240x300.jpg 240w, https:\/\/www.tpl-vision.com\/wp-content\/uploads\/2025\/07\/TPL_IL-SPOT_Image_2-820x1024.jpg 820w, https:\/\/www.tpl-vision.com\/wp-content\/uploads\/2025\/07\/TPL_IL-SPOT_Image_2-768x960.jpg 768w, https:\/\/www.tpl-vision.com\/wp-content\/uploads\/2025\/07\/TPL_IL-SPOT_Image_2-600x750.jpg 600w, https:\/\/www.tpl-vision.com\/wp-content\/uploads\/2025\/07\/TPL_IL-SPOT_Image_2-140x175.jpg 140w, https:\/\/www.tpl-vision.com\/wp-content\/uploads\/2025\/07\/TPL_IL-SPOT_Image_2-32x40.jpg 32w, https:\/\/www.tpl-vision.com\/wp-content\/uploads\/2025\/07\/TPL_IL-SPOT_Image_2-44x55.jpg 44w, https:\/\/www.tpl-vision.com\/wp-content\/uploads\/2025\/07\/TPL_IL-SPOT_Image_2-80x100.jpg 80w\" sizes=\"(max-width: 898px) 100vw, 898px\" \/><\/figure>\n\n\n\n<p class=\"has-text-align-center\"><strong>Alignement de semi-conducteurs<\/strong><\/p>\n\n\n\n<div style=\"height:10px\" aria-hidden=\"true\" class=\"wp-block-spacer\"><\/div>\n\n\n\n<h2 class=\"wp-block-heading\">Informations techniques<\/h2>\n\n\n\n<p><em>Veuillez cliquer sur les onglets ci-dessous.<\/em><\/p>\n\n\n\n<div class=\"wp-block-pb-accordion-item c-accordion__item js-accordion-item no-js\" data-initially-open=\"false\" data-click-to-close=\"true\" data-auto-close=\"true\" data-scroll=\"false\" data-scroll-offset=\"0\"><h3 id=\"at-210530\" class=\"c-accordion__title js-accordion-controller\" role=\"button\">M\u00e9thode d&rsquo;\u00e9clairage<\/h3><div id=\"ac-210530\" class=\"c-accordion__content\">\n<div class=\"wp-block-columns is-layout-flex wp-container-core-columns-layout-1 wp-block-columns-is-layout-flex\">\n<div class=\"wp-block-column is-layout-flow wp-block-column-is-layout-flow\">\n<figure class=\"wp-block-image size-full\"><img decoding=\"async\" width=\"500\" height=\"500\" src=\"https:\/\/www.tpl-vision.com\/wp-content\/uploads\/2025\/07\/TPL_LightingMethod_IL-SPOT.jpg\" alt=\"il spot\" class=\"wp-image-21097\" srcset=\"https:\/\/www.tpl-vision.com\/wp-content\/uploads\/2025\/07\/TPL_LightingMethod_IL-SPOT.jpg 500w, https:\/\/www.tpl-vision.com\/wp-content\/uploads\/2025\/07\/TPL_LightingMethod_IL-SPOT-300x300.jpg 300w, https:\/\/www.tpl-vision.com\/wp-content\/uploads\/2025\/07\/TPL_LightingMethod_IL-SPOT-150x150.jpg 150w, https:\/\/www.tpl-vision.com\/wp-content\/uploads\/2025\/07\/TPL_LightingMethod_IL-SPOT-360x360.jpg 360w, https:\/\/www.tpl-vision.com\/wp-content\/uploads\/2025\/07\/TPL_LightingMethod_IL-SPOT-175x175.jpg 175w, https:\/\/www.tpl-vision.com\/wp-content\/uploads\/2025\/07\/TPL_LightingMethod_IL-SPOT-40x40.jpg 40w, https:\/\/www.tpl-vision.com\/wp-content\/uploads\/2025\/07\/TPL_LightingMethod_IL-SPOT-55x55.jpg 55w, https:\/\/www.tpl-vision.com\/wp-content\/uploads\/2025\/07\/TPL_LightingMethod_IL-SPOT-100x100.jpg 100w\" sizes=\"(max-width: 500px) 100vw, 500px\" \/><\/figure>\n<\/div>\n\n\n\n<div class=\"wp-block-column is-layout-flow wp-block-column-is-layout-flow\"><\/div>\n\n\n\n<div class=\"wp-block-column is-layout-flow wp-block-column-is-layout-flow\"><\/div>\n<\/div>\n<\/div><\/div>\n\n\n\n<div class=\"wp-block-pb-accordion-item c-accordion__item js-accordion-item no-js\" data-initially-open=\"false\" data-click-to-close=\"true\" data-auto-close=\"true\" data-scroll=\"false\" data-scroll-offset=\"0\"><h3 id=\"at-210531\" class=\"c-accordion__title js-accordion-controller\" role=\"button\">Constructeur de r\u00e9f\u00e9rence<\/h3><div id=\"ac-210531\" class=\"c-accordion__content\">\n<figure class=\"wp-block-image size-full is-resized\"><a href=\"https:\/\/www.tpl-vision.com\/wp-content\/uploads\/2025\/07\/TPL_IL-SPOT_RefBuilder_FR.jpg\"><img decoding=\"async\" src=\"https:\/\/www.tpl-vision.com\/wp-content\/uploads\/2025\/07\/TPL_IL-SPOT_RefBuilder_FR.jpg\" alt=\"il spot\" class=\"wp-image-21060\" style=\"width:350px\"\/><\/a><\/figure>\n<\/div><\/div>\n","protected":false},"excerpt":{"rendered":"<p>\u00c9clairage Spot puissant et homog\u00e8ne, d\u00e9di\u00e9 \u00e0 la vision industrielle. Bas\u00e9 sur la conception du Z-Spot, le <strong>spot In-Line<\/strong> poss\u00e8de un bo\u00eetier en aluminium IP50, un connecteur M12, un contr\u00f4le de courant int\u00e9gr\u00e9, un puissant mode Auto-Strobe OverDrive et dispose de fonctions de dimming.<\/p>\n<p>Notre spot In-Line est unique au sein de la gamme d&rsquo;\u00e9clairage TPL Vision. Il est sp\u00e9cialement con\u00e7u pour les <strong>objectifs t\u00e9l\u00e9centriques et macro<\/strong> dot\u00e9s d&rsquo;un <strong>hublot<\/strong> pour int\u00e9grer les \u00e9clairages In-Line. Sa partie sup\u00e9rieure poss\u00e8de un diam\u00e8tre de \u00d8 8 mm. Tr\u00e8s compact, il s&rsquo;int\u00e8gre ais\u00e9ment dans les espaces restreints.<\/p>\n<ul>\n<li>\u00c9clairage haute puissance : <strong>plus de 1,3 M Lux<\/strong> en mode strobe<\/li>\n<li>Connectivit\u00e9 simplifi\u00e9e avec les cam\u00e9ras et les syst\u00e8mes de vision gr\u00e2ce \u00e0 une connectique M12 5P et \u00e0 une alimentation \u00e0 contr\u00f4le de courant interne<\/li>\n<li>\u00c9clairage coaxial con\u00e7u pour les objectifs t\u00e9l\u00e9centriques<\/li>\n<li>Partie sup\u00e9rieure amovible pour passer facilement d&rsquo;une technique d&rsquo;\u00e9clairage \u00e0 une autre<\/li>\n<\/ul>\n","protected":false},"featured_media":24066,"comment_status":"closed","ping_status":"closed","template":"","meta":{"_seopress_robots_primary_cat":"","_seopress_titles_title":"","_seopress_titles_desc":"L'IL-SPOT est sp\u00e9cialement con\u00e7u pour \u00eatre utilis\u00e9 avec des objectifs t\u00e9l\u00e9centriques et macros, dot\u00e9s d'un hublot pour \u00e9clairage In-Line.","_seopress_robots_index":"","_monsterinsights_skip_tracking":false,"_monsterinsights_sitenote_active":false,"_monsterinsights_sitenote_note":"","_monsterinsights_sitenote_category":0},"product_cat":[80],"product_tag":[],"_links":{"self":[{"href":"https:\/\/www.tpl-vision.com\/fr\/wp-json\/wp\/v2\/product\/21053"}],"collection":[{"href":"https:\/\/www.tpl-vision.com\/fr\/wp-json\/wp\/v2\/product"}],"about":[{"href":"https:\/\/www.tpl-vision.com\/fr\/wp-json\/wp\/v2\/types\/product"}],"replies":[{"embeddable":true,"href":"https:\/\/www.tpl-vision.com\/fr\/wp-json\/wp\/v2\/comments?post=21053"}],"wp:featuredmedia":[{"embeddable":true,"href":"https:\/\/www.tpl-vision.com\/fr\/wp-json\/wp\/v2\/media\/24066"}],"wp:attachment":[{"href":"https:\/\/www.tpl-vision.com\/fr\/wp-json\/wp\/v2\/media?parent=21053"}],"wp:term":[{"taxonomy":"product_cat","embeddable":true,"href":"https:\/\/www.tpl-vision.com\/fr\/wp-json\/wp\/v2\/product_cat?post=21053"},{"taxonomy":"product_tag","embeddable":true,"href":"https:\/\/www.tpl-vision.com\/fr\/wp-json\/wp\/v2\/product_tag?post=21053"}],"curies":[{"name":"wp","href":"https:\/\/api.w.org\/{rel}","templated":true}]}}