{"id":21056,"date":"2025-07-08T11:01:56","date_gmt":"2025-07-08T09:01:56","guid":{"rendered":"https:\/\/www.tpl-vision.com\/?post_type=product&#038;p=21056"},"modified":"2025-10-06T17:02:13","modified_gmt":"2025-10-06T15:02:13","slug":"combo-kit-co-spot","status":"publish","type":"product","link":"https:\/\/www.tpl-vision.com\/fr\/vuedensemble\/accessoires-fr\/combo-kits-fr\/combo-kit-co-spot\/","title":{"rendered":"Combo Kit \u2013 CO-SPOT"},"content":{"rendered":"\n<h2 class=\"wp-block-heading\">Constructeur de r\u00e9f\u00e9rence<\/h2>\n\n<figure class=\"wp-block-image size-full\"><a href=\"https:\/\/www.tpl-vision.com\/wp-content\/uploads\/2025\/07\/TPL_CO-SPOT_RefBuilder_FR.jpg\"><img decoding=\"async\" src=\"https:\/\/www.tpl-vision.com\/wp-content\/uploads\/2025\/07\/TPL_CO-SPOT_RefBuilder_FR.jpg\" alt=\"combo kit &#x2013; co spot\" class=\"wp-image-21063\"\/><\/a><\/figure>\n","protected":false},"excerpt":{"rendered":"<p>Les kits Combo comportent les 3 accessoires optiques et une base d&rsquo;\u00e9clairage de la couleur s\u00e9lectionn\u00e9e.<\/p>\n","protected":false},"featured_media":24094,"comment_status":"closed","ping_status":"closed","template":"","meta":{"_seopress_robots_primary_cat":"","_seopress_titles_title":"","_seopress_titles_desc":"Les kits Combo comportent les 3 accessoires optiques et une base d'\u00e9clairage de la couleur s\u00e9lectionn\u00e9e.","_seopress_robots_index":"","_monsterinsights_skip_tracking":false,"_monsterinsights_sitenote_active":false,"_monsterinsights_sitenote_note":"","_monsterinsights_sitenote_category":0},"product_cat":[59,919],"product_tag":[],"_links":{"self":[{"href":"https:\/\/www.tpl-vision.com\/fr\/wp-json\/wp\/v2\/product\/21056"}],"collection":[{"href":"https:\/\/www.tpl-vision.com\/fr\/wp-json\/wp\/v2\/product"}],"about":[{"href":"https:\/\/www.tpl-vision.com\/fr\/wp-json\/wp\/v2\/types\/product"}],"replies":[{"embeddable":true,"href":"https:\/\/www.tpl-vision.com\/fr\/wp-json\/wp\/v2\/comments?post=21056"}],"wp:featuredmedia":[{"embeddable":true,"href":"https:\/\/www.tpl-vision.com\/fr\/wp-json\/wp\/v2\/media\/24094"}],"wp:attachment":[{"href":"https:\/\/www.tpl-vision.com\/fr\/wp-json\/wp\/v2\/media?parent=21056"}],"wp:term":[{"taxonomy":"product_cat","embeddable":true,"href":"https:\/\/www.tpl-vision.com\/fr\/wp-json\/wp\/v2\/product_cat?post=21056"},{"taxonomy":"product_tag","embeddable":true,"href":"https:\/\/www.tpl-vision.com\/fr\/wp-json\/wp\/v2\/product_tag?post=21056"}],"curies":[{"name":"wp","href":"https:\/\/api.w.org\/{rel}","templated":true}]}}