{"id":21068,"date":"2025-07-08T12:20:01","date_gmt":"2025-07-08T10:20:01","guid":{"rendered":"https:\/\/www.tpl-vision.com\/?post_type=product&#038;p=21068"},"modified":"2025-07-25T12:07:45","modified_gmt":"2025-07-25T10:07:45","slug":"tpl-bl-spot","status":"publish","type":"product","link":"https:\/\/www.tpl-vision.com\/fr\/vuedensemble\/accessoires-fr\/diffusants-fr\/tpl-bl-spot\/","title":{"rendered":"TPL-BL-SPOT"},"content":{"rendered":"\n<h2 class=\"wp-block-heading\">R\u00c9F\u00c9RENCE<\/h2>\n\n<p>TPL-BL-SPOT<\/p>\n","protected":false},"excerpt":{"rendered":"<p>L&rsquo;accessoire optique \u00ab\u00a0BL\u00a0\u00bb est con\u00e7u pour s&rsquo;int\u00e9grer au bo\u00eetier du Modular Spot et est utilis\u00e9 pour les applications n\u00e9cessitant une visibilit\u00e9 contrast\u00e9e du contours des pi\u00e8ces. Il peut \u00e9galement \u00eatre utilis\u00e9 pour cr\u00e9er une diffusion directe de la lumi\u00e8re. Il suffit de le visser et de le d\u00e9visser pour passer facilement d&rsquo;un \u00e9clairage de type Backlight \u00e0 d&rsquo;autres techniques d&rsquo;\u00e9clairage.<\/p>\n<p><strong>Accessoire compatible avec les produits suivants :<\/strong><\/p>\n<ul>\n<li>BL-SPOT<\/li>\n<li>IL-SPOT<\/li>\n<li>Z-SPOT<\/li>\n<\/ul>\n","protected":false},"featured_media":21125,"comment_status":"closed","ping_status":"closed","template":"","meta":{"_seopress_robots_primary_cat":"","_seopress_titles_title":"","_seopress_titles_desc":"L'accessoire optique \"BL\" est con\u00e7u pour s'int\u00e9grer au bo\u00eetier du Modular Spot et est utilis\u00e9 pour les applications n\u00e9cessitant une visibilit\u00e9 contrast\u00e9e du contours des pi\u00e8ces.","_seopress_robots_index":"","_monsterinsights_skip_tracking":false,"_monsterinsights_sitenote_active":false,"_monsterinsights_sitenote_note":"","_monsterinsights_sitenote_category":0},"product_cat":[59,921,410],"product_tag":[],"_links":{"self":[{"href":"https:\/\/www.tpl-vision.com\/fr\/wp-json\/wp\/v2\/product\/21068"}],"collection":[{"href":"https:\/\/www.tpl-vision.com\/fr\/wp-json\/wp\/v2\/product"}],"about":[{"href":"https:\/\/www.tpl-vision.com\/fr\/wp-json\/wp\/v2\/types\/product"}],"replies":[{"embeddable":true,"href":"https:\/\/www.tpl-vision.com\/fr\/wp-json\/wp\/v2\/comments?post=21068"}],"wp:featuredmedia":[{"embeddable":true,"href":"https:\/\/www.tpl-vision.com\/fr\/wp-json\/wp\/v2\/media\/21125"}],"wp:attachment":[{"href":"https:\/\/www.tpl-vision.com\/fr\/wp-json\/wp\/v2\/media?parent=21068"}],"wp:term":[{"taxonomy":"product_cat","embeddable":true,"href":"https:\/\/www.tpl-vision.com\/fr\/wp-json\/wp\/v2\/product_cat?post=21068"},{"taxonomy":"product_tag","embeddable":true,"href":"https:\/\/www.tpl-vision.com\/fr\/wp-json\/wp\/v2\/product_tag?post=21068"}],"curies":[{"name":"wp","href":"https:\/\/api.w.org\/{rel}","templated":true}]}}