{"id":21071,"date":"2025-07-08T12:28:27","date_gmt":"2025-07-08T10:28:27","guid":{"rendered":"https:\/\/www.tpl-vision.com\/?post_type=product&#038;p=21071"},"modified":"2025-07-25T12:07:15","modified_gmt":"2025-07-25T10:07:15","slug":"tpl-il-spot","status":"publish","type":"product","link":"https:\/\/www.tpl-vision.com\/fr\/vuedensemble\/accessoires-fr\/diffusants-fr\/tpl-il-spot\/","title":{"rendered":"TPL-IL-SPOT"},"content":{"rendered":"\n<h2 class=\"wp-block-heading\">R\u00c9F\u00c9RENCE<\/h2>\n\n<p>TPL-IL-SPOT<\/p>\n","protected":false},"excerpt":{"rendered":"<p>Avec son diam\u00e8tre de 8 mm, l&rsquo;accessoire optique In-Line g\u00e9n\u00e8re un \u00e9clairage coaxial, id\u00e9al pour les objectifs t\u00e9l\u00e9centriques et macro \u00e9quip\u00e9s d&rsquo;un hublot pour \u00e9clairages In-Line. Gr\u00e2ce aux diff\u00e9rents accessoires du Modular M30 Spot, on peut facilement passer d&rsquo;une technique d&rsquo;\u00e9clairage \u00e0 une autre.<\/p>\n<p><strong>Accessoire compatible avec les produits suivants :<\/strong><\/p>\n<ul>\n<li>BL-SPOT<\/li>\n<li>IL-SPOT<\/li>\n<li>Z-SPOT<\/li>\n<\/ul>\n","protected":false},"featured_media":21134,"comment_status":"closed","ping_status":"closed","template":"","meta":{"_seopress_robots_primary_cat":"","_seopress_titles_title":"","_seopress_titles_desc":"L'accessoire optique In-Line g\u00e9n\u00e8re un \u00e9clairage coaxial, id\u00e9al pour les objectifs t\u00e9l\u00e9centriques et macro \u00e9quip\u00e9s d'un hublot pour \u00e9clairages In-Line.","_seopress_robots_index":"","_monsterinsights_skip_tracking":false,"_monsterinsights_sitenote_active":false,"_monsterinsights_sitenote_note":"","_monsterinsights_sitenote_category":0},"product_cat":[59,921,410],"product_tag":[],"_links":{"self":[{"href":"https:\/\/www.tpl-vision.com\/fr\/wp-json\/wp\/v2\/product\/21071"}],"collection":[{"href":"https:\/\/www.tpl-vision.com\/fr\/wp-json\/wp\/v2\/product"}],"about":[{"href":"https:\/\/www.tpl-vision.com\/fr\/wp-json\/wp\/v2\/types\/product"}],"replies":[{"embeddable":true,"href":"https:\/\/www.tpl-vision.com\/fr\/wp-json\/wp\/v2\/comments?post=21071"}],"wp:featuredmedia":[{"embeddable":true,"href":"https:\/\/www.tpl-vision.com\/fr\/wp-json\/wp\/v2\/media\/21134"}],"wp:attachment":[{"href":"https:\/\/www.tpl-vision.com\/fr\/wp-json\/wp\/v2\/media?parent=21071"}],"wp:term":[{"taxonomy":"product_cat","embeddable":true,"href":"https:\/\/www.tpl-vision.com\/fr\/wp-json\/wp\/v2\/product_cat?post=21071"},{"taxonomy":"product_tag","embeddable":true,"href":"https:\/\/www.tpl-vision.com\/fr\/wp-json\/wp\/v2\/product_tag?post=21071"}],"curies":[{"name":"wp","href":"https:\/\/api.w.org\/{rel}","templated":true}]}}