{"id":21074,"date":"2025-07-08T12:29:24","date_gmt":"2025-07-08T10:29:24","guid":{"rendered":"https:\/\/www.tpl-vision.com\/?post_type=product&#038;p=21074"},"modified":"2025-07-25T12:06:47","modified_gmt":"2025-07-25T10:06:47","slug":"tpl-z-spot","status":"publish","type":"product","link":"https:\/\/www.tpl-vision.com\/fr\/vuedensemble\/accessoires-fr\/diffusants-fr\/tpl-z-spot\/","title":{"rendered":"TPL-Z-SPOT"},"content":{"rendered":"\n<h2 class=\"wp-block-heading\">R\u00c9F\u00c9RENCE<\/h2>\n\n<p>TPL-Z-SPOT<\/p>\n","protected":false},"excerpt":{"rendered":"<p>Ce composant optique \u00ab\u00a0Zoom\u00a0\u00bb est con\u00e7u pour s&rsquo;int\u00e9grer au bo\u00eetier du spot modulable pour les applications n\u00e9cessitant une puissance et une homog\u00e9n\u00e9it\u00e9 \u00e9lev\u00e9es dans un design compact et robuste. Il se visse et se d\u00e9visse facilement pour passer de cette variante Z-SPOT \u00e0 d&rsquo;autres techniques d&rsquo;\u00e9clairage.<\/p>\n<p><strong>Accessoire compatible avec les produits suivants :<\/strong><\/p>\n<ul>\n<li>BL-SPOT<\/li>\n<li>IL-SPOT<\/li>\n<li>Z-SPOT<\/li>\n<\/ul>\n","protected":false},"featured_media":21137,"comment_status":"closed","ping_status":"closed","template":"","meta":{"_seopress_robots_primary_cat":"","_seopress_titles_title":"","_seopress_titles_desc":"Ce composant optique \"Zoom\" est con\u00e7u pour s'int\u00e9grer au bo\u00eetier du spot modulable pour les applications n\u00e9cessitant une puissance et une homog\u00e9n\u00e9it\u00e9 \u00e9lev\u00e9es dans un design compact et robuste.","_seopress_robots_index":"","_monsterinsights_skip_tracking":false,"_monsterinsights_sitenote_active":false,"_monsterinsights_sitenote_note":"","_monsterinsights_sitenote_category":0},"product_cat":[59,921,410],"product_tag":[],"_links":{"self":[{"href":"https:\/\/www.tpl-vision.com\/fr\/wp-json\/wp\/v2\/product\/21074"}],"collection":[{"href":"https:\/\/www.tpl-vision.com\/fr\/wp-json\/wp\/v2\/product"}],"about":[{"href":"https:\/\/www.tpl-vision.com\/fr\/wp-json\/wp\/v2\/types\/product"}],"replies":[{"embeddable":true,"href":"https:\/\/www.tpl-vision.com\/fr\/wp-json\/wp\/v2\/comments?post=21074"}],"wp:featuredmedia":[{"embeddable":true,"href":"https:\/\/www.tpl-vision.com\/fr\/wp-json\/wp\/v2\/media\/21137"}],"wp:attachment":[{"href":"https:\/\/www.tpl-vision.com\/fr\/wp-json\/wp\/v2\/media?parent=21074"}],"wp:term":[{"taxonomy":"product_cat","embeddable":true,"href":"https:\/\/www.tpl-vision.com\/fr\/wp-json\/wp\/v2\/product_cat?post=21074"},{"taxonomy":"product_tag","embeddable":true,"href":"https:\/\/www.tpl-vision.com\/fr\/wp-json\/wp\/v2\/product_tag?post=21074"}],"curies":[{"name":"wp","href":"https:\/\/api.w.org\/{rel}","templated":true}]}}