{"id":22012,"date":"2025-11-04T11:59:49","date_gmt":"2025-11-04T10:59:49","guid":{"rendered":"https:\/\/www.tpl-vision.com\/?post_type=product&#038;p=22012"},"modified":"2026-03-30T14:58:55","modified_gmt":"2026-03-30T12:58:55","slug":"high-power-strobe-hps-bar","status":"publish","type":"product","link":"https:\/\/www.tpl-vision.com\/fr\/vuedensemble\/barres-fr\/high-power-strobe-hps-bar\/","title":{"rendered":"High Power Strobe HPS BAR"},"content":{"rendered":"\n<h2 class=\"wp-block-heading\">Pr\u00e9sentation Produit :<\/h2>\n\n<figure class=\"wp-block-embed is-type-video is-provider-vimeo wp-block-embed-vimeo wp-embed-aspect-16-9 wp-has-aspect-ratio\"><div class=\"wp-block-embed__wrapper\">\n<iframe title=\"TPL_HPS_BAR_Light\" src=\"https:\/\/player.vimeo.com\/video\/1142113080?h=011c600061&amp;dnt=1&amp;app_id=122963\" width=\"800\" height=\"450\" frameborder=\"0\" allow=\"autoplay; fullscreen; picture-in-picture; clipboard-write; encrypted-media; web-share\" referrerpolicy=\"strict-origin-when-cross-origin\"><\/iframe>\n<\/div><\/figure>\n\n<div style=\"height:30px\" aria-hidden=\"true\" class=\"wp-block-spacer\"><\/div>\n\n<h2 class=\"wp-block-heading\">Caract\u00e9ristiques principales :<\/h2>\n\n<ul>\n<li>Performances de pointe au niveau mondial dans sa cat\u00e9gorie<\/li>\n\n\n\n<li>Puissance lumineuse extr\u00eame \u2013 jusqu&rsquo;\u00e0 2 500 000 lux \u00e0 200 mm<\/li>\n\n\n\n<li>Temps de mont\u00e9e ultra-rapide de 800ns<\/li>\n\n\n\n<li>Faible consommation<br\/>(Pic : 0,5 A \/ Moyenne : 0,35 A \u2013 pour chaque incr\u00e9ment de 125 mm)<\/li>\n\n\n\n<li>\u00c9lectronique strobe int\u00e9gr\u00e9e, aucun pilote externe requis<\/li>\n\n\n\n<li>Connecteur universel M12<\/li>\n\n\n\n<li>Montage facile et robuste (T-SLOT)<\/li>\n\n\n\n<li>Compatibilit\u00e9 avec les Angle Changers pour un contr\u00f4le du faisceau lumineux<\/li>\n\n\n\n<li>Con\u00e7u pour une fiabilit\u00e9 optimale dans les environnements industriels fonctionnant 24h\/24 et 7j\/7<\/li>\n<\/ul>\n\n<div style=\"height:30px\" aria-hidden=\"true\" class=\"wp-block-spacer\"><\/div>\n\n<h2 class=\"wp-block-heading\">Flexibilit\u00e9 de l&rsquo;application :<\/h2>\n\n<p>La barre HPS BAR est con\u00e7ue pour une utilisation polyvalente dans des secteurs tels que la logistique, l&rsquo;automatisation industrielle, ainsi que l&rsquo;industrie pharmaceutique, o\u00f9 une inspection fiable et rapide est essentielle. Avec un temps de mont\u00e9e de 800 ns, la HPS BAR permet \u00e0 la cam\u00e9ra de fonctionner avec des vitesses d&rsquo;obturation extr\u00eamement courtes, minimisant ainsi le flou de mouvement dans les applications \u00e0 haute vitesse. Cette r\u00e9ponse rapide permet un d\u00e9clenchement par la cam\u00e9ra, ce qui rend inutile l&rsquo;utilisation d&rsquo;un contr\u00f4leur d\u00e9di\u00e9. Par cons\u00e9quent, les syst\u00e8mes de vision peuvent atteindre des temps d&rsquo;exposition tr\u00e8s courts tout en conservant une plus grande profondeur de champ et une nettet\u00e9 d&rsquo;image accrue.   <\/p>\n\n<div style=\"height:30px\" aria-hidden=\"true\" class=\"wp-block-spacer\"><\/div>\n\n<h2 class=\"wp-block-heading\">Effet Curve :<\/h2>\n\n<p>Vos applications d\u2019inspection souffrent-elles de points chauds au milieu ? Avez-vous du mal \u00e0 \u00e9clairer uniform\u00e9ment de grands champs de vision ?  Notre technologie brevet\u00e9e Curve Effect vous permet de r\u00e9soudre ces probl\u00e8mes en un clin d&rsquo;\u0153il.<br\/>L&rsquo;utilisation des <a href=\"https:\/\/www.tpl-vision.com\/fr\/vuedensemble\/accessoires-fr\/angle-changers-fr\/angle-changers\/\" data-type=\"link\" data-id=\"https:\/\/www.tpl-vision.com\/fr\/vuedensemble\/accessoires-fr\/angle-changers-fr\/angle-changers\/\">Angle Changers <\/a>pour moduler l&rsquo;intensit\u00e9 lumineuse contribue \u00e0 \u00e9liminer le point chaud au centre du champ de vision, susceptible de poser probl\u00e8me lors des op\u00e9rations de Pick &amp; Place, ainsi que dans les applications n\u00e9cessitant un large champ de vision. En r\u00e9duisant l&rsquo;intensit\u00e9 de l&rsquo;\u00e9clairage au centre de la HPS BAR gr\u00e2ce \u00e0 un Angle Changer plus large, vous pouvez obtenir une image plus uniforme tout en conservant une luminosit\u00e9 \u00e9lev\u00e9e.<\/p>\n\n<div class=\"wp-block-columns is-layout-flex wp-container-core-columns-layout-1 wp-block-columns-is-layout-flex\">\n<div class=\"wp-block-column is-layout-flow wp-block-column-is-layout-flow\">\n<figure class=\"wp-block-image size-full\"><img fetchpriority=\"high\" decoding=\"async\" width=\"620\" height=\"377\" src=\"https:\/\/www.tpl-vision.com\/wp-content\/uploads\/2025\/12\/TPL_HPS_BAR_Curve.jpg\" alt=\"barre strobe haute puissance HPS BAR\" class=\"wp-image-22054\" srcset=\"https:\/\/www.tpl-vision.com\/wp-content\/uploads\/2025\/12\/TPL_HPS_BAR_Curve.jpg 620w, https:\/\/www.tpl-vision.com\/wp-content\/uploads\/2025\/12\/TPL_HPS_BAR_Curve-300x182.jpg 300w, https:\/\/www.tpl-vision.com\/wp-content\/uploads\/2025\/12\/TPL_HPS_BAR_Curve-600x365.jpg 600w, https:\/\/www.tpl-vision.com\/wp-content\/uploads\/2025\/12\/TPL_HPS_BAR_Curve-175x106.jpg 175w, https:\/\/www.tpl-vision.com\/wp-content\/uploads\/2025\/12\/TPL_HPS_BAR_Curve-40x24.jpg 40w, https:\/\/www.tpl-vision.com\/wp-content\/uploads\/2025\/12\/TPL_HPS_BAR_Curve-55x33.jpg 55w, https:\/\/www.tpl-vision.com\/wp-content\/uploads\/2025\/12\/TPL_HPS_BAR_Curve-100x61.jpg 100w\" sizes=\"(max-width: 620px) 100vw, 620px\" \/><\/figure>\n\n\n\n<p class=\"has-text-align-center has-black-color has-text-color has-link-color wp-elements-a04de84b2ed65a1e9aead1770d2df108\">Avec Le &lt;&lt;Curve Effect&gt;&gt;<\/p>\n<\/div>\n\n\n\n<div class=\"wp-block-column is-layout-flow wp-block-column-is-layout-flow\" style=\"flex-basis:10px\"><\/div>\n\n\n\n<div class=\"wp-block-column is-layout-flow wp-block-column-is-layout-flow\">\n<figure class=\"wp-block-image size-full\"><img decoding=\"async\" width=\"620\" height=\"377\" src=\"https:\/\/www.tpl-vision.com\/wp-content\/uploads\/2025\/12\/TPL_HPS_BAR_No_Curve-1.jpg\" alt=\"barre strobe haute puissance HPS BAR\" class=\"wp-image-22060\" srcset=\"https:\/\/www.tpl-vision.com\/wp-content\/uploads\/2025\/12\/TPL_HPS_BAR_No_Curve-1.jpg 620w, https:\/\/www.tpl-vision.com\/wp-content\/uploads\/2025\/12\/TPL_HPS_BAR_No_Curve-1-300x182.jpg 300w, https:\/\/www.tpl-vision.com\/wp-content\/uploads\/2025\/12\/TPL_HPS_BAR_No_Curve-1-600x365.jpg 600w, https:\/\/www.tpl-vision.com\/wp-content\/uploads\/2025\/12\/TPL_HPS_BAR_No_Curve-1-175x106.jpg 175w, https:\/\/www.tpl-vision.com\/wp-content\/uploads\/2025\/12\/TPL_HPS_BAR_No_Curve-1-40x24.jpg 40w, https:\/\/www.tpl-vision.com\/wp-content\/uploads\/2025\/12\/TPL_HPS_BAR_No_Curve-1-55x33.jpg 55w, https:\/\/www.tpl-vision.com\/wp-content\/uploads\/2025\/12\/TPL_HPS_BAR_No_Curve-1-100x61.jpg 100w\" sizes=\"(max-width: 620px) 100vw, 620px\" \/><\/figure>\n\n\n\n<p class=\"has-text-align-center has-black-color has-text-color has-link-color wp-elements-b34071fd248d80fb688cd6e19a165ce0\">Sans Le &lt;&lt;Curve Effect&gt;&gt;<\/p>\n<\/div>\n<\/div>\n\n<div style=\"height:10px\" aria-hidden=\"true\" class=\"wp-block-spacer\"><\/div>\n\n<h2 class=\"wp-block-heading\">Informations techniques<\/h2>\n\n<p><em>Veuillez cliquer sur les onglets ci-dessous.<\/em><\/p>\n\n<div class=\"wp-block-pb-accordion-item c-accordion__item js-accordion-item no-js\" data-initially-open=\"false\" data-click-to-close=\"true\" data-auto-close=\"true\" data-scroll=\"false\" data-scroll-offset=\"0\"><h3 id=\"at-218060\" class=\"c-accordion__title js-accordion-controller\" role=\"button\">Homog\u00e9n\u00e9it\u00e9 HPS BAR WHI 125mm<\/h3><div id=\"ac-218060\" class=\"c-accordion__content\">\n<figure class=\"wp-block-image size-large\"><a href=\"https:\/\/www.tpl-vision.com\/wp-content\/uploads\/2025\/12\/TPL_HPS_BAR_Homogeneity_FR.jpg\"><img decoding=\"async\" src=\"https:\/\/www.tpl-vision.com\/wp-content\/uploads\/2025\/12\/TPL_HPS_BAR_Homogeneity_FR-1024x585.jpg\" alt=\"barre strobe haute puissance HPS BAR\" class=\"wp-image-22063\"\/><\/a><\/figure>\n<\/div><\/div>\n\n<div class=\"wp-block-pb-accordion-item c-accordion__item js-accordion-item no-js\" data-initially-open=\"false\" data-click-to-close=\"true\" data-auto-close=\"true\" data-scroll=\"false\" data-scroll-offset=\"0\"><h3 id=\"at-218061\" class=\"c-accordion__title js-accordion-controller\" role=\"button\">M\u00e9thode d&rsquo;\u00e9clairage<\/h3><div id=\"ac-218061\" class=\"c-accordion__content\">\n<div class=\"wp-block-columns is-layout-flex wp-container-core-columns-layout-2 wp-block-columns-is-layout-flex\">\n<div class=\"wp-block-column is-layout-flow wp-block-column-is-layout-flow\">\n<figure class=\"wp-block-image size-full\"><img decoding=\"async\" width=\"500\" height=\"500\" src=\"https:\/\/www.tpl-vision.com\/wp-content\/uploads\/2022\/10\/TPL_LightingMethod_DIRECT.jpg\" alt=\"\" class=\"wp-image-1290\" srcset=\"https:\/\/www.tpl-vision.com\/wp-content\/uploads\/2022\/10\/TPL_LightingMethod_DIRECT.jpg 500w, https:\/\/www.tpl-vision.com\/wp-content\/uploads\/2022\/10\/TPL_LightingMethod_DIRECT-300x300.jpg 300w, https:\/\/www.tpl-vision.com\/wp-content\/uploads\/2022\/10\/TPL_LightingMethod_DIRECT-150x150.jpg 150w, https:\/\/www.tpl-vision.com\/wp-content\/uploads\/2022\/10\/TPL_LightingMethod_DIRECT-360x360.jpg 360w, https:\/\/www.tpl-vision.com\/wp-content\/uploads\/2022\/10\/TPL_LightingMethod_DIRECT-100x100.jpg 100w, https:\/\/www.tpl-vision.com\/wp-content\/uploads\/2022\/10\/TPL_LightingMethod_DIRECT-50x50.jpg 50w, https:\/\/www.tpl-vision.com\/wp-content\/uploads\/2022\/10\/TPL_LightingMethod_DIRECT-40x40.jpg 40w, https:\/\/www.tpl-vision.com\/wp-content\/uploads\/2022\/10\/TPL_LightingMethod_DIRECT-55x55.jpg 55w\" sizes=\"(max-width: 500px) 100vw, 500px\" \/><\/figure>\n<\/div>\n\n\n\n<div class=\"wp-block-column is-layout-flow wp-block-column-is-layout-flow\">\n<figure class=\"wp-block-image size-full\"><img loading=\"lazy\" decoding=\"async\" width=\"500\" height=\"500\" src=\"https:\/\/www.tpl-vision.com\/wp-content\/uploads\/2022\/10\/TPL_LightingMethod_DIRECTincline.jpg\" alt=\"\" class=\"wp-image-1287\" srcset=\"https:\/\/www.tpl-vision.com\/wp-content\/uploads\/2022\/10\/TPL_LightingMethod_DIRECTincline.jpg 500w, https:\/\/www.tpl-vision.com\/wp-content\/uploads\/2022\/10\/TPL_LightingMethod_DIRECTincline-300x300.jpg 300w, https:\/\/www.tpl-vision.com\/wp-content\/uploads\/2022\/10\/TPL_LightingMethod_DIRECTincline-150x150.jpg 150w, https:\/\/www.tpl-vision.com\/wp-content\/uploads\/2022\/10\/TPL_LightingMethod_DIRECTincline-360x360.jpg 360w, https:\/\/www.tpl-vision.com\/wp-content\/uploads\/2022\/10\/TPL_LightingMethod_DIRECTincline-100x100.jpg 100w, https:\/\/www.tpl-vision.com\/wp-content\/uploads\/2022\/10\/TPL_LightingMethod_DIRECTincline-50x50.jpg 50w, https:\/\/www.tpl-vision.com\/wp-content\/uploads\/2022\/10\/TPL_LightingMethod_DIRECTincline-40x40.jpg 40w, https:\/\/www.tpl-vision.com\/wp-content\/uploads\/2022\/10\/TPL_LightingMethod_DIRECTincline-55x55.jpg 55w\" sizes=\"(max-width: 500px) 100vw, 500px\" \/><\/figure>\n<\/div>\n\n\n\n<div class=\"wp-block-column is-layout-flow wp-block-column-is-layout-flow\">\n<figure class=\"wp-block-image size-full\"><img loading=\"lazy\" decoding=\"async\" width=\"500\" height=\"500\" src=\"https:\/\/www.tpl-vision.com\/wp-content\/uploads\/2022\/10\/TPL_LightingMethod_DarkField.jpg\" alt=\"\" class=\"wp-image-1284\" srcset=\"https:\/\/www.tpl-vision.com\/wp-content\/uploads\/2022\/10\/TPL_LightingMethod_DarkField.jpg 500w, https:\/\/www.tpl-vision.com\/wp-content\/uploads\/2022\/10\/TPL_LightingMethod_DarkField-300x300.jpg 300w, https:\/\/www.tpl-vision.com\/wp-content\/uploads\/2022\/10\/TPL_LightingMethod_DarkField-150x150.jpg 150w, https:\/\/www.tpl-vision.com\/wp-content\/uploads\/2022\/10\/TPL_LightingMethod_DarkField-360x360.jpg 360w, https:\/\/www.tpl-vision.com\/wp-content\/uploads\/2022\/10\/TPL_LightingMethod_DarkField-100x100.jpg 100w, https:\/\/www.tpl-vision.com\/wp-content\/uploads\/2022\/10\/TPL_LightingMethod_DarkField-50x50.jpg 50w, https:\/\/www.tpl-vision.com\/wp-content\/uploads\/2022\/10\/TPL_LightingMethod_DarkField-40x40.jpg 40w, https:\/\/www.tpl-vision.com\/wp-content\/uploads\/2022\/10\/TPL_LightingMethod_DarkField-55x55.jpg 55w\" sizes=\"(max-width: 500px) 100vw, 500px\" \/><\/figure>\n<\/div>\n\n\n\n<div class=\"wp-block-column is-layout-flow wp-block-column-is-layout-flow\"><\/div>\n<\/div>\n<\/div><\/div>\n\n<div class=\"wp-block-pb-accordion-item c-accordion__item js-accordion-item no-js\" data-initially-open=\"false\" data-click-to-close=\"true\" data-auto-close=\"true\" data-scroll=\"false\" data-scroll-offset=\"0\"><h3 id=\"at-218062\" class=\"c-accordion__title js-accordion-controller\" role=\"button\">Constructeur de r\u00e9f\u00e9rence<\/h3><div id=\"ac-218062\" class=\"c-accordion__content\">\n<figure class=\"wp-block-image size-full\"><a href=\"https:\/\/www.tpl-vision.com\/wp-content\/uploads\/2026\/02\/TPL_HPS_BAR_Refbuilder_FR.jpg\"><img decoding=\"async\" src=\"https:\/\/www.tpl-vision.com\/wp-content\/uploads\/2026\/02\/TPL_HPS_BAR_Refbuilder_FR.jpg\" alt=\"barre strobe haute puissance HPS BAR\" class=\"wp-image-22598\"\/><\/a><\/figure>\n<\/div><\/div>\n","protected":false},"excerpt":{"rendered":"<p>La barre d\u2019\u00e9clairage <strong>HPS BAR<\/strong>* est la plus puissante jamais con\u00e7ue par TPL Vision, \u00e9tablissant une nouvelle r\u00e9f\u00e9rence en mati\u00e8re de luminosit\u00e9 et de performance. <\/p>\n<p>G\u00e9n\u00e9rant jusqu&rsquo;\u00e0 <strong>2 500 000 lux <\/strong>(version WHI) \u00e0 une distance de travail de 200 mm, la barre lumineuse HPS offre une luminosit\u00e9 et une homog\u00e9n\u00e9it\u00e9 in\u00e9gal\u00e9es sur l&rsquo;ensemble du champ de vision. Gr\u00e2ce \u00e0 son temps de mont\u00e9e ultrarapide de 800 ns, elle se synchronise parfaitement avec les temps d&rsquo;exposition de la cam\u00e9ra et la vitesse du convoyeur, ce qui la rend id\u00e9ale pour les \u00ab\u00a0scan,tunnels\u00a0\u00bb, le tri \u00e0 grande vitesse et le contr\u00f4le dimensionnel. <\/p>\n<p>Disponible en diff\u00e9rentes couleurs : Blanc (6500K), Rouge (630nm), IR (850nm), Vert (525nm), Bleu (470nm) dans des tailles de 125mm \u00e0 2500mm.<\/p>\n<p><em>* Brevet en cours<\/em><\/p>\n","protected":false},"featured_media":23967,"comment_status":"closed","ping_status":"closed","template":"","meta":{"_seopress_robots_primary_cat":"none","_seopress_titles_title":"","_seopress_titles_desc":"Barre lumineuse LED tr\u00e8s puissante pour la vision industrielle. Jusqu'\u00e0 2,5 m de long. Lien & Versions OverDrive disponibles.","_seopress_robots_index":"","_monsterinsights_skip_tracking":false,"_monsterinsights_sitenote_active":false,"_monsterinsights_sitenote_note":"","_monsterinsights_sitenote_category":0},"product_cat":[69],"product_tag":[],"_links":{"self":[{"href":"https:\/\/www.tpl-vision.com\/fr\/wp-json\/wp\/v2\/product\/22012"}],"collection":[{"href":"https:\/\/www.tpl-vision.com\/fr\/wp-json\/wp\/v2\/product"}],"about":[{"href":"https:\/\/www.tpl-vision.com\/fr\/wp-json\/wp\/v2\/types\/product"}],"replies":[{"embeddable":true,"href":"https:\/\/www.tpl-vision.com\/fr\/wp-json\/wp\/v2\/comments?post=22012"}],"wp:featuredmedia":[{"embeddable":true,"href":"https:\/\/www.tpl-vision.com\/fr\/wp-json\/wp\/v2\/media\/23967"}],"wp:attachment":[{"href":"https:\/\/www.tpl-vision.com\/fr\/wp-json\/wp\/v2\/media?parent=22012"}],"wp:term":[{"taxonomy":"product_cat","embeddable":true,"href":"https:\/\/www.tpl-vision.com\/fr\/wp-json\/wp\/v2\/product_cat?post=22012"},{"taxonomy":"product_tag","embeddable":true,"href":"https:\/\/www.tpl-vision.com\/fr\/wp-json\/wp\/v2\/product_tag?post=22012"}],"curies":[{"name":"wp","href":"https:\/\/api.w.org\/{rel}","templated":true}]}}