{"id":2214,"date":"2022-10-20T15:05:37","date_gmt":"2022-10-20T13:05:37","guid":{"rendered":"https:\/\/www.tpl-vision.com\/overview\/non%20class\u00e9\/mr-low-angle\/"},"modified":"2025-10-06T12:16:09","modified_gmt":"2025-10-06T10:16:09","slug":"mr-low-angle","status":"publish","type":"product","link":"https:\/\/www.tpl-vision.com\/fr\/vuedensemble\/eclairages-rasants-fr\/mr-low-angle\/","title":{"rendered":"MR-Low Angle"},"content":{"rendered":"\n<p>La lumi\u00e8re rasante peut \u00eatre utilis\u00e9e lorsque :<\/p>\n\n\n\n<ul>\n<li>les objets sont tr\u00e8s r\u00e9fl\u00e9chissants (brillance),<\/li>\n\n\n\n<li>la zone \u00e0 \u00e9clairer est sujette \u00e0 l\u2019apparition d\u2019ombres lors de l\u2019utilisation d\u2019\u00e9clairages directs ou de type Low Angle,<\/li>\n\n\n\n<li>la zone cible a des surfaces tr\u00e8s in\u00e9gales.<\/li>\n<\/ul>\n\n\n\n<p>Le MR-LOW ANGLE doit \u00eatre mont\u00e9 pr\u00e8s de l&rsquo;objet pour maximiser les effets de lumi\u00e8re. L&rsquo;\u00e9loigner davantage de l&rsquo;objet r\u00e9duira l&rsquo;intensit\u00e9 lumineuse enregistr\u00e9e par la cam\u00e9ra et affaiblira les effets de la lumi\u00e8re.<\/p>\n\n\n\n<div style=\"height:30px\" aria-hidden=\"true\" class=\"wp-block-spacer\"><\/div>\n\n\n\n<div class=\"wp-block-buttons is-layout-flex wp-block-buttons-is-layout-flex\">\n<div class=\"wp-block-button has-custom-font-size aligncenter has-medium-font-size\"><a class=\"wp-block-button__link has-vivid-red-background-color has-background wp-element-button\" href=\"https:\/\/www.tpl-vision.com\/documents\/techsheets\/TPL_Comparison_Sheet_SD_LA_MR_FR.pdf\" style=\"border-radius:0px\" target=\"_blank\" rel=\"noreferrer noopener\">Comparaison : MR-Low Angle vs Low Angle II<\/a><\/div>\n<\/div>\n\n\n\n<div style=\"height:30px\" aria-hidden=\"true\" class=\"wp-block-spacer\"><\/div>\n\n\n\n<h2 class=\"wp-block-heading\">Pr\u00e9sentation produit<\/h2>\n\n\n\n<figure class=\"wp-block-embed is-type-video is-provider-vimeo wp-block-embed-vimeo wp-embed-aspect-16-9 wp-has-aspect-ratio\"><div class=\"wp-block-embed__wrapper\">\n<iframe title=\"Modular Ringlight by TPL Vision\" src=\"https:\/\/player.vimeo.com\/video\/991930552?h=5776ce96bf&amp;dnt=1&amp;app_id=122963\" width=\"800\" height=\"450\" frameborder=\"0\" allow=\"autoplay; fullscreen; picture-in-picture; clipboard-write; encrypted-media; web-share\"><\/iframe>\n<\/div><\/figure>\n\n\n\n<div style=\"height:30px\" aria-hidden=\"true\" class=\"wp-block-spacer\"><\/div>\n\n\n\n<h2 class=\"wp-block-heading\">Automaticon 2019<\/h2>\n\n\n\n<figure class=\"wp-block-image size-full\"><a href=\"https:\/\/www.tpl-vision.com\/wp-content\/uploads\/2022\/10\/Automaticon_Award_2019.jpeg\"><img fetchpriority=\"high\" decoding=\"async\" width=\"400\" height=\"256\" src=\"https:\/\/www.tpl-vision.com\/wp-content\/uploads\/2022\/10\/Automaticon_Award_2019.jpeg\" alt=\"\" class=\"wp-image-2436\" srcset=\"https:\/\/www.tpl-vision.com\/wp-content\/uploads\/2022\/10\/Automaticon_Award_2019.jpeg 400w, https:\/\/www.tpl-vision.com\/wp-content\/uploads\/2022\/10\/Automaticon_Award_2019-300x192.jpeg 300w, https:\/\/www.tpl-vision.com\/wp-content\/uploads\/2022\/10\/Automaticon_Award_2019-175x112.jpeg 175w, https:\/\/www.tpl-vision.com\/wp-content\/uploads\/2022\/10\/Automaticon_Award_2019-40x26.jpeg 40w, https:\/\/www.tpl-vision.com\/wp-content\/uploads\/2022\/10\/Automaticon_Award_2019-55x35.jpeg 55w, https:\/\/www.tpl-vision.com\/wp-content\/uploads\/2022\/10\/Automaticon_Award_2019-100x64.jpeg 100w\" sizes=\"(max-width: 400px) 100vw, 400px\" \/><\/a><figcaption class=\"wp-element-caption\">Modular Ringlight : M\u00e9daille d\u2019Or<\/figcaption><\/figure>\n\n\n\n<div style=\"height:30px\" aria-hidden=\"true\" class=\"wp-block-spacer\"><\/div>\n\n\n\n<h2 class=\"wp-block-heading\">Variations de couleurs<\/h2>\n\n\n\n<p>La soci\u00e9t\u00e9 TPL Vision est <strong>particuli\u00e8rement vigilante<\/strong> sur le choix de BIN des leds qui composent ses \u00e9clairages.<\/p>\n\n\n\n<p>L\u2019\u0153il humain est tr\u00e8s sensible aux variations de couleur, et notamment en ce qui concerne la gamme Cyan. 2 Modular Ringlights de couleur cyan peuvent para\u00eetre diff\u00e9rents aux yeux de l\u2019utilisateur. Pourtant, la variation maximale de la longueur d\u2019onde <strong>ne d\u00e9passe pas les 10 nm<\/strong>.<\/p>\n\n\n\n<p>Voici la liste des filtres passe-bandes que nous recommandons d\u2019utiliser avec le Modular Ringlight:<\/p>\n\n\n\n<ul>\n<li>Leds blanches : aucun filtre requis<\/li>\n\n\n\n<li>Leds infrarouges : LP 830 (<a href=\"http:\/\/midopt.com\/filters\/lp830\/\" target=\"_blank\" rel=\"noreferrer noopener\">http:\/\/midopt.com\/filters\/lp830\/<\/a>)<\/li>\n\n\n\n<li>Leds rouges : BP 635 (<a href=\"http:\/\/midopt.com\/filters\/bp635\/\" target=\"_blank\" rel=\"noreferrer noopener\">http:\/\/midopt.com\/filters\/bp635\/<\/a>)<\/li>\n\n\n\n<li>Leds cyan : BP 505 (<a href=\"http:\/\/midopt.com\/filters\/bp505\/\" target=\"_blank\" rel=\"noreferrer noopener\">http:\/\/midopt.com\/filters\/bp505\/<\/a>)<\/li>\n<\/ul>\n\n\n\n<p>Nous vous conseillons d\u2019utiliser des filtres passe-bandes de MidOpt : <a rel=\"noreferrer noopener\" href=\"http:\/\/www.midopt.com\" target=\"_blank\">http:\/\/www.midopt.com<\/a><\/p>\n\n\n\n<div style=\"height:30px\" aria-hidden=\"true\" class=\"wp-block-spacer\"><\/div>\n\n\n\n<h2 class=\"wp-block-heading\">Informations techniques<\/h2>\n\n\n\n<p><em>Veuillez cliquer sur les onglets ci-dessous.<\/em><\/p>\n\n\n\n<div class=\"wp-block-pb-accordion-item c-accordion__item js-accordion-item no-js\" data-initially-open=\"false\" data-click-to-close=\"true\" data-auto-close=\"true\" data-scroll=\"false\" data-scroll-offset=\"0\"><h3 id=\"at-22140\" class=\"c-accordion__title js-accordion-controller\" role=\"button\">M\u00e9thode d&rsquo;\u00e9clairage<\/h3><div id=\"ac-22140\" class=\"c-accordion__content\">\n<figure class=\"wp-block-image size-full is-resized\"><img decoding=\"async\" width=\"500\" height=\"500\" src=\"https:\/\/www.tpl-vision.com\/wp-content\/uploads\/2024\/07\/TPL_LightingMethod_Low_Angle.jpg\" alt=\"mr low angle\" class=\"wp-image-18108\" style=\"width:322px;height:322px\" srcset=\"https:\/\/www.tpl-vision.com\/wp-content\/uploads\/2024\/07\/TPL_LightingMethod_Low_Angle.jpg 500w, https:\/\/www.tpl-vision.com\/wp-content\/uploads\/2024\/07\/TPL_LightingMethod_Low_Angle-300x300.jpg 300w, https:\/\/www.tpl-vision.com\/wp-content\/uploads\/2024\/07\/TPL_LightingMethod_Low_Angle-150x150.jpg 150w, https:\/\/www.tpl-vision.com\/wp-content\/uploads\/2024\/07\/TPL_LightingMethod_Low_Angle-360x360.jpg 360w, https:\/\/www.tpl-vision.com\/wp-content\/uploads\/2024\/07\/TPL_LightingMethod_Low_Angle-175x175.jpg 175w, https:\/\/www.tpl-vision.com\/wp-content\/uploads\/2024\/07\/TPL_LightingMethod_Low_Angle-40x40.jpg 40w, https:\/\/www.tpl-vision.com\/wp-content\/uploads\/2024\/07\/TPL_LightingMethod_Low_Angle-55x55.jpg 55w, https:\/\/www.tpl-vision.com\/wp-content\/uploads\/2024\/07\/TPL_LightingMethod_Low_Angle-100x100.jpg 100w\" sizes=\"(max-width: 500px) 100vw, 500px\" \/><\/figure>\n<\/div><\/div>\n\n\n\n<div class=\"wp-block-pb-accordion-item c-accordion__item js-accordion-item no-js\" data-initially-open=\"false\" data-click-to-close=\"true\" data-auto-close=\"true\" data-scroll=\"false\" data-scroll-offset=\"0\"><h3 id=\"at-22141\" class=\"c-accordion__title js-accordion-controller\" role=\"button\">Constructeur de r\u00e9f\u00e9rence<\/h3><div id=\"ac-22141\" class=\"c-accordion__content\">\n<figure class=\"wp-block-image size-full\"><a href=\"https:\/\/www.tpl-vision.com\/wp-content\/uploads\/2023\/01\/TPL_MODULAR_RINGLIGHT_LOW-ANGLE_Reference_Builder_FR.jpg\"><img decoding=\"async\" src=\"https:\/\/www.tpl-vision.com\/wp-content\/uploads\/2023\/01\/TPL_MODULAR_RINGLIGHT_LOW-ANGLE_Reference_Builder_FR.jpg\" alt=\"\" class=\"wp-image-9315\"\/><\/a><\/figure>\n<\/div><\/div>\n","protected":false},"excerpt":{"rendered":"<p>Le MR-LOW ANGLE est compos\u00e9 d&rsquo;un annulaire bicolore (2 jeux de couleurs et 2 dimensions) et d&rsquo;un r\u00e9flecteur \u00e0 faible angle, avec un angle d&rsquo;incidence de 45\u00b0.<\/p>\n<p>Il a \u00e9t\u00e9 pens\u00e9 pour les environnements de production difficiles : protection IP65 par d\u00e9faut, overdrive int\u00e9gr\u00e9, contr\u00f4le \u00e0 distance (s\u00e9lection des couleurs et des secteurs).<\/p>\n<p>Il est utilis\u00e9 pour les applications o\u00f9 une source de lumi\u00e8re directe est consid\u00e9r\u00e9e comme trop forte ou brillante et o\u00f9 la lumi\u00e8re diffuse fournie par la version Dome n&rsquo;est pas assez intense. La source lumineuse fournira un certain degr\u00e9 d&rsquo;homog\u00e9n\u00e9it\u00e9.<\/p>\n","protected":false},"featured_media":24085,"comment_status":"closed","ping_status":"closed","template":"","meta":{"_seopress_robots_primary_cat":"none","_seopress_titles_title":"","_seopress_titles_desc":"\u00c9clairages rasants pour la vision industrielle","_seopress_robots_index":"","_monsterinsights_skip_tracking":false,"_monsterinsights_sitenote_active":false,"_monsterinsights_sitenote_note":"","_monsterinsights_sitenote_category":0},"product_cat":[85],"product_tag":[],"_links":{"self":[{"href":"https:\/\/www.tpl-vision.com\/fr\/wp-json\/wp\/v2\/product\/2214"}],"collection":[{"href":"https:\/\/www.tpl-vision.com\/fr\/wp-json\/wp\/v2\/product"}],"about":[{"href":"https:\/\/www.tpl-vision.com\/fr\/wp-json\/wp\/v2\/types\/product"}],"replies":[{"embeddable":true,"href":"https:\/\/www.tpl-vision.com\/fr\/wp-json\/wp\/v2\/comments?post=2214"}],"wp:featuredmedia":[{"embeddable":true,"href":"https:\/\/www.tpl-vision.com\/fr\/wp-json\/wp\/v2\/media\/24085"}],"wp:attachment":[{"href":"https:\/\/www.tpl-vision.com\/fr\/wp-json\/wp\/v2\/media?parent=2214"}],"wp:term":[{"taxonomy":"product_cat","embeddable":true,"href":"https:\/\/www.tpl-vision.com\/fr\/wp-json\/wp\/v2\/product_cat?post=2214"},{"taxonomy":"product_tag","embeddable":true,"href":"https:\/\/www.tpl-vision.com\/fr\/wp-json\/wp\/v2\/product_tag?post=2214"}],"curies":[{"name":"wp","href":"https:\/\/api.w.org\/{rel}","templated":true}]}}